{"id":14980,"date":"2017-05-26T21:08:22","date_gmt":"2017-05-26T21:08:22","guid":{"rendered":"http:\/\/grad-export.hr\/de\/?page_id=14980"},"modified":"2024-05-31T15:55:41","modified_gmt":"2024-05-31T15:55:41","slug":"qualitaet","status":"publish","type":"page","link":"https:\/\/grad-export.hr\/de\/qualitaet","title":{"rendered":"Qualit\u00e4t"},"content":{"rendered":"<p><img loading=\"lazy\" decoding=\"async\" class=\"alignnone wp-image-21199 size-full\" src=\"https:\/\/grad-export.hr\/web\/wp-content\/uploads\/kvaliteta\/Grad-export_kvaliteta0002.jpg\" alt=\"Grad-export - kvaliteta\" width=\"1200\" height=\"800\" srcset=\"https:\/\/grad-export.hr\/web\/wp-content\/uploads\/kvaliteta\/Grad-export_kvaliteta0002.jpg 1200w, https:\/\/grad-export.hr\/web\/wp-content\/uploads\/kvaliteta\/Grad-export_kvaliteta0002-403x269.jpg 403w, https:\/\/grad-export.hr\/web\/wp-content\/uploads\/kvaliteta\/Grad-export_kvaliteta0002-1024x683.jpg 1024w\" sizes=\"(max-width: 1200px) 100vw, 1200px\" \/><\/p>\n<p><strong>Die Produkte unserer Firma Grad-Export zeichnen sich durch hohe Qualit\u00e4t, Funktionalit\u00e4t, Design und Langlebigkeit aus. Mehr als 20 Jahre Erfahrung in der Herstellung von dekorativen F\u00fcllungen sind eine Best\u00e4tigung f\u00fcr Professionalit\u00e4t und hohe Ausf\u00fchrungsqualit\u00e4t.<\/strong> \u00dcber 500.000 hergestellte Dekor F\u00fcllungen, in mehr als 20 L\u00e4nder sind eine weitere, Best\u00e4tigung der Qualit\u00e4t.<\/p>\n<p>Alle Materialien, die in der Produktion verwendet werden, stammen ausschlie\u00dflich von den besten Herstellern wie z. B. Henkel, 3M, Sika, Veka AG, Edgetech, IGP&#8230;<br \/>\nIm Zusammenhang unserer qualifizierten Arbeitskr\u00e4fte und den verwendeten Materialien, k\u00f6nnen wir die Qualit\u00e4t unserer Produkte gew\u00e4hrleisten.<\/p>\n<p>Mit unseren neuen Modellen antworten wir auf alle Anforderungen des Marktes betreffend der Anfrage nach modernen und minimalistischen Design.<\/p>\n<div id='gallery-1' class='czr-gallery row flex-row czr-gallery-style gallery galleryid-14980 gallery-columns-3 gallery-size-medium'><figure class='gallery-item col col-auto'>\r\n                        <div class='gallery-icon landscape czr-gallery-icon'>\r\n                              <a data-lb-type=\"grouped-gallery\" href=https:\/\/grad-export.hr\/web\/wp-content\/uploads\/kvaliteta\/Grad-49-of-95.jpg class=\"bg-link\"><\/a><img loading=\"lazy\" decoding=\"async\" width=\"403\" height=\"269\" src=\"https:\/\/grad-export.hr\/web\/wp-content\/uploads\/kvaliteta\/Grad-49-of-95-403x269.jpg\" class=\"attachment-medium size-medium no-lazy\" alt=\"\" sizes=\"(min-width: 1200px) 350px, (min-width: 992px) 290px, (min-width: 768px) 210px, (min-width: 576px) 150px, calc( 50vw - 30px )\" srcset=\"https:\/\/grad-export.hr\/web\/wp-content\/uploads\/kvaliteta\/Grad-49-of-95-403x269.jpg 403w, https:\/\/grad-export.hr\/web\/wp-content\/uploads\/kvaliteta\/Grad-49-of-95-1024x683.jpg 1024w, https:\/\/grad-export.hr\/web\/wp-content\/uploads\/kvaliteta\/Grad-49-of-95-768x512.jpg 768w, https:\/\/grad-export.hr\/web\/wp-content\/uploads\/kvaliteta\/Grad-49-of-95-1536x1024.jpg 1536w, https:\/\/grad-export.hr\/web\/wp-content\/uploads\/kvaliteta\/Grad-49-of-95-2048x1366.jpg 2048w, https:\/\/grad-export.hr\/web\/wp-content\/uploads\/kvaliteta\/Grad-49-of-95-570x380.jpg 570w\" \/>\r\n                        <\/div><\/figure><figure class='gallery-item col col-auto'>\r\n                        <div class='gallery-icon landscape czr-gallery-icon'>\r\n                              <a data-lb-type=\"grouped-gallery\" href=https:\/\/grad-export.hr\/web\/wp-content\/uploads\/kvaliteta\/Grad-54-of-95.jpg class=\"bg-link\"><\/a><img loading=\"lazy\" decoding=\"async\" width=\"403\" height=\"269\" src=\"https:\/\/grad-export.hr\/web\/wp-content\/uploads\/kvaliteta\/Grad-54-of-95-403x269.jpg\" class=\"attachment-medium size-medium no-lazy\" alt=\"\" sizes=\"(min-width: 1200px) 350px, (min-width: 992px) 290px, (min-width: 768px) 210px, (min-width: 576px) 150px, calc( 50vw - 30px )\" srcset=\"https:\/\/grad-export.hr\/web\/wp-content\/uploads\/kvaliteta\/Grad-54-of-95-403x269.jpg 403w, https:\/\/grad-export.hr\/web\/wp-content\/uploads\/kvaliteta\/Grad-54-of-95-1024x683.jpg 1024w, https:\/\/grad-export.hr\/web\/wp-content\/uploads\/kvaliteta\/Grad-54-of-95-768x512.jpg 768w, https:\/\/grad-export.hr\/web\/wp-content\/uploads\/kvaliteta\/Grad-54-of-95-1536x1024.jpg 1536w, https:\/\/grad-export.hr\/web\/wp-content\/uploads\/kvaliteta\/Grad-54-of-95-2048x1366.jpg 2048w, https:\/\/grad-export.hr\/web\/wp-content\/uploads\/kvaliteta\/Grad-54-of-95-570x380.jpg 570w\" \/>\r\n                        <\/div><\/figure><figure class='gallery-item col col-auto'>\r\n                        <div class='gallery-icon landscape czr-gallery-icon'>\r\n                              <a data-lb-type=\"grouped-gallery\" href=https:\/\/grad-export.hr\/web\/wp-content\/uploads\/kvaliteta\/Grad-57-of-95.jpg class=\"bg-link\"><\/a><img loading=\"lazy\" decoding=\"async\" width=\"403\" height=\"269\" src=\"https:\/\/grad-export.hr\/web\/wp-content\/uploads\/kvaliteta\/Grad-57-of-95-403x269.jpg\" class=\"attachment-medium size-medium no-lazy\" alt=\"\" sizes=\"(min-width: 1200px) 350px, (min-width: 992px) 290px, (min-width: 768px) 210px, (min-width: 576px) 150px, calc( 50vw - 30px )\" srcset=\"https:\/\/grad-export.hr\/web\/wp-content\/uploads\/kvaliteta\/Grad-57-of-95-403x269.jpg 403w, https:\/\/grad-export.hr\/web\/wp-content\/uploads\/kvaliteta\/Grad-57-of-95-1024x683.jpg 1024w, https:\/\/grad-export.hr\/web\/wp-content\/uploads\/kvaliteta\/Grad-57-of-95-768x512.jpg 768w, https:\/\/grad-export.hr\/web\/wp-content\/uploads\/kvaliteta\/Grad-57-of-95-1536x1024.jpg 1536w, https:\/\/grad-export.hr\/web\/wp-content\/uploads\/kvaliteta\/Grad-57-of-95-2048x1366.jpg 2048w, https:\/\/grad-export.hr\/web\/wp-content\/uploads\/kvaliteta\/Grad-57-of-95-570x380.jpg 570w\" \/>\r\n                        <\/div><\/figure><figure class='gallery-item col col-auto'>\r\n                        <div class='gallery-icon landscape czr-gallery-icon'>\r\n                              <a data-lb-type=\"grouped-gallery\" href=https:\/\/grad-export.hr\/web\/wp-content\/uploads\/kvaliteta\/Grad-export_kvaliteta0001.jpg class=\"bg-link\"><\/a><img loading=\"lazy\" decoding=\"async\" width=\"403\" height=\"269\" src=\"https:\/\/grad-export.hr\/web\/wp-content\/uploads\/kvaliteta\/Grad-export_kvaliteta0001-403x269.jpg\" class=\"attachment-medium size-medium no-lazy\" alt=\"\" sizes=\"(min-width: 1200px) 350px, (min-width: 992px) 290px, (min-width: 768px) 210px, (min-width: 576px) 150px, calc( 50vw - 30px )\" srcset=\"https:\/\/grad-export.hr\/web\/wp-content\/uploads\/kvaliteta\/Grad-export_kvaliteta0001-403x269.jpg 403w, https:\/\/grad-export.hr\/web\/wp-content\/uploads\/kvaliteta\/Grad-export_kvaliteta0001-1024x683.jpg 1024w, https:\/\/grad-export.hr\/web\/wp-content\/uploads\/kvaliteta\/Grad-export_kvaliteta0001.jpg 1200w\" \/>\r\n                        <\/div><\/figure><figure class='gallery-item col col-auto'>\r\n                        <div class='gallery-icon landscape czr-gallery-icon'>\r\n                              <a data-lb-type=\"grouped-gallery\" href=https:\/\/grad-export.hr\/web\/wp-content\/uploads\/kvaliteta\/Grad-export_kvaliteta0003.jpg class=\"bg-link\"><\/a><img loading=\"lazy\" decoding=\"async\" width=\"403\" height=\"269\" src=\"https:\/\/grad-export.hr\/web\/wp-content\/uploads\/kvaliteta\/Grad-export_kvaliteta0003-403x269.jpg\" class=\"attachment-medium size-medium no-lazy\" alt=\"\" sizes=\"(min-width: 1200px) 350px, (min-width: 992px) 290px, (min-width: 768px) 210px, (min-width: 576px) 150px, calc( 50vw - 30px )\" srcset=\"https:\/\/grad-export.hr\/web\/wp-content\/uploads\/kvaliteta\/Grad-export_kvaliteta0003-403x269.jpg 403w, https:\/\/grad-export.hr\/web\/wp-content\/uploads\/kvaliteta\/Grad-export_kvaliteta0003-1024x683.jpg 1024w, https:\/\/grad-export.hr\/web\/wp-content\/uploads\/kvaliteta\/Grad-export_kvaliteta0003.jpg 1200w\" \/>\r\n                        <\/div><\/figure><figure class='gallery-item col col-auto'>\r\n                        <div class='gallery-icon landscape czr-gallery-icon'>\r\n                              <a data-lb-type=\"grouped-gallery\" href=https:\/\/grad-export.hr\/web\/wp-content\/uploads\/kvaliteta\/Grad-export_kvaliteta0004.jpg class=\"bg-link\"><\/a><img loading=\"lazy\" decoding=\"async\" width=\"403\" height=\"269\" src=\"https:\/\/grad-export.hr\/web\/wp-content\/uploads\/kvaliteta\/Grad-export_kvaliteta0004-403x269.jpg\" class=\"attachment-medium size-medium no-lazy\" alt=\"Grad-export - kvaliteta\" sizes=\"(min-width: 1200px) 350px, (min-width: 992px) 290px, (min-width: 768px) 210px, (min-width: 576px) 150px, calc( 50vw - 30px )\" srcset=\"https:\/\/grad-export.hr\/web\/wp-content\/uploads\/kvaliteta\/Grad-export_kvaliteta0004-403x269.jpg 403w, https:\/\/grad-export.hr\/web\/wp-content\/uploads\/kvaliteta\/Grad-export_kvaliteta0004-1024x683.jpg 1024w, https:\/\/grad-export.hr\/web\/wp-content\/uploads\/kvaliteta\/Grad-export_kvaliteta0004.jpg 1200w\" \/>\r\n                        <\/div><\/figure><figure class='gallery-item col col-auto'>\r\n                        <div class='gallery-icon portrait czr-gallery-icon'>\r\n                              <a data-lb-type=\"grouped-gallery\" href=https:\/\/grad-export.hr\/web\/wp-content\/uploads\/kvaliteta\/Grad-46-of-95.jpg class=\"bg-link\"><\/a><img loading=\"lazy\" decoding=\"async\" width=\"269\" height=\"403\" src=\"https:\/\/grad-export.hr\/web\/wp-content\/uploads\/kvaliteta\/Grad-46-of-95-269x403.jpg\" class=\"attachment-medium size-medium no-lazy\" alt=\"\" sizes=\"(min-width: 1200px) 350px, (min-width: 992px) 290px, (min-width: 768px) 210px, (min-width: 576px) 150px, calc( 50vw - 30px )\" srcset=\"https:\/\/grad-export.hr\/web\/wp-content\/uploads\/kvaliteta\/Grad-46-of-95-269x403.jpg 269w, https:\/\/grad-export.hr\/web\/wp-content\/uploads\/kvaliteta\/Grad-46-of-95-683x1024.jpg 683w, https:\/\/grad-export.hr\/web\/wp-content\/uploads\/kvaliteta\/Grad-46-of-95-768x1152.jpg 768w, https:\/\/grad-export.hr\/web\/wp-content\/uploads\/kvaliteta\/Grad-46-of-95-1024x1536.jpg 1024w, https:\/\/grad-export.hr\/web\/wp-content\/uploads\/kvaliteta\/Grad-46-of-95-1366x2048.jpg 1366w, https:\/\/grad-export.hr\/web\/wp-content\/uploads\/kvaliteta\/Grad-46-of-95-570x855.jpg 570w, https:\/\/grad-export.hr\/web\/wp-content\/uploads\/kvaliteta\/Grad-46-of-95.jpg 1467w\" \/>\r\n                        <\/div><\/figure>\r\n                  <\/div>\n\n","protected":false},"excerpt":{"rendered":"<p>Die Produkte unserer Firma Grad-Export zeichnen sich durch hohe Qualit\u00e4t, Funktionalit\u00e4t, Design und Langlebigkeit aus. Mehr als 20 Jahre Erfahrung in der Herstellung von dekorativen F\u00fcllungen sind eine Best\u00e4tigung f\u00fcr Professionalit\u00e4t und hohe Ausf\u00fchrungsqualit\u00e4t. \u00dcber 500.000 hergestellte Dekor F\u00fcllungen, in mehr als 20 L\u00e4nder sind eine weitere, Best\u00e4tigung der Qualit\u00e4t. Alle Materialien, die in der [&hellip;]<\/p>\n","protected":false},"author":1,"featured_media":24739,"parent":0,"menu_order":0,"comment_status":"closed","ping_status":"closed","template":"","meta":{"ngg_post_thumbnail":0,"__cvm_playback_settings":[],"__cvm_video_id":"","footnotes":""},"class_list":["post-14980","page","type-page","status-publish","has-post-thumbnail","czr-hentry"],"_links":{"self":[{"href":"https:\/\/grad-export.hr\/de\/wp-json\/wp\/v2\/pages\/14980"}],"collection":[{"href":"https:\/\/grad-export.hr\/de\/wp-json\/wp\/v2\/pages"}],"about":[{"href":"https:\/\/grad-export.hr\/de\/wp-json\/wp\/v2\/types\/page"}],"author":[{"embeddable":true,"href":"https:\/\/grad-export.hr\/de\/wp-json\/wp\/v2\/users\/1"}],"replies":[{"embeddable":true,"href":"https:\/\/grad-export.hr\/de\/wp-json\/wp\/v2\/comments?post=14980"}],"version-history":[{"count":4,"href":"https:\/\/grad-export.hr\/de\/wp-json\/wp\/v2\/pages\/14980\/revisions"}],"predecessor-version":[{"id":27399,"href":"https:\/\/grad-export.hr\/de\/wp-json\/wp\/v2\/pages\/14980\/revisions\/27399"}],"wp:featuredmedia":[{"embeddable":true,"href":"https:\/\/grad-export.hr\/de\/wp-json\/wp\/v2\/media\/24739"}],"wp:attachment":[{"href":"https:\/\/grad-export.hr\/de\/wp-json\/wp\/v2\/media?parent=14980"}],"curies":[{"name":"wp","href":"https:\/\/api.w.org\/{rel}","templated":true}]}}