{"id":15015,"date":"2017-05-27T21:25:37","date_gmt":"2017-05-27T21:25:37","guid":{"rendered":"http:\/\/grad-export.hr\/de\/?page_id=15015"},"modified":"2017-07-28T21:21:03","modified_gmt":"2017-07-28T21:21:03","slug":"edelstahl-applikationen","status":"publish","type":"page","link":"https:\/\/grad-export.hr\/de\/edelstahl-applikationen","title":{"rendered":"Edelstahl Applikationen"},"content":{"rendered":"<h5>&#8211; Vertiefte Edelstahl Applikationen<\/h5>\n<h3><img loading=\"lazy\" decoding=\"async\" class=\"alignnone size-full wp-image-14988\" src=\"http:\/\/grad-export.hr\/web\/wp-content\/uploads\/aplikacije\/aplikacija1.jpg\" alt=\"Edelstahl Applikationen\" width=\"1024\" height=\"463\" srcset=\"https:\/\/grad-export.hr\/web\/wp-content\/uploads\/aplikacije\/aplikacija1.jpg 1024w, https:\/\/grad-export.hr\/web\/wp-content\/uploads\/aplikacije\/aplikacija1-403x182.jpg 403w, https:\/\/grad-export.hr\/web\/wp-content\/uploads\/aplikacije\/aplikacija1-570x258.jpg 570w\" sizes=\"(max-width: 1024px) 100vw, 1024px\" \/><\/h3>\n<p>Bei den ALU-F\u00fcllungen sind vertiefte Edelstahl Applikationen im Standardangebot. Solch eine F\u00fcllungsproduktion zeichnet Schlichtheit und einfache Wartung aus.<br \/>\nDie angewendeten, Edelstahl Applikationen sind ausschlie\u00dflich in der Qualit\u00e4t 1.4404 und k\u00f6nnen poliert oder geb\u00fcrstet sein.<\/p>\n<p>&nbsp;<\/p>\n<h5>&#8211; Applikationen 20&#215;3 mm mit Swarovski Kristallen<\/h5>\n<h3><img loading=\"lazy\" decoding=\"async\" class=\"alignnone size-full wp-image-14989\" src=\"http:\/\/grad-export.hr\/web\/wp-content\/uploads\/aplikacije\/aplikacija2.jpg\" alt=\"Aplikacija 20x3\" width=\"1024\" height=\"503\" srcset=\"https:\/\/grad-export.hr\/web\/wp-content\/uploads\/aplikacije\/aplikacija2.jpg 1024w, https:\/\/grad-export.hr\/web\/wp-content\/uploads\/aplikacije\/aplikacija2-403x198.jpg 403w\" sizes=\"(max-width: 1024px) 100vw, 1024px\" \/><\/h3>\n<p>Applikationen 20&#215;3 mm werden auf wenigen Dekor F\u00fcllungen verwendet, meistens in der Kombination mit Swarovski Kristallen. Diese Kombination gibt den F\u00fcllungen einen Stich von Eleganz und Glamour.<br \/>\nModelle in dieser Ausf\u00fchrung: San Marino, Tallinn, Riga und Reykjavik.<\/p>\n","protected":false},"excerpt":{"rendered":"<p>&#8211; Vertiefte Edelstahl Applikationen Bei den ALU-F\u00fcllungen sind vertiefte Edelstahl Applikationen im Standardangebot. Solch eine F\u00fcllungsproduktion zeichnet Schlichtheit und einfache Wartung aus. Die angewendeten, Edelstahl Applikationen sind ausschlie\u00dflich in der Qualit\u00e4t 1.4404 und k\u00f6nnen poliert oder geb\u00fcrstet sein. &nbsp; &#8211; Applikationen 20&#215;3 mm mit Swarovski Kristallen Applikationen 20&#215;3 mm werden auf wenigen Dekor F\u00fcllungen verwendet, [&hellip;]<\/p>\n","protected":false},"author":1,"featured_media":14988,"parent":0,"menu_order":0,"comment_status":"closed","ping_status":"closed","template":"","meta":{"ngg_post_thumbnail":0,"__cvm_playback_settings":[],"__cvm_video_id":"","footnotes":""},"class_list":["post-15015","page","type-page","status-publish","has-post-thumbnail","czr-hentry"],"_links":{"self":[{"href":"https:\/\/grad-export.hr\/de\/wp-json\/wp\/v2\/pages\/15015"}],"collection":[{"href":"https:\/\/grad-export.hr\/de\/wp-json\/wp\/v2\/pages"}],"about":[{"href":"https:\/\/grad-export.hr\/de\/wp-json\/wp\/v2\/types\/page"}],"author":[{"embeddable":true,"href":"https:\/\/grad-export.hr\/de\/wp-json\/wp\/v2\/users\/1"}],"replies":[{"embeddable":true,"href":"https:\/\/grad-export.hr\/de\/wp-json\/wp\/v2\/comments?post=15015"}],"version-history":[{"count":3,"href":"https:\/\/grad-export.hr\/de\/wp-json\/wp\/v2\/pages\/15015\/revisions"}],"predecessor-version":[{"id":15253,"href":"https:\/\/grad-export.hr\/de\/wp-json\/wp\/v2\/pages\/15015\/revisions\/15253"}],"wp:featuredmedia":[{"embeddable":true,"href":"https:\/\/grad-export.hr\/de\/wp-json\/wp\/v2\/media\/14988"}],"wp:attachment":[{"href":"https:\/\/grad-export.hr\/de\/wp-json\/wp\/v2\/media?parent=15015"}],"curies":[{"name":"wp","href":"https:\/\/api.w.org\/{rel}","templated":true}]}}