{"id":15018,"date":"2017-05-27T21:27:26","date_gmt":"2017-05-27T21:27:26","guid":{"rendered":"http:\/\/grad-export.hr\/de\/?page_id=15018"},"modified":"2017-05-27T21:32:11","modified_gmt":"2017-05-27T21:32:11","slug":"esg-glas-applikationen","status":"publish","type":"page","link":"https:\/\/grad-export.hr\/de\/esg-glas-applikationen","title":{"rendered":"ESG Glas Applikationen"},"content":{"rendered":"<p><img loading=\"lazy\" decoding=\"async\" class=\"alignnone size-full wp-image-15005\" src=\"http:\/\/grad-export.hr\/web\/wp-content\/uploads\/staklene-esg-aplikacije\/ESG-aplikacija.jpg\" alt=\"ESG Glas Applikation\" width=\"1024\" height=\"536\" srcset=\"https:\/\/grad-export.hr\/web\/wp-content\/uploads\/staklene-esg-aplikacije\/ESG-aplikacija.jpg 1024w, https:\/\/grad-export.hr\/web\/wp-content\/uploads\/staklene-esg-aplikacije\/ESG-aplikacija-403x211.jpg 403w, https:\/\/grad-export.hr\/web\/wp-content\/uploads\/staklene-esg-aplikacije\/ESG-aplikacija-570x298.jpg 570w\" sizes=\"(max-width: 1024px) 100vw, 1024px\" \/><\/p>\n<p>ESG Glas Applikationen, in der St\u00e4rke 6 mm sind unser Sonderangebot. Am h\u00e4ufigsten wird schwarzes ESG Glas, in RAL 9005 verwendet. Die Applikationen sind erh\u00e4ltlich in allen RAL Farben und werden von Festigkeit und hoher Sicherheit, auf den F\u00fcllungen gekennzeichnet.<br \/>\nModelle in der Ausf\u00fchrung: Minsk, Napoli, Palermo, Istanbul, Basel, Bonn, Monaco, Porto und Ulm.<\/p>\n","protected":false},"excerpt":{"rendered":"<p>ESG Glas Applikationen, in der St\u00e4rke 6 mm sind unser Sonderangebot. Am h\u00e4ufigsten wird schwarzes ESG Glas, in RAL 9005 verwendet. Die Applikationen sind erh\u00e4ltlich in allen RAL Farben und werden von Festigkeit und hoher Sicherheit, auf den F\u00fcllungen gekennzeichnet. Modelle in der Ausf\u00fchrung: Minsk, Napoli, Palermo, Istanbul, Basel, Bonn, Monaco, Porto und Ulm.<\/p>\n","protected":false},"author":1,"featured_media":15005,"parent":0,"menu_order":0,"comment_status":"closed","ping_status":"closed","template":"","meta":{"ngg_post_thumbnail":0,"__cvm_playback_settings":[],"__cvm_video_id":"","footnotes":""},"class_list":["post-15018","page","type-page","status-publish","has-post-thumbnail","czr-hentry"],"_links":{"self":[{"href":"https:\/\/grad-export.hr\/de\/wp-json\/wp\/v2\/pages\/15018"}],"collection":[{"href":"https:\/\/grad-export.hr\/de\/wp-json\/wp\/v2\/pages"}],"about":[{"href":"https:\/\/grad-export.hr\/de\/wp-json\/wp\/v2\/types\/page"}],"author":[{"embeddable":true,"href":"https:\/\/grad-export.hr\/de\/wp-json\/wp\/v2\/users\/1"}],"replies":[{"embeddable":true,"href":"https:\/\/grad-export.hr\/de\/wp-json\/wp\/v2\/comments?post=15018"}],"version-history":[{"count":2,"href":"https:\/\/grad-export.hr\/de\/wp-json\/wp\/v2\/pages\/15018\/revisions"}],"predecessor-version":[{"id":15023,"href":"https:\/\/grad-export.hr\/de\/wp-json\/wp\/v2\/pages\/15018\/revisions\/15023"}],"wp:featuredmedia":[{"embeddable":true,"href":"https:\/\/grad-export.hr\/de\/wp-json\/wp\/v2\/media\/15005"}],"wp:attachment":[{"href":"https:\/\/grad-export.hr\/de\/wp-json\/wp\/v2\/media?parent=15018"}],"curies":[{"name":"wp","href":"https:\/\/api.w.org\/{rel}","templated":true}]}}