{"id":15020,"date":"2017-05-27T21:30:15","date_gmt":"2017-05-27T21:30:15","guid":{"rendered":"http:\/\/grad-export.hr\/de\/?page_id=15020"},"modified":"2025-09-29T06:55:50","modified_gmt":"2025-09-29T06:55:50","slug":"intarsien-4x4-mm","status":"publish","type":"page","link":"https:\/\/grad-export.hr\/de\/intarsien-4x4-mm","title":{"rendered":"Intarsien 4&#215;4 mm"},"content":{"rendered":"<p><img loading=\"lazy\" decoding=\"async\" src=\"http:\/\/grad-export.hr\/web\/wp-content\/uploads\/intarzije-4x4-mm\/intarzije.jpg\" alt=\"Intarsien 4x4\" width=\"1024\" height=\"398\" class=\"alignnone size-full wp-image-15000\" srcset=\"https:\/\/grad-export.hr\/web\/wp-content\/uploads\/intarzije-4x4-mm\/intarzije.jpg 1024w, https:\/\/grad-export.hr\/web\/wp-content\/uploads\/intarzije-4x4-mm\/intarzije-403x157.jpg 403w, https:\/\/grad-export.hr\/web\/wp-content\/uploads\/intarzije-4x4-mm\/intarzije-570x222.jpg 570w\" sizes=\"(max-width: 1024px) 100vw, 1024px\" \/><\/p>\n<p>Intarsien 4&#215;4 mm werden bei einigen ELITE-F\u00fcllungen verwendet. Die Intarsie werden bei den F\u00fcllungen zum Ausdruck gebracht und stehen 3 mm hervorgehoben. Die Intarsien bieten den F\u00fcllungen einen Stich von Minimalismus und modernem Design.<br \/>\nModelle mit Intarsien: Barcelona, Bologna, Liverpool, Z\u00fcrich, Nice, Bristol, Geneve, Genoa, Gent, Edinburgh, Mlaga, Sofia, Krakow, Linz, Aalborg 4, Almere 4, Assen 4 und Aveiro 4.<\/p>\n","protected":false},"excerpt":{"rendered":"<p>Intarsien 4&#215;4 mm werden bei einigen ELITE-F\u00fcllungen verwendet. Die Intarsie werden bei den F\u00fcllungen zum Ausdruck gebracht und stehen 3 mm hervorgehoben. Die Intarsien bieten den F\u00fcllungen einen Stich von Minimalismus und modernem Design. Modelle mit Intarsien: Barcelona, Bologna, Liverpool, Z\u00fcrich, Nice, Bristol, Geneve, Genoa, Gent, Edinburgh, Mlaga, Sofia, Krakow, Linz, Aalborg 4, Almere 4, [&hellip;]<\/p>\n","protected":false},"author":1,"featured_media":24754,"parent":0,"menu_order":0,"comment_status":"closed","ping_status":"closed","template":"","meta":{"ngg_post_thumbnail":0,"__cvm_playback_settings":[],"__cvm_video_id":"","footnotes":""},"class_list":["post-15020","page","type-page","status-publish","has-post-thumbnail","czr-hentry"],"_links":{"self":[{"href":"https:\/\/grad-export.hr\/de\/wp-json\/wp\/v2\/pages\/15020"}],"collection":[{"href":"https:\/\/grad-export.hr\/de\/wp-json\/wp\/v2\/pages"}],"about":[{"href":"https:\/\/grad-export.hr\/de\/wp-json\/wp\/v2\/types\/page"}],"author":[{"embeddable":true,"href":"https:\/\/grad-export.hr\/de\/wp-json\/wp\/v2\/users\/1"}],"replies":[{"embeddable":true,"href":"https:\/\/grad-export.hr\/de\/wp-json\/wp\/v2\/comments?post=15020"}],"version-history":[{"count":2,"href":"https:\/\/grad-export.hr\/de\/wp-json\/wp\/v2\/pages\/15020\/revisions"}],"predecessor-version":[{"id":15022,"href":"https:\/\/grad-export.hr\/de\/wp-json\/wp\/v2\/pages\/15020\/revisions\/15022"}],"wp:featuredmedia":[{"embeddable":true,"href":"https:\/\/grad-export.hr\/de\/wp-json\/wp\/v2\/media\/24754"}],"wp:attachment":[{"href":"https:\/\/grad-export.hr\/de\/wp-json\/wp\/v2\/media?parent=15020"}],"curies":[{"name":"wp","href":"https:\/\/api.w.org\/{rel}","templated":true}]}}