{"id":15040,"date":"2017-05-27T21:44:01","date_gmt":"2017-05-27T21:44:01","guid":{"rendered":"http:\/\/grad-export.hr\/de\/?page_id=15040"},"modified":"2023-10-04T20:09:33","modified_gmt":"2023-10-04T20:09:33","slug":"informationen","status":"publish","type":"page","link":"https:\/\/grad-export.hr\/de\/informationen","title":{"rendered":"Informationen"},"content":{"rendered":"<p><a href=\"https:\/\/grad-export.hr\/de\/einbau-der-haustuerfuellung\">Einbau der Haust\u00fcrf\u00fcllung<\/a><\/p>\n<p><a href=\"https:\/\/grad-export.hr\/de\/energieeffizienz\">Energieeffizienz<\/a><\/p>\n<p><a href=\"https:\/\/grad-export.hr\/de\/klassischer-fluegel\">Klassischer Fl\u00fcgel<\/a><\/p>\n<p><a href=\"https:\/\/grad-export.hr\/de\/einseitig-fluegelueberdeckende-fluegel\">Einseitig fl\u00fcgel\u00fcberdeckende Fl\u00fcgel<\/a><\/p>\n<p><a href=\"https:\/\/grad-export.hr\/de\/beidseitig-fluegelueberdeckende-fluegel\">Beidseitig fl\u00fcgel\u00fcberdeckende Fl\u00fcgel<\/a><\/p>\n<p><a href=\"https:\/\/grad-export.hr\/de\/edelstahl-applikationen\">Edelstahl Applikationen<\/a><\/p>\n<p><a href=\"https:\/\/grad-export.hr\/de\/intarsien-4x4-mm\">Intarsien 4&#215;4 mm<\/a><\/p>\n<p><a href=\"https:\/\/grad-export.hr\/de\/esg-glas-applikationen\">ESG Glas Applikationen<\/a><\/p>\n<p><a href=\"https:\/\/grad-export.hr\/de\/alu-rechteckprofile-40-x-20-mm\">ALU-Rechteckprofile 40 x 20 mm<\/a><\/p>\n<p><a href=\"https:\/\/grad-export.hr\/de\/alu-rechteckprofile-20x10\">ALU-Rechteckprofile 20\u00d710 mm<\/a><\/p>\n<p><a href=\"https:\/\/grad-export.hr\/de\/alu-belaege\">ALU-Bel\u00e4ge<\/a><\/p>\n<p><a href=\"https:\/\/grad-export.hr\/de\/reliefdesign\">Reliefdesign<\/a><\/p>\n<p><a href=\"https:\/\/grad-export.hr\/de\/schalldaemmung\">Schalld\u00e4mmung<\/a><\/p>\n<p><a href=\"https:\/\/grad-export.hr\/de\/garantie\">Garantie<\/a><\/p>\n","protected":false},"excerpt":{"rendered":"<p>Einbau der Haust\u00fcrf\u00fcllung Energieeffizienz Klassischer Fl\u00fcgel Einseitig fl\u00fcgel\u00fcberdeckende Fl\u00fcgel Beidseitig fl\u00fcgel\u00fcberdeckende Fl\u00fcgel Edelstahl Applikationen Intarsien 4&#215;4 mm ESG Glas Applikationen ALU-Rechteckprofile 40 x 20 mm ALU-Rechteckprofile 20\u00d710 mm ALU-Bel\u00e4ge Reliefdesign Schalld\u00e4mmung Garantie<\/p>\n","protected":false},"author":1,"featured_media":0,"parent":0,"menu_order":0,"comment_status":"closed","ping_status":"closed","template":"","meta":{"ngg_post_thumbnail":0,"__cvm_playback_settings":[],"__cvm_video_id":"","footnotes":""},"class_list":["post-15040","page","type-page","status-publish","czr-hentry"],"_links":{"self":[{"href":"https:\/\/grad-export.hr\/de\/wp-json\/wp\/v2\/pages\/15040"}],"collection":[{"href":"https:\/\/grad-export.hr\/de\/wp-json\/wp\/v2\/pages"}],"about":[{"href":"https:\/\/grad-export.hr\/de\/wp-json\/wp\/v2\/types\/page"}],"author":[{"embeddable":true,"href":"https:\/\/grad-export.hr\/de\/wp-json\/wp\/v2\/users\/1"}],"replies":[{"embeddable":true,"href":"https:\/\/grad-export.hr\/de\/wp-json\/wp\/v2\/comments?post=15040"}],"version-history":[{"count":12,"href":"https:\/\/grad-export.hr\/de\/wp-json\/wp\/v2\/pages\/15040\/revisions"}],"predecessor-version":[{"id":24149,"href":"https:\/\/grad-export.hr\/de\/wp-json\/wp\/v2\/pages\/15040\/revisions\/24149"}],"wp:attachment":[{"href":"https:\/\/grad-export.hr\/de\/wp-json\/wp\/v2\/media?parent=15040"}],"curies":[{"name":"wp","href":"https:\/\/api.w.org\/{rel}","templated":true}]}}