{"id":15130,"date":"2017-06-07T22:26:16","date_gmt":"2017-06-07T22:26:16","guid":{"rendered":"http:\/\/grad-export.hr\/de\/?page_id=15130"},"modified":"2017-07-31T20:54:53","modified_gmt":"2017-07-31T20:54:53","slug":"u-werte-von-dekorfuellungen-mit-glas-und-klassichen-fluegel","status":"publish","type":"page","link":"https:\/\/grad-export.hr\/de\/u-werte-von-dekorfuellungen-mit-glas-und-klassichen-fluegel","title":{"rendered":"U-Werte &#8211; klassischer Fl\u00fcgel"},"content":{"rendered":"<p><img loading=\"lazy\" decoding=\"async\" class=\"alignnone size-full wp-image-15132\" src=\"http:\/\/grad-export.hr\/web\/wp-content\/uploads\/u-werte-von-dekorfuellungen-mit-glas-und-klassichen-fluegel\/de_graph_klasicno_krilo.jpg\" alt=\"U-Werte von Dekorf\u00fcllungen mit Glas und klassichen Fl\u00fcgel\" width=\"750\" height=\"321\" srcset=\"https:\/\/grad-export.hr\/web\/wp-content\/uploads\/u-werte-von-dekorfuellungen-mit-glas-und-klassichen-fluegel\/de_graph_klasicno_krilo.jpg 750w, https:\/\/grad-export.hr\/web\/wp-content\/uploads\/u-werte-von-dekorfuellungen-mit-glas-und-klassichen-fluegel\/de_graph_klasicno_krilo-403x172.jpg 403w, https:\/\/grad-export.hr\/web\/wp-content\/uploads\/u-werte-von-dekorfuellungen-mit-glas-und-klassichen-fluegel\/de_graph_klasicno_krilo-570x244.jpg 570w\" sizes=\"(max-width: 750px) 100vw, 750px\" \/><\/p>\n<h5>U-Werte von Dekorf\u00fcllungen mit Glas und klassischem Fl\u00fcgel \u2013 Beispiel Modell \u201eLondon\u201c<\/h5>\n<p>Die Vergleichsberechnung des U-Werts basiert auf einer Platte mit dem Ma\u00df 900 x 1990 mm.<br \/>\nDer tats\u00e4chliche U-Wert h\u00e4ngt von dem ausgew\u00e4hlten Modell, den Materialien und von den Ma\u00dfen ab. F\u00fcr zus\u00e4tzliche Informationen wenden Sie sich bitte an unsere Verkaufsabteilung oder an unseren exklusiven Vertreter.<\/p>\n","protected":false},"excerpt":{"rendered":"<p>U-Werte von Dekorf\u00fcllungen mit Glas und klassischem Fl\u00fcgel \u2013 Beispiel Modell \u201eLondon\u201c Die Vergleichsberechnung des U-Werts basiert auf einer Platte mit dem Ma\u00df 900 x 1990 mm. Der tats\u00e4chliche U-Wert h\u00e4ngt von dem ausgew\u00e4hlten Modell, den Materialien und von den Ma\u00dfen ab. F\u00fcr zus\u00e4tzliche Informationen wenden Sie sich bitte an unsere Verkaufsabteilung oder an unseren [&hellip;]<\/p>\n","protected":false},"author":1,"featured_media":15132,"parent":0,"menu_order":0,"comment_status":"closed","ping_status":"open","template":"","meta":{"ngg_post_thumbnail":0,"__cvm_playback_settings":[],"__cvm_video_id":"","footnotes":""},"class_list":["post-15130","page","type-page","status-publish","has-post-thumbnail","czr-hentry"],"_links":{"self":[{"href":"https:\/\/grad-export.hr\/de\/wp-json\/wp\/v2\/pages\/15130"}],"collection":[{"href":"https:\/\/grad-export.hr\/de\/wp-json\/wp\/v2\/pages"}],"about":[{"href":"https:\/\/grad-export.hr\/de\/wp-json\/wp\/v2\/types\/page"}],"author":[{"embeddable":true,"href":"https:\/\/grad-export.hr\/de\/wp-json\/wp\/v2\/users\/1"}],"replies":[{"embeddable":true,"href":"https:\/\/grad-export.hr\/de\/wp-json\/wp\/v2\/comments?post=15130"}],"version-history":[{"count":4,"href":"https:\/\/grad-export.hr\/de\/wp-json\/wp\/v2\/pages\/15130\/revisions"}],"predecessor-version":[{"id":15263,"href":"https:\/\/grad-export.hr\/de\/wp-json\/wp\/v2\/pages\/15130\/revisions\/15263"}],"wp:featuredmedia":[{"embeddable":true,"href":"https:\/\/grad-export.hr\/de\/wp-json\/wp\/v2\/media\/15132"}],"wp:attachment":[{"href":"https:\/\/grad-export.hr\/de\/wp-json\/wp\/v2\/media?parent=15130"}],"curies":[{"name":"wp","href":"https:\/\/api.w.org\/{rel}","templated":true}]}}