{"id":15138,"date":"2017-06-07T22:33:16","date_gmt":"2017-06-07T22:33:16","guid":{"rendered":"http:\/\/grad-export.hr\/de\/?page_id=15138"},"modified":"2017-07-31T20:56:26","modified_gmt":"2017-07-31T20:56:26","slug":"u-werte-von-dekorfuellungen-ohne-glas","status":"publish","type":"page","link":"https:\/\/grad-export.hr\/de\/u-werte-von-dekorfuellungen-ohne-glas","title":{"rendered":"U-Werte von Dekorf\u00fcllungen ohne Glas"},"content":{"rendered":"<p>&nbsp;<\/p>\n<p><img loading=\"lazy\" decoding=\"async\" class=\"alignnone size-full wp-image-15140\" src=\"http:\/\/grad-export.hr\/web\/wp-content\/uploads\/u-werte-von-dekorfuellungen-ohne-glas\/de_graph_bez_stakla.jpg\" alt=\"U-Werte von Dekorf\u00fcllungen ohne Glas\" width=\"750\" height=\"321\" srcset=\"https:\/\/grad-export.hr\/web\/wp-content\/uploads\/u-werte-von-dekorfuellungen-ohne-glas\/de_graph_bez_stakla.jpg 750w, https:\/\/grad-export.hr\/web\/wp-content\/uploads\/u-werte-von-dekorfuellungen-ohne-glas\/de_graph_bez_stakla-403x172.jpg 403w, https:\/\/grad-export.hr\/web\/wp-content\/uploads\/u-werte-von-dekorfuellungen-ohne-glas\/de_graph_bez_stakla-570x244.jpg 570w\" sizes=\"(max-width: 750px) 100vw, 750px\" \/><\/p>\n<h5>U-Werte von Dekorf\u00fcllungen ohne Glas &#8211; Beispiel Modell \u201eLoire\u201c<\/h5>\n<p>Die Vergleichsberechnung des U-Werts basiert auf einer Platte mit dem Ma\u00df 900 x 1900 mm.<br \/>\nDer tats\u00e4chliche U-Wert h\u00e4ngt von dem ausgew\u00e4hlten Modell, den Materialien und von den Ma\u00dfen ab. F\u00fcr zus\u00e4tzliche Informationen wenden Sie sich bitte an unsere Verkaufsabteilung oder an unseren exklusiven Vertreter.<\/p>\n","protected":false},"excerpt":{"rendered":"<p>&nbsp; U-Werte von Dekorf\u00fcllungen ohne Glas &#8211; Beispiel Modell \u201eLoire\u201c Die Vergleichsberechnung des U-Werts basiert auf einer Platte mit dem Ma\u00df 900 x 1900 mm. Der tats\u00e4chliche U-Wert h\u00e4ngt von dem ausgew\u00e4hlten Modell, den Materialien und von den Ma\u00dfen ab. F\u00fcr zus\u00e4tzliche Informationen wenden Sie sich bitte an unsere Verkaufsabteilung oder an unseren exklusiven Vertreter.<\/p>\n","protected":false},"author":1,"featured_media":15140,"parent":0,"menu_order":0,"comment_status":"closed","ping_status":"closed","template":"","meta":{"ngg_post_thumbnail":0,"__cvm_playback_settings":[],"__cvm_video_id":"","footnotes":""},"class_list":["post-15138","page","type-page","status-publish","has-post-thumbnail","czr-hentry"],"_links":{"self":[{"href":"https:\/\/grad-export.hr\/de\/wp-json\/wp\/v2\/pages\/15138"}],"collection":[{"href":"https:\/\/grad-export.hr\/de\/wp-json\/wp\/v2\/pages"}],"about":[{"href":"https:\/\/grad-export.hr\/de\/wp-json\/wp\/v2\/types\/page"}],"author":[{"embeddable":true,"href":"https:\/\/grad-export.hr\/de\/wp-json\/wp\/v2\/users\/1"}],"replies":[{"embeddable":true,"href":"https:\/\/grad-export.hr\/de\/wp-json\/wp\/v2\/comments?post=15138"}],"version-history":[{"count":4,"href":"https:\/\/grad-export.hr\/de\/wp-json\/wp\/v2\/pages\/15138\/revisions"}],"predecessor-version":[{"id":15264,"href":"https:\/\/grad-export.hr\/de\/wp-json\/wp\/v2\/pages\/15138\/revisions\/15264"}],"wp:featuredmedia":[{"embeddable":true,"href":"https:\/\/grad-export.hr\/de\/wp-json\/wp\/v2\/media\/15140"}],"wp:attachment":[{"href":"https:\/\/grad-export.hr\/de\/wp-json\/wp\/v2\/media?parent=15138"}],"curies":[{"name":"wp","href":"https:\/\/api.w.org\/{rel}","templated":true}]}}