{"id":15148,"date":"2017-06-07T22:41:44","date_gmt":"2017-06-07T22:41:44","guid":{"rendered":"http:\/\/grad-export.hr\/de\/?page_id=15148"},"modified":"2017-07-31T20:52:47","modified_gmt":"2017-07-31T20:52:47","slug":"%c2%b7-u-werte-dekorfuellungen-mit-glas-und-verdeckter-fluegel","status":"publish","type":"page","link":"https:\/\/grad-export.hr\/de\/%c2%b7-u-werte-dekorfuellungen-mit-glas-und-verdeckter-fluegel","title":{"rendered":"U-Werte &#8211; verdeckter Fl\u00fcgel"},"content":{"rendered":"<p><img loading=\"lazy\" decoding=\"async\" class=\"alignnone size-full wp-image-15149\" src=\"http:\/\/grad-export.hr\/web\/wp-content\/uploads\/b7-u-werte-dekorfuellungen-mit-glas-und-verdeckter-fluegel\/de_graph_skriveno_krilo.jpg\" alt=\"U-Werte Dekorf\u00fcllungen mit Glas und verdeckter Fl\u00fcgel\" width=\"750\" height=\"321\" srcset=\"https:\/\/grad-export.hr\/web\/wp-content\/uploads\/b7-u-werte-dekorfuellungen-mit-glas-und-verdeckter-fluegel\/de_graph_skriveno_krilo.jpg 750w, https:\/\/grad-export.hr\/web\/wp-content\/uploads\/b7-u-werte-dekorfuellungen-mit-glas-und-verdeckter-fluegel\/de_graph_skriveno_krilo-403x172.jpg 403w, https:\/\/grad-export.hr\/web\/wp-content\/uploads\/b7-u-werte-dekorfuellungen-mit-glas-und-verdeckter-fluegel\/de_graph_skriveno_krilo-570x244.jpg 570w\" sizes=\"(max-width: 750px) 100vw, 750px\" \/><\/p>\n<h5>U-Werte von Dekorf\u00fcllungen mit Glas und verdecktem Fl\u00fcgel \u2013 Beispiel Modell \u201eLondon\u201c<\/h5>\n<p>Die Vergleichsberechnung des U-Werts basiert auf einer Platte mit dem Ma\u00df 900 x 1990 mm.<br \/>\nDer tats\u00e4chliche U-Wert h\u00e4ngt von dem ausgew\u00e4hlten Modell, den Materialien und von den Ma\u00dfen ab. F\u00fcr zus\u00e4tzliche Informationen wenden Sie sich bitte an unsere Verkaufsabteilung oder an unseren exklusiven Vertreter.<\/p>\n","protected":false},"excerpt":{"rendered":"<p>U-Werte von Dekorf\u00fcllungen mit Glas und verdecktem Fl\u00fcgel \u2013 Beispiel Modell \u201eLondon\u201c Die Vergleichsberechnung des U-Werts basiert auf einer Platte mit dem Ma\u00df 900 x 1990 mm. Der tats\u00e4chliche U-Wert h\u00e4ngt von dem ausgew\u00e4hlten Modell, den Materialien und von den Ma\u00dfen ab. F\u00fcr zus\u00e4tzliche Informationen wenden Sie sich bitte an unsere Verkaufsabteilung oder an unseren [&hellip;]<\/p>\n","protected":false},"author":1,"featured_media":15149,"parent":0,"menu_order":0,"comment_status":"closed","ping_status":"closed","template":"","meta":{"ngg_post_thumbnail":0,"__cvm_playback_settings":[],"__cvm_video_id":"","footnotes":""},"class_list":["post-15148","page","type-page","status-publish","has-post-thumbnail","czr-hentry"],"_links":{"self":[{"href":"https:\/\/grad-export.hr\/de\/wp-json\/wp\/v2\/pages\/15148"}],"collection":[{"href":"https:\/\/grad-export.hr\/de\/wp-json\/wp\/v2\/pages"}],"about":[{"href":"https:\/\/grad-export.hr\/de\/wp-json\/wp\/v2\/types\/page"}],"author":[{"embeddable":true,"href":"https:\/\/grad-export.hr\/de\/wp-json\/wp\/v2\/users\/1"}],"replies":[{"embeddable":true,"href":"https:\/\/grad-export.hr\/de\/wp-json\/wp\/v2\/comments?post=15148"}],"version-history":[{"count":7,"href":"https:\/\/grad-export.hr\/de\/wp-json\/wp\/v2\/pages\/15148\/revisions"}],"predecessor-version":[{"id":15262,"href":"https:\/\/grad-export.hr\/de\/wp-json\/wp\/v2\/pages\/15148\/revisions\/15262"}],"wp:featuredmedia":[{"embeddable":true,"href":"https:\/\/grad-export.hr\/de\/wp-json\/wp\/v2\/media\/15149"}],"wp:attachment":[{"href":"https:\/\/grad-export.hr\/de\/wp-json\/wp\/v2\/media?parent=15148"}],"curies":[{"name":"wp","href":"https:\/\/api.w.org\/{rel}","templated":true}]}}