{"id":15214,"date":"2017-07-02T22:16:56","date_gmt":"2017-07-02T22:16:56","guid":{"rendered":"http:\/\/grad-export.hr\/de\/?page_id=15214"},"modified":"2017-07-24T21:11:40","modified_gmt":"2017-07-24T21:11:40","slug":"einseitig-fluegelueberdeckende-fluegel","status":"publish","type":"page","link":"https:\/\/grad-export.hr\/de\/einseitig-fluegelueberdeckende-fluegel","title":{"rendered":"F\u00fcllungen f\u00fcr den Einbau in einen einseitig fl\u00fcgel\u00fcberdeckenden Fl\u00fcgel"},"content":{"rendered":"<p><img loading=\"lazy\" decoding=\"async\" class=\"alignnone size-full wp-image-15050\" src=\"http:\/\/grad-export.hr\/web\/wp-content\/uploads\/klasicno-krilo\/skriveno_krilo.jpg\" alt=\"Einseitig fl\u00fcgel\u00fcberdeckende Fl\u00fcgel\" width=\"1000\" height=\"626\" srcset=\"https:\/\/grad-export.hr\/web\/wp-content\/uploads\/klasicno-krilo\/skriveno_krilo.jpg 1000w, https:\/\/grad-export.hr\/web\/wp-content\/uploads\/klasicno-krilo\/skriveno_krilo-403x252.jpg 403w, https:\/\/grad-export.hr\/web\/wp-content\/uploads\/klasicno-krilo\/skriveno_krilo-570x357.jpg 570w\" sizes=\"(max-width: 1000px) 100vw, 1000px\" \/><\/p>\n<h5>Design\/Funktionalit\u00e4t<\/h5>\n<p>In diesem Fall ist nur die Au\u00dfenseite des Fl\u00fcgels komplett mit der F\u00fcllung \u00fcberdeckt. Auf der Innenseite ist die F\u00fcllung in den Fl\u00fcgel eingebaut und somit bleiben Fl\u00fcgel und Rammen hier sichtbar.<\/p>\n<h5>Isolation<\/h5>\n<p>Die Isolation der F\u00fcllung ist aus XPS gemacht. Dekorf\u00fcllungen zum Einbau in einen einseitig fl\u00fcgel\u00fcberdeckenden Fl\u00fcgel k\u00f6nnen in der St\u00e4rke von 36 mm bis 90 mm sein. Sie k\u00f6nnen zweifache, dreifache oder vierfache Verglasungen mit einem einseitigen oder beidseitigen Low-e Glas haben und k\u00f6nnen auch mit  90 % Argon geladen sein. Die Platten der ALU-Dekorf\u00fcllungen sind beidseitig 3 mm und es kommt noch von der Innenseite ein 5 mm Schaumgummi.<\/p>\n<h5>Technologie<\/h5>\n<p>Dekorf\u00fcllungen zum Einbau in einen einseitig fl\u00fcgel\u00fcberdeckenden Fl\u00fcgel werden gleich nach genauen Ma\u00dfen verschnitten. , damit sie in den Fl\u00fcgel passen. Die Bohrungen f\u00fcr Zylinder und Griff sind ein Bestandteil der Produktion und alle \u00d6ffnungen werden vor der Beschichtung gebohrt, damit all diese \u00d6ffnungen auch beschichtet werden.<\/p>\n","protected":false},"excerpt":{"rendered":"<p>Design\/Funktionalit\u00e4t In diesem Fall ist nur die Au\u00dfenseite des Fl\u00fcgels komplett mit der F\u00fcllung \u00fcberdeckt. Auf der Innenseite ist die F\u00fcllung in den Fl\u00fcgel eingebaut und somit bleiben Fl\u00fcgel und Rammen hier sichtbar. Isolation Die Isolation der F\u00fcllung ist aus XPS gemacht. Dekorf\u00fcllungen zum Einbau in einen einseitig fl\u00fcgel\u00fcberdeckenden Fl\u00fcgel k\u00f6nnen in der St\u00e4rke von [&hellip;]<\/p>\n","protected":false},"author":1,"featured_media":15050,"parent":0,"menu_order":0,"comment_status":"closed","ping_status":"closed","template":"","meta":{"ngg_post_thumbnail":0,"__cvm_playback_settings":[],"__cvm_video_id":"","footnotes":""},"class_list":["post-15214","page","type-page","status-publish","has-post-thumbnail","czr-hentry"],"_links":{"self":[{"href":"https:\/\/grad-export.hr\/de\/wp-json\/wp\/v2\/pages\/15214"}],"collection":[{"href":"https:\/\/grad-export.hr\/de\/wp-json\/wp\/v2\/pages"}],"about":[{"href":"https:\/\/grad-export.hr\/de\/wp-json\/wp\/v2\/types\/page"}],"author":[{"embeddable":true,"href":"https:\/\/grad-export.hr\/de\/wp-json\/wp\/v2\/users\/1"}],"replies":[{"embeddable":true,"href":"https:\/\/grad-export.hr\/de\/wp-json\/wp\/v2\/comments?post=15214"}],"version-history":[{"count":2,"href":"https:\/\/grad-export.hr\/de\/wp-json\/wp\/v2\/pages\/15214\/revisions"}],"predecessor-version":[{"id":15251,"href":"https:\/\/grad-export.hr\/de\/wp-json\/wp\/v2\/pages\/15214\/revisions\/15251"}],"wp:featuredmedia":[{"embeddable":true,"href":"https:\/\/grad-export.hr\/de\/wp-json\/wp\/v2\/media\/15050"}],"wp:attachment":[{"href":"https:\/\/grad-export.hr\/de\/wp-json\/wp\/v2\/media?parent=15214"}],"curies":[{"name":"wp","href":"https:\/\/api.w.org\/{rel}","templated":true}]}}