{"id":15216,"date":"2017-07-02T22:20:49","date_gmt":"2017-07-02T22:20:49","guid":{"rendered":"http:\/\/grad-export.hr\/de\/?page_id=15216"},"modified":"2017-07-24T21:13:22","modified_gmt":"2017-07-24T21:13:22","slug":"beidseitig-fluegelueberdeckende-fluegel","status":"publish","type":"page","link":"https:\/\/grad-export.hr\/de\/beidseitig-fluegelueberdeckende-fluegel","title":{"rendered":"F\u00fcllungen f\u00fcr den Einbau in einen beidseitig fl\u00fcgel\u00fcberdeckenden Fl\u00fcgel"},"content":{"rendered":"<p><img loading=\"lazy\" decoding=\"async\" class=\"alignnone size-full wp-image-15049\" src=\"http:\/\/grad-export.hr\/web\/wp-content\/uploads\/klasicno-krilo\/obostrano_skriveno_krilo.jpg\" alt=\"Beidseitig fl\u00fcgel\u00fcberdeckende Fl\u00fcgel\" width=\"1000\" height=\"626\" srcset=\"https:\/\/grad-export.hr\/web\/wp-content\/uploads\/klasicno-krilo\/obostrano_skriveno_krilo.jpg 1000w, https:\/\/grad-export.hr\/web\/wp-content\/uploads\/klasicno-krilo\/obostrano_skriveno_krilo-403x252.jpg 403w, https:\/\/grad-export.hr\/web\/wp-content\/uploads\/klasicno-krilo\/obostrano_skriveno_krilo-570x357.jpg 570w\" sizes=\"(max-width: 1000px) 100vw, 1000px\" \/><\/p>\n<h5>Design<\/h5>\n<p>Elite Dekor F\u00fcllungen decken den gesamten Fl\u00fcgel von au\u00dfen und innen ab. Das Ergebnis bei dieser Variante ist eine beidseitig einfache und elegante Oberfl\u00e4che und nur der T\u00fcrrahmen bleibt sichtbar. <\/p>\n<h5>Isolation<\/h5>\n<p>Die Isolation der F\u00fcllung wird aus XPS angefertigt. Beidseitig fl\u00fcgel\u00fcberdeckende F\u00fcllungen k\u00f6nnen in der St\u00e4rke von 55 mm bis 130 mm sein.Sie k\u00f6nnen zweifache, dreifache oder vierfache Verglasungen mit einem einseitigen oder beidseitigen Low-e Glas haben und k\u00f6nnen auch mit 90% Argon geladen sein. Die Platten der ALU-Dekorf\u00fcllungen sind beidseitig 3 mm und es kommt noch von der Innenseite ein 5 mm Schaumgummi dran.<\/p>\n<h5>Technologie<\/h5>\n<p>Dekorf\u00fcllungen zum Einbau in einen beidseitig fl\u00fcgel\u00fcberdeckenden Fl\u00fcgel werden gleich nach genauen Ma\u00dfen verschnitten. , damit sie in den Fl\u00fcgel passen. Die Bohrungen f\u00fcr Zylinder und Griff sind ein Bestandteil der Produktion und alle \u00d6ffnungen werden vor der Beschichtung gebohrt, damit all diese \u00d6ffnungen auch beschichtet werden.<\/p>\n","protected":false},"excerpt":{"rendered":"<p>Design Elite Dekor F\u00fcllungen decken den gesamten Fl\u00fcgel von au\u00dfen und innen ab. Das Ergebnis bei dieser Variante ist eine beidseitig einfache und elegante Oberfl\u00e4che und nur der T\u00fcrrahmen bleibt sichtbar. Isolation Die Isolation der F\u00fcllung wird aus XPS angefertigt. Beidseitig fl\u00fcgel\u00fcberdeckende F\u00fcllungen k\u00f6nnen in der St\u00e4rke von 55 mm bis 130 mm sein.Sie k\u00f6nnen [&hellip;]<\/p>\n","protected":false},"author":1,"featured_media":15049,"parent":0,"menu_order":0,"comment_status":"closed","ping_status":"closed","template":"","meta":{"ngg_post_thumbnail":0,"__cvm_playback_settings":[],"__cvm_video_id":"","footnotes":""},"class_list":["post-15216","page","type-page","status-publish","has-post-thumbnail","czr-hentry"],"_links":{"self":[{"href":"https:\/\/grad-export.hr\/de\/wp-json\/wp\/v2\/pages\/15216"}],"collection":[{"href":"https:\/\/grad-export.hr\/de\/wp-json\/wp\/v2\/pages"}],"about":[{"href":"https:\/\/grad-export.hr\/de\/wp-json\/wp\/v2\/types\/page"}],"author":[{"embeddable":true,"href":"https:\/\/grad-export.hr\/de\/wp-json\/wp\/v2\/users\/1"}],"replies":[{"embeddable":true,"href":"https:\/\/grad-export.hr\/de\/wp-json\/wp\/v2\/comments?post=15216"}],"version-history":[{"count":2,"href":"https:\/\/grad-export.hr\/de\/wp-json\/wp\/v2\/pages\/15216\/revisions"}],"predecessor-version":[{"id":15252,"href":"https:\/\/grad-export.hr\/de\/wp-json\/wp\/v2\/pages\/15216\/revisions\/15252"}],"wp:featuredmedia":[{"embeddable":true,"href":"https:\/\/grad-export.hr\/de\/wp-json\/wp\/v2\/media\/15049"}],"wp:attachment":[{"href":"https:\/\/grad-export.hr\/de\/wp-json\/wp\/v2\/media?parent=15216"}],"curies":[{"name":"wp","href":"https:\/\/api.w.org\/{rel}","templated":true}]}}