{"id":22167,"date":"2023-01-14T12:02:04","date_gmt":"2023-01-14T12:02:04","guid":{"rendered":"https:\/\/grad-export.hr\/?page_id=22167"},"modified":"2025-02-16T20:32:15","modified_gmt":"2025-02-16T20:32:15","slug":"rustic-forest-modell-new-forest","status":"publish","type":"page","link":"https:\/\/grad-export.hr\/de\/rustic-forest-modell-new-forest","title":{"rendered":"Rustic Forest &#8211; Modell New Forest"},"content":{"rendered":"<div class=\"item\">\n<div class=\"slika-elite\">\n<div class=\"slika-noborder\"><img loading=\"lazy\" decoding=\"async\" class=\"alignnone size-full wp-image-21926\" src=\"https:\/\/grad-export.hr\/web\/wp-content\/uploads\/03_new-forest0003.png\" alt=\"Model New Forest\" width=\"261\" height=\"621\" srcset=\"https:\/\/grad-export.hr\/web\/wp-content\/uploads\/03_new-forest0003.png 261w, https:\/\/grad-export.hr\/web\/wp-content\/uploads\/03_new-forest0003-169x403.png 169w\" sizes=\"(max-width: 261px) 100vw, 261px\" \/><\/div>\n<\/div>\n<div class=\"descr-elite\">\n<span><\/p>\n<h5>Modell: New Forest<\/h5>\n<p>Pr\u00e4gedecklage: Attersee<br \/>\nGriff: KCKB 160<br \/>\nRosette: RMMB<br \/>\n<\/span>\n<\/div>\n<\/div>\n<hr>\n<div class=\"item\">\n<div class=\"slika-elite\">\n<div class=\"slika-noborder\"><img loading=\"lazy\" decoding=\"async\" class=\"alignnone wp-image-21936 size-full\" src=\"https:\/\/grad-export.hr\/web\/wp-content\/uploads\/03_new-forest00005.jpg\" alt=\"Model New Forest\" width=\"261\" height=\"522\" srcset=\"https:\/\/grad-export.hr\/web\/wp-content\/uploads\/03_new-forest00005.jpg 261w, https:\/\/grad-export.hr\/web\/wp-content\/uploads\/03_new-forest00005-202x403.jpg 202w\" sizes=\"(max-width: 261px) 100vw, 261px\" \/><\/div>\n<\/div>\n<div class=\"descr-elite\">\n<span><\/p>\n<h5>Modell: New Forest<\/h5>\n<p>Pr\u00e4gedecklage: Wolfgangsee<br \/>\nGriff: KCKB 160<br \/>\nRosette: RMMB<br \/>\n<\/span>\n<\/div>\n<\/div>\n<hr>\n<div class=\"item\">\n<div class=\"slika-elite\">\n<div class=\"slika-noborder\"><img loading=\"lazy\" decoding=\"async\" class=\"alignnone size-full wp-image-21916\" src=\"https:\/\/grad-export.hr\/web\/wp-content\/uploads\/03_new-forest00001.jpg\" alt=\"Model New Forest\" width=\"261\" height=\"522\" srcset=\"https:\/\/grad-export.hr\/web\/wp-content\/uploads\/03_new-forest00001.jpg 261w, https:\/\/grad-export.hr\/web\/wp-content\/uploads\/03_new-forest00001-202x403.jpg 202w\" sizes=\"(max-width: 261px) 100vw, 261px\" \/><\/div>\n<\/div>\n<div class=\"descr-elite\">\n<span><\/p>\n<h5>Modell: New Forest<\/h5>\n<p>Pr\u00e4gedecklage: Traunsee<br \/>\nGriff: GP9005 190<br \/>\nRosette: RMMB<br \/>\n<\/span>\n<\/div>\n<\/div>\n<hr>\n<div class=\"item\">\n<div class=\"slika-elite\">\n<div class=\"slika-noborder\"><img loading=\"lazy\" decoding=\"async\" class=\"alignnone wp-image-21921 size-full\" src=\"https:\/\/grad-export.hr\/web\/wp-content\/uploads\/03_new-forest00002.jpg\" alt=\"Model New Forest\" width=\"261\" height=\"522\" srcset=\"https:\/\/grad-export.hr\/web\/wp-content\/uploads\/03_new-forest00002.jpg 261w, https:\/\/grad-export.hr\/web\/wp-content\/uploads\/03_new-forest00002-202x403.jpg 202w\" sizes=\"(max-width: 261px) 100vw, 261px\" \/><\/div>\n<\/div>\n<div class=\"descr-elite\">\n<span><\/p>\n<h5>Modell: New Forest<\/h5>\n<p>Pr\u00e4gedecklage: Altausee<br \/>\nGriff: KCKB 160<br \/>\nRosette: RMMB<br \/>\n<\/span>\n<\/div>\n<\/div>\n","protected":false},"excerpt":{"rendered":"<p>Modell: New Forest Pr\u00e4gedecklage: Attersee Griff: KCKB 160 Rosette: RMMB Modell: New Forest Pr\u00e4gedecklage: Wolfgangsee Griff: KCKB 160 Rosette: RMMB Modell: New Forest Pr\u00e4gedecklage: Traunsee Griff: GP9005 190 Rosette: RMMB Modell: New Forest Pr\u00e4gedecklage: Altausee Griff: KCKB 160 Rosette: RMMB<\/p>\n","protected":false},"author":1,"featured_media":0,"parent":0,"menu_order":0,"comment_status":"closed","ping_status":"closed","template":"","meta":{"ngg_post_thumbnail":0,"__cvm_playback_settings":[],"__cvm_video_id":"","footnotes":""},"class_list":["post-22167","page","type-page","status-publish","czr-hentry"],"_links":{"self":[{"href":"https:\/\/grad-export.hr\/de\/wp-json\/wp\/v2\/pages\/22167"}],"collection":[{"href":"https:\/\/grad-export.hr\/de\/wp-json\/wp\/v2\/pages"}],"about":[{"href":"https:\/\/grad-export.hr\/de\/wp-json\/wp\/v2\/types\/page"}],"author":[{"embeddable":true,"href":"https:\/\/grad-export.hr\/de\/wp-json\/wp\/v2\/users\/1"}],"replies":[{"embeddable":true,"href":"https:\/\/grad-export.hr\/de\/wp-json\/wp\/v2\/comments?post=22167"}],"version-history":[{"count":4,"href":"https:\/\/grad-export.hr\/de\/wp-json\/wp\/v2\/pages\/22167\/revisions"}],"predecessor-version":[{"id":30229,"href":"https:\/\/grad-export.hr\/de\/wp-json\/wp\/v2\/pages\/22167\/revisions\/30229"}],"wp:attachment":[{"href":"https:\/\/grad-export.hr\/de\/wp-json\/wp\/v2\/media?parent=22167"}],"curies":[{"name":"wp","href":"https:\/\/api.w.org\/{rel}","templated":true}]}}