{"id":22302,"date":"2023-01-15T13:59:53","date_gmt":"2023-01-15T13:59:53","guid":{"rendered":"https:\/\/grad-export.hr\/?page_id=22302"},"modified":"2023-01-23T08:51:37","modified_gmt":"2023-01-23T08:51:37","slug":"serie-rustic-forest-alu-holz-dekorfuellungen","status":"publish","type":"page","link":"https:\/\/grad-export.hr\/de\/serie-rustic-forest-alu-holz-dekorfuellungen","title":{"rendered":"Serie &#8220;Rustic Forest&#8221; &#8211; Alu\/holz Haust\u00fcrf\u00fcllungen"},"content":{"rendered":"<p>Das Haust\u00fcrf\u00fcllungsprogramm Rustic Forest ist ohne Verst\u00e4rkung (OS).<\/p>\n<p>Wahlweise in den St\u00e4rken 24 mm, 36 mm und 40 mm verf\u00fcgbar.<br \/>\nF\u00fcllungsverglasung im Rustic Forest-Programm: Bei einer F\u00fcllungsdicke von 24 bis 40 mm kann das ISO-Glas nur zweifach verglast werden, bei einer F\u00fcllungsdicken ab 44 mm, drei- oder vierlagig, je nach F\u00fcllungsdicke.<\/p>\n<p>Holzau\u00dfenverkleidungen sind in vier verschiedenen Dekoren erh\u00e4ltlich: TRAUNSEE, WOLFGANGSEE, ATTERSEE und ALTAUSEE in einer St\u00e4rke von 6 mm und einem zus\u00e4tzlichen Sonder Dekor SCHIEFER in einer St\u00e4rke von 3 mm.<\/p>\n<p>F\u00fcllungs-Innenfarben im Rustic Forest-Programm sind in zwei Gruppen unterteilt:<\/p>\n<ul>\n<li>Standard &#8211; 13 Farben werden angeboten.<\/li>\n<li>Sonder &#8211; Aluminium-Holzdekor und alle Aluminiumfarben aus der RAL-Karte<\/li>\n<\/ul>\n<p>Wir empfehlen Ihnen, den Anhang zu <a href=\"https:\/\/grad-export.hr\/web\/wp-content\/uploads\/DE-EN-karakteristike-rustic-luxury.pdf\" target=\"_blank\" rel=\"noopener\">technischen Eigenschaften, Details und Zubeh\u00f6r sorgf\u00e4ltig durchzulesen<\/a>.<\/p>\n<p><strong>RUSTIC FOREST<br \/>\n<\/strong><\/p>\n<div id=\"paneli-elite\">\n<figure id=\"attachment_22288\" aria-describedby=\"caption-attachment-22288\" style=\"width: 78px\" class=\"wp-caption alignleft\"><a href=\"https:\/\/grad-export.hr\/de\/rustic-forest-modell-beech-forest\"><img loading=\"lazy\" decoding=\"async\" class=\"wp-image-22288 size-full\" src=\"https:\/\/grad-export.hr\/web\/wp-content\/uploads\/beech-thumb.png\" alt=\"\" width=\"78\" height=\"156\"><\/a><figcaption id=\"caption-attachment-22288\" class=\"wp-caption-text\">Beech Forest<\/figcaption><\/figure>\n<figure id=\"attachment_22283\" aria-describedby=\"caption-attachment-22283\" style=\"width: 78px\" class=\"wp-caption alignleft\"><a href=\"https:\/\/grad-export.hr\/de\/rustic-forest-modell-black-forest\"><img loading=\"lazy\" decoding=\"async\" class=\"wp-image-22283 size-full\" src=\"https:\/\/grad-export.hr\/web\/wp-content\/uploads\/black-thumb.png\" alt=\"\" width=\"78\" height=\"156\"><\/a><figcaption id=\"caption-attachment-22283\" class=\"wp-caption-text\">Black Forest<\/figcaption><\/figure>\n<figure id=\"attachment_22278\" aria-describedby=\"caption-attachment-22278\" style=\"width: 78px\" class=\"wp-caption alignleft\"><a href=\"https:\/\/grad-export.hr\/de\/rustic-forest-modell-goblin-schiefer\"><img loading=\"lazy\" decoding=\"async\" class=\"wp-image-22278 size-full\" src=\"https:\/\/grad-export.hr\/web\/wp-content\/uploads\/goblin-thumb.png\" alt=\"\" width=\"78\" height=\"156\"><\/a><figcaption id=\"caption-attachment-22278\" class=\"wp-caption-text\">Goblin Schiefer<\/figcaption><\/figure>\n<figure id=\"attachment_22273\" aria-describedby=\"caption-attachment-22273\" style=\"width: 78px\" class=\"wp-caption alignleft\"><a href=\"https:\/\/grad-export.hr\/de\/rustic-forest-modell-irati-forest\"><img loading=\"lazy\" decoding=\"async\" class=\"wp-image-22273 size-full\" src=\"https:\/\/grad-export.hr\/web\/wp-content\/uploads\/irati-thumb.png\" alt=\"\" width=\"78\" height=\"156\"><\/a><figcaption id=\"caption-attachment-22273\" class=\"wp-caption-text\">Irati Forest<\/figcaption><\/figure>\n<figure id=\"attachment_22268\" aria-describedby=\"caption-attachment-22268\" style=\"width: 78px\" class=\"wp-caption alignleft\"><a href=\"https:\/\/grad-export.hr\/de\/rustic-forest-modell-new-forest\"><img loading=\"lazy\" decoding=\"async\" class=\"wp-image-22268 size-full\" src=\"https:\/\/grad-export.hr\/web\/wp-content\/uploads\/new-thumb.png\" alt=\"\" width=\"78\" height=\"156\"><\/a><figcaption id=\"caption-attachment-22268\" class=\"wp-caption-text\">New Forest<\/figcaption><\/figure>\n<figure id=\"attachment_22263\" aria-describedby=\"caption-attachment-22263\" style=\"width: 78px\" class=\"wp-caption alignleft\"><a href=\"https:\/\/grad-export.hr\/de\/rustic-forest-modell-rata-forest\"><img loading=\"lazy\" decoding=\"async\" class=\"wp-image-22263 size-full\" src=\"https:\/\/grad-export.hr\/web\/wp-content\/uploads\/rata-thumb.png\" alt=\"\" width=\"78\" height=\"156\"><\/a><figcaption id=\"caption-attachment-22263\" class=\"wp-caption-text\">Rata Forest<\/figcaption><\/figure>\n<figure id=\"attachment_22258\" aria-describedby=\"caption-attachment-22258\" style=\"width: 78px\" class=\"wp-caption alignleft\"><a href=\"https:\/\/grad-export.hr\/de\/rustic-forest-modell-thorny-forest\"><img loading=\"lazy\" decoding=\"async\" class=\"wp-image-22258 size-full\" src=\"https:\/\/grad-export.hr\/web\/wp-content\/uploads\/thorny-thumb.png\" alt=\"\" width=\"78\" height=\"156\"><\/a><figcaption id=\"caption-attachment-22258\" class=\"wp-caption-text\">Thorny Forest<\/figcaption><\/figure>\n<figure id=\"attachment_22253\" aria-describedby=\"caption-attachment-22253\" style=\"width: 78px\" class=\"wp-caption alignleft\"><a href=\"https:\/\/grad-export.hr\/de\/rustic-forest-modell-umbra-schiefer\"><img loading=\"lazy\" decoding=\"async\" class=\"wp-image-22253 size-full\" src=\"https:\/\/grad-export.hr\/web\/wp-content\/uploads\/umbra-thumb.png\" alt=\"\" width=\"78\" height=\"156\"><\/a><figcaption id=\"caption-attachment-22253\" class=\"wp-caption-text\">Umbra Schiefer<\/figcaption><\/figure>\n<\/div>\n","protected":false},"excerpt":{"rendered":"<p>Das Haust\u00fcrf\u00fcllungsprogramm Rustic Forest ist ohne Verst\u00e4rkung (OS). Wahlweise in den St\u00e4rken 24 mm, 36 mm und 40 mm verf\u00fcgbar. F\u00fcllungsverglasung im Rustic Forest-Programm: Bei einer F\u00fcllungsdicke von 24 bis 40 mm kann das ISO-Glas nur zweifach verglast werden, bei einer F\u00fcllungsdicken ab 44 mm, drei- oder vierlagig, je nach F\u00fcllungsdicke. Holzau\u00dfenverkleidungen sind in vier [&hellip;]<\/p>\n","protected":false},"author":1,"featured_media":0,"parent":0,"menu_order":0,"comment_status":"closed","ping_status":"closed","template":"","meta":{"ngg_post_thumbnail":0,"__cvm_playback_settings":[],"__cvm_video_id":"","footnotes":""},"class_list":["post-22302","page","type-page","status-publish","czr-hentry"],"_links":{"self":[{"href":"https:\/\/grad-export.hr\/de\/wp-json\/wp\/v2\/pages\/22302"}],"collection":[{"href":"https:\/\/grad-export.hr\/de\/wp-json\/wp\/v2\/pages"}],"about":[{"href":"https:\/\/grad-export.hr\/de\/wp-json\/wp\/v2\/types\/page"}],"author":[{"embeddable":true,"href":"https:\/\/grad-export.hr\/de\/wp-json\/wp\/v2\/users\/1"}],"replies":[{"embeddable":true,"href":"https:\/\/grad-export.hr\/de\/wp-json\/wp\/v2\/comments?post=22302"}],"version-history":[{"count":8,"href":"https:\/\/grad-export.hr\/de\/wp-json\/wp\/v2\/pages\/22302\/revisions"}],"predecessor-version":[{"id":22532,"href":"https:\/\/grad-export.hr\/de\/wp-json\/wp\/v2\/pages\/22302\/revisions\/22532"}],"wp:attachment":[{"href":"https:\/\/grad-export.hr\/de\/wp-json\/wp\/v2\/media?parent=22302"}],"curies":[{"name":"wp","href":"https:\/\/api.w.org\/{rel}","templated":true}]}}