{"id":22410,"date":"2023-01-21T14:47:01","date_gmt":"2023-01-21T14:47:01","guid":{"rendered":"https:\/\/grad-export.hr\/?page_id=22410"},"modified":"2023-01-23T08:57:57","modified_gmt":"2023-01-23T08:57:57","slug":"serie-luxury-alu-glas-dekorfuellungen","status":"publish","type":"page","link":"https:\/\/grad-export.hr\/de\/serie-luxury-alu-glas-dekorfuellungen","title":{"rendered":"Serie &#8220;Luxury&#8221; &#8211; Alu\/Glas Haust\u00fcrf\u00fcllungen"},"content":{"rendered":"<p>Das Haust\u00fcrf\u00fcllungsprogramm Luxury ist ohne Verst\u00e4rkung (OS). Die F\u00fcllungsst\u00e4rke kann von 48 mm bis 120 mm betragen.<\/p>\n<p>Die Verglasung von F\u00fcllungen im Luxury-Programm mit einer Dicke von 48 mm und mehr erfolgt je nach Dicke der F\u00fcllung drei &#8211; oder vierlagig.<\/p>\n<p>Die Haust\u00fcrf\u00fcllungen k\u00f6nnen ausschlie\u00dflich einseitig oder beidseitig verdeckter Fl\u00fcgel sein.<\/p>\n<p>Die Au\u00dfenverkleidung besteht aus 6 mm starkem ESG-Glas in RAL 9005.<\/p>\n<p>F\u00fcllungs-Innenfarben im Luxury-Programm sind in zwei Gruppen unterteilt:<\/p>\n<ul>\n<li>Standard &#8211; 13 Farben werden angeboten.<\/li>\n<li>Sonder &#8211; Aluminium-Holzdekor und alle Aluminiumfarben aus der RAL-Karte<\/li>\n<\/ul>\n<p>Wir empfehlen Ihnen, den Anhang zu <a href=\"https:\/\/grad-export.hr\/web\/wp-content\/uploads\/DE-EN-karakteristike-rustic-luxury.pdf\" target=\"_blank\" rel=\"noopener\">technischen Eigenschaften, Details und Zubeh\u00f6r sorgf\u00e4ltig durchzulesen<\/a>.<\/p>\n<p><strong>LUXURY<\/strong><\/p>\n<figure id=\"attachment_22381\" aria-describedby=\"caption-attachment-22381\" style=\"width: 78px\" class=\"wp-caption alignleft\"><a href=\"https:\/\/grad-export.hr\/de\/luxury-modell-chicago\"><img loading=\"lazy\" decoding=\"async\" class=\"wp-image-22381 size-full\" src=\"https:\/\/grad-export.hr\/web\/wp-content\/uploads\/chcago-thmb.png\" alt=\"\" width=\"78\" height=\"156\" \/><\/a><figcaption id=\"caption-attachment-22381\" class=\"wp-caption-text\">Chicago<\/figcaption><\/figure>\n<figure id=\"attachment_22386\" aria-describedby=\"caption-attachment-22386\" style=\"width: 78px\" class=\"wp-caption alignleft\"><a href=\"https:\/\/grad-export.hr\/de\/luxury-modell-dallas\"><img loading=\"lazy\" decoding=\"async\" class=\"wp-image-22386 size-full\" src=\"https:\/\/grad-export.hr\/web\/wp-content\/uploads\/dlls-thmb.png\" alt=\"\" width=\"78\" height=\"156\" \/><\/a><figcaption id=\"caption-attachment-22386\" class=\"wp-caption-text\">Dallas<\/figcaption><\/figure>\n<figure id=\"attachment_22391\" aria-describedby=\"caption-attachment-22391\" style=\"width: 78px\" class=\"wp-caption alignleft\"><a href=\"https:\/\/grad-export.hr\/de\/luxury-modell-miami\"><img loading=\"lazy\" decoding=\"async\" class=\"wp-image-22391 size-full\" src=\"https:\/\/grad-export.hr\/web\/wp-content\/uploads\/miami-thmb.png\" alt=\"\" width=\"78\" height=\"156\" \/><\/a><figcaption id=\"caption-attachment-22391\" class=\"wp-caption-text\">Miami<\/figcaption><\/figure>\n<figure id=\"attachment_22396\" aria-describedby=\"caption-attachment-22396\" style=\"width: 78px\" class=\"wp-caption alignleft\"><a href=\"https:\/\/grad-export.hr\/de\/luxury-modell-new-york\"><img loading=\"lazy\" decoding=\"async\" class=\"wp-image-22396 size-full\" src=\"https:\/\/grad-export.hr\/web\/wp-content\/uploads\/nyork-thumb.png\" alt=\"\" width=\"78\" height=\"156\" \/><\/a><figcaption id=\"caption-attachment-22396\" class=\"wp-caption-text\">New York<\/figcaption><\/figure>\n<figure id=\"attachment_22401\" aria-describedby=\"caption-attachment-22401\" style=\"width: 78px\" class=\"wp-caption alignleft\"><a href=\"https:\/\/grad-export.hr\/de\/luxury-modell-washington\"><img loading=\"lazy\" decoding=\"async\" class=\"wp-image-22401 size-full\" src=\"https:\/\/grad-export.hr\/web\/wp-content\/uploads\/wash-thmb.png\" alt=\"\" width=\"78\" height=\"156\" \/><\/a><figcaption id=\"caption-attachment-22401\" class=\"wp-caption-text\">Washington<\/figcaption><\/figure>\n","protected":false},"excerpt":{"rendered":"<p>Das Haust\u00fcrf\u00fcllungsprogramm Luxury ist ohne Verst\u00e4rkung (OS). Die F\u00fcllungsst\u00e4rke kann von 48 mm bis 120 mm betragen. Die Verglasung von F\u00fcllungen im Luxury-Programm mit einer Dicke von 48 mm und mehr erfolgt je nach Dicke der F\u00fcllung drei &#8211; oder vierlagig. Die Haust\u00fcrf\u00fcllungen k\u00f6nnen ausschlie\u00dflich einseitig oder beidseitig verdeckter Fl\u00fcgel sein. Die Au\u00dfenverkleidung besteht aus [&hellip;]<\/p>\n","protected":false},"author":1,"featured_media":0,"parent":0,"menu_order":0,"comment_status":"closed","ping_status":"closed","template":"","meta":{"ngg_post_thumbnail":0,"__cvm_playback_settings":[],"__cvm_video_id":"","footnotes":""},"class_list":["post-22410","page","type-page","status-publish","czr-hentry"],"_links":{"self":[{"href":"https:\/\/grad-export.hr\/de\/wp-json\/wp\/v2\/pages\/22410"}],"collection":[{"href":"https:\/\/grad-export.hr\/de\/wp-json\/wp\/v2\/pages"}],"about":[{"href":"https:\/\/grad-export.hr\/de\/wp-json\/wp\/v2\/types\/page"}],"author":[{"embeddable":true,"href":"https:\/\/grad-export.hr\/de\/wp-json\/wp\/v2\/users\/1"}],"replies":[{"embeddable":true,"href":"https:\/\/grad-export.hr\/de\/wp-json\/wp\/v2\/comments?post=22410"}],"version-history":[{"count":6,"href":"https:\/\/grad-export.hr\/de\/wp-json\/wp\/v2\/pages\/22410\/revisions"}],"predecessor-version":[{"id":22538,"href":"https:\/\/grad-export.hr\/de\/wp-json\/wp\/v2\/pages\/22410\/revisions\/22538"}],"wp:attachment":[{"href":"https:\/\/grad-export.hr\/de\/wp-json\/wp\/v2\/media?parent=22410"}],"curies":[{"name":"wp","href":"https:\/\/api.w.org\/{rel}","templated":true}]}}