{"id":22646,"date":"2023-07-21T06:27:56","date_gmt":"2023-07-21T06:27:56","guid":{"rendered":"https:\/\/grad-export.hr\/alu-rechteckprofile-40-x-20-mm"},"modified":"2023-12-18T08:34:04","modified_gmt":"2023-12-18T08:34:04","slug":"alu-rechteckprofile-40-x-10-mm","status":"publish","type":"page","link":"https:\/\/grad-export.hr\/de\/alu-rechteckprofile-40-x-10-mm","title":{"rendered":"ALU-Rechteckprofile 40 x 10 mm"},"content":{"rendered":"<p><strong>ALU-Rechteckprofile werden bei 7 Dekor-Haust\u00fcrf\u00fcllungen der REFINED-Serie verwendet.<\/strong> ALU-Rechteckprofile sind 40 x 10 mm gro\u00df und werden senkrecht auf einer ALU-Platte verlegt. Rechteckige Profile verleihen den Modellen einen Hauch von Extravaganz und modernem Design. Modelle mit rechteckigen ALU-Profilen sind Levent, Canary, Neva, Mercury, Triumph, Hekla und Spine.<\/p>\n<p><img loading=\"lazy\" decoding=\"async\" class=\"alignleft size-full wp-image-22638\" src=\"https:\/\/grad-export.hr\/web\/wp-content\/uploads\/alu-pravokutni-profili-40-x-20\/Slika-2-rotated.jpg\" alt=\"\" width=\"1050\" height=\"1400\" srcset=\"https:\/\/grad-export.hr\/web\/wp-content\/uploads\/alu-pravokutni-profili-40-x-20\/Slika-2-rotated.jpg 1050w, https:\/\/grad-export.hr\/web\/wp-content\/uploads\/alu-pravokutni-profili-40-x-20\/Slika-2-rotated-302x403.jpg 302w, https:\/\/grad-export.hr\/web\/wp-content\/uploads\/alu-pravokutni-profili-40-x-20\/Slika-2-rotated-768x1024.jpg 768w, https:\/\/grad-export.hr\/web\/wp-content\/uploads\/alu-pravokutni-profili-40-x-20\/Slika-2-rotated-570x760.jpg 570w\" sizes=\"(max-width: 1050px) 100vw, 1050px\" \/><\/p>\n","protected":false},"excerpt":{"rendered":"<p>ALU-Rechteckprofile werden bei 7 Dekor-Haust\u00fcrf\u00fcllungen der REFINED-Serie verwendet. ALU-Rechteckprofile sind 40 x 10 mm gro\u00df und werden senkrecht auf einer ALU-Platte verlegt. Rechteckige Profile verleihen den Modellen einen Hauch von Extravaganz und modernem Design. Modelle mit rechteckigen ALU-Profilen sind Levent, Canary, Neva, Mercury, Triumph, Hekla und Spine.<\/p>\n","protected":false},"author":1,"featured_media":0,"parent":0,"menu_order":0,"comment_status":"closed","ping_status":"closed","template":"","meta":{"ngg_post_thumbnail":0,"__cvm_playback_settings":[],"__cvm_video_id":"","footnotes":""},"class_list":["post-22646","page","type-page","status-publish","czr-hentry"],"_links":{"self":[{"href":"https:\/\/grad-export.hr\/de\/wp-json\/wp\/v2\/pages\/22646"}],"collection":[{"href":"https:\/\/grad-export.hr\/de\/wp-json\/wp\/v2\/pages"}],"about":[{"href":"https:\/\/grad-export.hr\/de\/wp-json\/wp\/v2\/types\/page"}],"author":[{"embeddable":true,"href":"https:\/\/grad-export.hr\/de\/wp-json\/wp\/v2\/users\/1"}],"replies":[{"embeddable":true,"href":"https:\/\/grad-export.hr\/de\/wp-json\/wp\/v2\/comments?post=22646"}],"version-history":[{"count":2,"href":"https:\/\/grad-export.hr\/de\/wp-json\/wp\/v2\/pages\/22646\/revisions"}],"predecessor-version":[{"id":26350,"href":"https:\/\/grad-export.hr\/de\/wp-json\/wp\/v2\/pages\/22646\/revisions\/26350"}],"wp:attachment":[{"href":"https:\/\/grad-export.hr\/de\/wp-json\/wp\/v2\/media?parent=22646"}],"curies":[{"name":"wp","href":"https:\/\/api.w.org\/{rel}","templated":true}]}}