{"id":22656,"date":"2023-07-21T06:39:03","date_gmt":"2023-07-21T06:39:03","guid":{"rendered":"https:\/\/grad-export.hr\/alu-belaege"},"modified":"2023-07-21T06:39:03","modified_gmt":"2023-07-21T06:39:03","slug":"alu-belaege","status":"publish","type":"page","link":"https:\/\/grad-export.hr\/de\/alu-belaege","title":{"rendered":"ALU-Bel\u00e4ge"},"content":{"rendered":"<p><strong>ALU-Bel\u00e4ge werden bei 8 Dekor-Haust\u00fcrf\u00fcllungen der ELEVATED-Serie verwendet.<\/strong> ALU-Bel\u00e4ge sind handgefertigte und gebogene Aluminiumst\u00fccke, die im Vergleich zur ALU-Grundplatte 21 mm h\u00f6her sind. Modelle mit ALU-Bel\u00e4gen sind Odega, Inari, Garda, Orivesi, Langoa, Bolemn, Bolsenk und Salmaa.<\/p>\n<p><img loading=\"lazy\" decoding=\"async\" class=\"alignleft size-full wp-image-22650\" src=\"https:\/\/grad-export.hr\/web\/wp-content\/uploads\/alu-obloga\/aluobloga.jpg\" alt=\"Alu obloga\" width=\"1050\" height=\"1400\" srcset=\"https:\/\/grad-export.hr\/web\/wp-content\/uploads\/alu-obloga\/aluobloga.jpg 1050w, https:\/\/grad-export.hr\/web\/wp-content\/uploads\/alu-obloga\/aluobloga-302x403.jpg 302w, https:\/\/grad-export.hr\/web\/wp-content\/uploads\/alu-obloga\/aluobloga-768x1024.jpg 768w, https:\/\/grad-export.hr\/web\/wp-content\/uploads\/alu-obloga\/aluobloga-570x760.jpg 570w\" sizes=\"(max-width: 1050px) 100vw, 1050px\" \/><\/p>\n","protected":false},"excerpt":{"rendered":"<p>ALU-Bel\u00e4ge werden bei 8 Dekor-Haust\u00fcrf\u00fcllungen der ELEVATED-Serie verwendet. ALU-Bel\u00e4ge sind handgefertigte und gebogene Aluminiumst\u00fccke, die im Vergleich zur ALU-Grundplatte 21 mm h\u00f6her sind. Modelle mit ALU-Bel\u00e4gen sind Odega, Inari, Garda, Orivesi, Langoa, Bolemn, Bolsenk und Salmaa.<\/p>\n","protected":false},"author":1,"featured_media":0,"parent":0,"menu_order":0,"comment_status":"closed","ping_status":"closed","template":"","meta":{"ngg_post_thumbnail":0,"__cvm_playback_settings":[],"__cvm_video_id":"","footnotes":""},"class_list":["post-22656","page","type-page","status-publish","czr-hentry"],"_links":{"self":[{"href":"https:\/\/grad-export.hr\/de\/wp-json\/wp\/v2\/pages\/22656"}],"collection":[{"href":"https:\/\/grad-export.hr\/de\/wp-json\/wp\/v2\/pages"}],"about":[{"href":"https:\/\/grad-export.hr\/de\/wp-json\/wp\/v2\/types\/page"}],"author":[{"embeddable":true,"href":"https:\/\/grad-export.hr\/de\/wp-json\/wp\/v2\/users\/1"}],"replies":[{"embeddable":true,"href":"https:\/\/grad-export.hr\/de\/wp-json\/wp\/v2\/comments?post=22656"}],"version-history":[{"count":0,"href":"https:\/\/grad-export.hr\/de\/wp-json\/wp\/v2\/pages\/22656\/revisions"}],"wp:attachment":[{"href":"https:\/\/grad-export.hr\/de\/wp-json\/wp\/v2\/media?parent=22656"}],"curies":[{"name":"wp","href":"https:\/\/api.w.org\/{rel}","templated":true}]}}