{"id":22667,"date":"2023-07-21T06:57:33","date_gmt":"2023-07-21T06:57:33","guid":{"rendered":"https:\/\/grad-export.hr\/alu-rechteckprofile-20x10"},"modified":"2023-07-21T06:59:17","modified_gmt":"2023-07-21T06:59:17","slug":"alu-rechteckprofile-20x10","status":"publish","type":"page","link":"https:\/\/grad-export.hr\/de\/alu-rechteckprofile-20x10","title":{"rendered":"ALU-Rechteckprofile 20&#215;10 mm"},"content":{"rendered":"<p><strong>ALU-Rechteckprofile werden bei 7  Dekor-Haust\u00fcrf\u00fcllungen der URBAN -Serie verwendet.<\/strong> ALU-Rechteckprofile sind 20 x 10 mm gro\u00df und werden senkrecht auf einer ALU-Platte verlegt.. Modelle mit rechteckigen ALU-Profilen sind Etna, Askja, Pico, Keilir, Kerkis, Katla und Teide.<\/p>\n<p><img loading=\"lazy\" decoding=\"async\" class=\"alignleft size-full wp-image-22661\" src=\"https:\/\/grad-export.hr\/web\/wp-content\/uploads\/alu-pravokutni-profili-20x10\/20x10-rotated.jpg\" alt=\"ALU pravokutni profili 20 x10\" width=\"1050\" height=\"1400\" srcset=\"https:\/\/grad-export.hr\/web\/wp-content\/uploads\/alu-pravokutni-profili-20x10\/20x10-rotated.jpg 1050w, https:\/\/grad-export.hr\/web\/wp-content\/uploads\/alu-pravokutni-profili-20x10\/20x10-rotated-302x403.jpg 302w, https:\/\/grad-export.hr\/web\/wp-content\/uploads\/alu-pravokutni-profili-20x10\/20x10-rotated-768x1024.jpg 768w\" sizes=\"(max-width: 1050px) 100vw, 1050px\" \/><\/p>\n","protected":false},"excerpt":{"rendered":"<p>ALU-Rechteckprofile werden bei 7 Dekor-Haust\u00fcrf\u00fcllungen der URBAN -Serie verwendet. ALU-Rechteckprofile sind 20 x 10 mm gro\u00df und werden senkrecht auf einer ALU-Platte verlegt.. Modelle mit rechteckigen ALU-Profilen sind Etna, Askja, Pico, Keilir, Kerkis, Katla und Teide.<\/p>\n","protected":false},"author":1,"featured_media":0,"parent":0,"menu_order":0,"comment_status":"closed","ping_status":"closed","template":"","meta":{"ngg_post_thumbnail":0,"__cvm_playback_settings":[],"__cvm_video_id":"","footnotes":""},"class_list":["post-22667","page","type-page","status-publish","czr-hentry"],"_links":{"self":[{"href":"https:\/\/grad-export.hr\/de\/wp-json\/wp\/v2\/pages\/22667"}],"collection":[{"href":"https:\/\/grad-export.hr\/de\/wp-json\/wp\/v2\/pages"}],"about":[{"href":"https:\/\/grad-export.hr\/de\/wp-json\/wp\/v2\/types\/page"}],"author":[{"embeddable":true,"href":"https:\/\/grad-export.hr\/de\/wp-json\/wp\/v2\/users\/1"}],"replies":[{"embeddable":true,"href":"https:\/\/grad-export.hr\/de\/wp-json\/wp\/v2\/comments?post=22667"}],"version-history":[{"count":1,"href":"https:\/\/grad-export.hr\/de\/wp-json\/wp\/v2\/pages\/22667\/revisions"}],"predecessor-version":[{"id":22670,"href":"https:\/\/grad-export.hr\/de\/wp-json\/wp\/v2\/pages\/22667\/revisions\/22670"}],"wp:attachment":[{"href":"https:\/\/grad-export.hr\/de\/wp-json\/wp\/v2\/media?parent=22667"}],"curies":[{"name":"wp","href":"https:\/\/api.w.org\/{rel}","templated":true}]}}