{"id":23114,"date":"2023-08-28T19:09:38","date_gmt":"2023-08-28T19:09:38","guid":{"rendered":"https:\/\/grad-export.hr\/schalldaemmung"},"modified":"2023-08-28T19:09:38","modified_gmt":"2023-08-28T19:09:38","slug":"schalldaemmung","status":"publish","type":"page","link":"https:\/\/grad-export.hr\/de\/schalldaemmung","title":{"rendered":"Schalld\u00e4mmung"},"content":{"rendered":"<p><strong>KNAUF DRS  SOUND SUPREME BOARD &#8211; Schalld\u00e4mmung KNAUF DRS SOUND SUPREME BOARD ist die perfekte L\u00f6sung f\u00fcr Hauseingangst\u00fcren in l\u00e4rmbelasteten Umgebungen. <\/strong><br \/>\nVon den standardm\u00e4\u00dfigen 34 dB Schalld\u00e4mmung k\u00f6nnen wir mit KNAUF Schalld\u00e4mmung 43 dB erreichen.<\/p>\n<p><img loading=\"lazy\" decoding=\"async\" class=\"alignleft size-full wp-image-23106\" src=\"https:\/\/grad-export.hr\/web\/wp-content\/uploads\/zvucna-izolacija\/WEB-RGB_1024_Knauf_DRS-sound-board.jpg\" alt=\"Knauf DRS zvu\u010dna izolacija\" width=\"1024\" height=\"1168\" srcset=\"https:\/\/grad-export.hr\/web\/wp-content\/uploads\/zvucna-izolacija\/WEB-RGB_1024_Knauf_DRS-sound-board.jpg 1024w, https:\/\/grad-export.hr\/web\/wp-content\/uploads\/zvucna-izolacija\/WEB-RGB_1024_Knauf_DRS-sound-board-353x403.jpg 353w, https:\/\/grad-export.hr\/web\/wp-content\/uploads\/zvucna-izolacija\/WEB-RGB_1024_Knauf_DRS-sound-board-898x1024.jpg 898w, https:\/\/grad-export.hr\/web\/wp-content\/uploads\/zvucna-izolacija\/WEB-RGB_1024_Knauf_DRS-sound-board-768x876.jpg 768w, https:\/\/grad-export.hr\/web\/wp-content\/uploads\/zvucna-izolacija\/WEB-RGB_1024_Knauf_DRS-sound-board-570x650.jpg 570w\" sizes=\"(max-width: 1024px) 100vw, 1024px\" \/><\/p>\n","protected":false},"excerpt":{"rendered":"<p>KNAUF DRS SOUND SUPREME BOARD &#8211; Schalld\u00e4mmung KNAUF DRS SOUND SUPREME BOARD ist die perfekte L\u00f6sung f\u00fcr Hauseingangst\u00fcren in l\u00e4rmbelasteten Umgebungen. Von den standardm\u00e4\u00dfigen 34 dB Schalld\u00e4mmung k\u00f6nnen wir mit KNAUF Schalld\u00e4mmung 43 dB erreichen.<\/p>\n","protected":false},"author":1,"featured_media":0,"parent":0,"menu_order":0,"comment_status":"closed","ping_status":"closed","template":"","meta":{"ngg_post_thumbnail":0,"__cvm_playback_settings":[],"__cvm_video_id":"","footnotes":""},"class_list":["post-23114","page","type-page","status-publish","czr-hentry"],"_links":{"self":[{"href":"https:\/\/grad-export.hr\/de\/wp-json\/wp\/v2\/pages\/23114"}],"collection":[{"href":"https:\/\/grad-export.hr\/de\/wp-json\/wp\/v2\/pages"}],"about":[{"href":"https:\/\/grad-export.hr\/de\/wp-json\/wp\/v2\/types\/page"}],"author":[{"embeddable":true,"href":"https:\/\/grad-export.hr\/de\/wp-json\/wp\/v2\/users\/1"}],"replies":[{"embeddable":true,"href":"https:\/\/grad-export.hr\/de\/wp-json\/wp\/v2\/comments?post=23114"}],"version-history":[{"count":0,"href":"https:\/\/grad-export.hr\/de\/wp-json\/wp\/v2\/pages\/23114\/revisions"}],"wp:attachment":[{"href":"https:\/\/grad-export.hr\/de\/wp-json\/wp\/v2\/media?parent=23114"}],"curies":[{"name":"wp","href":"https:\/\/api.w.org\/{rel}","templated":true}]}}