{"id":23119,"date":"2023-08-28T19:21:58","date_gmt":"2023-08-28T19:21:58","guid":{"rendered":"https:\/\/grad-export.hr\/garantie"},"modified":"2026-04-21T15:07:36","modified_gmt":"2026-04-21T15:07:36","slug":"garantie","status":"publish","type":"page","link":"https:\/\/grad-export.hr\/de\/garantie","title":{"rendered":"Garantie"},"content":{"rendered":"<p>Grad-Export steht seit Jahren f\u00fcr eine einzigartige Kombination aus Qualit\u00e4t, Innovation und Design. Basierend auf langj\u00e4hriger Erfahrung, Wissen und modernsten Produktionsverfahren produzieren wir seit mehr als 30 Jahren Haust\u00fcrf\u00fcllungen, die h\u00f6chste Qualit\u00e4tskriterien erf\u00fcllen.<\/p>\n<p><a href=\"https:\/\/grad-export.hr\/web\/pdf\/2026_GARANTIELISTE_GRAD-EXPORT.pdf\" target=\"_blank\" rel=\"noopener\">GARANTIELISTE GRAD-EXPORT (pdf)<\/a><\/p>\n","protected":false},"excerpt":{"rendered":"<p>Grad-Export steht seit Jahren f\u00fcr eine einzigartige Kombination aus Qualit\u00e4t, Innovation und Design. Basierend auf langj\u00e4hriger Erfahrung, Wissen und modernsten Produktionsverfahren produzieren wir seit mehr als 30 Jahren Haust\u00fcrf\u00fcllungen, die h\u00f6chste Qualit\u00e4tskriterien erf\u00fcllen. GARANTIELISTE GRAD-EXPORT (pdf)<\/p>\n","protected":false},"author":1,"featured_media":0,"parent":0,"menu_order":0,"comment_status":"closed","ping_status":"closed","template":"","meta":{"ngg_post_thumbnail":0,"__cvm_playback_settings":[],"__cvm_video_id":"","footnotes":""},"class_list":["post-23119","page","type-page","status-publish","czr-hentry"],"_links":{"self":[{"href":"https:\/\/grad-export.hr\/de\/wp-json\/wp\/v2\/pages\/23119"}],"collection":[{"href":"https:\/\/grad-export.hr\/de\/wp-json\/wp\/v2\/pages"}],"about":[{"href":"https:\/\/grad-export.hr\/de\/wp-json\/wp\/v2\/types\/page"}],"author":[{"embeddable":true,"href":"https:\/\/grad-export.hr\/de\/wp-json\/wp\/v2\/users\/1"}],"replies":[{"embeddable":true,"href":"https:\/\/grad-export.hr\/de\/wp-json\/wp\/v2\/comments?post=23119"}],"version-history":[{"count":1,"href":"https:\/\/grad-export.hr\/de\/wp-json\/wp\/v2\/pages\/23119\/revisions"}],"predecessor-version":[{"id":31733,"href":"https:\/\/grad-export.hr\/de\/wp-json\/wp\/v2\/pages\/23119\/revisions\/31733"}],"wp:attachment":[{"href":"https:\/\/grad-export.hr\/de\/wp-json\/wp\/v2\/media?parent=23119"}],"curies":[{"name":"wp","href":"https:\/\/api.w.org\/{rel}","templated":true}]}}