{"id":23922,"date":"2023-09-18T17:18:48","date_gmt":"2023-09-18T17:18:48","guid":{"rendered":"https:\/\/grad-export.hr\/einbau-der-haustuerfuellung"},"modified":"2023-09-18T17:18:48","modified_gmt":"2023-09-18T17:18:48","slug":"einbau-der-haustuerfuellung","status":"publish","type":"page","link":"https:\/\/grad-export.hr\/de\/einbau-der-haustuerfuellung","title":{"rendered":"Einbau der Haust\u00fcrf\u00fcllung"},"content":{"rendered":"<div id=\"wpfp_7a30e10ead3410a84f9da47ccdfbf756\" data-item=\"{&quot;sources&quot;:[{&quot;src&quot;:&quot;https:\\\/\\\/grad-export.hr\\\/web\\\/wp-content\\\/uploads\\\/Grad-Export-Panel-Installation.m4v&quot;,&quot;type&quot;:&quot;video\\\/mp4&quot;}],&quot;id&quot;:&quot;9&quot;,&quot;splash&quot;:&quot;https:\\\/\\\/grad-export.hr\\\/web\\\/wp-content\\\/uploads\\\/installation-1.jpg&quot;}\" class=\"flowplayer no-brand is-splash is-paused skin-slim no-svg fp-slim fp-edgy\" data-fv-embed=\"https:\/\/grad-export.hr\/de\/einbau-der-haustuerfuellung\/fvp-9\" style=\"position:relative; max-width: 1920px; max-height: 1080px; \" data-ratio=\"0.5625\">\n\t<div class=\"fp-ratio\" style=\"padding-top: 56.25%\"><\/div>\n\t<img decoding=\"async\" class=\"fp-splash\" alt=\"video\" src=\"https:\/\/grad-export.hr\/web\/wp-content\/uploads\/installation-1.jpg\" style=\"position:absolute;top:0;width:100%\" \/>\n\t<div class=\"fp-ui\"><noscript>Please enable JavaScript<\/noscript><div class=\"fp-play fp-visible\"><svg class=\"fp-play-sharp-fill\" xmlns=\"http:\/\/www.w3.org\/2000\/svg\" viewBox=\"0 0 100 100\"><defs><style>.fp-color-play{opacity:0.65;}.controlbutton{fill:#fff;}<\/style><\/defs><title>play-sharp-fill<\/title><path class=\"fp-color-play\" d=\"M49.9217-.078a50,50,0,1,0,50,50A50.0564,50.0564,0,0,0,49.9217-.078Z\"\/><polygon class=\"controlbutton\" points=\"73.601 50 37.968 70.573 37.968 29.427 73.601 50\" filter=\"url(#f1)\"\/><\/svg><\/div><div class=\"fp-preload\"><b><\/b><b><\/b><b><\/b><b><\/b><\/div><\/div>\n<div class='fvp-share-bar'><ul class=\"fvp-sharing\">\r\n    <li><a class=\"sharing-facebook\" href=\"https:\/\/www.facebook.com\/sharer\/sharer.php?u=https%3A%2F%2Fgrad-export.hr%2Fde%2Feinbau-der-haustuerfuellung\" target=\"_blank\"><\/a><\/li>\r\n    <li><a class=\"sharing-twitter\" href=\"https:\/\/twitter.com\/intent\/tweet?text=Grad-Export+d.o.o.+&url=https%3A%2F%2Fgrad-export.hr%2Fde%2Feinbau-der-haustuerfuellung\" target=\"_blank\"><\/a><\/li>\r\n    <li><a class=\"sharing-email\" href=\"mailto:?body=Check%20out%20the%20amazing%20video%20here%3A%20https%3A%2F%2Fgrad-export.hr%2Fde%2Feinbau-der-haustuerfuellung\" target=\"_blank\"><\/a><\/li><\/ul><div><a class=\"sharing-link\" href=\"https:\/\/grad-export.hr\/de\/einbau-der-haustuerfuellung\" target=\"_blank\">Link<\/a><\/div><div><label><a class=\"embed-code-toggle\" href=\"#\"><strong>Embed<\/strong><\/a><\/label><\/div><div class=\"embed-code\"><label>Copy and paste this HTML code into your webpage to embed.<\/label><textarea><\/textarea><\/div><\/div>\n<\/div>\n\n<p>Grad-Export schlie\u00dft hiermit jegliche Werbung f\u00fcr die Hersteller aus dem Video aus. <\/p>\n<p>Das Video wurde bei unserem Kunden vor Ort aufgenommen. Wir als F\u00fcllungshertseller sind der Meinung, dass wir die Bedingungseinleitung f\u00fcr den Einbau aufweisen m\u00fcssen.<\/p>\n","protected":false},"excerpt":{"rendered":"<p>Grad-Export schlie\u00dft hiermit jegliche Werbung f\u00fcr die Hersteller aus dem Video aus. Das Video wurde bei unserem Kunden vor Ort aufgenommen. Wir als F\u00fcllungshertseller sind der Meinung, dass wir die Bedingungseinleitung f\u00fcr den Einbau aufweisen m\u00fcssen.<\/p>\n","protected":false},"author":1,"featured_media":23914,"parent":0,"menu_order":0,"comment_status":"closed","ping_status":"closed","template":"","meta":{"ngg_post_thumbnail":0,"__cvm_playback_settings":[],"__cvm_video_id":"","footnotes":""},"class_list":["post-23922","page","type-page","status-publish","has-post-thumbnail","czr-hentry"],"_links":{"self":[{"href":"https:\/\/grad-export.hr\/de\/wp-json\/wp\/v2\/pages\/23922"}],"collection":[{"href":"https:\/\/grad-export.hr\/de\/wp-json\/wp\/v2\/pages"}],"about":[{"href":"https:\/\/grad-export.hr\/de\/wp-json\/wp\/v2\/types\/page"}],"author":[{"embeddable":true,"href":"https:\/\/grad-export.hr\/de\/wp-json\/wp\/v2\/users\/1"}],"replies":[{"embeddable":true,"href":"https:\/\/grad-export.hr\/de\/wp-json\/wp\/v2\/comments?post=23922"}],"version-history":[{"count":0,"href":"https:\/\/grad-export.hr\/de\/wp-json\/wp\/v2\/pages\/23922\/revisions"}],"wp:featuredmedia":[{"embeddable":true,"href":"https:\/\/grad-export.hr\/de\/wp-json\/wp\/v2\/media\/23914"}],"wp:attachment":[{"href":"https:\/\/grad-export.hr\/de\/wp-json\/wp\/v2\/media?parent=23922"}],"curies":[{"name":"wp","href":"https:\/\/api.w.org\/{rel}","templated":true}]}}