{"id":2735,"date":"2015-03-01T14:36:54","date_gmt":"2015-03-01T14:36:54","guid":{"rendered":"http:\/\/grad-export.hr\/web\/?page_id=2735"},"modified":"2025-02-12T11:52:33","modified_gmt":"2025-02-12T11:52:33","slug":"polupaneli-classic","status":"publish","type":"page","link":"https:\/\/grad-export.hr\/de\/polupaneli-classic","title":{"rendered":"Classic &#8211; Seitenteile"},"content":{"rendered":"<p>\u200b<\/p>\n<div class=\"ppanel\">\n<div class=\"slika-ppanel\"><img loading=\"lazy\" decoding=\"async\" class=\"wp-image-2442 size-full\" src=\"http:\/\/grad-export.hr\/web\/wp-content\/uploads\/classic-polupaneli\/polup_an.jpg\" alt=\"Polupanel Antin\" width=\"385\" height=\"542\" srcset=\"https:\/\/grad-export.hr\/web\/wp-content\/uploads\/classic-polupaneli\/polup_an.jpg 385w, https:\/\/grad-export.hr\/web\/wp-content\/uploads\/classic-polupaneli\/polup_an-286x403.jpg 286w\" sizes=\"(max-width: 385px) 100vw, 385px\" \/><\/div>\n<div class=\"descr-ppanel\">\n<h5>AN-VC-2 + P-AN-VC-2<\/h5>\n<\/div>\n<\/div>\n<hr>\n<div class=\"ppanel\">\n<div class=\"slika-ppanel\"><img loading=\"lazy\" decoding=\"async\" class=\"wp-image-2443 size-full\" src=\"http:\/\/grad-export.hr\/web\/wp-content\/uploads\/classic-polupaneli\/polup_cr.jpg\" alt=\"Polupanel Ceri\u0107\" width=\"385\" height=\"542\" srcset=\"https:\/\/grad-export.hr\/web\/wp-content\/uploads\/classic-polupaneli\/polup_cr.jpg 385w, https:\/\/grad-export.hr\/web\/wp-content\/uploads\/classic-polupaneli\/polup_cr-286x403.jpg 286w\" sizes=\"(max-width: 385px) 100vw, 385px\" \/><\/div>\n<div class=\"descr-ppanel\">\n<h5>CR-\u010cB-GL-3 + P-CR-\u010cB-GL-2<\/h5>\n<\/div>\n<\/div>\n<hr>\n<div class=\"ppanel\">\n<div class=\"slika-ppanel\"><img loading=\"lazy\" decoding=\"async\" class=\"wp-image-2444 size-full\" src=\"http:\/\/grad-export.hr\/web\/wp-content\/uploads\/classic-polupaneli\/polup_il.jpg\" alt=\"Polupanel Ilok\" width=\"385\" height=\"542\" srcset=\"https:\/\/grad-export.hr\/web\/wp-content\/uploads\/classic-polupaneli\/polup_il.jpg 385w, https:\/\/grad-export.hr\/web\/wp-content\/uploads\/classic-polupaneli\/polup_il-286x403.jpg 286w\" sizes=\"(max-width: 385px) 100vw, 385px\" \/><\/div>\n<div class=\"descr-ppanel\">\n<h5>IL-ML + P-IL-ML<\/h5>\n<\/div>\n<\/div>\n<hr>\n<div class=\"ppanel\">\n<div class=\"slika-ppanel\"><img loading=\"lazy\" decoding=\"async\" class=\"wp-image-2452 size-full\" src=\"http:\/\/grad-export.hr\/web\/wp-content\/uploads\/classic-polupaneli\/polup_zu_il.jpg\" alt=\"Polupanel Ilok\" width=\"385\" height=\"542\" srcset=\"https:\/\/grad-export.hr\/web\/wp-content\/uploads\/classic-polupaneli\/polup_zu_il.jpg 385w, https:\/\/grad-export.hr\/web\/wp-content\/uploads\/classic-polupaneli\/polup_zu_il-286x403.jpg 286w\" sizes=\"(max-width: 385px) 100vw, 385px\" \/><\/div>\n<div class=\"descr-ppanel\">\n<h5>\u017dU-PJ-V + P-IL-PJ<\/h5>\n<\/div>\n<\/div>\n<hr>\n<div class=\"ppanel\">\n<div class=\"slika-ppanel\"><img loading=\"lazy\" decoding=\"async\" class=\"wp-image-13340 size-full\" src=\"http:\/\/grad-export.hr\/web\/wp-content\/uploads\/polupaneli-moderna\/kanov_polup.jpg\" alt=\"Panel Ka + half panel Ka\" width=\"385\" height=\"542\" srcset=\"https:\/\/grad-export.hr\/web\/wp-content\/uploads\/polupaneli-moderna\/kanov_polup.jpg 385w, https:\/\/grad-export.hr\/web\/wp-content\/uploads\/polupaneli-moderna\/kanov_polup-286x403.jpg 286w\" sizes=\"(max-width: 385px) 100vw, 385px\" \/><\/div>\n<div class=\"descr-ppanel\">\n<h5>KA-ML-6 + P-KA-ML-3<\/h5>\n<\/div>\n<\/div>\n<hr>\n<div class=\"ppanel\">\n<div class=\"slika-ppanel\"><img loading=\"lazy\" decoding=\"async\" class=\"wp-image-2446 size-full\" src=\"http:\/\/grad-export.hr\/web\/wp-content\/uploads\/classic-polupaneli\/polup_mi.jpg\" alt=\"Polupanel Mikanovci\" width=\"385\" height=\"542\" srcset=\"https:\/\/grad-export.hr\/web\/wp-content\/uploads\/classic-polupaneli\/polup_mi.jpg 385w, https:\/\/grad-export.hr\/web\/wp-content\/uploads\/classic-polupaneli\/polup_mi-286x403.jpg 286w\" sizes=\"(max-width: 385px) 100vw, 385px\" \/><\/div>\n<div class=\"descr-ppanel\">\n<h5>MI-DPL-2 + P-MI-DPL<\/h5>\n<\/div>\n<\/div>\n<hr>\n<div class=\"ppanel\">\n<div class=\"slika-ppanel\"><img loading=\"lazy\" decoding=\"async\" class=\"wp-image-2447 size-full\" src=\"http:\/\/grad-export.hr\/web\/wp-content\/uploads\/classic-polupaneli\/polup_pr.jpg\" alt=\"Polupanel Privlaka\" width=\"385\" height=\"542\" srcset=\"https:\/\/grad-export.hr\/web\/wp-content\/uploads\/classic-polupaneli\/polup_pr.jpg 385w, https:\/\/grad-export.hr\/web\/wp-content\/uploads\/classic-polupaneli\/polup_pr-286x403.jpg 286w\" sizes=\"(max-width: 385px) 100vw, 385px\" \/><\/div>\n<div class=\"descr-ppanel\">\n<h5>PR-\u010cB-GL-7 + P-PR-\u010cB-GL-4<\/h5>\n<\/div>\n<\/div>\n<hr>\n<div class=\"ppanel\">\n<div class=\"slika-ppanel\"><img loading=\"lazy\" decoding=\"async\" class=\"wp-image-2448 size-full\" src=\"http:\/\/grad-export.hr\/web\/wp-content\/uploads\/classic-polupaneli\/polup_sl.jpg\" alt=\"Polupanel Slavonija\" width=\"385\" height=\"543\" srcset=\"https:\/\/grad-export.hr\/web\/wp-content\/uploads\/classic-polupaneli\/polup_sl.jpg 385w, https:\/\/grad-export.hr\/web\/wp-content\/uploads\/classic-polupaneli\/polup_sl-285x403.jpg 285w\" sizes=\"(max-width: 385px) 100vw, 385px\" \/><\/div>\n<div class=\"descr-ppanel\">\n<h5>SL-\u010cB-GL-8 + P-SL-\u010cB-GL-4<\/h5>\n<\/div>\n<\/div>\n<hr>\n<div class=\"ppanel\">\n<div class=\"slika-ppanel\"><img loading=\"lazy\" decoding=\"async\" class=\"wp-image-2449 size-full\" src=\"http:\/\/grad-export.hr\/web\/wp-content\/uploads\/classic-polupaneli\/polup_so.jpg\" alt=\"Polupanel Sopot\" width=\"385\" height=\"543\" srcset=\"https:\/\/grad-export.hr\/web\/wp-content\/uploads\/classic-polupaneli\/polup_so.jpg 385w, https:\/\/grad-export.hr\/web\/wp-content\/uploads\/classic-polupaneli\/polup_so-285x403.jpg 285w\" sizes=\"(max-width: 385px) 100vw, 385px\" \/><\/div>\n<div class=\"descr-ppanel\">\n<h5>SO-AB-SL-3 + P-SO-AB-SL-2<\/h5>\n<\/div>\n<\/div>\n<hr>\n<div class=\"ppanel\">\n<div class=\"slika-ppanel\"><img loading=\"lazy\" decoding=\"async\" class=\"wp-image-2451 size-full\" src=\"http:\/\/grad-export.hr\/web\/wp-content\/uploads\/classic-polupaneli\/polup_vu.jpg\" alt=\"Polupanel Vukovar\" width=\"385\" height=\"542\" srcset=\"https:\/\/grad-export.hr\/web\/wp-content\/uploads\/classic-polupaneli\/polup_vu.jpg 385w, https:\/\/grad-export.hr\/web\/wp-content\/uploads\/classic-polupaneli\/polup_vu-286x403.jpg 286w\" sizes=\"(max-width: 385px) 100vw, 385px\" \/><\/div>\n<div class=\"descr-ppanel\">\n<h5>VU-DM-GL-2 + P-VU-DM-GL-1<\/h5>\n<\/div>\n<\/div>\n<hr>\n<div class=\"ppanel\">\n<div class=\"slika-ppanel\"><img loading=\"lazy\" decoding=\"async\" class=\"wp-image-2450 size-full\" src=\"http:\/\/grad-export.hr\/web\/wp-content\/uploads\/classic-polupaneli\/polup_vk-vu.jpg\" alt=\"Polupanel Vukovar\" width=\"385\" height=\"542\" srcset=\"https:\/\/grad-export.hr\/web\/wp-content\/uploads\/classic-polupaneli\/polup_vk-vu.jpg 385w, https:\/\/grad-export.hr\/web\/wp-content\/uploads\/classic-polupaneli\/polup_vk-vu-286x403.jpg 286w\" sizes=\"(max-width: 385px) 100vw, 385px\" \/><\/div>\n<div class=\"descr-ppanel\">\n<h5>VK-DM-SL-V + P-VU-DM-SL-1<\/h5>\n<\/div>\n<\/div>\n<hr>\n<div class=\"ppanel\">\n<div class=\"slika-ppanel\"><img loading=\"lazy\" decoding=\"async\" class=\"wp-image-16964 size-full\" src=\"https:\/\/grad-export.hr\/web\/wp-content\/uploads\/polupaneli-classic\/DARDA_DPK_PP_LUG_DPK.jpg\" alt=\"Darda DPK + polupanel Lug DPK\" width=\"385\" height=\"543\" srcset=\"https:\/\/grad-export.hr\/web\/wp-content\/uploads\/polupaneli-classic\/DARDA_DPK_PP_LUG_DPK.jpg 385w, https:\/\/grad-export.hr\/web\/wp-content\/uploads\/polupaneli-classic\/DARDA_DPK_PP_LUG_DPK-286x403.jpg 286w\" sizes=\"(max-width: 385px) 100vw, 385px\" \/><\/div>\n<div class=\"descr-ppanel\">\n<h5>DA-DPK + P-LU-DPK<\/h5>\n<\/div>\n<\/div>\n<hr>\n<div class=\"ppanel\">\n<div class=\"slika-ppanel\"><img loading=\"lazy\" decoding=\"async\" class=\"wp-image-16969 size-full\" src=\"https:\/\/grad-export.hr\/web\/wp-content\/uploads\/polupaneli-classic\/LUGPP_DPM.jpg\" alt=\"Lug DPM + polupanel Lug DPM\" width=\"385\" height=\"543\" srcset=\"https:\/\/grad-export.hr\/web\/wp-content\/uploads\/polupaneli-classic\/LUGPP_DPM.jpg 385w, https:\/\/grad-export.hr\/web\/wp-content\/uploads\/polupaneli-classic\/LUGPP_DPM-286x403.jpg 286w\" sizes=\"(max-width: 385px) 100vw, 385px\" \/><\/div>\n<div class=\"descr-ppanel\">\n<h5> LU-DPM + P-LU-DPM<\/h5>\n<\/div>\n<\/div>\n<hr>\n<div class=\"ppanel\">\n<div class=\"slika-ppanel\"><img loading=\"lazy\" decoding=\"async\" class=\"wp-image-16974 size-full\" src=\"https:\/\/grad-export.hr\/web\/wp-content\/uploads\/polupaneli-classic\/mecepp_SPF.jpg\" alt=\"Mece SPF 4 + polupanel Mece SPF 4\" width=\"385\" height=\"543\" srcset=\"https:\/\/grad-export.hr\/web\/wp-content\/uploads\/polupaneli-classic\/mecepp_SPF.jpg 385w, https:\/\/grad-export.hr\/web\/wp-content\/uploads\/polupaneli-classic\/mecepp_SPF-286x403.jpg 286w\" sizes=\"(max-width: 385px) 100vw, 385px\" \/><\/div>\n<div class=\"descr-ppanel\">\n<h5>ME-SPF-4 + P-ME-SPF-4<\/h5>\n<\/div>\n<\/div>\n","protected":false},"excerpt":{"rendered":"<p>\u200b AN-VC-2 + P-AN-VC-2 CR-\u010cB-GL-3 + P-CR-\u010cB-GL-2 IL-ML + P-IL-ML \u017dU-PJ-V + P-IL-PJ KA-ML-6 + P-KA-ML-3 MI-DPL-2 + P-MI-DPL PR-\u010cB-GL-7 + P-PR-\u010cB-GL-4 SL-\u010cB-GL-8 + P-SL-\u010cB-GL-4 SO-AB-SL-3 + P-SO-AB-SL-2 VU-DM-GL-2 + P-VU-DM-GL-1 VK-DM-SL-V + P-VU-DM-SL-1 DA-DPK + P-LU-DPK LU-DPM + P-LU-DPM ME-SPF-4 + P-ME-SPF-4<\/p>\n","protected":false},"author":1,"featured_media":11887,"parent":0,"menu_order":0,"comment_status":"open","ping_status":"open","template":"","meta":{"ngg_post_thumbnail":0,"__cvm_playback_settings":[],"__cvm_video_id":"","footnotes":""},"class_list":["post-2735","page","type-page","status-publish","has-post-thumbnail","czr-hentry"],"_links":{"self":[{"href":"https:\/\/grad-export.hr\/de\/wp-json\/wp\/v2\/pages\/2735"}],"collection":[{"href":"https:\/\/grad-export.hr\/de\/wp-json\/wp\/v2\/pages"}],"about":[{"href":"https:\/\/grad-export.hr\/de\/wp-json\/wp\/v2\/types\/page"}],"author":[{"embeddable":true,"href":"https:\/\/grad-export.hr\/de\/wp-json\/wp\/v2\/users\/1"}],"replies":[{"embeddable":true,"href":"https:\/\/grad-export.hr\/de\/wp-json\/wp\/v2\/comments?post=2735"}],"version-history":[{"count":8,"href":"https:\/\/grad-export.hr\/de\/wp-json\/wp\/v2\/pages\/2735\/revisions"}],"predecessor-version":[{"id":29677,"href":"https:\/\/grad-export.hr\/de\/wp-json\/wp\/v2\/pages\/2735\/revisions\/29677"}],"wp:featuredmedia":[{"embeddable":true,"href":"https:\/\/grad-export.hr\/de\/wp-json\/wp\/v2\/media\/11887"}],"wp:attachment":[{"href":"https:\/\/grad-export.hr\/de\/wp-json\/wp\/v2\/media?parent=2735"}],"curies":[{"name":"wp","href":"https:\/\/api.w.org\/{rel}","templated":true}]}}