{"id":29148,"date":"2025-02-10T17:59:45","date_gmt":"2025-02-10T17:59:45","guid":{"rendered":"https:\/\/grad-export.hr\/serie-terra-aluminium-dekorfuellungen"},"modified":"2025-09-26T19:25:26","modified_gmt":"2025-09-26T19:25:26","slug":"serie-terra-aluminium-dekorfuellungen","status":"publish","type":"page","link":"https:\/\/grad-export.hr\/de\/serie-terra-aluminium-dekorfuellungen","title":{"rendered":"Serie \u201cTerra\u201d \u2013 Aluminium Dekorf\u00fcllungen"},"content":{"rendered":"<p>Keramische dekorative Haust\u00fcrf\u00fcllungen sind eine einzigartige und elegante Option, um die Attraktivit\u00e4t des Eingangs zu steigern.<\/p>\n<p>Diese dekorativen Platten bestehen aus langlebigen, hochgebrannten Keramikmaterialien, die UV- und witterungsbest\u00e4ndig sowie kratz- sto\u00dffest sind. Dabei bieten sie eine hervorragende Isolierung. Sie sind in einer gro\u00dfen Auswahl an Farben, Mustern und Texturen erh\u00e4ltlich und k\u00f6nnen an verschiedene Architekturstile angepasst werden, sei es f\u00fcr Wohn- oder Gewerbegeb\u00e4ude. Dar\u00fcber hinaus sind Keramikdeckschichten leicht zu pflegen und k\u00f6nnen ein modernes oder traditionelles Aussehen bieten, was sie zu einer vielseitigen Wahl f\u00fcr modernes Design machen.<\/p>\n<p>&nbsp;<\/p>\n<div id=\"paneli-elite\">\n<figure id=\"attachment_28910\" aria-describedby=\"caption-attachment-28910\" style=\"width: 76px\" class=\"wp-caption alignleft\"><a href=\"https:\/\/grad-export.hr\/de\/terra-modell-acadia\"><img loading=\"lazy\" decoding=\"async\" class=\"wp-image-28910 size-full\" src=\"https:\/\/grad-export.hr\/web\/wp-content\/uploads\/linija-terra\/ACADIA_thumb.jpg\" alt=\"Acadia\" width=\"76\" height=\"152\"><\/a><figcaption id=\"caption-attachment-28910\" class=\"wp-caption-text\">Acadia<\/figcaption><\/figure>\n<figure id=\"attachment_28915\" aria-describedby=\"caption-attachment-28915\" style=\"width: 76px\" class=\"wp-caption alignleft\"><a href=\"https:\/\/grad-export.hr\/de\/terra-modell-arches\"><img loading=\"lazy\" decoding=\"async\" class=\"wp-image-28915 size-thumbnail\" src=\"https:\/\/grad-export.hr\/web\/wp-content\/uploads\/linija-terra\/ARCHES_thumb-76x150.jpg\" alt=\"Arches\" width=\"76\" height=\"150\"><\/a><figcaption id=\"caption-attachment-28915\" class=\"wp-caption-text\">Arches<\/figcaption><\/figure>\n<figure id=\"attachment_28920\" aria-describedby=\"caption-attachment-28920\" style=\"width: 76px\" class=\"wp-caption alignleft\"><a href=\"https:\/\/grad-export.hr\/de\/terra-modell-bryce\"><img loading=\"lazy\" decoding=\"async\" class=\"wp-image-28920 size-thumbnail\" src=\"https:\/\/grad-export.hr\/web\/wp-content\/uploads\/linija-terra\/BRYCE_thumb-76x150.jpg\" alt=\"Bryce\" width=\"76\" height=\"150\"><\/a><figcaption id=\"caption-attachment-28920\" class=\"wp-caption-text\">Bryce<\/figcaption><\/figure>\n<figure id=\"attachment_28925\" aria-describedby=\"caption-attachment-28925\" style=\"width: 76px\" class=\"wp-caption alignleft\"><a href=\"https:\/\/grad-export.hr\/de\/terra-modell-capitol\"><img loading=\"lazy\" decoding=\"async\" class=\"wp-image-28925 size-thumbnail\" src=\"https:\/\/grad-export.hr\/web\/wp-content\/uploads\/linija-terra\/CAPITOL_thumb-76x150.jpg\" alt=\"Capitol\" width=\"76\" height=\"150\"><\/a><figcaption id=\"caption-attachment-28925\" class=\"wp-caption-text\">Capitol<\/figcaption><\/figure>\n<figure id=\"attachment_28930\" aria-describedby=\"caption-attachment-28930\" style=\"width: 76px\" class=\"wp-caption alignleft\"><a href=\"https:\/\/grad-export.hr\/de\/terra-modell-crater\"><img loading=\"lazy\" decoding=\"async\" class=\"wp-image-28930 size-thumbnail\" src=\"https:\/\/grad-export.hr\/web\/wp-content\/uploads\/linija-terra\/CRATER_thumb-76x150.jpg\" alt=\"Crater\" width=\"76\" height=\"150\"><\/a><figcaption id=\"caption-attachment-28930\" class=\"wp-caption-text\">Crater<\/figcaption><\/figure>\n<figure id=\"attachment_29259\" aria-describedby=\"caption-attachment-29259\" style=\"width: 76px\" class=\"wp-caption alignleft\"><a href=\"https:\/\/grad-export.hr\/de\/terra-modell-denali\"><img loading=\"lazy\" decoding=\"async\" class=\"size-full wp-image-29259\" src=\"https:\/\/grad-export.hr\/web\/wp-content\/uploads\/il-programma-terra-alu-pannelli-decorativi\/DENALI-thumb.jpg\" alt=\"Denali\" width=\"76\" height=\"152\"><\/a><figcaption id=\"caption-attachment-29259\" class=\"wp-caption-text\">Denali<\/figcaption><\/figure>\n<figure id=\"attachment_28935\" aria-describedby=\"caption-attachment-28935\" style=\"width: 76px\" class=\"wp-caption alignleft\"><a href=\"https:\/\/grad-export.hr\/de\/terra-modell-glacier\"><img loading=\"lazy\" decoding=\"async\" class=\"wp-image-31452 size-full\" src=\"https:\/\/grad-export.hr\/web\/wp-content\/uploads\/terra-model-glacier\/GLACIERthmb.jpg\" alt=\"Glacier\" width=\"76\" height=\"150\"><\/a><figcaption id=\"caption-attachment-28935\" class=\"wp-caption-text\">Glacier<\/figcaption><\/figure>\n<figure id=\"attachment_28940\" aria-describedby=\"caption-attachment-28940\" style=\"width: 76px\" class=\"wp-caption alignleft\"><a href=\"https:\/\/grad-export.hr\/de\/terra-modell-olympic\"><img loading=\"lazy\" decoding=\"async\" class=\"wp-image-28940 size-thumbnail\" src=\"https:\/\/grad-export.hr\/web\/wp-content\/uploads\/linija-terra\/OLYMPIC_thumb-76x150.jpg\" alt=\"Olympic\" width=\"76\" height=\"150\"><\/a><figcaption id=\"caption-attachment-28940\" class=\"wp-caption-text\">Olympic<\/figcaption><\/figure>\n<figure id=\"attachment_28945\" aria-describedby=\"caption-attachment-28945\" style=\"width: 76px\" class=\"wp-caption alignleft\"><a href=\"https:\/\/grad-export.hr\/de\/terra-modell-rainier\"><img loading=\"lazy\" decoding=\"async\" class=\"wp-image-28945 size-thumbnail\" src=\"https:\/\/grad-export.hr\/web\/wp-content\/uploads\/linija-terra\/RAINIER_thumb-76x150.jpg\" alt=\"Rainier\" width=\"76\" height=\"150\"><\/a><figcaption id=\"caption-attachment-28945\" class=\"wp-caption-text\">Rainier<\/figcaption><\/figure>\n<figure id=\"attachment_28950\" aria-describedby=\"caption-attachment-28950\" style=\"width: 76px\" class=\"wp-caption alignleft\"><a href=\"https:\/\/grad-export.hr\/de\/terra-modell-reef\"><img loading=\"lazy\" decoding=\"async\" class=\"wp-image-28950 size-thumbnail\" src=\"https:\/\/grad-export.hr\/web\/wp-content\/uploads\/linija-terra\/REEF_thumb-76x150.jpg\" alt=\"Reef\" width=\"76\" height=\"150\"><\/a><figcaption id=\"caption-attachment-28950\" class=\"wp-caption-text\">Reef<\/figcaption><\/figure>\n<figure id=\"attachment_28955\" aria-describedby=\"caption-attachment-28955\" style=\"width: 76px\" class=\"wp-caption alignleft\"><a href=\"https:\/\/grad-export.hr\/de\/terra-modell-teton\"><img loading=\"lazy\" decoding=\"async\" class=\"wp-image-28955 size-thumbnail\" src=\"https:\/\/grad-export.hr\/web\/wp-content\/uploads\/linija-terra\/TETON_thumb-76x150.jpg\" alt=\"Teton\" width=\"76\" height=\"150\"><\/a><figcaption id=\"caption-attachment-28955\" class=\"wp-caption-text\">Teton<\/figcaption><\/figure>\n<figure id=\"attachment_28976\" aria-describedby=\"caption-attachment-28976\" style=\"width: 76px\" class=\"wp-caption alignleft\"><a href=\"https:\/\/grad-export.hr\/de\/terra-modell-zion\"><img loading=\"lazy\" decoding=\"async\" class=\"wp-image-28976 size-full\" src=\"https:\/\/grad-export.hr\/web\/wp-content\/uploads\/linija-terra\/ZION_thumb-1.jpg\" alt=\"Zion\" width=\"76\" height=\"152\"><\/a><figcaption id=\"caption-attachment-28976\" class=\"wp-caption-text\">Zion<\/figcaption><\/figure>\n<\/div>\n<p><a href=\"https:\/\/grad-export.hr\/de\/terra-serie-verfuegbare-farben\">\u00dcBERSICHT DER VERF\u00dcGBAREN FARBEN&gt;&gt;<\/a><\/p>\n","protected":false},"excerpt":{"rendered":"<p>Keramische dekorative Haust\u00fcrf\u00fcllungen sind eine einzigartige und elegante Option, um die Attraktivit\u00e4t des Eingangs zu steigern. Diese dekorativen Platten bestehen aus langlebigen, hochgebrannten Keramikmaterialien, die UV- und witterungsbest\u00e4ndig sowie kratz- sto\u00dffest sind. Dabei bieten sie eine hervorragende Isolierung. Sie sind in einer gro\u00dfen Auswahl an Farben, Mustern und Texturen erh\u00e4ltlich und k\u00f6nnen an verschiedene Architekturstile [&hellip;]<\/p>\n","protected":false},"author":1,"featured_media":0,"parent":0,"menu_order":0,"comment_status":"closed","ping_status":"closed","template":"","meta":{"ngg_post_thumbnail":0,"__cvm_playback_settings":[],"__cvm_video_id":"","footnotes":""},"class_list":["post-29148","page","type-page","status-publish","czr-hentry"],"_links":{"self":[{"href":"https:\/\/grad-export.hr\/de\/wp-json\/wp\/v2\/pages\/29148"}],"collection":[{"href":"https:\/\/grad-export.hr\/de\/wp-json\/wp\/v2\/pages"}],"about":[{"href":"https:\/\/grad-export.hr\/de\/wp-json\/wp\/v2\/types\/page"}],"author":[{"embeddable":true,"href":"https:\/\/grad-export.hr\/de\/wp-json\/wp\/v2\/users\/1"}],"replies":[{"embeddable":true,"href":"https:\/\/grad-export.hr\/de\/wp-json\/wp\/v2\/comments?post=29148"}],"version-history":[{"count":5,"href":"https:\/\/grad-export.hr\/de\/wp-json\/wp\/v2\/pages\/29148\/revisions"}],"predecessor-version":[{"id":31467,"href":"https:\/\/grad-export.hr\/de\/wp-json\/wp\/v2\/pages\/29148\/revisions\/31467"}],"wp:attachment":[{"href":"https:\/\/grad-export.hr\/de\/wp-json\/wp\/v2\/media?parent=29148"}],"curies":[{"name":"wp","href":"https:\/\/api.w.org\/{rel}","templated":true}]}}