{"id":3112,"date":"2015-03-16T21:47:09","date_gmt":"2015-03-16T21:47:09","guid":{"rendered":"http:\/\/grad-export.hr\/web\/?page_id=3112"},"modified":"2025-02-12T12:11:12","modified_gmt":"2025-02-12T12:11:12","slug":"ucka","status":"publish","type":"page","link":"https:\/\/grad-export.hr\/de\/ucka","title":{"rendered":"Standard &#8211; Modell U\u010dka (U\u010c)"},"content":{"rendered":"<div class=\"item\">\n<div class=\"slika-kat\"><img loading=\"lazy\" decoding=\"async\" class=\"alignnone size-full wp-image-2093\" src=\"http:\/\/grad-export.hr\/web\/wp-content\/uploads\/standard-model-ucka\/UC-AB-2.jpg\" alt=\"Standard - model U\u010dka\" width=\"288\" height=\"600\" srcset=\"https:\/\/grad-export.hr\/web\/wp-content\/uploads\/standard-model-ucka\/UC-AB-2.jpg 288w, https:\/\/grad-export.hr\/web\/wp-content\/uploads\/standard-model-ucka\/UC-AB-2-193x403.jpg 193w\" sizes=\"(max-width: 288px) 100vw, 288px\" \/><\/div>\n<div class=\"descr-kat\">\n<h5>U\u010c-AB-2<\/h5>\n<\/div>\n<\/div>\n<hr>\n<div class=\"item\">\n<div class=\"slika-kat\"><img loading=\"lazy\" decoding=\"async\" class=\"alignnone size-full wp-image-2094\" src=\"http:\/\/grad-export.hr\/web\/wp-content\/uploads\/standard-model-ucka\/UC-AB-4.jpg\" alt=\"Standard - model U\u010dka\" width=\"288\" height=\"600\" srcset=\"https:\/\/grad-export.hr\/web\/wp-content\/uploads\/standard-model-ucka\/UC-AB-4.jpg 288w, https:\/\/grad-export.hr\/web\/wp-content\/uploads\/standard-model-ucka\/UC-AB-4-193x403.jpg 193w\" sizes=\"(max-width: 288px) 100vw, 288px\" \/><\/div>\n<div class=\"descr-kat\">\n<h5>U\u010c-AB-4<\/h5>\n<\/div>\n<\/div>\n<hr>\n<div class=\"item\">\n<div class=\"slika-kat\"><img loading=\"lazy\" decoding=\"async\" class=\"alignnone size-full wp-image-2095\" src=\"http:\/\/grad-export.hr\/web\/wp-content\/uploads\/standard-model-ucka\/UC-P.jpg\" alt=\"Standard - model U\u010dka\" width=\"288\" height=\"600\" srcset=\"https:\/\/grad-export.hr\/web\/wp-content\/uploads\/standard-model-ucka\/UC-P.jpg 288w, https:\/\/grad-export.hr\/web\/wp-content\/uploads\/standard-model-ucka\/UC-P-193x403.jpg 193w\" sizes=\"(max-width: 288px) 100vw, 288px\" \/><\/div>\n<div class=\"descr-kat\">\n<h5>U\u010c-P<\/h5>\n<\/div>\n<\/div>\n<hr>\n<div class=\"item\">\n<div class=\"slika-kat\"><img loading=\"lazy\" decoding=\"async\" class=\"alignnone size-full wp-image-2096\" src=\"http:\/\/grad-export.hr\/web\/wp-content\/uploads\/standard-model-ucka\/UC-SB-2.jpg\" alt=\"Standard - model U\u010dka\" width=\"288\" height=\"600\" srcset=\"https:\/\/grad-export.hr\/web\/wp-content\/uploads\/standard-model-ucka\/UC-SB-2.jpg 288w, https:\/\/grad-export.hr\/web\/wp-content\/uploads\/standard-model-ucka\/UC-SB-2-193x403.jpg 193w\" sizes=\"(max-width: 288px) 100vw, 288px\" \/><\/div>\n<div class=\"descr-kat\">\n<h5>U\u010c-DK-2<\/h5>\n<\/div>\n<\/div>\n<hr>\n<div class=\"item\">\n<div class=\"slika-kat\"><img loading=\"lazy\" decoding=\"async\" class=\"alignnone size-full wp-image-2097\" src=\"http:\/\/grad-export.hr\/web\/wp-content\/uploads\/standard-model-ucka\/UC-SB-4.jpg\" alt=\"Standard - model U\u010dka\" width=\"288\" height=\"600\" srcset=\"https:\/\/grad-export.hr\/web\/wp-content\/uploads\/standard-model-ucka\/UC-SB-4.jpg 288w, https:\/\/grad-export.hr\/web\/wp-content\/uploads\/standard-model-ucka\/UC-SB-4-193x403.jpg 193w\" sizes=\"(max-width: 288px) 100vw, 288px\" \/><\/div>\n<div class=\"descr-kat\">\n<h5>U\u010c-DK-4<\/h5>\n<\/div>\n<\/div>\n","protected":false},"excerpt":{"rendered":"<p>U\u010c-AB-2 U\u010c-AB-4 U\u010c-P U\u010c-DK-2 U\u010c-DK-4<\/p>\n","protected":false},"author":1,"featured_media":11143,"parent":0,"menu_order":0,"comment_status":"open","ping_status":"open","template":"","meta":{"ngg_post_thumbnail":0,"__cvm_playback_settings":[],"__cvm_video_id":"","footnotes":""},"class_list":["post-3112","page","type-page","status-publish","has-post-thumbnail","czr-hentry"],"_links":{"self":[{"href":"https:\/\/grad-export.hr\/de\/wp-json\/wp\/v2\/pages\/3112"}],"collection":[{"href":"https:\/\/grad-export.hr\/de\/wp-json\/wp\/v2\/pages"}],"about":[{"href":"https:\/\/grad-export.hr\/de\/wp-json\/wp\/v2\/types\/page"}],"author":[{"embeddable":true,"href":"https:\/\/grad-export.hr\/de\/wp-json\/wp\/v2\/users\/1"}],"replies":[{"embeddable":true,"href":"https:\/\/grad-export.hr\/de\/wp-json\/wp\/v2\/comments?post=3112"}],"version-history":[{"count":2,"href":"https:\/\/grad-export.hr\/de\/wp-json\/wp\/v2\/pages\/3112\/revisions"}],"predecessor-version":[{"id":29693,"href":"https:\/\/grad-export.hr\/de\/wp-json\/wp\/v2\/pages\/3112\/revisions\/29693"}],"wp:featuredmedia":[{"embeddable":true,"href":"https:\/\/grad-export.hr\/de\/wp-json\/wp\/v2\/media\/11143"}],"wp:attachment":[{"href":"https:\/\/grad-export.hr\/de\/wp-json\/wp\/v2\/media?parent=3112"}],"curies":[{"name":"wp","href":"https:\/\/api.w.org\/{rel}","templated":true}]}}