{"id":4295,"date":"2015-04-08T17:42:22","date_gmt":"2015-04-08T17:42:22","guid":{"rendered":"http:\/\/grad-export.hr\/web\/?page_id=4295"},"modified":"2021-08-11T06:09:30","modified_gmt":"2021-08-11T06:09:30","slug":"linija-classic","status":"publish","type":"page","link":"https:\/\/grad-export.hr\/de\/linija-classic","title":{"rendered":"Serie &#8220;Classic&#8221; &#8211; Kunststoff (PVC) Haust\u00fcrf\u00fcllungen"},"content":{"rendered":"<p>Die Haust\u00fcrf\u00fcllungen Classic k\u00f6nnen standardm\u00e4\u00dfig verst\u00e4rkt sein (SO) oder ohne Verst\u00e4rkung (OS).<br \/>\nWahlweise in den St\u00e4rken 24 mm, 36 mm und 40 mm.<br \/>\nDas verwendete Isolierglas ist ebenfalls in verschiedenen St\u00e4rken erh\u00e4ltlich.<br \/>\nWir bieten eine Vielzahl an Glasausf\u00fchrungen an: Ornament Gl\u00e4ser, Bleiverglasungen, Facetten, Bleiverglasungen mit Facetten, verschmolzene Gl\u00e4ser, Fl\u00fcssiggl\u00e4ser, und vieles mehr.<br \/>\nM\u00f6glichkeit besteht Sicherheitsglas zu verwenden.<br \/>\nNeben dem klassischen Kunststoff wei\u00df f\u00fcr unsere Haust\u00fcrf\u00fcllungen aus dem Programm Classic bieten wir Ihnen eine Vielzahl an Holzdekoren an.<\/p>\n<p><strong>Classic,<\/strong> PVC Dekorf\u00fcllungen <span style=\"color: #800000;\"><strong>900 x 1920 mm<\/strong><\/span>:<\/p>\n<div id=\"paneli\">\n<figure id=\"attachment_592\" aria-describedby=\"caption-attachment-592\" style=\"width: 65px\" class=\"wp-caption alignleft\"><a title=\"Classic \u2013 model Cerna\" href=\"https:\/\/grad-export.hr\/de\/cerna-cn\"><img loading=\"lazy\" decoding=\"async\" class=\"size-full wp-image-592\" src=\"http:\/\/grad-export.hr\/web\/wp-content\/uploads\/linija-classic\/cn_thumb.jpg\" alt=\"Model Cerna\" width=\"65\" height=\"135\"><\/a><figcaption id=\"caption-attachment-592\" class=\"wp-caption-text\">Cerna<\/figcaption><\/figure>\n<figure id=\"attachment_593\" aria-describedby=\"caption-attachment-593\" style=\"width: 65px\" class=\"wp-caption alignleft\"><a title=\"Classic \u2013 model Ceri\u0107\" href=\"https:\/\/grad-export.hr\/de\/ceric-cr\"><img loading=\"lazy\" decoding=\"async\" class=\"size-full wp-image-593\" src=\"http:\/\/grad-export.hr\/web\/wp-content\/uploads\/linija-classic\/cr_thumb.jpg\" alt=\"Model Ceri\u0107\" width=\"65\" height=\"135\"><\/a><figcaption id=\"caption-attachment-593\" class=\"wp-caption-text\">Ceri\u0107<\/figcaption><\/figure>\n<figure id=\"attachment_598\" aria-describedby=\"caption-attachment-598\" style=\"width: 65px\" class=\"wp-caption alignleft\"><a title=\"Classic \u2013 model Kanovci\" href=\"https:\/\/grad-export.hr\/de\/kanovci-ka\"><img loading=\"lazy\" decoding=\"async\" class=\"size-full wp-image-598\" src=\"http:\/\/grad-export.hr\/web\/wp-content\/uploads\/linija-classic\/ka_thumb.jpg\" alt=\"Model Kanovci\" width=\"65\" height=\"135\"><\/a><figcaption id=\"caption-attachment-598\" class=\"wp-caption-text\">Kanovci<\/figcaption><\/figure>\n<figure id=\"attachment_600\" aria-describedby=\"caption-attachment-600\" style=\"width: 65px\" class=\"wp-caption alignleft\"><a title=\"Classic \u2013 model Lipovac\" href=\"https:\/\/grad-export.hr\/de\/lipovac-li\"><img loading=\"lazy\" decoding=\"async\" class=\"size-full wp-image-600\" src=\"http:\/\/grad-export.hr\/web\/wp-content\/uploads\/linija-classic\/li_thumb.jpg\" alt=\"Model Lipovac\" width=\"65\" height=\"135\"><\/a><figcaption id=\"caption-attachment-600\" class=\"wp-caption-text\">Lipovac<\/figcaption><\/figure>\n<figure id=\"attachment_603\" aria-describedby=\"caption-attachment-603\" style=\"width: 65px\" class=\"wp-caption alignleft\"><a title=\"Classic \u2013 model Nu\u0161tar\" href=\"https:\/\/grad-export.hr\/de\/nustar-nu\"><img loading=\"lazy\" decoding=\"async\" class=\"size-full wp-image-603\" src=\"http:\/\/grad-export.hr\/web\/wp-content\/uploads\/linija-classic\/nu_thumb.jpg\" alt=\"Model Nu\u0161tar\" width=\"65\" height=\"135\"><\/a><figcaption id=\"caption-attachment-603\" class=\"wp-caption-text\">Nu\u0161tar<\/figcaption><\/figure>\n<figure id=\"attachment_607\" aria-describedby=\"caption-attachment-607\" style=\"width: 65px\" class=\"wp-caption alignleft\"><a title=\"Classic \u2013 model Slavonija\" href=\"https:\/\/grad-export.hr\/de\/slavonija-sl\"><img loading=\"lazy\" decoding=\"async\" class=\"size-full wp-image-607\" src=\"http:\/\/grad-export.hr\/web\/wp-content\/uploads\/linija-classic\/sl_thumb.jpg\" alt=\"Model Slavonija\" width=\"65\" height=\"135\"><\/a><figcaption id=\"caption-attachment-607\" class=\"wp-caption-text\">Slavonija<\/figcaption><\/figure>\n<figure id=\"attachment_609\" aria-describedby=\"caption-attachment-609\" style=\"width: 65px\" class=\"wp-caption alignleft\"><a title=\"Classic \u2013 model Tovarnik\" href=\"https:\/\/grad-export.hr\/de\/tovarnik-to\"><img loading=\"lazy\" decoding=\"async\" class=\"size-full wp-image-609\" src=\"http:\/\/grad-export.hr\/web\/wp-content\/uploads\/linija-classic\/to_thumb.jpg\" alt=\"Model Tovarnik\" width=\"65\" height=\"135\"><\/a><figcaption id=\"caption-attachment-609\" class=\"wp-caption-text\">Tovarnik<\/figcaption><\/figure>\n<figure id=\"attachment_611\" aria-describedby=\"caption-attachment-611\" style=\"width: 65px\" class=\"wp-caption alignleft\"><a title=\"Classic \u2013 model Vukovar\" href=\"https:\/\/grad-export.hr\/de\/vukovar-vu\"><img loading=\"lazy\" decoding=\"async\" class=\"size-full wp-image-611\" src=\"http:\/\/grad-export.hr\/web\/wp-content\/uploads\/linija-classic\/vu_thumb.jpg\" alt=\"Model Vukovar\" width=\"65\" height=\"135\"><\/a><figcaption id=\"caption-attachment-611\" class=\"wp-caption-text\">Vukovar<\/figcaption><\/figure>\n<figure id=\"attachment_612\" aria-describedby=\"caption-attachment-612\" style=\"width: 65px\" class=\"wp-caption alignleft\"><a title=\"Classic \u2013 model Zalu\u017eje\" href=\"https:\/\/grad-export.hr\/de\/zaluzje-za\"><img loading=\"lazy\" decoding=\"async\" class=\"size-full wp-image-612\" src=\"http:\/\/grad-export.hr\/web\/wp-content\/uploads\/linija-classic\/za_thumb.jpg\" alt=\"Model Zalu\u017eje\" width=\"65\" height=\"135\"><\/a><figcaption id=\"caption-attachment-612\" class=\"wp-caption-text\">Zalu\u017eje<\/figcaption><\/figure>\n<\/div>\n<p>&nbsp;<\/p>\n<p><strong>Classic,<\/strong> PVC Dekorf\u00fcllungen <span style=\"color: #800000;\"><strong>900 x 2100 mm<\/strong><\/span>&nbsp;:<\/p>\n<div id=\"paneli\">\n<figure id=\"attachment_590\" aria-describedby=\"caption-attachment-590\" style=\"width: 65px\" class=\"wp-caption alignleft\"><a title=\"Classic \u2013 model Antin\" href=\"https:\/\/grad-export.hr\/de\/antin-an\"><img loading=\"lazy\" decoding=\"async\" class=\"size-full wp-image-590\" src=\"http:\/\/grad-export.hr\/web\/wp-content\/uploads\/linija-classic\/an_thumb.jpg\" alt=\"Model Antin\" width=\"65\" height=\"135\"><\/a><figcaption id=\"caption-attachment-590\" class=\"wp-caption-text\">Antin<\/figcaption><\/figure>\n<figure id=\"attachment_6446\" aria-describedby=\"caption-attachment-6446\" style=\"width: 65px\" class=\"wp-caption alignleft\"><a title=\"Classic \u2013 model Berak\" href=\"https:\/\/grad-export.hr\/de\/berak-be\"><img loading=\"lazy\" decoding=\"async\" class=\"size-full wp-image-6446\" src=\"http:\/\/grad-export.hr\/web\/wp-content\/uploads\/be_thumb.jpg\" alt=\"Berak thumb\" width=\"65\" height=\"135\"><\/a><figcaption id=\"caption-attachment-6446\" class=\"wp-caption-text\">Berak<\/figcaption><\/figure>\n<figure id=\"attachment_591\" aria-describedby=\"caption-attachment-591\" style=\"width: 65px\" class=\"wp-caption alignleft\"><a title=\"Classic \u2013 model Bosut (BO)\" href=\"https:\/\/grad-export.hr\/de\/bosut-bo\"><img loading=\"lazy\" decoding=\"async\" class=\"size-full wp-image-591\" src=\"http:\/\/grad-export.hr\/web\/wp-content\/uploads\/linija-classic\/bo_thumb.jpg\" alt=\"Model Bosut\" width=\"65\" height=\"135\"><\/a><figcaption id=\"caption-attachment-591\" class=\"wp-caption-text\">Bosut<\/figcaption><\/figure>\n<figure id=\"attachment_20115\" aria-describedby=\"caption-attachment-20115\" style=\"width: 65px\" class=\"wp-caption alignleft\"><a href=\"https:\/\/grad-export.hr\/de\/classic-modell-darda-da\"><img loading=\"lazy\" decoding=\"async\" class=\"size-full wp-image-20115\" src=\"https:\/\/grad-export.hr\/web\/wp-content\/uploads\/linija-classic\/da_thumb2.jpg\" alt=\"Darda\" width=\"65\" height=\"135\"><\/a><figcaption id=\"caption-attachment-20115\" class=\"wp-caption-text\">Darda<\/figcaption><\/figure>\n<figure id=\"attachment_594\" aria-describedby=\"caption-attachment-594\" style=\"width: 65px\" class=\"wp-caption alignleft\"><a title=\"Classic \u2013 model Dukat\" href=\"https:\/\/grad-export.hr\/de\/dukat-du\"><img loading=\"lazy\" decoding=\"async\" class=\"size-full wp-image-594\" src=\"http:\/\/grad-export.hr\/web\/wp-content\/uploads\/linija-classic\/du_thumb.jpg\" alt=\"Model Dukat\" width=\"65\" height=\"135\"><\/a><figcaption id=\"caption-attachment-594\" class=\"wp-caption-text\">Dukat<\/figcaption><\/figure>\n<figure id=\"attachment_6447\" aria-describedby=\"caption-attachment-6447\" style=\"width: 65px\" class=\"wp-caption alignleft\"><a title=\"Classic \u2013 model Gundinci\" href=\"https:\/\/grad-export.hr\/de\/gundinci-gu\"><img loading=\"lazy\" decoding=\"async\" class=\"size-full wp-image-6447\" src=\"http:\/\/grad-export.hr\/web\/wp-content\/uploads\/gu_thumb.jpg\" alt=\"Gundinci thumb\" width=\"65\" height=\"135\"><\/a><figcaption id=\"caption-attachment-6447\" class=\"wp-caption-text\">Gundinci<\/figcaption><\/figure>\n<figure id=\"attachment_595\" aria-describedby=\"caption-attachment-595\" style=\"width: 65px\" class=\"wp-caption alignleft\"><a title=\"Classic \u2013 model Ilok\" href=\"https:\/\/grad-export.hr\/de\/ilok-il\"><img loading=\"lazy\" decoding=\"async\" class=\"size-full wp-image-595\" src=\"http:\/\/grad-export.hr\/web\/wp-content\/uploads\/linija-classic\/il_thumb.jpg\" alt=\"Model Ilok\" width=\"65\" height=\"135\"><\/a><figcaption id=\"caption-attachment-595\" class=\"wp-caption-text\">Ilok<\/figcaption><\/figure>\n<figure id=\"attachment_596\" aria-describedby=\"caption-attachment-596\" style=\"width: 65px\" class=\"wp-caption alignleft\"><a title=\"Classic \u2013 model Ivankovo\" href=\"https:\/\/grad-export.hr\/de\/ivankovo-iv\"><img loading=\"lazy\" decoding=\"async\" class=\"size-full wp-image-596\" src=\"http:\/\/grad-export.hr\/web\/wp-content\/uploads\/linija-classic\/iv_thumb.jpg\" alt=\"Model Ivankovo\" width=\"65\" height=\"135\"><\/a><figcaption id=\"caption-attachment-596\" class=\"wp-caption-text\">Ivankovo<\/figcaption><\/figure>\n<figure id=\"attachment_599\" aria-describedby=\"caption-attachment-599\" style=\"width: 65px\" class=\"wp-caption alignleft\"><a title=\"Classic \u2013 model Komletinci\" href=\"https:\/\/grad-export.hr\/de\/komletinci-ko\"><img loading=\"lazy\" decoding=\"async\" class=\"size-full wp-image-599\" src=\"http:\/\/grad-export.hr\/web\/wp-content\/uploads\/linija-classic\/ko_thumb.jpg\" alt=\"Model Komletinci\" width=\"65\" height=\"135\"><\/a><figcaption id=\"caption-attachment-599\" class=\"wp-caption-text\">Komletinci<\/figcaption><\/figure>\n<figure id=\"attachment_597\" aria-describedby=\"caption-attachment-597\" style=\"width: 65px\" class=\"wp-caption alignleft\"><a title=\"Classic \u2013 model Jankovci\" href=\"https:\/\/grad-export.hr\/de\/jankovci-ja\"><img loading=\"lazy\" decoding=\"async\" class=\"size-full wp-image-597\" src=\"http:\/\/grad-export.hr\/web\/wp-content\/uploads\/linija-classic\/ja_thumb.jpg\" alt=\"Model Jankovci\" width=\"65\" height=\"135\"><\/a><figcaption id=\"caption-attachment-597\" class=\"wp-caption-text\">Jankovci<\/figcaption><\/figure>\n<figure id=\"attachment_6448\" aria-describedby=\"caption-attachment-6448\" style=\"width: 65px\" class=\"wp-caption alignleft\"><a title=\"Classic \u2013 model Lovas\" href=\"https:\/\/grad-export.hr\/de\/lovas-lo\"><img loading=\"lazy\" decoding=\"async\" class=\"size-full wp-image-6448\" src=\"http:\/\/grad-export.hr\/web\/wp-content\/uploads\/lo_thumb.jpg\" alt=\"Lovas thumb\" width=\"65\" height=\"135\"><\/a><figcaption id=\"caption-attachment-6448\" class=\"wp-caption-text\">Lovas<\/figcaption><\/figure>\n<figure id=\"attachment_20126\" aria-describedby=\"caption-attachment-20126\" style=\"width: 65px\" class=\"wp-caption alignleft\"><a href=\"https:\/\/grad-export.hr\/de\/classic-modell-lug-lu\"><img loading=\"lazy\" decoding=\"async\" class=\"wp-image-20126 size-full\" src=\"https:\/\/grad-export.hr\/web\/wp-content\/uploads\/lu_thumb2.jpg\" alt=\"Lug\" width=\"65\" height=\"135\"><\/a><figcaption id=\"caption-attachment-20126\" class=\"wp-caption-text\">Lug<\/figcaption><\/figure>\n<figure id=\"attachment_601\" aria-describedby=\"caption-attachment-601\" style=\"width: 65px\" class=\"wp-caption alignleft\"><a title=\"Classic \u2013 model Marinci\" href=\"https:\/\/grad-export.hr\/de\/marinci-ma\"><img loading=\"lazy\" decoding=\"async\" class=\"size-full wp-image-601\" src=\"http:\/\/grad-export.hr\/web\/wp-content\/uploads\/linija-classic\/ma_thumb.jpg\" alt=\"Model Marinci\" width=\"65\" height=\"135\"><\/a><figcaption id=\"caption-attachment-601\" class=\"wp-caption-text\">Marinci<\/figcaption><\/figure>\n<figure id=\"attachment_20121\" aria-describedby=\"caption-attachment-20121\" style=\"width: 65px\" class=\"wp-caption alignleft\"><a href=\"https:\/\/grad-export.hr\/de\/classic-modell-mece-me\"><img loading=\"lazy\" decoding=\"async\" class=\"size-full wp-image-20121\" src=\"https:\/\/grad-export.hr\/web\/wp-content\/uploads\/me_thumb2.jpg\" alt=\"Panel Mece\" width=\"65\" height=\"135\"><\/a><figcaption id=\"caption-attachment-20121\" class=\"wp-caption-text\">Mece<\/figcaption><\/figure>\n<figure id=\"attachment_602\" aria-describedby=\"caption-attachment-602\" style=\"width: 65px\" class=\"wp-caption alignleft\"><a title=\"Classic \u2013 model Mikanovci\" href=\"https:\/\/grad-export.hr\/de\/mikanovci-mi\"><img loading=\"lazy\" decoding=\"async\" class=\"size-full wp-image-602\" src=\"http:\/\/grad-export.hr\/web\/wp-content\/uploads\/linija-classic\/mi_thumb.jpg\" alt=\"Model Mikanovci\" width=\"65\" height=\"135\"><\/a><figcaption id=\"caption-attachment-602\" class=\"wp-caption-text\">Mikanovci<\/figcaption><\/figure>\n<figure id=\"attachment_6449\" aria-describedby=\"caption-attachment-6449\" style=\"width: 65px\" class=\"wp-caption alignleft\"><a title=\"Classic \u2013 model Nijemci\" href=\"https:\/\/grad-export.hr\/de\/nijemci-ni\"><img loading=\"lazy\" decoding=\"async\" class=\"size-full wp-image-6449\" src=\"http:\/\/grad-export.hr\/web\/wp-content\/uploads\/ni_thumb.jpg\" alt=\"Nijemci thumb\" width=\"65\" height=\"135\"><\/a><figcaption id=\"caption-attachment-6449\" class=\"wp-caption-text\">Nijemci<\/figcaption><\/figure>\n<figure id=\"attachment_6450\" aria-describedby=\"caption-attachment-6450\" style=\"width: 65px\" class=\"wp-caption alignleft\"><a title=\"Classic \u2013 model Orolik\" href=\"https:\/\/grad-export.hr\/de\/orolik-or\"><img loading=\"lazy\" decoding=\"async\" class=\"size-full wp-image-6450\" src=\"http:\/\/grad-export.hr\/web\/wp-content\/uploads\/or_thumb.jpg\" alt=\"Orolik thumb\" width=\"65\" height=\"135\"><\/a><figcaption id=\"caption-attachment-6450\" class=\"wp-caption-text\">Orolik<\/figcaption><\/figure>\n<figure id=\"attachment_604\" aria-describedby=\"caption-attachment-604\" style=\"width: 65px\" class=\"wp-caption alignleft\"><a title=\"Classic \u2013 model Otok\" href=\"https:\/\/grad-export.hr\/de\/otok-ot\"><img loading=\"lazy\" decoding=\"async\" class=\"size-full wp-image-604\" src=\"http:\/\/grad-export.hr\/web\/wp-content\/uploads\/linija-classic\/ot_thumb.jpg\" alt=\"Model Otok\" width=\"65\" height=\"135\"><\/a><figcaption id=\"caption-attachment-604\" class=\"wp-caption-text\">Otok<\/figcaption><\/figure>\n<figure id=\"attachment_606\" aria-describedby=\"caption-attachment-606\" style=\"width: 65px\" class=\"wp-caption alignleft\"><a title=\"Classic \u2013 model Privlaka\" href=\"https:\/\/grad-export.hr\/de\/privlaka-pr\"><img loading=\"lazy\" decoding=\"async\" class=\"size-full wp-image-606\" src=\"http:\/\/grad-export.hr\/web\/wp-content\/uploads\/linija-classic\/pr_thumb.jpg\" alt=\"Model Privlaka\" width=\"65\" height=\"135\"><\/a><figcaption id=\"caption-attachment-606\" class=\"wp-caption-text\">Privlaka<\/figcaption><\/figure>\n<figure id=\"attachment_6451\" aria-describedby=\"caption-attachment-6451\" style=\"width: 65px\" class=\"wp-caption alignleft\"><a title=\"Classic \u2013 model Sikirevci\" href=\"https:\/\/grad-export.hr\/de\/sikirevci-si\"><img loading=\"lazy\" decoding=\"async\" class=\"size-full wp-image-6451\" src=\"http:\/\/grad-export.hr\/web\/wp-content\/uploads\/si_thumb.jpg\" alt=\"Sikirevci thumb\" width=\"65\" height=\"135\"><\/a><figcaption id=\"caption-attachment-6451\" class=\"wp-caption-text\">Sikirevci<\/figcaption><\/figure>\n<figure id=\"attachment_608\" aria-describedby=\"caption-attachment-608\" style=\"width: 65px\" class=\"wp-caption alignleft\"><a title=\"Classic \u2013 model Sopot\" href=\"https:\/\/grad-export.hr\/de\/sopot-so\"><img loading=\"lazy\" decoding=\"async\" class=\"size-full wp-image-608\" src=\"http:\/\/grad-export.hr\/web\/wp-content\/uploads\/linija-classic\/so_thumb.jpg\" alt=\"Model Sopot\" width=\"65\" height=\"135\"><\/a><figcaption id=\"caption-attachment-608\" class=\"wp-caption-text\">Sopot<\/figcaption><\/figure>\n<figure id=\"attachment_610\" aria-describedby=\"caption-attachment-610\" style=\"width: 65px\" class=\"wp-caption alignleft\"><a title=\"Classic \u2013 model Vinkovci\" href=\"https:\/\/grad-export.hr\/de\/vinkovci-vk\"><img loading=\"lazy\" decoding=\"async\" class=\"size-full wp-image-610\" src=\"http:\/\/grad-export.hr\/web\/wp-content\/uploads\/linija-classic\/vk_thumb.jpg\" alt=\"Model Vinkovci\" width=\"65\" height=\"135\"><\/a><figcaption id=\"caption-attachment-610\" class=\"wp-caption-text\">Vinkovci<\/figcaption><\/figure>\n<figure id=\"attachment_613\" aria-describedby=\"caption-attachment-613\" style=\"width: 65px\" class=\"wp-caption alignleft\"><a title=\"Classic \u2013 model \u017dupanja\" href=\"https:\/\/grad-export.hr\/de\/zupanja-zu\"><img loading=\"lazy\" decoding=\"async\" class=\"size-full wp-image-613\" src=\"http:\/\/grad-export.hr\/web\/wp-content\/uploads\/linija-classic\/zu_thumb.jpg\" alt=\"Model \u017dupanja\" width=\"65\" height=\"135\"><\/a><figcaption id=\"caption-attachment-613\" class=\"wp-caption-text\">\u017dupanja<\/figcaption><\/figure>\n<\/div>\n<p>&nbsp;<\/p>\n<p><strong>Seitenteilen<\/strong><\/p>\n<div id=\"paneli\">\n<figure id=\"attachment_605\" aria-describedby=\"caption-attachment-605\" style=\"width: 96px\" class=\"wp-caption alignnone\"><a title=\"Classic \u2013 polupaneli\" href=\"https:\/\/grad-export.hr\/de\/polupaneli-classic\"><img loading=\"lazy\" decoding=\"async\" class=\"wp-image-605 size-full\" src=\"http:\/\/grad-export.hr\/web\/wp-content\/uploads\/linija-classic\/polupanel_thumb.jpg\" alt=\"Polupaneli\" width=\"96\" height=\"135\"><\/a><figcaption id=\"caption-attachment-605\" class=\"wp-caption-text\">Classic &#8211; Seitenteilen<\/figcaption><\/figure>\n<\/div>\n","protected":false},"excerpt":{"rendered":"<p>Die Haust\u00fcrf\u00fcllungen Classic k\u00f6nnen standardm\u00e4\u00dfig verst\u00e4rkt sein (SO) oder ohne Verst\u00e4rkung (OS). Wahlweise in den St\u00e4rken 24 mm, 36 mm und 40 mm. Das verwendete Isolierglas ist ebenfalls in verschiedenen St\u00e4rken erh\u00e4ltlich. Wir bieten eine Vielzahl an Glasausf\u00fchrungen an: Ornament Gl\u00e4ser, Bleiverglasungen, Facetten, Bleiverglasungen mit Facetten, verschmolzene Gl\u00e4ser, Fl\u00fcssiggl\u00e4ser, und vieles mehr. M\u00f6glichkeit besteht Sicherheitsglas [&hellip;]<\/p>\n","protected":false},"author":1,"featured_media":592,"parent":0,"menu_order":0,"comment_status":"open","ping_status":"open","template":"","meta":{"ngg_post_thumbnail":0,"__cvm_playback_settings":[],"__cvm_video_id":"","footnotes":""},"class_list":["post-4295","page","type-page","status-publish","has-post-thumbnail","czr-hentry"],"_links":{"self":[{"href":"https:\/\/grad-export.hr\/de\/wp-json\/wp\/v2\/pages\/4295"}],"collection":[{"href":"https:\/\/grad-export.hr\/de\/wp-json\/wp\/v2\/pages"}],"about":[{"href":"https:\/\/grad-export.hr\/de\/wp-json\/wp\/v2\/types\/page"}],"author":[{"embeddable":true,"href":"https:\/\/grad-export.hr\/de\/wp-json\/wp\/v2\/users\/1"}],"replies":[{"embeddable":true,"href":"https:\/\/grad-export.hr\/de\/wp-json\/wp\/v2\/comments?post=4295"}],"version-history":[{"count":19,"href":"https:\/\/grad-export.hr\/de\/wp-json\/wp\/v2\/pages\/4295\/revisions"}],"predecessor-version":[{"id":20139,"href":"https:\/\/grad-export.hr\/de\/wp-json\/wp\/v2\/pages\/4295\/revisions\/20139"}],"wp:featuredmedia":[{"embeddable":true,"href":"https:\/\/grad-export.hr\/de\/wp-json\/wp\/v2\/media\/592"}],"wp:attachment":[{"href":"https:\/\/grad-export.hr\/de\/wp-json\/wp\/v2\/media?parent=4295"}],"curies":[{"name":"wp","href":"https:\/\/api.w.org\/{rel}","templated":true}]}}