{"id":4325,"date":"2015-04-08T18:34:37","date_gmt":"2015-04-08T18:34:37","guid":{"rendered":"http:\/\/grad-export.hr\/web\/?page_id=4325"},"modified":"2017-11-07T21:31:12","modified_gmt":"2017-11-07T21:31:12","slug":"linija-elegant","status":"publish","type":"page","link":"https:\/\/grad-export.hr\/de\/linija-elegant","title":{"rendered":"Serie \u201cElegant\u201d \u2013 Kunststoff (PVC) Haust\u00fcrf\u00fcllungen"},"content":{"rendered":"<p>Die Haust\u00fcrf\u00fcllungen Elegant k\u00f6nnen standardm\u00e4\u00dfig verst\u00e4rkt sein (SO) oder ohne Verst\u00e4rkung (OS).<br \/>\nWahlweise in den St\u00e4rken 24 mm, 36 mm und 40 mm.<br \/>\nDas verwendete Isolierglas ist ebenfalls in verschiedenen St\u00e4rken erh\u00e4ltlich.<br \/>\nWir bieten eine Vielzahl an Glasausf\u00fchrungen an: Ornament Gl\u00e4ser, Bleiverglasungen, Facetten, Bleiverglasungen mit Facetten, verschmolzene Gl\u00e4ser\u2026 Bitte beachten Sie das nur bei bestimmten F\u00fcllungen die M\u00f6glichkeit besteht Sicherheitsglas zu verwenden.<br \/>\nNeben dem klassischen Kunststoff wei\u00df f\u00fcr unsere T\u00fcrf\u00fcllungen aus dem Programm Elegant bieten wir Ihnen eine Vielzahl an Holzdekoren an.<br \/>\nApplikationen &#8211; s\u00e4mtliche Farben aus unserem PVC Angebot (wei\u00df, rot, gr\u00fcn, blau, grau, Holzdekore) sowie Edelstahlapplikationen.<br \/>\nWir bitten Sie bei der Bestellung des Seitenteiles unbedingt die gew\u00fcnschte T\u00fcrf\u00fcllung und die dazukombinierte Glasausf\u00fchrung mitanzugeben.<\/p>\n<p>&nbsp;<\/p>\n<p><strong>Elegant,<\/strong> PVC Dekorf\u00fcllungen <span style=\"color: #800000;\"><strong>900 x 1920 mm<\/strong><\/span>:<\/p>\n<div id=\"paneli\">\n<figure id=\"attachment_622\" aria-describedby=\"caption-attachment-622\" style=\"width: 65px\" class=\"wp-caption alignleft\"><a title=\"Elegant \u2013 model Kupa\" href=\"https:\/\/grad-export.hr\/de\/kup\"><img loading=\"lazy\" decoding=\"async\" class=\"wp-image-622 size-thumbnail\" src=\"http:\/\/grad-export.hr\/web\/wp-content\/uploads\/linija-elegant\/kup_thumb-65x135.jpg\" alt=\"Model Kupa\" width=\"65\" height=\"135\" \/><\/a><figcaption id=\"caption-attachment-622\" class=\"wp-caption-text\">Kupa<\/figcaption><\/figure>\n<figure id=\"attachment_621\" aria-describedby=\"caption-attachment-621\" style=\"width: 65px\" class=\"wp-caption alignleft\"><a title=\"Elegant \u2013 model Drava\" href=\"https:\/\/grad-export.hr\/de\/dra\"><img loading=\"lazy\" decoding=\"async\" class=\"wp-image-621 size-thumbnail\" src=\"http:\/\/grad-export.hr\/web\/wp-content\/uploads\/linija-elegant\/dra_thumb-65x135.jpg\" alt=\"Model Drava\" width=\"65\" height=\"135\" \/><\/a><figcaption id=\"caption-attachment-621\" class=\"wp-caption-text\">Drava<\/figcaption><\/figure>\n<figure id=\"attachment_619\" aria-describedby=\"caption-attachment-619\" style=\"width: 65px\" class=\"wp-caption alignleft\"><a title=\"Elegant \u2013 model Cetina\" href=\"https:\/\/grad-export.hr\/de\/cet\"><img loading=\"lazy\" decoding=\"async\" class=\"wp-image-619 size-thumbnail\" src=\"http:\/\/grad-export.hr\/web\/wp-content\/uploads\/linija-elegant\/cet_thumb-65x135.jpg\" alt=\"Model Cetina\" width=\"65\" height=\"135\" \/><\/a><figcaption id=\"caption-attachment-619\" class=\"wp-caption-text\">Cetina<\/figcaption><\/figure>\n<\/div>\n<p><strong>Elegant,<\/strong> PVC Dekorf\u00fcllungen <span style=\"color: #800000;\"><strong>900 x 2100 mm<\/strong><\/span>:<\/p>\n<div id=\"paneli\">\n<figure id=\"attachment_620\" aria-describedby=\"caption-attachment-620\" style=\"width: 65px\" class=\"wp-caption alignleft\"><a title=\"Elegant \u2013 model Dobra\" href=\"https:\/\/grad-export.hr\/de\/dob\"><img loading=\"lazy\" decoding=\"async\" class=\"wp-image-620 size-thumbnail\" src=\"http:\/\/grad-export.hr\/web\/wp-content\/uploads\/linija-elegant\/dob_thumb-65x135.jpg\" alt=\"Model Dobra\" width=\"65\" height=\"135\" \/><\/a><figcaption id=\"caption-attachment-620\" class=\"wp-caption-text\">Dobra<\/figcaption><\/figure>\n<figure id=\"attachment_679\" aria-describedby=\"caption-attachment-679\" style=\"width: 65px\" class=\"wp-caption alignleft\"><a href=\"https:\/\/grad-export.hr\/de\/flo\" title=\"Elegant \u2013 model Flo\"><img loading=\"lazy\" decoding=\"async\" src=\"http:\/\/grad-export.hr\/web\/wp-content\/uploads\/linija-premium\/flo_thumb.jpg\" alt=\"Model Flo\" width=\"65\" height=\"135\" class=\"size-full wp-image-679\" \/><\/a><figcaption id=\"caption-attachment-679\" class=\"wp-caption-text\">Flo<\/figcaption><\/figure>\n<figure id=\"attachment_681\" aria-describedby=\"caption-attachment-681\" style=\"width: 65px\" class=\"wp-caption alignleft\"><a href=\"https:\/\/grad-export.hr\/de\/lea\" title=\"Elegant \u2013 model Lea\"><img loading=\"lazy\" decoding=\"async\" src=\"http:\/\/grad-export.hr\/web\/wp-content\/uploads\/linija-premium\/lea_thumb.jpg\" alt=\"Model Lea\" width=\"65\" height=\"135\" class=\"size-full wp-image-681\" \/><\/a><figcaption id=\"caption-attachment-681\" class=\"wp-caption-text\">Lea<\/figcaption><\/figure>\n<figure id=\"attachment_683\" aria-describedby=\"caption-attachment-683\" style=\"width: 65px\" class=\"wp-caption alignleft\"><a href=\"https:\/\/grad-export.hr\/de\/rea\" title=\"Premium \u2013 model Rea\"><img loading=\"lazy\" decoding=\"async\" src=\"http:\/\/grad-export.hr\/web\/wp-content\/uploads\/linija-premium\/rea_thumb.jpg\" alt=\"Model Rea\" width=\"65\" height=\"135\" class=\"size-full wp-image-683\" \/><\/a><figcaption id=\"caption-attachment-683\" class=\"wp-caption-text\">Rea<\/figcaption><\/figure>\n<figure id=\"attachment_624\" aria-describedby=\"caption-attachment-624\" style=\"width: 65px\" class=\"wp-caption alignleft\"><a title=\"Elegant \u2013 model Sava\" href=\"https:\/\/grad-export.hr\/de\/sav\"><img loading=\"lazy\" decoding=\"async\" class=\"wp-image-624 size-thumbnail\" src=\"http:\/\/grad-export.hr\/web\/wp-content\/uploads\/linija-elegant\/sav_thumb-65x135.jpg\" alt=\"Model Sava\" width=\"65\" height=\"135\" \/><\/a><figcaption id=\"caption-attachment-624\" class=\"wp-caption-text\">Sava<\/figcaption><\/figure>\n<\/div>\n<p><strong>Seitenteilen<\/strong><\/p>\n<div id=\"paneli\">\n<figure id=\"attachment_623\" aria-describedby=\"caption-attachment-623\" style=\"width: 96px\" class=\"wp-caption alignleft\"><a title=\"Elegant \u2013 polupaneli\" href=\"https:\/\/grad-export.hr\/de\/polupaneli-elegant\"><img loading=\"lazy\" decoding=\"async\" class=\"wp-image-623 size-thumbnail\" src=\"http:\/\/grad-export.hr\/web\/wp-content\/uploads\/linija-elegant\/polupanel_thumb-96x135.jpg\" alt=\"Polupaneli linije Elegant\" width=\"96\" height=\"135\" \/><\/a><figcaption id=\"caption-attachment-623\" class=\"wp-caption-text\">Elegant &#8211; Seitenteilen<\/figcaption><\/figure>\n<\/div>\n","protected":false},"excerpt":{"rendered":"<p>Die Haust\u00fcrf\u00fcllungen Elegant k\u00f6nnen standardm\u00e4\u00dfig verst\u00e4rkt sein (SO) oder ohne Verst\u00e4rkung (OS). Wahlweise in den St\u00e4rken 24 mm, 36 mm und 40 mm. Das verwendete Isolierglas ist ebenfalls in verschiedenen St\u00e4rken erh\u00e4ltlich. Wir bieten eine Vielzahl an Glasausf\u00fchrungen an: Ornament Gl\u00e4ser, Bleiverglasungen, Facetten, Bleiverglasungen mit Facetten, verschmolzene Gl\u00e4ser\u2026 Bitte beachten Sie das nur bei bestimmten [&hellip;]<\/p>\n","protected":false},"author":1,"featured_media":622,"parent":0,"menu_order":0,"comment_status":"closed","ping_status":"open","template":"","meta":{"ngg_post_thumbnail":0,"__cvm_playback_settings":[],"__cvm_video_id":"","footnotes":""},"class_list":["post-4325","page","type-page","status-publish","has-post-thumbnail","czr-hentry"],"_links":{"self":[{"href":"https:\/\/grad-export.hr\/de\/wp-json\/wp\/v2\/pages\/4325"}],"collection":[{"href":"https:\/\/grad-export.hr\/de\/wp-json\/wp\/v2\/pages"}],"about":[{"href":"https:\/\/grad-export.hr\/de\/wp-json\/wp\/v2\/types\/page"}],"author":[{"embeddable":true,"href":"https:\/\/grad-export.hr\/de\/wp-json\/wp\/v2\/users\/1"}],"replies":[{"embeddable":true,"href":"https:\/\/grad-export.hr\/de\/wp-json\/wp\/v2\/comments?post=4325"}],"version-history":[{"count":9,"href":"https:\/\/grad-export.hr\/de\/wp-json\/wp\/v2\/pages\/4325\/revisions"}],"predecessor-version":[{"id":15353,"href":"https:\/\/grad-export.hr\/de\/wp-json\/wp\/v2\/pages\/4325\/revisions\/15353"}],"wp:featuredmedia":[{"embeddable":true,"href":"https:\/\/grad-export.hr\/de\/wp-json\/wp\/v2\/media\/622"}],"wp:attachment":[{"href":"https:\/\/grad-export.hr\/de\/wp-json\/wp\/v2\/media?parent=4325"}],"curies":[{"name":"wp","href":"https:\/\/api.w.org\/{rel}","templated":true}]}}