{"id":4341,"date":"2015-04-08T18:53:55","date_gmt":"2015-04-08T18:53:55","guid":{"rendered":"http:\/\/grad-export.hr\/web\/?page_id=4341"},"modified":"2017-11-07T22:10:18","modified_gmt":"2017-11-07T22:10:18","slug":"linija-exclusive","status":"publish","type":"page","link":"https:\/\/grad-export.hr\/de\/linija-exclusive","title":{"rendered":"Serie &#8220;Exclusiv&#8221;- Kunststoff (PVC) Haust\u00fcrf\u00fcllungen"},"content":{"rendered":"<p>Die Haust\u00fcrf\u00fcllungen Exclusiv  k\u00f6nnen standardm\u00e4\u00dfig verst\u00e4rkt sein (SO).<br \/>\nWahlweise in den St\u00e4rken 24 mm, 36 mm und 40 mm.<br \/>\nT\u00fcrf\u00fcllungen und Seitenteile sind in Dreifachverglasung.<br \/>\nWir bieten eine Vielzahl an Glasausf\u00fchrungen an: Ornament Gl\u00e4ser, Bleiverglasungen, Facetten, Bleiverglasungen mit Facetten\u2026<br \/>\nNeben dem klassischen Kunststoff wei\u00df f\u00fcr unsere T\u00fcrf\u00fcllungen aus dem Programm Exclusiv  bieten wir Ihnen eine Vielzahl an Holzdekoren an.<br \/>\nWir bitten Sie bei der Bestellung des Seitenteiles unbedingt die gew\u00fcnschte T\u00fcrf\u00fcllung und die dazukombinierte Glasausf\u00fchrung mitanzugeben.<br \/>\n&nbsp;<br \/>\nOriginalgr\u00f6\u00dfe: Modell Baranja = 900 x 2100 mm, Modell Panonija = 900 x 1920 mm.<br \/>\n&nbsp;<\/p>\n<div id=\"paneli\">\n<figure id=\"attachment_627\" aria-describedby=\"caption-attachment-627\" style=\"width: 65px\" class=\"wp-caption alignleft\"><a title=\"Exclusiv \u2013 model Baranja\" href=\"https:\/\/grad-export.hr\/de\/baranja-bar\"><img loading=\"lazy\" decoding=\"async\" class=\"wp-image-627 size-full\" src=\"http:\/\/grad-export.hr\/web\/wp-content\/uploads\/linija-exclusiv\/bar_thumb.jpg\" alt=\"Model Baranja\" width=\"65\" height=\"135\" \/><\/a><figcaption id=\"caption-attachment-627\" class=\"wp-caption-text\">Baranja (BAR)<\/figcaption><\/figure>\n<figure id=\"attachment_628\" aria-describedby=\"caption-attachment-628\" style=\"width: 65px\" class=\"wp-caption alignleft\"><a title=\"Exclusiv \u2013 model Panonija\" href=\"https:\/\/grad-export.hr\/de\/panonija-pan\"><img loading=\"lazy\" decoding=\"async\" class=\"wp-image-628 size-full\" src=\"http:\/\/grad-export.hr\/web\/wp-content\/uploads\/linija-exclusiv\/pan_thumb.jpg\" alt=\"Model Panonija\" width=\"65\" height=\"135\" \/><\/a><figcaption id=\"caption-attachment-628\" class=\"wp-caption-text\">Panonija (PAN)<\/figcaption><\/figure>\n<figure id=\"attachment_629\" aria-describedby=\"caption-attachment-629\" style=\"width: 96px\" class=\"wp-caption alignleft\"><a title=\"Exclusiv \u2013 polupanel Srijem\" href=\"https:\/\/grad-export.hr\/de\/polupaneli-exclusive\"><img loading=\"lazy\" decoding=\"async\" class=\"wp-image-629 size-full\" src=\"http:\/\/grad-export.hr\/web\/wp-content\/uploads\/linija-exclusiv\/polupanel_thumb.jpg\" alt=\"Polupaneli linije Exclusiv\" width=\"96\" height=\"135\" \/><\/a><figcaption id=\"caption-attachment-629\" class=\"wp-caption-text\">Seitenteilen<\/figcaption><\/figure>\n<\/div>\n","protected":false},"excerpt":{"rendered":"<p>Die Haust\u00fcrf\u00fcllungen Exclusiv k\u00f6nnen standardm\u00e4\u00dfig verst\u00e4rkt sein (SO). Wahlweise in den St\u00e4rken 24 mm, 36 mm und 40 mm. T\u00fcrf\u00fcllungen und Seitenteile sind in Dreifachverglasung. Wir bieten eine Vielzahl an Glasausf\u00fchrungen an: Ornament Gl\u00e4ser, Bleiverglasungen, Facetten, Bleiverglasungen mit Facetten\u2026 Neben dem klassischen Kunststoff wei\u00df f\u00fcr unsere T\u00fcrf\u00fcllungen aus dem Programm Exclusiv bieten wir Ihnen eine [&hellip;]<\/p>\n","protected":false},"author":1,"featured_media":627,"parent":0,"menu_order":0,"comment_status":"closed","ping_status":"open","template":"","meta":{"ngg_post_thumbnail":0,"__cvm_playback_settings":[],"__cvm_video_id":"","footnotes":""},"class_list":["post-4341","page","type-page","status-publish","has-post-thumbnail","czr-hentry"],"_links":{"self":[{"href":"https:\/\/grad-export.hr\/de\/wp-json\/wp\/v2\/pages\/4341"}],"collection":[{"href":"https:\/\/grad-export.hr\/de\/wp-json\/wp\/v2\/pages"}],"about":[{"href":"https:\/\/grad-export.hr\/de\/wp-json\/wp\/v2\/types\/page"}],"author":[{"embeddable":true,"href":"https:\/\/grad-export.hr\/de\/wp-json\/wp\/v2\/users\/1"}],"replies":[{"embeddable":true,"href":"https:\/\/grad-export.hr\/de\/wp-json\/wp\/v2\/comments?post=4341"}],"version-history":[{"count":7,"href":"https:\/\/grad-export.hr\/de\/wp-json\/wp\/v2\/pages\/4341\/revisions"}],"predecessor-version":[{"id":15379,"href":"https:\/\/grad-export.hr\/de\/wp-json\/wp\/v2\/pages\/4341\/revisions\/15379"}],"wp:featuredmedia":[{"embeddable":true,"href":"https:\/\/grad-export.hr\/de\/wp-json\/wp\/v2\/media\/627"}],"wp:attachment":[{"href":"https:\/\/grad-export.hr\/de\/wp-json\/wp\/v2\/media?parent=4341"}],"curies":[{"name":"wp","href":"https:\/\/api.w.org\/{rel}","templated":true}]}}