{"id":4381,"date":"2015-04-11T18:45:44","date_gmt":"2015-04-11T18:45:44","guid":{"rendered":"http:\/\/grad-export.hr\/web\/?page_id=4381"},"modified":"2017-11-07T21:53:50","modified_gmt":"2017-11-07T21:53:50","slug":"linija-moderna","status":"publish","type":"page","link":"https:\/\/grad-export.hr\/de\/linija-moderna","title":{"rendered":"Serie &#8220;Modern&#8221; &#8211; Kunststoff (PVC) Haust\u00fcrf\u00fcllungen"},"content":{"rendered":"<p>Die Haust\u00fcrf\u00fcllungen MODERN k\u00f6nnen standardm\u00e4\u00dfig verst\u00e4rkt sein (SO) oder ohne Verst\u00e4rkung (OS).<br \/>\nWahlweise in den St\u00e4rken 24 mm, 36 mm und 40 mm.<br \/>\nDas verwendete Isolierglas ist ebenfalls in verschiedenen St\u00e4rken erh\u00e4ltlich.<br \/>\nWir bieten eine Vielzahl an Glasausf\u00fchrungen an: Ornament Gl\u00e4ser, Bleiverglasungen, Facetten, Bleiverglasungen mit Facetten, verschmolzene Gl\u00e4ser und vieles mehr. Bitte beachten Sie das nur bei bestimmten T\u00fcrf\u00fcllungen die M\u00f6glichkeit besteht Sicherheitsglas zu verwenden.<br \/>\nNeben dem klassischen Kunststoff wei\u00df f\u00fcr unsere Haust\u00fcrf\u00fcllungen aus dem Programm MODERN bieten wir Ihnen eine Vielzahl an Holzdekoren an.<br \/>\nApplikationen &#8211; s\u00e4mtliche Farben aus unserem PVC Angebot (wei\u00df, rot, gr\u00fcn, blau, grau, Holzdekore) sowie Edelstahlapplikationen.<br \/>\nWir bitten Sie bei der Bestellung des Seitenteiles unbedingt die gew\u00fcnschte T\u00fcrf\u00fcllung und die dazukombinierte Glasausf\u00fchrung mitanzugeben.<br \/>\n&nbsp;<\/p>\n<p><strong>Modern,<\/strong> PVC Dekorf\u00fcllungen <span style=\"color: #800000;\"><strong>900 x 1920 mm<\/strong><\/span>:<\/p>\n<div id=\"paneli\">\n<figure id=\"attachment_662\" aria-describedby=\"caption-attachment-662\" style=\"width: 65px\" class=\"wp-caption alignleft\"><a title=\"Moderna \u2013 model Hum\" href=\"https:\/\/grad-export.hr\/de\/hum\"><img loading=\"lazy\" decoding=\"async\" class=\"size-full wp-image-662\" src=\"http:\/\/grad-export.hr\/web\/wp-content\/uploads\/linija-moderna\/hum_thumb.jpg\" alt=\"Model Hum\" width=\"65\" height=\"135\" \/><\/a><figcaption id=\"caption-attachment-662\" class=\"wp-caption-text\">Hum<\/figcaption><\/figure>\n<figure id=\"attachment_664\" aria-describedby=\"caption-attachment-664\" style=\"width: 65px\" class=\"wp-caption alignleft\"><a title=\"Moderna \u2013 model Krk\" href=\"https:\/\/grad-export.hr\/de\/krk\"><img loading=\"lazy\" decoding=\"async\" class=\"size-full wp-image-664\" src=\"http:\/\/grad-export.hr\/web\/wp-content\/uploads\/linija-moderna\/krk_thumb.jpg\" alt=\"Model Krk\" width=\"65\" height=\"135\" \/><\/a><figcaption id=\"caption-attachment-664\" class=\"wp-caption-text\">Krk<\/figcaption><\/figure>\n<figure id=\"attachment_665\" aria-describedby=\"caption-attachment-665\" style=\"width: 65px\" class=\"wp-caption alignleft\"><a title=\"Moderna \u2013 model Nin\" href=\"https:\/\/grad-export.hr\/de\/nin\"><img loading=\"lazy\" decoding=\"async\" class=\"size-full wp-image-665\" src=\"http:\/\/grad-export.hr\/web\/wp-content\/uploads\/linija-moderna\/nin_thumb.jpg\" alt=\"Model Nin\" width=\"65\" height=\"135\" \/><\/a><figcaption id=\"caption-attachment-665\" class=\"wp-caption-text\">Nin<\/figcaption><\/figure>\n<figure id=\"attachment_668\" aria-describedby=\"caption-attachment-668\" style=\"width: 65px\" class=\"wp-caption alignleft\"><a title=\"Moderna \u2013 model Rab\" href=\"https:\/\/grad-export.hr\/de\/rab\"><img loading=\"lazy\" decoding=\"async\" class=\"size-full wp-image-668\" src=\"http:\/\/grad-export.hr\/web\/wp-content\/uploads\/linija-moderna\/rab_thumb.jpg\" alt=\"Model Rab\" width=\"65\" height=\"135\" \/><\/a><figcaption id=\"caption-attachment-668\" class=\"wp-caption-text\">Rab<\/figcaption><\/figure>\n<figure id=\"attachment_670\" aria-describedby=\"caption-attachment-670\" style=\"width: 65px\" class=\"wp-caption alignleft\"><a title=\"Moderna \u2013 model Vis\" href=\"https:\/\/grad-export.hr\/de\/vis\"><img loading=\"lazy\" decoding=\"async\" class=\"size-full wp-image-670\" src=\"http:\/\/grad-export.hr\/web\/wp-content\/uploads\/linija-moderna\/vis_thumb.jpg\" alt=\"Model Vis\" width=\"65\" height=\"135\" \/><\/a><figcaption id=\"caption-attachment-670\" class=\"wp-caption-text\">Vis<\/figcaption><\/figure>\n<figure id=\"attachment_672\" aria-describedby=\"caption-attachment-672\" style=\"width: 65px\" class=\"wp-caption alignleft\"><a title=\"Moderna \u2013 model \u017dut\" href=\"https:\/\/grad-export.hr\/de\/zut\"><img loading=\"lazy\" decoding=\"async\" class=\"size-full wp-image-672\" src=\"http:\/\/grad-export.hr\/web\/wp-content\/uploads\/linija-moderna\/zut_thumb.jpg\" alt=\"Model \u017dut\" width=\"65\" height=\"135\" \/><\/a><figcaption id=\"caption-attachment-672\" class=\"wp-caption-text\">\u017dut<\/figcaption><\/figure>\n<\/div>\n<p><strong>Modern,<\/strong> PVC Dekorf\u00fcllungen <span style=\"color: #800000;\"><strong>900 x 2100 mm<\/strong><\/span>:<\/p>\n<div id=\"paneli\">\n<figure id=\"attachment_661\" aria-describedby=\"caption-attachment-661\" style=\"width: 65px\" class=\"wp-caption alignleft\"><a title=\"Moderna \u2013 model Bol\" href=\"https:\/\/grad-export.hr\/de\/bol\"><img loading=\"lazy\" decoding=\"async\" class=\"size-full wp-image-661\" src=\"http:\/\/grad-export.hr\/web\/wp-content\/uploads\/linija-moderna\/bol_thumb.jpg\" alt=\"Model Bol\" width=\"65\" height=\"135\" \/><\/a><figcaption id=\"caption-attachment-661\" class=\"wp-caption-text\">Bol<\/figcaption><\/figure>\n<figure id=\"attachment_663\" aria-describedby=\"caption-attachment-663\" style=\"width: 65px\" class=\"wp-caption alignleft\"><a title=\"Moderna \u2013 model Ist\" href=\"https:\/\/grad-export.hr\/de\/ist\"><img loading=\"lazy\" decoding=\"async\" class=\"size-full wp-image-663\" src=\"http:\/\/grad-export.hr\/web\/wp-content\/uploads\/linija-moderna\/ist_thumb.jpg\" alt=\"Model Ist\" width=\"65\" height=\"135\" \/><\/a><figcaption id=\"caption-attachment-663\" class=\"wp-caption-text\">Ist<\/figcaption><\/figure>\n<figure id=\"attachment_666\" aria-describedby=\"caption-attachment-666\" style=\"width: 65px\" class=\"wp-caption alignleft\"><a title=\"Moderna \u2013 model Pag\" href=\"https:\/\/grad-export.hr\/de\/pag\"><img loading=\"lazy\" decoding=\"async\" class=\"size-full wp-image-666\" src=\"http:\/\/grad-export.hr\/web\/wp-content\/uploads\/linija-moderna\/pag_thumb.jpg\" alt=\"Model Pag\" width=\"65\" height=\"135\" \/><\/a><figcaption id=\"caption-attachment-666\" class=\"wp-caption-text\">Pag<\/figcaption><\/figure>\n<figure id=\"attachment_669\" aria-describedby=\"caption-attachment-669\" style=\"width: 65px\" class=\"wp-caption alignleft\"><a title=\"Moderna \u2013 model Vir\" href=\"https:\/\/grad-export.hr\/de\/vir\"><img loading=\"lazy\" decoding=\"async\" class=\"size-full wp-image-669\" src=\"http:\/\/grad-export.hr\/web\/wp-content\/uploads\/linija-moderna\/vir_thumb.jpg\" alt=\"Model Vir\" width=\"65\" height=\"135\" \/><\/a><figcaption id=\"caption-attachment-669\" class=\"wp-caption-text\">Vir<\/figcaption><\/figure>\n<figure id=\"attachment_671\" aria-describedby=\"caption-attachment-671\" style=\"width: 65px\" class=\"wp-caption alignleft\"><a title=\"Moderna \u2013 model Vrh\" href=\"https:\/\/grad-export.hr\/de\/vrh\"><img loading=\"lazy\" decoding=\"async\" class=\"size-full wp-image-671\" src=\"http:\/\/grad-export.hr\/web\/wp-content\/uploads\/linija-moderna\/vrh_thumb.jpg\" alt=\"Model Vrh\" width=\"65\" height=\"135\" \/><\/a><figcaption id=\"caption-attachment-671\" class=\"wp-caption-text\">Vrh<\/figcaption><\/figure>\n<\/div>\n<p><strong>Seitenteilen<\/strong><\/p>\n<div id=\"paneli\">\n<figure id=\"attachment_667\" aria-describedby=\"caption-attachment-667\" style=\"width: 96px\" class=\"wp-caption alignleft\"><a title=\"Moderna \u2013 polupaneli\" href=\"https:\/\/grad-export.hr\/de\/polupaneli-moderna\"><img loading=\"lazy\" decoding=\"async\" class=\"size-full wp-image-667\" src=\"http:\/\/grad-export.hr\/web\/wp-content\/uploads\/linija-moderna\/polupanel_thumb.jpg\" alt=\"Polupaneli linije Moderna\" width=\"96\" height=\"135\" \/><\/a><figcaption id=\"caption-attachment-667\" class=\"wp-caption-text\">Modern &#8211; Seitenteilen<\/figcaption><\/figure>\n<\/div>\n","protected":false},"excerpt":{"rendered":"<p>Die Haust\u00fcrf\u00fcllungen MODERN k\u00f6nnen standardm\u00e4\u00dfig verst\u00e4rkt sein (SO) oder ohne Verst\u00e4rkung (OS). Wahlweise in den St\u00e4rken 24 mm, 36 mm und 40 mm. Das verwendete Isolierglas ist ebenfalls in verschiedenen St\u00e4rken erh\u00e4ltlich. Wir bieten eine Vielzahl an Glasausf\u00fchrungen an: Ornament Gl\u00e4ser, Bleiverglasungen, Facetten, Bleiverglasungen mit Facetten, verschmolzene Gl\u00e4ser und vieles mehr. Bitte beachten Sie das [&hellip;]<\/p>\n","protected":false},"author":1,"featured_media":662,"parent":0,"menu_order":0,"comment_status":"closed","ping_status":"open","template":"","meta":{"ngg_post_thumbnail":0,"__cvm_playback_settings":[],"__cvm_video_id":"","footnotes":""},"class_list":["post-4381","page","type-page","status-publish","has-post-thumbnail","czr-hentry"],"_links":{"self":[{"href":"https:\/\/grad-export.hr\/de\/wp-json\/wp\/v2\/pages\/4381"}],"collection":[{"href":"https:\/\/grad-export.hr\/de\/wp-json\/wp\/v2\/pages"}],"about":[{"href":"https:\/\/grad-export.hr\/de\/wp-json\/wp\/v2\/types\/page"}],"author":[{"embeddable":true,"href":"https:\/\/grad-export.hr\/de\/wp-json\/wp\/v2\/users\/1"}],"replies":[{"embeddable":true,"href":"https:\/\/grad-export.hr\/de\/wp-json\/wp\/v2\/comments?post=4381"}],"version-history":[{"count":9,"href":"https:\/\/grad-export.hr\/de\/wp-json\/wp\/v2\/pages\/4381\/revisions"}],"predecessor-version":[{"id":15364,"href":"https:\/\/grad-export.hr\/de\/wp-json\/wp\/v2\/pages\/4381\/revisions\/15364"}],"wp:featuredmedia":[{"embeddable":true,"href":"https:\/\/grad-export.hr\/de\/wp-json\/wp\/v2\/media\/662"}],"wp:attachment":[{"href":"https:\/\/grad-export.hr\/de\/wp-json\/wp\/v2\/media?parent=4381"}],"curies":[{"name":"wp","href":"https:\/\/api.w.org\/{rel}","templated":true}]}}