{"id":4406,"date":"2015-04-11T19:19:42","date_gmt":"2015-04-11T19:19:42","guid":{"rendered":"http:\/\/grad-export.hr\/web\/?page_id=4406"},"modified":"2017-11-07T21:35:44","modified_gmt":"2017-11-07T21:35:44","slug":"linija-premium","status":"publish","type":"page","link":"https:\/\/grad-export.hr\/de\/linija-premium","title":{"rendered":"Serie &#8220;Premium&#8221; &#8211; Kunststoff (PVC) Haust\u00fcrf\u00fcllungen"},"content":{"rendered":"<p>Die Haust\u00fcrf\u00fcllungen Premium &#8211; PVC  k\u00f6nnen standardm\u00e4\u00dfig verst\u00e4rkt sein (SO) oder ohne Verst\u00e4rkung (OS).<br \/>\nWahlweise in den St\u00e4rken 24 mm, 36 mm und 40 mm.<br \/>\nDas verwendete Isolierglas ist ebenfalls in verschiedenen St\u00e4rken erh\u00e4ltlich.<br \/>\nWir bieten eine Vielzahl an Glasausf\u00fchrungen an: Ornament Gl\u00e4ser, Bleiverglasungen, Facetten, Bleiverglasungen mit Facetten\u2026<br \/>\nBitte beachten Sie das nur bei bestimmten T\u00fcrf\u00fcllungen die M\u00f6glichkeit besteht Sicherheitsglas zu verwenden.<br \/>\nNeben dem klassischen Kunststoff wei\u00df f\u00fcr unsere T\u00fcrf\u00fcllungen aus dem Programm Premium bieten wir Ihnen eine Vielzahl an Holzdekoren an.<br \/>\nApplikationen &#8211; s\u00e4mtliche Farben aus unserem PVC Angebot (wei\u00df, rot, gr\u00fcn, blau, grau, Holzdekore) sowie Edelstahlapplikationen.<br \/>\nWir bitten Sie bei der Bestellung des Seitenteiles unbedingt die gew\u00fcnschte T\u00fcrf\u00fcllung und die dazu kombinierte Glasausf\u00fchrung mitanzugeben.<br \/>\n&nbsp;<\/p>\n<p><strong>Premium,<\/strong> PVC Dekorf\u00fcllungen <span style=\"color: #800000;\"><strong>900 x 2100 mm<\/strong><\/span>:<\/p>\n<div id=\"paneli\">\n<figure id=\"attachment_675\" aria-describedby=\"caption-attachment-675\" style=\"width: 65px\" class=\"wp-caption alignleft\"><a title=\"Premium \u2013 model ANA\" href=\"https:\/\/grad-export.hr\/de\/ana\"><img loading=\"lazy\" decoding=\"async\" class=\"size-full wp-image-675\" src=\"http:\/\/grad-export.hr\/web\/wp-content\/uploads\/linija-premium\/ana_thumb.jpg\" alt=\"Model Ana\" width=\"65\" height=\"135\" \/><\/a><figcaption id=\"caption-attachment-675\" class=\"wp-caption-text\">Ana<\/figcaption><\/figure>\n<figure id=\"attachment_676\" aria-describedby=\"caption-attachment-676\" style=\"width: 65px\" class=\"wp-caption alignleft\"><a title=\"Premium \u2013 model Dea\" href=\"https:\/\/grad-export.hr\/de\/dea\"><img loading=\"lazy\" decoding=\"async\" class=\"size-full wp-image-676\" src=\"http:\/\/grad-export.hr\/web\/wp-content\/uploads\/linija-premium\/dea_thumb.jpg\" alt=\"Model Dea\" width=\"65\" height=\"135\" \/><\/a><figcaption id=\"caption-attachment-676\" class=\"wp-caption-text\">Dea<\/figcaption><\/figure>\n<figure id=\"attachment_678\" aria-describedby=\"caption-attachment-678\" style=\"width: 65px\" class=\"wp-caption alignleft\"><a title=\"Premium \u2013 model Eva\" href=\"https:\/\/grad-export.hr\/de\/eva\"><img loading=\"lazy\" decoding=\"async\" class=\"size-full wp-image-678\" src=\"http:\/\/grad-export.hr\/web\/wp-content\/uploads\/linija-premium\/eva_thumb.jpg\" alt=\"Model Eva\" width=\"65\" height=\"135\" \/><\/a><figcaption id=\"caption-attachment-678\" class=\"wp-caption-text\">Eva<\/figcaption><\/figure>\n<figure id=\"attachment_684\" aria-describedby=\"caption-attachment-684\" style=\"width: 65px\" class=\"wp-caption alignleft\"><a title=\"Premium \u2013 model Tea\" href=\"https:\/\/grad-export.hr\/de\/tea\"><img loading=\"lazy\" decoding=\"async\" class=\"size-full wp-image-684\" src=\"http:\/\/grad-export.hr\/web\/wp-content\/uploads\/linija-premium\/tea_thumb.jpg\" alt=\"Model Tea\" width=\"65\" height=\"135\" \/><\/a><figcaption id=\"caption-attachment-684\" class=\"wp-caption-text\">Tea<\/figcaption><\/figure>\n<\/div>\n<p><strong>Premium,<\/strong> PVC Dekorf\u00fcllungen <span style=\"color: #800000;\"><strong>900 x 1920\u00a0mm<\/strong><\/span>:<\/p>\n<div id=\"paneli\">\n<figure id=\"attachment_677\" aria-describedby=\"caption-attachment-677\" style=\"width: 65px\" class=\"wp-caption alignleft\"><a title=\"Premium \u2013 model Ela\" href=\"https:\/\/grad-export.hr\/de\/ela\"><img loading=\"lazy\" decoding=\"async\" class=\"size-full wp-image-677\" src=\"http:\/\/grad-export.hr\/web\/wp-content\/uploads\/linija-premium\/ela_thumb.jpg\" alt=\"Model Ela\" width=\"65\" height=\"135\" \/><\/a><figcaption id=\"caption-attachment-677\" class=\"wp-caption-text\">Ela<\/figcaption><\/figure>\n<figure id=\"attachment_680\" aria-describedby=\"caption-attachment-680\" style=\"width: 65px\" class=\"wp-caption alignleft\"><a title=\"Premium \u2013 model Iva\" href=\"https:\/\/grad-export.hr\/de\/iva\"><img loading=\"lazy\" decoding=\"async\" class=\"size-full wp-image-680\" src=\"http:\/\/grad-export.hr\/web\/wp-content\/uploads\/linija-premium\/iva_thumb.jpg\" alt=\"Model Iva\" width=\"65\" height=\"135\" \/><\/a><figcaption id=\"caption-attachment-680\" class=\"wp-caption-text\">Iva<\/figcaption><\/figure>\n<\/div>\n<p><strong>Seitenteilen<\/strong><\/p>\n<div id=\"paneli\">\n<figure id=\"attachment_682\" aria-describedby=\"caption-attachment-682\" style=\"width: 96px\" class=\"wp-caption alignleft\"><a title=\"Premium \u2013 polupaneli\" href=\"https:\/\/grad-export.hr\/de\/polupaneli-premium\"><img loading=\"lazy\" decoding=\"async\" class=\"size-full wp-image-682\" src=\"http:\/\/grad-export.hr\/web\/wp-content\/uploads\/linija-premium\/polupanel_thumb.jpg\" alt=\"Polupaneli linije Premium\" width=\"96\" height=\"135\" \/><\/a><figcaption id=\"caption-attachment-682\" class=\"wp-caption-text\">Premium &#8211; Seitenteilen<\/figcaption><\/figure>\n<\/div>\n","protected":false},"excerpt":{"rendered":"<p>Die Haust\u00fcrf\u00fcllungen Premium &#8211; PVC k\u00f6nnen standardm\u00e4\u00dfig verst\u00e4rkt sein (SO) oder ohne Verst\u00e4rkung (OS). Wahlweise in den St\u00e4rken 24 mm, 36 mm und 40 mm. Das verwendete Isolierglas ist ebenfalls in verschiedenen St\u00e4rken erh\u00e4ltlich. Wir bieten eine Vielzahl an Glasausf\u00fchrungen an: Ornament Gl\u00e4ser, Bleiverglasungen, Facetten, Bleiverglasungen mit Facetten\u2026 Bitte beachten Sie das nur bei bestimmten [&hellip;]<\/p>\n","protected":false},"author":1,"featured_media":675,"parent":0,"menu_order":0,"comment_status":"closed","ping_status":"open","template":"","meta":{"ngg_post_thumbnail":0,"__cvm_playback_settings":[],"__cvm_video_id":"","footnotes":""},"class_list":["post-4406","page","type-page","status-publish","has-post-thumbnail","czr-hentry"],"_links":{"self":[{"href":"https:\/\/grad-export.hr\/de\/wp-json\/wp\/v2\/pages\/4406"}],"collection":[{"href":"https:\/\/grad-export.hr\/de\/wp-json\/wp\/v2\/pages"}],"about":[{"href":"https:\/\/grad-export.hr\/de\/wp-json\/wp\/v2\/types\/page"}],"author":[{"embeddable":true,"href":"https:\/\/grad-export.hr\/de\/wp-json\/wp\/v2\/users\/1"}],"replies":[{"embeddable":true,"href":"https:\/\/grad-export.hr\/de\/wp-json\/wp\/v2\/comments?post=4406"}],"version-history":[{"count":8,"href":"https:\/\/grad-export.hr\/de\/wp-json\/wp\/v2\/pages\/4406\/revisions"}],"predecessor-version":[{"id":15358,"href":"https:\/\/grad-export.hr\/de\/wp-json\/wp\/v2\/pages\/4406\/revisions\/15358"}],"wp:featuredmedia":[{"embeddable":true,"href":"https:\/\/grad-export.hr\/de\/wp-json\/wp\/v2\/media\/675"}],"wp:attachment":[{"href":"https:\/\/grad-export.hr\/de\/wp-json\/wp\/v2\/media?parent=4406"}],"curies":[{"name":"wp","href":"https:\/\/api.w.org\/{rel}","templated":true}]}}