{"id":4429,"date":"2015-04-11T19:47:52","date_gmt":"2015-04-11T19:47:52","guid":{"rendered":"http:\/\/grad-export.hr\/web\/?page_id=4429"},"modified":"2017-11-07T22:01:14","modified_gmt":"2017-11-07T22:01:14","slug":"linija-vizual","status":"publish","type":"page","link":"https:\/\/grad-export.hr\/de\/linija-vizual","title":{"rendered":"Serie &#8220;Vizual&#8221; &#8211; Kunststoff (PVC) Haust\u00fcrf\u00fcllungen"},"content":{"rendered":"<p>Die Haust\u00fcrf\u00fcllungen Visual k\u00f6nnen standardm\u00e4\u00dfig verst\u00e4rkt sein (SO).<br \/>\nWahlweise in den St\u00e4rken 24 mm, 36 mm und 40 mm.<br \/>\nDas verwendete Isolierglas ist ebenfalls in verschiedenen St\u00e4rken erh\u00e4ltlich.<br \/>\nWir bieten eine Vielzahl an Glasausf\u00fchrungen an: Ornament Gl\u00e4ser, Bleiverglasungen, Facetten, Bleiverglasungen mit Facetten\u2026 Wir haben die M\u00f6glichkeit in s\u00e4mtlichen T\u00fcrf\u00fcllungen im Programm Visual, Sicherheitsglas zu verwenden.<br \/>\nNeben dem klassischen Kunststoff wei\u00df f\u00fcr unsere T\u00fcrf\u00fcllungen aus dem Programm visual bieten wir Ihnen eine Vielzahl an Holzdekoren an.<br \/>\nApplikationen &#8211; s\u00e4mtliche Farben aus unserem HPL Angebot.<br \/>\nWir bitten Sie bei der Bestellung des Seitenteiles unbedingt die gew\u00fcnschte T\u00fcrf\u00fcllung und die dazukombinierte Glasausf\u00fchrung mitanzugeben.<br \/>\n&nbsp;<br \/>\nOriginalgr\u00f6\u00dfe: 900 x 2100 mm (mit Ausnahme des Modells IT= 900 x 1920 mm).<br \/>\n&nbsp;<\/p>\n<div id=\"paneli\">\n<figure id=\"attachment_695\" aria-describedby=\"caption-attachment-695\" style=\"width: 65px\" class=\"wp-caption alignleft\"><a title=\"Vizual \u2013 model CH\" href=\"https:\/\/grad-export.hr\/de\/model-ch\"><img loading=\"lazy\" decoding=\"async\" class=\"size-full wp-image-695\" src=\"http:\/\/grad-export.hr\/web\/wp-content\/uploads\/linija-vizual\/ch_thumb.jpg\" alt=\"Model CH\" width=\"65\" height=\"135\" \/><\/a><figcaption id=\"caption-attachment-695\" class=\"wp-caption-text\">CH<\/figcaption><\/figure>\n<figure id=\"attachment_696\" aria-describedby=\"caption-attachment-696\" style=\"width: 65px\" class=\"wp-caption alignleft\"><a title=\"Vizual \u2013 model DK\" href=\"https:\/\/grad-export.hr\/de\/model-dk\"><img loading=\"lazy\" decoding=\"async\" class=\"size-full wp-image-696\" src=\"http:\/\/grad-export.hr\/web\/wp-content\/uploads\/linija-vizual\/dk_thumb.jpg\" alt=\"Model DK\" width=\"65\" height=\"135\" \/><\/a><figcaption id=\"caption-attachment-696\" class=\"wp-caption-text\">DK<\/figcaption><\/figure>\n<figure id=\"attachment_697\" aria-describedby=\"caption-attachment-697\" style=\"width: 65px\" class=\"wp-caption alignleft\"><a title=\"Vizual \u2013 model FR\" href=\"https:\/\/grad-export.hr\/de\/model-fr\"><img loading=\"lazy\" decoding=\"async\" class=\"size-full wp-image-697\" src=\"http:\/\/grad-export.hr\/web\/wp-content\/uploads\/linija-vizual\/fr_thumb.jpg\" alt=\"Model FR\" width=\"65\" height=\"135\" \/><\/a><figcaption id=\"caption-attachment-697\" class=\"wp-caption-text\">FR<\/figcaption><\/figure>\n<figure id=\"attachment_698\" aria-describedby=\"caption-attachment-698\" style=\"width: 65px\" class=\"wp-caption alignleft\"><a title=\"Vizual \u2013 model HU\" href=\"https:\/\/grad-export.hr\/de\/model-hu\"><img loading=\"lazy\" decoding=\"async\" class=\"size-full wp-image-698\" src=\"http:\/\/grad-export.hr\/web\/wp-content\/uploads\/linija-vizual\/hu_thumb.jpg\" alt=\"Model HU\" width=\"65\" height=\"135\" \/><\/a><figcaption id=\"caption-attachment-698\" class=\"wp-caption-text\">HU<\/figcaption><\/figure>\n<figure id=\"attachment_699\" aria-describedby=\"caption-attachment-699\" style=\"width: 65px\" class=\"wp-caption alignleft\"><a title=\"Vizual \u2013 model IT\" href=\"https:\/\/grad-export.hr\/de\/model-it\"><img loading=\"lazy\" decoding=\"async\" class=\"size-full wp-image-699\" src=\"http:\/\/grad-export.hr\/web\/wp-content\/uploads\/linija-vizual\/it_thumb.jpg\" alt=\"Model IT\" width=\"65\" height=\"135\" \/><\/a><figcaption id=\"caption-attachment-699\" class=\"wp-caption-text\">IT<\/figcaption><\/figure>\n<figure id=\"attachment_700\" aria-describedby=\"caption-attachment-700\" style=\"width: 65px\" class=\"wp-caption alignleft\"><a title=\"Vizual \u2013 model NL\" href=\"https:\/\/grad-export.hr\/de\/model-nl\"><img loading=\"lazy\" decoding=\"async\" class=\"size-full wp-image-700\" src=\"http:\/\/grad-export.hr\/web\/wp-content\/uploads\/linija-vizual\/nl_thumb.jpg\" alt=\"Model NL\" width=\"65\" height=\"135\" \/><\/a><figcaption id=\"caption-attachment-700\" class=\"wp-caption-text\">NL<\/figcaption><\/figure>\n<figure id=\"attachment_701\" aria-describedby=\"caption-attachment-701\" style=\"width: 96px\" class=\"wp-caption alignleft\"><a title=\"Vizual \u2013 polupaneli\" href=\"https:\/\/grad-export.hr\/de\/polupaneli-vizual\"><img loading=\"lazy\" decoding=\"async\" class=\"size-full wp-image-701\" src=\"http:\/\/grad-export.hr\/web\/wp-content\/uploads\/linija-vizual\/polupaneli_thumb.jpg\" alt=\"Polupaneli linije Vizual\" width=\"96\" height=\"135\" \/><\/a><figcaption id=\"caption-attachment-701\" class=\"wp-caption-text\">Seitenteilen<\/figcaption><\/figure>\n<\/div>\n","protected":false},"excerpt":{"rendered":"<p>Die Haust\u00fcrf\u00fcllungen Visual k\u00f6nnen standardm\u00e4\u00dfig verst\u00e4rkt sein (SO). Wahlweise in den St\u00e4rken 24 mm, 36 mm und 40 mm. Das verwendete Isolierglas ist ebenfalls in verschiedenen St\u00e4rken erh\u00e4ltlich. Wir bieten eine Vielzahl an Glasausf\u00fchrungen an: Ornament Gl\u00e4ser, Bleiverglasungen, Facetten, Bleiverglasungen mit Facetten\u2026 Wir haben die M\u00f6glichkeit in s\u00e4mtlichen T\u00fcrf\u00fcllungen im Programm Visual, Sicherheitsglas zu verwenden. [&hellip;]<\/p>\n","protected":false},"author":1,"featured_media":695,"parent":0,"menu_order":0,"comment_status":"closed","ping_status":"open","template":"","meta":{"ngg_post_thumbnail":0,"__cvm_playback_settings":[],"__cvm_video_id":"","footnotes":""},"class_list":["post-4429","page","type-page","status-publish","has-post-thumbnail","czr-hentry"],"_links":{"self":[{"href":"https:\/\/grad-export.hr\/de\/wp-json\/wp\/v2\/pages\/4429"}],"collection":[{"href":"https:\/\/grad-export.hr\/de\/wp-json\/wp\/v2\/pages"}],"about":[{"href":"https:\/\/grad-export.hr\/de\/wp-json\/wp\/v2\/types\/page"}],"author":[{"embeddable":true,"href":"https:\/\/grad-export.hr\/de\/wp-json\/wp\/v2\/users\/1"}],"replies":[{"embeddable":true,"href":"https:\/\/grad-export.hr\/de\/wp-json\/wp\/v2\/comments?post=4429"}],"version-history":[{"count":8,"href":"https:\/\/grad-export.hr\/de\/wp-json\/wp\/v2\/pages\/4429\/revisions"}],"predecessor-version":[{"id":15369,"href":"https:\/\/grad-export.hr\/de\/wp-json\/wp\/v2\/pages\/4429\/revisions\/15369"}],"wp:featuredmedia":[{"embeddable":true,"href":"https:\/\/grad-export.hr\/de\/wp-json\/wp\/v2\/media\/695"}],"wp:attachment":[{"href":"https:\/\/grad-export.hr\/de\/wp-json\/wp\/v2\/media?parent=4429"}],"curies":[{"name":"wp","href":"https:\/\/api.w.org\/{rel}","templated":true}]}}