{"id":4453,"date":"2015-04-11T20:17:13","date_gmt":"2015-04-11T20:17:13","guid":{"rendered":"http:\/\/grad-export.hr\/web\/?page_id=4453"},"modified":"2017-11-07T22:13:48","modified_gmt":"2017-11-07T22:13:48","slug":"linija-standard","status":"publish","type":"page","link":"https:\/\/grad-export.hr\/de\/linija-standard","title":{"rendered":"Serie &#8220;Standard&#8221; &#8211; Kunststoff (PVC) Haust\u00fcrf\u00fcllungen"},"content":{"rendered":"<p>Einfache T\u00fcrf\u00fcllungen von einem klassichen Design unterscheiden sich von der Linie Classic nach einer weniger ausgepr\u00e4gten Bordierung, weniger Glasdekorationen und einem niedrigeren Preis.<br \/>\nStandard St\u00e4rke der T\u00fcrf\u00fcllung betr\u00e4gt 24 mm, ohne Verst\u00e4rkung (Bezeichnung OS). Standard Farbe von PVC ist wei\u00df.<br \/>\nDie Gl\u00e4ser in den T\u00fcrf\u00fcllungen sind Isoliergl\u00e4ser. Die Ausf\u00fchrungen von Glas sind AB und DK, in einigen Ausf\u00fchrungen mit einer wei\u00dfen dekorativen Latten.<br \/>\nAlle zus\u00e4tliche Optionen sind auf Nachfrage erh\u00e4ltlich.<br \/>\n&nbsp;<br \/>\n<strong>Standard,<\/strong> PVC Dekorf\u00fcllungen <span style=\"color: #800000;\"><strong>900 x 1920 mm<\/strong><\/span>:<\/p>\n<div id=\"paneli\">\n<figure id=\"attachment_687\" aria-describedby=\"caption-attachment-687\" style=\"width: 65px\" class=\"wp-caption alignleft\"><a title=\"Standard \u2013 model Dinara\" href=\"https:\/\/grad-export.hr\/de\/dinara\"><img loading=\"lazy\" decoding=\"async\" class=\"size-full wp-image-687\" src=\"http:\/\/grad-export.hr\/web\/wp-content\/uploads\/linija-standard\/di_thumb.jpg\" alt=\"Model Dinara\" width=\"65\" height=\"135\" \/><\/a><figcaption id=\"caption-attachment-687\" class=\"wp-caption-text\">Dinara<\/figcaption><\/figure>\n<figure id=\"attachment_688\" aria-describedby=\"caption-attachment-688\" style=\"width: 65px\" class=\"wp-caption alignleft\"><a title=\"Standard \u2013 model Mosor\" href=\"https:\/\/grad-export.hr\/de\/mosor\"><img loading=\"lazy\" decoding=\"async\" class=\"size-full wp-image-688\" src=\"http:\/\/grad-export.hr\/web\/wp-content\/uploads\/linija-standard\/mo_thumb.jpg\" alt=\"Model Mosor\" width=\"65\" height=\"135\" \/><\/a><figcaption id=\"caption-attachment-688\" class=\"wp-caption-text\">Mosor<\/figcaption><\/figure>\n<figure id=\"attachment_690\" aria-describedby=\"caption-attachment-690\" style=\"width: 65px\" class=\"wp-caption alignleft\"><a title=\"Standard \u2013 model Svilaj\" href=\"https:\/\/grad-export.hr\/de\/svilaj\"><img loading=\"lazy\" decoding=\"async\" class=\"size-full wp-image-690\" src=\"http:\/\/grad-export.hr\/web\/wp-content\/uploads\/linija-standard\/sv_thumb.jpg\" alt=\"Model Svilaj\" width=\"65\" height=\"135\" \/><\/a><figcaption id=\"caption-attachment-690\" class=\"wp-caption-text\">Svilaj<\/figcaption><\/figure>\n<\/div>\n<p><strong>Standard,<\/strong> PVC Dekorf\u00fcllungen <span style=\"color: #800000;\"><strong>900 x 2100 mm<\/strong><\/span>:<\/p>\n<div id=\"paneli\">\n<figure id=\"attachment_691\" aria-describedby=\"caption-attachment-691\" style=\"width: 65px\" class=\"wp-caption alignleft\"><a title=\"Standard \u2013 model U\u010dka\" href=\"https:\/\/grad-export.hr\/de\/ucka\"><img loading=\"lazy\" decoding=\"async\" class=\"size-full wp-image-691\" src=\"http:\/\/grad-export.hr\/web\/wp-content\/uploads\/linija-standard\/uc_thumb.jpg\" alt=\"Model U\u010dka\" width=\"65\" height=\"135\" \/><\/a><figcaption id=\"caption-attachment-691\" class=\"wp-caption-text\">U\u010dka<\/figcaption><\/figure>\n<figure id=\"attachment_692\" aria-describedby=\"caption-attachment-692\" style=\"width: 65px\" class=\"wp-caption alignleft\"><a title=\"Standard \u2013 model Velebit\" href=\"https:\/\/grad-export.hr\/de\/velebit\"><img loading=\"lazy\" decoding=\"async\" class=\"size-full wp-image-692\" src=\"http:\/\/grad-export.hr\/web\/wp-content\/uploads\/linija-standard\/ve_thumb.jpg\" alt=\"Model Velebit\" width=\"65\" height=\"135\" \/><\/a><figcaption id=\"caption-attachment-692\" class=\"wp-caption-text\">Velebit<\/figcaption><\/figure>\n<\/div>\n<p><strong>Seitenteilen<\/strong><\/p>\n<div id=\"paneli\">\n<figure id=\"attachment_689\" aria-describedby=\"caption-attachment-689\" style=\"width: 96px\" class=\"wp-caption alignleft\"><a title=\"Standard \u2013 polupaneli\" href=\"https:\/\/grad-export.hr\/de\/polupaneli-standard\"><img loading=\"lazy\" decoding=\"async\" class=\"size-full wp-image-689\" src=\"http:\/\/grad-export.hr\/web\/wp-content\/uploads\/linija-standard\/polupaneli_thumb.jpg\" alt=\"Polupaneli linije Standard\" width=\"96\" height=\"135\" \/><\/a><figcaption id=\"caption-attachment-689\" class=\"wp-caption-text\">Standard &#8211; Seitenteilen<\/figcaption><\/figure>\n<\/div>\n","protected":false},"excerpt":{"rendered":"<p>Einfache T\u00fcrf\u00fcllungen von einem klassichen Design unterscheiden sich von der Linie Classic nach einer weniger ausgepr\u00e4gten Bordierung, weniger Glasdekorationen und einem niedrigeren Preis. Standard St\u00e4rke der T\u00fcrf\u00fcllung betr\u00e4gt 24 mm, ohne Verst\u00e4rkung (Bezeichnung OS). Standard Farbe von PVC ist wei\u00df. Die Gl\u00e4ser in den T\u00fcrf\u00fcllungen sind Isoliergl\u00e4ser. Die Ausf\u00fchrungen von Glas sind AB und DK, [&hellip;]<\/p>\n","protected":false},"author":1,"featured_media":687,"parent":0,"menu_order":0,"comment_status":"closed","ping_status":"open","template":"","meta":{"ngg_post_thumbnail":0,"__cvm_playback_settings":[],"__cvm_video_id":"","footnotes":""},"class_list":["post-4453","page","type-page","status-publish","has-post-thumbnail","czr-hentry"],"_links":{"self":[{"href":"https:\/\/grad-export.hr\/de\/wp-json\/wp\/v2\/pages\/4453"}],"collection":[{"href":"https:\/\/grad-export.hr\/de\/wp-json\/wp\/v2\/pages"}],"about":[{"href":"https:\/\/grad-export.hr\/de\/wp-json\/wp\/v2\/types\/page"}],"author":[{"embeddable":true,"href":"https:\/\/grad-export.hr\/de\/wp-json\/wp\/v2\/users\/1"}],"replies":[{"embeddable":true,"href":"https:\/\/grad-export.hr\/de\/wp-json\/wp\/v2\/comments?post=4453"}],"version-history":[{"count":6,"href":"https:\/\/grad-export.hr\/de\/wp-json\/wp\/v2\/pages\/4453\/revisions"}],"predecessor-version":[{"id":15384,"href":"https:\/\/grad-export.hr\/de\/wp-json\/wp\/v2\/pages\/4453\/revisions\/15384"}],"wp:featuredmedia":[{"embeddable":true,"href":"https:\/\/grad-export.hr\/de\/wp-json\/wp\/v2\/media\/687"}],"wp:attachment":[{"href":"https:\/\/grad-export.hr\/de\/wp-json\/wp\/v2\/media?parent=4453"}],"curies":[{"name":"wp","href":"https:\/\/api.w.org\/{rel}","templated":true}]}}