{"id":4520,"date":"2015-04-12T15:18:00","date_gmt":"2015-04-12T15:18:00","guid":{"rendered":"http:\/\/grad-export.hr\/web\/?page_id=4520"},"modified":"2020-11-18T18:20:07","modified_gmt":"2020-11-18T18:20:07","slug":"elite-plus","status":"publish","type":"page","link":"https:\/\/grad-export.hr\/de\/elite-plus","title":{"rendered":"Serie &#8220;Elite+&#8221; &#8211; Aluminium Dekorf\u00fcllungen"},"content":{"rendered":"<p>Die Haust\u00fcrf\u00fcllungen Elite+ sind ohne Verst\u00e4rkung (OS).<br \/>\nWahlweise in den St\u00e4rken 24 mm, 36 mm und 40 mm. Weitere St\u00e4rken auf Anfrage.<br \/>\nIn der Variante 24 mm bieten wir nur eine Zweifachisoverglasung an.<br \/>\nZweifach- sowie Dreifachisoverglasungen bieten wir in den St\u00e4rken 36 mm und 40 mm an.<\/p>\n<p>Applikationen:<br \/>\n&#8211; Au\u00dfenseite &#8211; auf die F\u00fcllung ist Glasapplikation verklebt.<br \/>\nIm Angebot haben wir 4 Ausf\u00fchrungen:<br \/>\nFloat 6 mm Sicherheitsglas\/emailliert RAL 9006<br \/>\nFloat 6 mm Sicherheitsglas\/emailliert RAL 9005<br \/>\nStopsol grau light privablue 6 mm Sicherheitsglas\/emailliert RAL 7031<br \/>\nPlanibel grau 6 mm Sicherheitsglas\/emailliert RAL 7024<\/p>\n<p>&#8211; Innenseite &#8211; auf die F\u00fcllung kann man je nach Wunsch Inoxapplikationen kleben-polierte oder geb\u00fcrstete in der selben Dimension wie die Glasapplikationen von aussen, oder es kann ganz ohne Applikation sein.<\/p>\n<p>Die zur Verf\u00fcgung stehenden Farben im Programm Elite+ sind in zwei Kategorien eingeteilt: Standardfarben &#8211; wir bieten Ihnen 15 verschieden Farben an und Sonderfarben &#8211; verschiedene Aluminium Holzdekore sowie pulverbeschichtet nach RAL.<br \/>\n&nbsp;<\/p>\n<div id=\"paneli-elite\">\n<figure id=\"attachment_581\" aria-describedby=\"caption-attachment-581\" style=\"width: 78px\" class=\"wp-caption alignleft\"><a href=\"https:\/\/grad-export.hr\/de\/modell-basel\"><img loading=\"lazy\" decoding=\"async\" class=\"size-full wp-image-581\" src=\"http:\/\/grad-export.hr\/web\/wp-content\/uploads\/linija-elite-2\/e-basel.jpg\" alt=\"Elite+: Basel\" width=\"78\" height=\"160\" \/><\/a><figcaption id=\"caption-attachment-581\" class=\"wp-caption-text\">Basel<\/figcaption><\/figure>\n<figure id=\"attachment_582\" aria-describedby=\"caption-attachment-582\" style=\"width: 78px\" class=\"wp-caption alignleft\"><a title=\"Elite+ Model Bonn\" href=\"https:\/\/grad-export.hr\/de\/modell-bonn\"><img loading=\"lazy\" decoding=\"async\" class=\"size-full wp-image-582\" src=\"http:\/\/grad-export.hr\/web\/wp-content\/uploads\/linija-elite-2\/e-bonn.jpg\" alt=\"Elite+: Bonn\" width=\"78\" height=\"160\" \/><\/a><figcaption id=\"caption-attachment-582\" class=\"wp-caption-text\">Bonn<\/figcaption><\/figure>\n<figure id=\"attachment_583\" aria-describedby=\"caption-attachment-583\" style=\"width: 78px\" class=\"wp-caption alignleft\"><a title=\"Elite+ Model Monaco\" href=\"https:\/\/grad-export.hr\/de\/modell-monaco\"><img loading=\"lazy\" decoding=\"async\" class=\"size-full wp-image-583\" src=\"http:\/\/grad-export.hr\/web\/wp-content\/uploads\/linija-elite-2\/e-monaco.jpg\" alt=\"Elite+: Monaco\" width=\"78\" height=\"160\" \/><\/a><figcaption id=\"caption-attachment-583\" class=\"wp-caption-text\">Monaco<\/figcaption><\/figure>\n<figure id=\"attachment_584\" aria-describedby=\"caption-attachment-584\" style=\"width: 78px\" class=\"wp-caption alignleft\"><a title=\"Elite+ Model Porto\" href=\"https:\/\/grad-export.hr\/de\/modell-porto\"><img loading=\"lazy\" decoding=\"async\" class=\"size-full wp-image-584\" src=\"http:\/\/grad-export.hr\/web\/wp-content\/uploads\/linija-elite-2\/e-porto.jpg\" alt=\"Elite+: Porto\" width=\"78\" height=\"160\" \/><\/a><figcaption id=\"caption-attachment-584\" class=\"wp-caption-text\">Porto<\/figcaption><\/figure>\n<figure id=\"attachment_585\" aria-describedby=\"caption-attachment-585\" style=\"width: 78px\" class=\"wp-caption alignleft\"><a title=\"Elite+ Model Ulm\" href=\"https:\/\/grad-export.hr\/de\/modell-ulm\"><img loading=\"lazy\" decoding=\"async\" class=\"size-full wp-image-585\" src=\"http:\/\/grad-export.hr\/web\/wp-content\/uploads\/linija-elite-2\/e-ulm.jpg\" alt=\"Elite+: Ulm\" width=\"78\" height=\"160\" \/><\/a><figcaption id=\"caption-attachment-585\" class=\"wp-caption-text\">Ulm<\/figcaption><\/figure>\n<\/div>\n","protected":false},"excerpt":{"rendered":"<p>Die Haust\u00fcrf\u00fcllungen Elite+ sind ohne Verst\u00e4rkung (OS). Wahlweise in den St\u00e4rken 24 mm, 36 mm und 40 mm. Weitere St\u00e4rken auf Anfrage. In der Variante 24 mm bieten wir nur eine Zweifachisoverglasung an. Zweifach- sowie Dreifachisoverglasungen bieten wir in den St\u00e4rken 36 mm und 40 mm an. Applikationen: &#8211; Au\u00dfenseite &#8211; auf die F\u00fcllung ist [&hellip;]<\/p>\n","protected":false},"author":1,"featured_media":581,"parent":0,"menu_order":0,"comment_status":"open","ping_status":"open","template":"","meta":{"ngg_post_thumbnail":0,"__cvm_playback_settings":[],"__cvm_video_id":"","footnotes":""},"class_list":["post-4520","page","type-page","status-publish","has-post-thumbnail","czr-hentry"],"_links":{"self":[{"href":"https:\/\/grad-export.hr\/de\/wp-json\/wp\/v2\/pages\/4520"}],"collection":[{"href":"https:\/\/grad-export.hr\/de\/wp-json\/wp\/v2\/pages"}],"about":[{"href":"https:\/\/grad-export.hr\/de\/wp-json\/wp\/v2\/types\/page"}],"author":[{"embeddable":true,"href":"https:\/\/grad-export.hr\/de\/wp-json\/wp\/v2\/users\/1"}],"replies":[{"embeddable":true,"href":"https:\/\/grad-export.hr\/de\/wp-json\/wp\/v2\/comments?post=4520"}],"version-history":[{"count":7,"href":"https:\/\/grad-export.hr\/de\/wp-json\/wp\/v2\/pages\/4520\/revisions"}],"predecessor-version":[{"id":18263,"href":"https:\/\/grad-export.hr\/de\/wp-json\/wp\/v2\/pages\/4520\/revisions\/18263"}],"wp:featuredmedia":[{"embeddable":true,"href":"https:\/\/grad-export.hr\/de\/wp-json\/wp\/v2\/media\/581"}],"wp:attachment":[{"href":"https:\/\/grad-export.hr\/de\/wp-json\/wp\/v2\/media?parent=4520"}],"curies":[{"name":"wp","href":"https:\/\/api.w.org\/{rel}","templated":true}]}}