{"id":4540,"date":"2015-04-12T15:52:26","date_gmt":"2015-04-12T15:52:26","guid":{"rendered":"http:\/\/grad-export.hr\/web\/?page_id=4540"},"modified":"2023-01-22T12:43:54","modified_gmt":"2023-01-22T12:43:54","slug":"linija-future","status":"publish","type":"page","link":"https:\/\/grad-export.hr\/de\/linija-future","title":{"rendered":"HPL Haust\u00fcrf\u00fcllungen &#8211; Serie &#8220;Future&#8221;"},"content":{"rendered":"<p>Die Haust\u00fcrf\u00fcllungen Future k\u00f6nnen standardm\u00e4\u00dfig verst\u00e4rkt sein (SO) oder ohne Verst\u00e4rkung (OS). Wahlweise in den St\u00e4rken 24 mm, 36 mm und 40 mm.<br \/>\nDas verwendete Isolierglas ist ebenfalls in verschiedenen St\u00e4rken erh\u00e4ltlich. Wir bieten eine Vielzahl an Glasausf\u00fchrungen an: Ornament Gl\u00e4ser, Bleiverglasungen, Facetten, Bleiverglasungen mit Facetten, verschmolzene Gl\u00e4ser\u2026 Bitte beachten Sie das nur bei bestimmten T\u00fcrf\u00fcllungen die M\u00f6glichkeit besteht Sicherheitsglas zu verwenden.<br \/>\nPanels sind auch in Aluminium erh\u00e4ltlich. Unsere Farbauswahl der Aluminium T\u00fcrf\u00fcllungen aus dem Programm future umfasst wei\u00df, grau, gr\u00fcn und braun.<br \/>\nDie Farbauswahl der HPL T\u00fcrf\u00fcllungen aus dem Programm future umfasst alle Farbm\u00f6glichkeiten aus unserem Angebot.<br \/>\nApplikationen &#8211; s\u00e4mtliche Farben aus unserem PVC Angebot (wei\u00df, rot, gr\u00fcn, blau, grau, Holzdekore) sowie Edelstahlapplikationen.<br \/>\nWir bitten Sie bei der Bestellung des Seitenteiles unbedingt die gew\u00fcnschte T\u00fcrf\u00fcllung und die dazukombinierte Glasausf\u00fchrung mitanzugeben.<\/p>\n<p>Originalgr\u00f6\u00dfe: 900&#215;2100 mm<\/p>\n<div id=\"paneli\">\n<figure id=\"attachment_632\" aria-describedby=\"caption-attachment-632\" style=\"width: 65px\" class=\"wp-caption alignleft\"><a title=\"Future \u2013 model Biokovo\" href=\"http:\/\/grad-export.hr\/de\/biokovo\"><img loading=\"lazy\" decoding=\"async\" class=\"size-full wp-image-632\" src=\"http:\/\/grad-export.hr\/web\/wp-content\/uploads\/future-model-biokovo\/biokovo4.jpg\" alt=\"Model Biokovo (BIO)\" width=\"65\" height=\"135\" \/><\/a><figcaption id=\"caption-attachment-632\" class=\"wp-caption-text\">Biokovo (BIO)<\/figcaption><\/figure>\n<figure id=\"attachment_633\" aria-describedby=\"caption-attachment-633\" style=\"width: 65px\" class=\"wp-caption alignleft\"><a title=\"Future \u2013 model Brijuni\" href=\"http:\/\/grad-export.hr\/de\/brijuni\"><img loading=\"lazy\" decoding=\"async\" class=\"size-full wp-image-633\" src=\"http:\/\/grad-export.hr\/web\/wp-content\/uploads\/future-model-brijuni\/brijuni1.jpg\" alt=\"Model Brijuni\" width=\"65\" height=\"135\" \/><\/a><figcaption id=\"caption-attachment-633\" class=\"wp-caption-text\">Brijuni (BRI)<\/figcaption><\/figure>\n<figure id=\"attachment_634\" aria-describedby=\"caption-attachment-634\" style=\"width: 65px\" class=\"wp-caption alignleft\"><a title=\"Future \u2013 model Dilj\" href=\"http:\/\/grad-export.hr\/de\/dilj\"><img loading=\"lazy\" decoding=\"async\" class=\"size-full wp-image-634\" src=\"http:\/\/grad-export.hr\/web\/wp-content\/uploads\/future-model-dilj\/dilj5.jpg\" alt=\"Model Dilj\" width=\"65\" height=\"135\" \/><\/a><figcaption id=\"caption-attachment-634\" class=\"wp-caption-text\">Dilj (DILJ)<\/figcaption><\/figure>\n<figure id=\"attachment_635\" aria-describedby=\"caption-attachment-635\" style=\"width: 65px\" class=\"wp-caption alignleft\"><a title=\"Future \u2013 model Dvor\" href=\"http:\/\/grad-export.hr\/de\/dvor\"><img loading=\"lazy\" decoding=\"async\" class=\"size-full wp-image-635\" src=\"http:\/\/grad-export.hr\/web\/wp-content\/uploads\/linija-future\/dvo_thumb.jpg\" alt=\"Model Dvor\" width=\"65\" height=\"135\" \/><\/a><figcaption id=\"caption-attachment-635\" class=\"wp-caption-text\">Dvor (DVO)<\/figcaption><\/figure>\n<figure id=\"attachment_636\" aria-describedby=\"caption-attachment-636\" style=\"width: 65px\" class=\"wp-caption alignleft\"><a title=\"Future \u2013 model Erdut\" href=\"http:\/\/grad-export.hr\/de\/erdut\"><img loading=\"lazy\" decoding=\"async\" class=\"size-full wp-image-636\" src=\"http:\/\/grad-export.hr\/web\/wp-content\/uploads\/future-model-erdut\/erdut6.jpg\" alt=\"Model Erdut\" width=\"65\" height=\"135\" \/><\/a><figcaption id=\"caption-attachment-636\" class=\"wp-caption-text\">Erdut (ERD)<\/figcaption><\/figure>\n<figure id=\"attachment_6483\" aria-describedby=\"caption-attachment-6483\" style=\"width: 65px\" class=\"wp-caption alignleft\"><a title=\"Future \u2013 model Galovac\" href=\"http:\/\/grad-export.hr\/de\/galovac\"><img loading=\"lazy\" decoding=\"async\" class=\"size-full wp-image-6483\" src=\"http:\/\/grad-export.hr\/web\/wp-content\/uploads\/galovac\/GAL-DPL.jpg\" alt=\"Future - model Galovac\" width=\"65\" height=\"135\" \/><\/a><figcaption id=\"caption-attachment-6483\" class=\"wp-caption-text\">Galovac (GAL)<\/figcaption><\/figure>\n<figure id=\"attachment_637\" aria-describedby=\"caption-attachment-637\" style=\"width: 65px\" class=\"wp-caption alignleft\"><a title=\"Future \u2013 model Hvar\" href=\"http:\/\/grad-export.hr\/de\/hvar\"><img loading=\"lazy\" decoding=\"async\" class=\"size-full wp-image-637\" src=\"http:\/\/grad-export.hr\/web\/wp-content\/uploads\/future-model-hvar\/hvar5.jpg\" alt=\"Model Hvar\" width=\"65\" height=\"135\" \/><\/a><figcaption id=\"caption-attachment-637\" class=\"wp-caption-text\">Hvar (HVA)<\/figcaption><\/figure>\n<figure id=\"attachment_6527\" aria-describedby=\"caption-attachment-6527\" style=\"width: 65px\" class=\"wp-caption alignleft\"><a href=\"http:\/\/grad-export.hr\/de\/jankovac\" title=\"Future \u2013 model Jankovac\"><img loading=\"lazy\" decoding=\"async\" src=\"http:\/\/grad-export.hr\/web\/wp-content\/uploads\/jankovac\/JAN-DPO.jpg\" alt=\"Future - model Jankovac\" width=\"65\" height=\"135\" class=\"size-full wp-image-6527\" srcset=\"https:\/\/grad-export.hr\/web\/wp-content\/uploads\/jankovac\/JAN-DPO.jpg 261w, https:\/\/grad-export.hr\/web\/wp-content\/uploads\/jankovac\/JAN-DPO-194x403.jpg 194w\" sizes=\"(max-width: 65px) 100vw, 65px\" \/><\/a><figcaption id=\"caption-attachment-6527\" class=\"wp-caption-text\">Jankovac (JAN)<\/figcaption><\/figure>\n<figure id=\"attachment_6577\" aria-describedby=\"caption-attachment-6577\" style=\"width: 65px\" class=\"wp-caption alignleft\"><a href=\"http:\/\/grad-export.hr\/de\/jezerce\" title=\"Future \u2013 model Jezerce\"><img loading=\"lazy\" decoding=\"async\" src=\"http:\/\/grad-export.hr\/web\/wp-content\/uploads\/linija-future\/jez_thumb.jpg\" alt=\"Jezerce\" width=\"65\" height=\"135\" class=\"size-full wp-image-6577\" \/><\/a><figcaption id=\"caption-attachment-6577\" class=\"wp-caption-text\">Jezerce (JEZ)<\/figcaption><\/figure>\n<figure id=\"attachment_638\" aria-describedby=\"caption-attachment-638\" style=\"width: 65px\" class=\"wp-caption alignleft\"><a title=\"Future \u2013 model Kali\" href=\"http:\/\/grad-export.hr\/de\/kali\"><img loading=\"lazy\" decoding=\"async\" class=\"size-full wp-image-638\" src=\"http:\/\/grad-export.hr\/web\/wp-content\/uploads\/future-model-kali\/kali4.jpg\" alt=\"Model Kali\" width=\"65\" height=\"135\" \/><\/a><figcaption id=\"caption-attachment-638\" class=\"wp-caption-text\">Kali (KAL)<\/figcaption><\/figure>\n<figure id=\"attachment_639\" aria-describedby=\"caption-attachment-639\" style=\"width: 65px\" class=\"wp-caption alignleft\"><a title=\"Future \u2013 model Klek\" href=\"http:\/\/grad-export.hr\/de\/klek\"><img loading=\"lazy\" decoding=\"async\" class=\"size-full wp-image-639\" src=\"http:\/\/grad-export.hr\/web\/wp-content\/uploads\/linija-future\/kle_thumb.jpg\" alt=\"Model Klek\" width=\"65\" height=\"135\" \/><\/a><figcaption id=\"caption-attachment-639\" class=\"wp-caption-text\">Klek (KLE)<\/figcaption><\/figure>\n<figure id=\"attachment_640\" aria-describedby=\"caption-attachment-640\" style=\"width: 65px\" class=\"wp-caption alignleft\"><a title=\"Future \u2013 model Kopa\u010dki rit\" href=\"http:\/\/grad-export.hr\/de\/kopacki-rit\"><img loading=\"lazy\" decoding=\"async\" class=\"size-full wp-image-640\" src=\"http:\/\/grad-export.hr\/web\/wp-content\/uploads\/future-model-kopacki-rit\/kopacki1.jpg\" alt=\"Model Kopa\u010dki Rit\" width=\"65\" height=\"135\" \/><\/a><figcaption id=\"caption-attachment-640\" class=\"wp-caption-text\">Kopa\u010dki rit (KOP)<\/figcaption><\/figure>\n<figure id=\"attachment_641\" aria-describedby=\"caption-attachment-641\" style=\"width: 65px\" class=\"wp-caption alignleft\"><a title=\"Future \u2013 model Kornati\" href=\"http:\/\/grad-export.hr\/de\/kornati\"><img loading=\"lazy\" decoding=\"async\" class=\"size-full wp-image-641\" src=\"http:\/\/grad-export.hr\/web\/wp-content\/uploads\/future-model-kornati\/kornati1.jpg\" alt=\"Model Kornati\" width=\"65\" height=\"135\" \/><\/a><figcaption id=\"caption-attachment-641\" class=\"wp-caption-text\">Kornati (KOR)<\/figcaption><\/figure>\n<figure id=\"attachment_642\" aria-describedby=\"caption-attachment-642\" style=\"width: 65px\" class=\"wp-caption alignleft\"><a title=\"Future \u2013 model Kozjak\" href=\"http:\/\/grad-export.hr\/de\/kozjak\"><img loading=\"lazy\" decoding=\"async\" class=\"size-full wp-image-642\" src=\"http:\/\/grad-export.hr\/web\/wp-content\/uploads\/linija-future\/koz_thumb.jpg\" alt=\"Model Kozjak\" width=\"65\" height=\"135\" \/><\/a><figcaption id=\"caption-attachment-642\" class=\"wp-caption-text\">Kozjak (KOZ)<\/figcaption><\/figure>\n<figure id=\"attachment_6581\" aria-describedby=\"caption-attachment-6581\" style=\"width: 65px\" class=\"wp-caption alignleft\"><a href=\"http:\/\/grad-export.hr\/de\/lastovo\" title=\"Future \u2013 model Lastovo\"><img loading=\"lazy\" decoding=\"async\" src=\"http:\/\/grad-export.hr\/web\/wp-content\/uploads\/linija-future\/las_thumb.jpg\" alt=\"Future - model Lastovo\" width=\"65\" height=\"135\" class=\"size-full wp-image-6581\" \/><\/a><figcaption id=\"caption-attachment-6581\" class=\"wp-caption-text\">Lastovo (LAS)<\/figcaption><\/figure>\n<figure id=\"attachment_6552\" aria-describedby=\"caption-attachment-6552\" style=\"width: 65px\" class=\"wp-caption alignleft\"><a href=\"http:\/\/grad-export.hr\/de\/lonja\" title=\"Future \u2013 model Lonja\"><img loading=\"lazy\" decoding=\"async\" src=\"http:\/\/grad-export.hr\/web\/wp-content\/uploads\/future-model-lonja\/LONJ-DPK.jpg\" alt=\"Future - model Lonja\" width=\"65\" height=\"135\" class=\"size-full wp-image-6552\" srcset=\"https:\/\/grad-export.hr\/web\/wp-content\/uploads\/future-model-lonja\/LONJ-DPK.jpg 261w, https:\/\/grad-export.hr\/web\/wp-content\/uploads\/future-model-lonja\/LONJ-DPK-194x403.jpg 194w\" sizes=\"(max-width: 65px) 100vw, 65px\" \/><\/a><figcaption id=\"caption-attachment-6552\" class=\"wp-caption-text\">Lonja (LONJ)<\/figcaption><\/figure>\n<figure id=\"attachment_643\" aria-describedby=\"caption-attachment-643\" style=\"width: 65px\" class=\"wp-caption alignleft\"><a title=\"Future \u2013 model Medvednica\" href=\"http:\/\/grad-export.hr\/de\/medvednica\"><img loading=\"lazy\" decoding=\"async\" class=\"size-full wp-image-643\" src=\"http:\/\/grad-export.hr\/web\/wp-content\/uploads\/linija-future\/med_thumb.jpg\" alt=\"Model Medvednica\" width=\"65\" height=\"135\" \/><\/a><figcaption id=\"caption-attachment-643\" class=\"wp-caption-text\">Medvednica (MED)<\/figcaption><\/figure>\n<figure id=\"attachment_644\" aria-describedby=\"caption-attachment-644\" style=\"width: 65px\" class=\"wp-caption alignleft\"><a title=\"Future \u2013 model Mljet\" href=\"http:\/\/grad-export.hr\/de\/mljet\"><img loading=\"lazy\" decoding=\"async\" class=\"size-full wp-image-644\" src=\"http:\/\/grad-export.hr\/web\/wp-content\/uploads\/future-model-mljet\/mljet4.jpg\" alt=\"Model Mljet\" width=\"65\" height=\"135\" \/><\/a><figcaption id=\"caption-attachment-644\" class=\"wp-caption-text\">Mljet (MLJE)<\/figcaption><\/figure>\n<figure id=\"attachment_645\" aria-describedby=\"caption-attachment-645\" style=\"width: 65px\" class=\"wp-caption alignleft\"><a title=\"Future \u2013 model Murter\" href=\"http:\/\/grad-export.hr\/de\/murter\"><img loading=\"lazy\" decoding=\"async\" class=\"size-full wp-image-645\" src=\"http:\/\/grad-export.hr\/web\/wp-content\/uploads\/linija-future\/mur_thumb.jpg\" alt=\"Model Murter\" width=\"65\" height=\"135\" \/><\/a><figcaption id=\"caption-attachment-645\" class=\"wp-caption-text\">Murter (MUR)<\/figcaption><\/figure>\n<figure id=\"attachment_646\" aria-describedby=\"caption-attachment-646\" style=\"width: 65px\" class=\"wp-caption alignleft\"><a title=\"Future \u2013 model Olib\" href=\"http:\/\/grad-export.hr\/de\/olib\"><img loading=\"lazy\" decoding=\"async\" class=\"size-full wp-image-646\" src=\"http:\/\/grad-export.hr\/web\/wp-content\/uploads\/linija-future\/oli_thumb.jpg\" alt=\"Model Olib\" width=\"65\" height=\"135\" \/><\/a><figcaption id=\"caption-attachment-646\" class=\"wp-caption-text\">Olib (OLI)<\/figcaption><\/figure>\n<figure id=\"attachment_647\" aria-describedby=\"caption-attachment-647\" style=\"width: 65px\" class=\"wp-caption alignleft\"><a title=\"Future \u2013 model Paklenica\" href=\"http:\/\/grad-export.hr\/de\/paklenica\"><img loading=\"lazy\" decoding=\"async\" class=\"size-full wp-image-647\" src=\"http:\/\/grad-export.hr\/web\/wp-content\/uploads\/future-model-paklenica\/paklenica3.jpg\" alt=\"Model Paklenica\" width=\"65\" height=\"135\" \/><\/a><figcaption id=\"caption-attachment-647\" class=\"wp-caption-text\">Paklenica (PAK)<\/figcaption><\/figure>\n<figure id=\"attachment_648\" aria-describedby=\"caption-attachment-648\" style=\"width: 65px\" class=\"wp-caption alignleft\"><a title=\"Future \u2013 model Papuk\" href=\"http:\/\/grad-export.hr\/de\/papuk\"><img loading=\"lazy\" decoding=\"async\" class=\"size-full wp-image-648\" src=\"http:\/\/grad-export.hr\/web\/wp-content\/uploads\/future-model-papuk\/papuk4.jpg\" alt=\"Model Papuk\" width=\"65\" height=\"135\" \/><\/a><figcaption id=\"caption-attachment-648\" class=\"wp-caption-text\">Papuk (PAP)<\/figcaption><\/figure>\n<figure id=\"attachment_649\" aria-describedby=\"caption-attachment-649\" style=\"width: 65px\" class=\"wp-caption alignleft\"><a title=\"Future \u2013 model Plitvice\" href=\"http:\/\/grad-export.hr\/de\/plitvice\"><img loading=\"lazy\" decoding=\"async\" class=\"size-full wp-image-649\" src=\"http:\/\/grad-export.hr\/web\/wp-content\/uploads\/future-model-plitvice\/plitvice5.jpg\" alt=\"Model Plitvice\" width=\"65\" height=\"135\" \/><\/a><figcaption id=\"caption-attachment-649\" class=\"wp-caption-text\">Plitvice (PLI)<\/figcaption><\/figure>\n<figure id=\"attachment_652\" aria-describedby=\"caption-attachment-652\" style=\"width: 65px\" class=\"wp-caption alignleft\"><a title=\"Future \u2013 model Psunj\" href=\"http:\/\/grad-export.hr\/de\/psunj\"><img loading=\"lazy\" decoding=\"async\" class=\"size-full wp-image-652\" src=\"http:\/\/grad-export.hr\/web\/wp-content\/uploads\/linija-future\/psu_thumb.jpg\" alt=\"Model Psunj\" width=\"65\" height=\"135\" \/><\/a><figcaption id=\"caption-attachment-652\" class=\"wp-caption-text\">Psunj (PSU)<\/figcaption><\/figure>\n<figure id=\"attachment_6587\" aria-describedby=\"caption-attachment-6587\" style=\"width: 65px\" class=\"wp-caption alignleft\"><a href=\"http:\/\/grad-export.hr\/de\/rastoke\" title=\"Future \u2013 model Rastoke\"><img loading=\"lazy\" decoding=\"async\" src=\"http:\/\/grad-export.hr\/web\/wp-content\/uploads\/linija-future\/ras_thumb.jpg\" alt=\"Future - model Rastoke\" width=\"65\" height=\"135\" class=\"size-full wp-image-6587\" \/><\/a><figcaption id=\"caption-attachment-6587\" class=\"wp-caption-text\">Rastoke (RAS)<\/figcaption><\/figure>\n<figure id=\"attachment_653\" aria-describedby=\"caption-attachment-653\" style=\"width: 65px\" class=\"wp-caption alignleft\"><a title=\"Future \u2013 model Risnjak\" href=\"http:\/\/grad-export.hr\/de\/risnjak\"><img loading=\"lazy\" decoding=\"async\" class=\"size-full wp-image-653\" src=\"http:\/\/grad-export.hr\/web\/wp-content\/uploads\/future-model-risnjak\/risnjak1.jpg\" alt=\"Model Risnjak\" width=\"65\" height=\"135\" \/><\/a><figcaption id=\"caption-attachment-653\" class=\"wp-caption-text\">Risnjak (RIS)<\/figcaption><\/figure>\n<figure id=\"attachment_6495\" aria-describedby=\"caption-attachment-6495\" style=\"width: 65px\" class=\"wp-caption alignleft\"><a href=\"http:\/\/grad-export.hr\/de\/skradin\" title=\"Future \u2013 model Skradin\"><img loading=\"lazy\" decoding=\"async\" src=\"http:\/\/grad-export.hr\/web\/wp-content\/uploads\/skradin\/SKR-DPZ.jpg\" alt=\"Future - model Skradin\" width=\"65\" height=\"135\" class=\"size-full wp-image-6495\" srcset=\"https:\/\/grad-export.hr\/web\/wp-content\/uploads\/skradin\/SKR-DPZ.jpg 261w, https:\/\/grad-export.hr\/web\/wp-content\/uploads\/skradin\/SKR-DPZ-194x403.jpg 194w\" sizes=\"(max-width: 65px) 100vw, 65px\" \/><\/a><figcaption id=\"caption-attachment-6495\" class=\"wp-caption-text\">Skradin (SKR)<\/figcaption><\/figure>\n<figure id=\"attachment_654\" aria-describedby=\"caption-attachment-654\" style=\"width: 65px\" class=\"wp-caption alignleft\"><a title=\"Future \u2013 model Ston\" href=\"http:\/\/grad-export.hr\/de\/ston\"><img loading=\"lazy\" decoding=\"async\" class=\"size-full wp-image-654\" src=\"http:\/\/grad-export.hr\/web\/wp-content\/uploads\/linija-future\/sto_thumb.jpg\" alt=\"Model Ston\" width=\"65\" height=\"135\" \/><\/a><figcaption id=\"caption-attachment-654\" class=\"wp-caption-text\">Ston (STO)<\/figcaption><\/figure>\n<figure id=\"attachment_6534\" aria-describedby=\"caption-attachment-6534\" style=\"width: 65px\" class=\"wp-caption alignleft\"><a href=\"http:\/\/grad-export.hr\/de\/telascica\" title=\"Future \u2013 model Tela\u0161\u0107ica\"><img loading=\"lazy\" decoding=\"async\" src=\"http:\/\/grad-export.hr\/web\/wp-content\/uploads\/telascica\/TEL-DPZ.jpg\" alt=\"Future - model Tela\u0161\u0107ica\" width=\"65\" height=\"135\" class=\"size-full wp-image-6534\" srcset=\"https:\/\/grad-export.hr\/web\/wp-content\/uploads\/telascica\/TEL-DPZ.jpg 261w, https:\/\/grad-export.hr\/web\/wp-content\/uploads\/telascica\/TEL-DPZ-194x403.jpg 194w\" sizes=\"(max-width: 65px) 100vw, 65px\" \/><\/a><figcaption id=\"caption-attachment-6534\" class=\"wp-caption-text\">Tela\u0161\u0107ica (TEL)<\/figcaption><\/figure>\n<figure id=\"attachment_655\" aria-describedby=\"caption-attachment-655\" style=\"width: 65px\" class=\"wp-caption alignleft\"><a title=\"Future \u2013 model Vrana\" href=\"http:\/\/grad-export.hr\/de\/vrana\"><img loading=\"lazy\" decoding=\"async\" class=\"size-full wp-image-655\" src=\"http:\/\/grad-export.hr\/web\/wp-content\/uploads\/future-model-vrana\/vrana3.jpg\" alt=\"Model Vrana\" width=\"65\" height=\"135\" \/><\/a><figcaption id=\"caption-attachment-655\" class=\"wp-caption-text\">Vrana (VRA)<\/figcaption><\/figure>\n<figure id=\"attachment_656\" aria-describedby=\"caption-attachment-656\" style=\"width: 65px\" class=\"wp-caption alignleft\"><a title=\"Future \u2013 model Vrsar\" href=\"http:\/\/grad-export.hr\/de\/vrsar\"><img loading=\"lazy\" decoding=\"async\" class=\"size-full wp-image-656\" src=\"http:\/\/grad-export.hr\/web\/wp-content\/uploads\/future-model-vrsar\/vrsar2.jpg\" alt=\"Model Vrsar\" width=\"65\" height=\"135\" \/><\/a><figcaption id=\"caption-attachment-656\" class=\"wp-caption-text\">Vrsar (VRS)<\/figcaption><\/figure>\n<figure id=\"attachment_6517\" aria-describedby=\"caption-attachment-6517\" style=\"width: 65px\" class=\"wp-caption alignleft\"><a href=\"http:\/\/grad-export.hr\/de\/zumberak\" title=\"Future \u2013 model \u017dumberak\"><img loading=\"lazy\" decoding=\"async\" src=\"http:\/\/grad-export.hr\/web\/wp-content\/uploads\/zumberak\/ZUM-DPZ.jpg\" alt=\"Future - model \u017dumberak\" width=\"65\" height=\"135\" class=\"size-full wp-image-6517\" \/><\/a><figcaption id=\"caption-attachment-6517\" class=\"wp-caption-text\">\u017dumberak (\u017dUM)<\/figcaption><\/figure>\n<figure id=\"attachment_651\" aria-describedby=\"caption-attachment-651\" style=\"width: 96px\" class=\"wp-caption alignleft\"><a title=\"Future \u2013 Seitenteilen\" href=\"http:\/\/grad-export.hr\/de\/polupaneli-future\"><img loading=\"lazy\" decoding=\"async\" src=\"http:\/\/grad-export.hr\/web\/wp-content\/uploads\/future-polupaneli\/polup_klek.jpg\" alt=\"Seitenteilen Future\" width=\"96\" height=\"135\" class=\"size-full wp-image-651\" \/><\/a><figcaption id=\"caption-attachment-651\" class=\"wp-caption-text\">Seitenteilen<\/figcaption><\/figure>\n<\/div>\n","protected":false},"excerpt":{"rendered":"<p>Die Haust\u00fcrf\u00fcllungen Future k\u00f6nnen standardm\u00e4\u00dfig verst\u00e4rkt sein (SO) oder ohne Verst\u00e4rkung (OS). Wahlweise in den St\u00e4rken 24 mm, 36 mm und 40 mm. Das verwendete Isolierglas ist ebenfalls in verschiedenen St\u00e4rken erh\u00e4ltlich. Wir bieten eine Vielzahl an Glasausf\u00fchrungen an: Ornament Gl\u00e4ser, Bleiverglasungen, Facetten, Bleiverglasungen mit Facetten, verschmolzene Gl\u00e4ser\u2026 Bitte beachten Sie das nur bei bestimmten [&hellip;]<\/p>\n","protected":false},"author":1,"featured_media":632,"parent":0,"menu_order":0,"comment_status":"open","ping_status":"open","template":"","meta":{"ngg_post_thumbnail":0,"__cvm_playback_settings":[],"__cvm_video_id":"","footnotes":""},"class_list":["post-4540","page","type-page","status-publish","has-post-thumbnail","czr-hentry"],"_links":{"self":[{"href":"https:\/\/grad-export.hr\/de\/wp-json\/wp\/v2\/pages\/4540"}],"collection":[{"href":"https:\/\/grad-export.hr\/de\/wp-json\/wp\/v2\/pages"}],"about":[{"href":"https:\/\/grad-export.hr\/de\/wp-json\/wp\/v2\/types\/page"}],"author":[{"embeddable":true,"href":"https:\/\/grad-export.hr\/de\/wp-json\/wp\/v2\/users\/1"}],"replies":[{"embeddable":true,"href":"https:\/\/grad-export.hr\/de\/wp-json\/wp\/v2\/comments?post=4540"}],"version-history":[{"count":11,"href":"https:\/\/grad-export.hr\/de\/wp-json\/wp\/v2\/pages\/4540\/revisions"}],"predecessor-version":[{"id":22528,"href":"https:\/\/grad-export.hr\/de\/wp-json\/wp\/v2\/pages\/4540\/revisions\/22528"}],"wp:featuredmedia":[{"embeddable":true,"href":"https:\/\/grad-export.hr\/de\/wp-json\/wp\/v2\/media\/632"}],"wp:attachment":[{"href":"https:\/\/grad-export.hr\/de\/wp-json\/wp\/v2\/media?parent=4540"}],"curies":[{"name":"wp","href":"https:\/\/api.w.org\/{rel}","templated":true}]}}