{"id":4603,"date":"2015-04-12T18:08:30","date_gmt":"2015-04-12T18:08:30","guid":{"rendered":"http:\/\/grad-export.hr\/web\/?page_id=4603"},"modified":"2024-05-31T16:06:49","modified_gmt":"2024-05-31T16:06:49","slug":"ueber-uns","status":"publish","type":"page","link":"https:\/\/grad-export.hr\/de\/ueber-uns","title":{"rendered":"\u00dcber uns"},"content":{"rendered":"<p><img loading=\"lazy\" decoding=\"async\" class=\"alignnone wp-image-27401 size-large\" src=\"https:\/\/grad-export.hr\/web\/wp-content\/uploads\/o-nama\/Grad-1-of-1-1024x383.jpg\" alt=\"Grad Export d.o.o. Vinkovci, Croatia\" width=\"1024\" height=\"383\" srcset=\"https:\/\/grad-export.hr\/web\/wp-content\/uploads\/o-nama\/Grad-1-of-1-1024x383.jpg 1024w, https:\/\/grad-export.hr\/web\/wp-content\/uploads\/o-nama\/Grad-1-of-1-403x151.jpg 403w, https:\/\/grad-export.hr\/web\/wp-content\/uploads\/o-nama\/Grad-1-of-1-768x287.jpg 768w, https:\/\/grad-export.hr\/web\/wp-content\/uploads\/o-nama\/Grad-1-of-1-1536x575.jpg 1536w, https:\/\/grad-export.hr\/web\/wp-content\/uploads\/o-nama\/Grad-1-of-1-2048x766.jpg 2048w, https:\/\/grad-export.hr\/web\/wp-content\/uploads\/o-nama\/Grad-1-of-1-570x213.jpg 570w\" sizes=\"(max-width: 1024px) 100vw, 1024px\" \/><\/p>\n<p><strong>Die Firma Grad-Export d.o.o. wurde im 1992 mit Sitz in Vinkovci begr\u00fcndet. Sie besch\u00e4ftigt sich mit der Herstellung von dekorativen ALU, PVC und HPL T\u00fcrf\u00fcllungen f\u00fcr Eingangst\u00fcren und flachen Isolierplatten. Die Herstellung von dekorativen T\u00fcrf\u00fcllungen von Grad-Export ist f\u00fcr die ALU und PVC Tischlerei in Kroatien gemeint, aber auch in den breiteren Gebieten.<\/strong><\/p>\n<p>Unser Produktionsbetrieb befindet sich in die Industrie-Zone in Vinkovci auf der Fl\u00e4che von etwa 24.000 m\u00b2.<\/p>\n<p>Mit unseren Produkten sind wir erfolgreich in 26 L\u00e4ndern anwesend. 11 Series mit mehr als 200 Modelle sind Ergebnis von vielen Jahren Arbeit und konstanten Entwicklung von Design und Technologie.<\/p>\n<p>Am gleichen gesch\u00e4ftlichen Zugang werden wir in den kommenden Jahren bestehen, weil zufriedene Kunden unser gr\u00f6\u00dftes Verm\u00f6gen sind.<\/p>\n<div id='gallery-1' class='czr-gallery row flex-row czr-gallery-style gallery galleryid-4603 gallery-columns-4 gallery-size-thumbnail'><figure class='gallery-item col col-auto'>\r\n                        <div class='gallery-icon landscape czr-gallery-icon'>\r\n                              <a data-lb-type=\"grouped-gallery\" href=https:\/\/grad-export.hr\/web\/wp-content\/uploads\/o-nama\/Grad-export_o-nama0002.jpg class=\"bg-link\"><\/a><img loading=\"lazy\" decoding=\"async\" width=\"150\" height=\"150\" src=\"https:\/\/grad-export.hr\/web\/wp-content\/uploads\/o-nama\/Grad-export_o-nama0002-150x150.jpg\" class=\"attachment-thumbnail size-thumbnail no-lazy\" alt=\"\" sizes=\"(min-width: 1200px) 255px, (min-width: 992px) 210px, (min-width: 768px) 150px, (min-width: 576px) 105px, calc( 50vw - 30px )\" \/>\r\n                        <\/div><\/figure><figure class='gallery-item col col-auto'>\r\n                        <div class='gallery-icon landscape czr-gallery-icon'>\r\n                              <a data-lb-type=\"grouped-gallery\" href=https:\/\/grad-export.hr\/web\/wp-content\/uploads\/o-nama\/Grad-export_o-nama0003.jpg class=\"bg-link\"><\/a><img loading=\"lazy\" decoding=\"async\" width=\"150\" height=\"150\" src=\"https:\/\/grad-export.hr\/web\/wp-content\/uploads\/o-nama\/Grad-export_o-nama0003-150x150.jpg\" class=\"attachment-thumbnail size-thumbnail no-lazy\" alt=\"\" sizes=\"(min-width: 1200px) 255px, (min-width: 992px) 210px, (min-width: 768px) 150px, (min-width: 576px) 105px, calc( 50vw - 30px )\" \/>\r\n                        <\/div><\/figure><figure class='gallery-item col col-auto'>\r\n                        <div class='gallery-icon landscape czr-gallery-icon'>\r\n                              <a data-lb-type=\"grouped-gallery\" href=https:\/\/grad-export.hr\/web\/wp-content\/uploads\/o-nama\/Grad-export_o-nama0004.jpg class=\"bg-link\"><\/a><img loading=\"lazy\" decoding=\"async\" width=\"150\" height=\"150\" src=\"https:\/\/grad-export.hr\/web\/wp-content\/uploads\/o-nama\/Grad-export_o-nama0004-150x150.jpg\" class=\"attachment-thumbnail size-thumbnail no-lazy\" alt=\"\" sizes=\"(min-width: 1200px) 255px, (min-width: 992px) 210px, (min-width: 768px) 150px, (min-width: 576px) 105px, calc( 50vw - 30px )\" \/>\r\n                        <\/div><\/figure><figure class='gallery-item col col-auto'>\r\n                        <div class='gallery-icon landscape czr-gallery-icon'>\r\n                              <a data-lb-type=\"grouped-gallery\" href=https:\/\/grad-export.hr\/web\/wp-content\/uploads\/o-nama\/Grad-export_o-nama0005.jpg class=\"bg-link\"><\/a><img loading=\"lazy\" decoding=\"async\" width=\"150\" height=\"150\" src=\"https:\/\/grad-export.hr\/web\/wp-content\/uploads\/o-nama\/Grad-export_o-nama0005-150x150.jpg\" class=\"attachment-thumbnail size-thumbnail no-lazy\" alt=\"\" sizes=\"(min-width: 1200px) 255px, (min-width: 992px) 210px, (min-width: 768px) 150px, (min-width: 576px) 105px, calc( 50vw - 30px )\" \/>\r\n                        <\/div><\/figure><figure class='gallery-item col col-auto'>\r\n                        <div class='gallery-icon landscape czr-gallery-icon'>\r\n                              <a data-lb-type=\"grouped-gallery\" href=https:\/\/grad-export.hr\/web\/wp-content\/uploads\/o-nama\/Grad-export_o-nama0006.jpg class=\"bg-link\"><\/a><img loading=\"lazy\" decoding=\"async\" width=\"150\" height=\"150\" src=\"https:\/\/grad-export.hr\/web\/wp-content\/uploads\/o-nama\/Grad-export_o-nama0006-150x150.jpg\" class=\"attachment-thumbnail size-thumbnail no-lazy\" alt=\"\" sizes=\"(min-width: 1200px) 255px, (min-width: 992px) 210px, (min-width: 768px) 150px, (min-width: 576px) 105px, calc( 50vw - 30px )\" \/>\r\n                        <\/div><\/figure><figure class='gallery-item col col-auto'>\r\n                        <div class='gallery-icon portrait czr-gallery-icon'>\r\n                              <a data-lb-type=\"grouped-gallery\" href=https:\/\/grad-export.hr\/web\/wp-content\/uploads\/o-nama\/Grad-export_o-nama0001.jpg class=\"bg-link\"><\/a><img loading=\"lazy\" decoding=\"async\" width=\"150\" height=\"150\" src=\"https:\/\/grad-export.hr\/web\/wp-content\/uploads\/o-nama\/Grad-export_o-nama0001-150x150.jpg\" class=\"attachment-thumbnail size-thumbnail no-lazy\" alt=\"\" sizes=\"(min-width: 1200px) 255px, (min-width: 992px) 210px, (min-width: 768px) 150px, (min-width: 576px) 105px, calc( 50vw - 30px )\" \/>\r\n                        <\/div><\/figure><figure class='gallery-item col col-auto'>\r\n                        <div class='gallery-icon portrait czr-gallery-icon'>\r\n                              <a data-lb-type=\"grouped-gallery\" href=https:\/\/grad-export.hr\/web\/wp-content\/uploads\/o-nama\/Grad-export_o-nama0007.jpg class=\"bg-link\"><\/a><img loading=\"lazy\" decoding=\"async\" width=\"150\" height=\"150\" src=\"https:\/\/grad-export.hr\/web\/wp-content\/uploads\/o-nama\/Grad-export_o-nama0007-150x150.jpg\" class=\"attachment-thumbnail size-thumbnail no-lazy\" alt=\"Grad-export - O nama\" sizes=\"(min-width: 1200px) 255px, (min-width: 992px) 210px, (min-width: 768px) 150px, (min-width: 576px) 105px, calc( 50vw - 30px )\" \/>\r\n                        <\/div><\/figure>\r\n                  <\/div>\n\n<p><img loading=\"lazy\" decoding=\"async\" class=\"alignnone wp-image-26992 size-full\" src=\"https:\/\/grad-export.hr\/web\/wp-content\/uploads\/o-nama\/PSX_20240506_133524.jpg\" alt=\"Grad Export d.o.o. Vinkovci\" width=\"2200\" height=\"1238\" srcset=\"https:\/\/grad-export.hr\/web\/wp-content\/uploads\/o-nama\/PSX_20240506_133524.jpg 2200w, https:\/\/grad-export.hr\/web\/wp-content\/uploads\/o-nama\/PSX_20240506_133524-403x227.jpg 403w, https:\/\/grad-export.hr\/web\/wp-content\/uploads\/o-nama\/PSX_20240506_133524-1024x576.jpg 1024w, https:\/\/grad-export.hr\/web\/wp-content\/uploads\/o-nama\/PSX_20240506_133524-768x432.jpg 768w, https:\/\/grad-export.hr\/web\/wp-content\/uploads\/o-nama\/PSX_20240506_133524-1536x864.jpg 1536w, https:\/\/grad-export.hr\/web\/wp-content\/uploads\/o-nama\/PSX_20240506_133524-2048x1152.jpg 2048w, https:\/\/grad-export.hr\/web\/wp-content\/uploads\/o-nama\/PSX_20240506_133524-570x321.jpg 570w, https:\/\/grad-export.hr\/web\/wp-content\/uploads\/o-nama\/PSX_20240506_133524-1110x624.jpg 1110w, https:\/\/grad-export.hr\/web\/wp-content\/uploads\/o-nama\/PSX_20240506_133524-528x297.jpg 528w\" sizes=\"(max-width: 2200px) 100vw, 2200px\" \/><\/p>\n","protected":false},"excerpt":{"rendered":"<p>Die Firma Grad-Export d.o.o. wurde im 1992 mit Sitz in Vinkovci begr\u00fcndet. Sie besch\u00e4ftigt sich mit der Herstellung von dekorativen ALU, PVC und HPL T\u00fcrf\u00fcllungen f\u00fcr Eingangst\u00fcren und flachen Isolierplatten. Die Herstellung von dekorativen T\u00fcrf\u00fcllungen von Grad-Export ist f\u00fcr die ALU und PVC Tischlerei in Kroatien gemeint, aber auch in den breiteren Gebieten. Unser Produktionsbetrieb [&hellip;]<\/p>\n","protected":false},"author":1,"featured_media":18074,"parent":0,"menu_order":0,"comment_status":"open","ping_status":"open","template":"","meta":{"ngg_post_thumbnail":0,"__cvm_playback_settings":[],"__cvm_video_id":"","footnotes":""},"class_list":["post-4603","page","type-page","status-publish","has-post-thumbnail","czr-hentry"],"_links":{"self":[{"href":"https:\/\/grad-export.hr\/de\/wp-json\/wp\/v2\/pages\/4603"}],"collection":[{"href":"https:\/\/grad-export.hr\/de\/wp-json\/wp\/v2\/pages"}],"about":[{"href":"https:\/\/grad-export.hr\/de\/wp-json\/wp\/v2\/types\/page"}],"author":[{"embeddable":true,"href":"https:\/\/grad-export.hr\/de\/wp-json\/wp\/v2\/users\/1"}],"replies":[{"embeddable":true,"href":"https:\/\/grad-export.hr\/de\/wp-json\/wp\/v2\/comments?post=4603"}],"version-history":[{"count":21,"href":"https:\/\/grad-export.hr\/de\/wp-json\/wp\/v2\/pages\/4603\/revisions"}],"predecessor-version":[{"id":27416,"href":"https:\/\/grad-export.hr\/de\/wp-json\/wp\/v2\/pages\/4603\/revisions\/27416"}],"wp:featuredmedia":[{"embeddable":true,"href":"https:\/\/grad-export.hr\/de\/wp-json\/wp\/v2\/media\/18074"}],"wp:attachment":[{"href":"https:\/\/grad-export.hr\/de\/wp-json\/wp\/v2\/media?parent=4603"}],"curies":[{"name":"wp","href":"https:\/\/api.w.org\/{rel}","templated":true}]}}