{"id":4611,"date":"2015-04-12T18:29:04","date_gmt":"2015-04-12T18:29:04","guid":{"rendered":"http:\/\/grad-export.hr\/web\/?page_id=4611"},"modified":"2021-10-15T11:34:38","modified_gmt":"2021-10-15T11:34:38","slug":"home-3","status":"publish","type":"page","link":"https:\/\/grad-export.hr\/de","title":{"rendered":"Dekorative T\u00fcrf\u00fcllungen f\u00fcr Eingangst\u00fcren"},"content":{"rendered":"","protected":false},"excerpt":{"rendered":"","protected":false},"author":1,"featured_media":0,"parent":0,"menu_order":0,"comment_status":"closed","ping_status":"open","template":"","meta":{"ngg_post_thumbnail":0,"__cvm_playback_settings":[],"__cvm_video_id":"","footnotes":""},"class_list":["post-4611","page","type-page","status-publish","czr-hentry"],"_links":{"self":[{"href":"https:\/\/grad-export.hr\/de\/wp-json\/wp\/v2\/pages\/4611"}],"collection":[{"href":"https:\/\/grad-export.hr\/de\/wp-json\/wp\/v2\/pages"}],"about":[{"href":"https:\/\/grad-export.hr\/de\/wp-json\/wp\/v2\/types\/page"}],"author":[{"embeddable":true,"href":"https:\/\/grad-export.hr\/de\/wp-json\/wp\/v2\/users\/1"}],"replies":[{"embeddable":true,"href":"https:\/\/grad-export.hr\/de\/wp-json\/wp\/v2\/comments?post=4611"}],"version-history":[{"count":2,"href":"https:\/\/grad-export.hr\/de\/wp-json\/wp\/v2\/pages\/4611\/revisions"}],"predecessor-version":[{"id":8257,"href":"https:\/\/grad-export.hr\/de\/wp-json\/wp\/v2\/pages\/4611\/revisions\/8257"}],"wp:attachment":[{"href":"https:\/\/grad-export.hr\/de\/wp-json\/wp\/v2\/media?parent=4611"}],"curies":[{"name":"wp","href":"https:\/\/api.w.org\/{rel}","templated":true}]}}