{"id":5981,"date":"2015-04-20T15:19:16","date_gmt":"2015-04-20T15:19:16","guid":{"rendered":"http:\/\/grad-export.hr\/web\/?page_id=5981"},"modified":"2026-03-11T10:17:51","modified_gmt":"2026-03-11T10:17:51","slug":"download","status":"publish","type":"page","link":"https:\/\/grad-export.hr\/de\/download","title":{"rendered":"Download"},"content":{"rendered":"<h4>Dokumente Herunterladung<\/h4>\n<p>&nbsp;<\/p>\n<h5 style=\"padding-left: 60px;\">Bestellformular 2015 \u2013 Klasische Fl\u00fcgel<\/h5>\n<p style=\"padding-left: 60px;\">Format: PDF<br \/>\n499,5 KB<br \/>\n<a href=\"https:\/\/grad-export.hr\/de?ddownload=6841\" title=\"Download\" rel=\"nofollow\" class=\"ddownload-button button-black id-6841 ext-pdf\">Download<\/a><\/p>\n<p>&nbsp;<\/p>\n<h5 style=\"padding-left: 60px;\">Bestellformular 2015 \u2013 Versteckt Fl\u00fcgel<\/h5>\n<p style=\"padding-left: 60px;\">Format: PDF<br \/>\n488,4 KB<br \/>\n<a href=\"https:\/\/grad-export.hr\/de?ddownload=6843\" title=\"Download\" rel=\"nofollow\" class=\"ddownload-button button-black id-6843 ext-pdf\">Download<\/a><\/p>\n<p>&nbsp;<\/p>\n<h5 style=\"padding-left: 60px;\">Bestellformular 2015 \u2013 Beidseitig versteckt Fl\u00fcgel<\/h5>\n<p style=\"padding-left: 60px;\">Format: PDF<br \/>\n492,5 KB<br \/>\n<a href=\"https:\/\/grad-export.hr\/de?ddownload=6840\" title=\"Download\" rel=\"nofollow\" class=\"ddownload-button button-black id-6840 ext-pdf\">Download<\/a><\/p>\n<p>&nbsp;<\/p>\n<h5 style=\"padding-left: 60px;\">Zertifikat CSI Praha<\/h5>\n<p style=\"padding-left: 60px;\">Format: PDF<br \/>\n977,4 KB<br \/>\n<a href=\"https:\/\/grad-export.hr\/de?ddownload=6233\" title=\"Download\" rel=\"nofollow\" class=\"ddownload-button button-black id-6233 ext-pdf\">Download<\/a><\/p>\n<p>&nbsp;<\/p>\n<h5 style=\"padding-left: 60px;\">IFT Rosenheim &#8211; W\u00e4rmed\u00e4mmung<\/h5>\n<p style=\"padding-left: 60px;\">Format: PDF<br \/>\n2,6 MB<br \/>\n<a href=\"https:\/\/grad-export.hr\/de?ddownload=6235\" title=\"Download\" rel=\"nofollow\" class=\"ddownload-button button-black id-6235 ext-zip\">Download<\/a><\/p>\n<p>&nbsp;<\/p>\n<h5 style=\"padding-left: 60px;\">IFT Rosenheim &#8211; Schalld\u00e4mpfung<\/h5>\n<p style=\"padding-left: 60px;\">Format: PDF<br \/>\n2,9 MB<br \/>\n<a href=\"https:\/\/grad-export.hr\/de?ddownload=6234\" title=\"Download\" rel=\"nofollow\" class=\"ddownload-button button-black id-6234 ext-zip\">Download<\/a><\/p>\n<p>&nbsp;<\/p>\n<h5 style=\"padding-left: 60px;\">Glasseitenteile &#8211; Formular f\u00fcr Bestellung<\/h5>\n<p style=\"padding-left: 60px;\"><em>(Standard Glasseitenteile Formular, ausreichend f\u00fcr die meisten Bestellungen)<\/em><br \/>\nFormat: PDF<br \/>\n485,5 KB<br \/>\n<a href=\"https:\/\/grad-export.hr\/de?ddownload=31715\" title=\"Download\" rel=\"nofollow\" class=\"ddownload-button button-black id-31715 ext-pdf\">Download<\/a><\/p>\n<p>&nbsp;<\/p>\n<h5 style=\"padding-left: 60px;\">Formular f\u00fcr Bestellung der Glasseitenteile und Oberlicht (2018)<\/h5>\n<p style=\"padding-left: 60px;\">Format: PDF<br \/>\n1,6 MB<br \/>\n<a href=\"https:\/\/grad-export.hr\/de?ddownload=15854\" title=\"Download\" rel=\"nofollow\" class=\"ddownload-button button-black id-15854 ext-pdf\">Download<\/a><\/p>\n<p>&nbsp;<\/p>\n<h5 style=\"padding-left: 60px;\">Grad-Export LOGO<\/h5>\n<p style=\"padding-left: 60px;\">Format: PDF<br \/>\n<br \/>\n<a href=\"https:\/\/grad-export.hr\/de?ddownload=6236\" title=\"Download\" rel=\"nofollow\" class=\"ddownload-button button-black id-6236 ext-eps\">Download<\/a><\/p>\n<p>&nbsp;<\/p>\n<h5 style=\"padding-left: 60px;\">Katalog &#8220;Design &amp; Technology&#8221; 2024 (94 seiten)<\/h5>\n<p style=\"padding-left: 60px;\">Format: PDF<br \/>\n24 MB<br \/>\n<a href=\"https:\/\/grad-export.hr\/de?ddownload=26959\" title=\"Download\" rel=\"nofollow\" class=\"ddownload-button button-black id-26959 ext-pdf\">Download<\/a><\/p>\n<p>&nbsp;<\/p>\n<h5 style=\"padding-left: 60px;\">Catalog Rustic Forest &amp; Luxury (24 seiten)<\/h5>\n<p style=\"padding-left: 60px;\">Format: PDF<br \/>\n63 MB<br \/>\n<a href=\"https:\/\/grad-export.hr\/de?ddownload=22366\" title=\"Download\" rel=\"nofollow\" class=\"ddownload-button button-black id-22366 ext-pdf\">Download<\/a><\/p>\n<p>&nbsp;<\/p>\n<h5 style=\"padding-left: 60px;\">Katalog Aluminium 2020.(8 Seiten)<\/h5>\n<p style=\"padding-left: 60px;\">Format: PDF<br \/>\n6 MB<br \/>\n<a href=\"https:\/\/grad-export.hr\/de?ddownload=17887\" title=\"Download\" rel=\"nofollow\" class=\"ddownload-button button-black id-17887 ext-pdf\">Download<\/a><\/p>\n<p>&nbsp;<\/p>\n<h5 style=\"padding-left: 60px;\">Katalog PVC &amp; HPL 2020.(8 Seiten)<\/h5>\n<p style=\"padding-left: 60px;\">Format: PDF<br \/>\n7 MB<br \/>\n<a href=\"https:\/\/grad-export.hr\/de?ddownload=17888\" title=\"Download\" rel=\"nofollow\" class=\"ddownload-button button-black id-17888 ext-pdf\">Download<\/a><\/p>\n<p>&nbsp;<\/p>\n<h5 style=\"padding-left: 60px;\">Katalog Aluminium 2020.(131 Seiten)<\/h5>\n<p style=\"padding-left: 60px;\">Format: PDF<br \/>\n13,6 MB<br \/>\n<a href=\"https:\/\/grad-export.hr\/de?ddownload=17884\" title=\"Download\" rel=\"nofollow\" class=\"ddownload-button button-black id-17884 ext-pdf\">Download<\/a><\/p>\n<p>&nbsp;<\/p>\n<h5 style=\"padding-left: 60px;\">Katalog PVC und HPL 2020.(124 Seiten)<\/h5>\n<p style=\"padding-left: 60px;\">Format: PDF<br \/>\n88,9 MB<br \/>\n<a href=\"https:\/\/grad-export.hr\/de?ddownload=17886\" title=\"Download\" rel=\"nofollow\" class=\"ddownload-button button-black id-17886 ext-pdf\">Download<\/a><\/p>\n<p>&nbsp;<\/p>\n","protected":false},"excerpt":{"rendered":"<p>Dokumente Herunterladung &nbsp; Bestellformular 2015 \u2013 Klasische Fl\u00fcgel Format: PDF &nbsp; Bestellformular 2015 \u2013 Versteckt Fl\u00fcgel Format: PDF &nbsp; Bestellformular 2015 \u2013 Beidseitig versteckt Fl\u00fcgel Format: PDF &nbsp; Zertifikat CSI Praha Format: PDF &nbsp; IFT Rosenheim &#8211; W\u00e4rmed\u00e4mmung Format: PDF &nbsp; IFT Rosenheim &#8211; Schalld\u00e4mpfung Format: PDF &nbsp; Glasseitenteile &#8211; Formular f\u00fcr Bestellung (Standard Glasseitenteile [&hellip;]<\/p>\n","protected":false},"author":1,"featured_media":0,"parent":0,"menu_order":0,"comment_status":"open","ping_status":"open","template":"","meta":{"ngg_post_thumbnail":0,"__cvm_playback_settings":[],"__cvm_video_id":"","footnotes":""},"class_list":["post-5981","page","type-page","status-publish","czr-hentry"],"_links":{"self":[{"href":"https:\/\/grad-export.hr\/de\/wp-json\/wp\/v2\/pages\/5981"}],"collection":[{"href":"https:\/\/grad-export.hr\/de\/wp-json\/wp\/v2\/pages"}],"about":[{"href":"https:\/\/grad-export.hr\/de\/wp-json\/wp\/v2\/types\/page"}],"author":[{"embeddable":true,"href":"https:\/\/grad-export.hr\/de\/wp-json\/wp\/v2\/users\/1"}],"replies":[{"embeddable":true,"href":"https:\/\/grad-export.hr\/de\/wp-json\/wp\/v2\/comments?post=5981"}],"version-history":[{"count":26,"href":"https:\/\/grad-export.hr\/de\/wp-json\/wp\/v2\/pages\/5981\/revisions"}],"predecessor-version":[{"id":31716,"href":"https:\/\/grad-export.hr\/de\/wp-json\/wp\/v2\/pages\/5981\/revisions\/31716"}],"wp:attachment":[{"href":"https:\/\/grad-export.hr\/de\/wp-json\/wp\/v2\/media?parent=5981"}],"curies":[{"name":"wp","href":"https:\/\/api.w.org\/{rel}","templated":true}]}}