{"id":6675,"date":"2015-05-05T21:41:37","date_gmt":"2015-05-05T21:41:37","guid":{"rendered":"http:\/\/grad-export.hr\/?page_id=6675"},"modified":"2025-02-13T08:17:18","modified_gmt":"2025-02-13T08:17:18","slug":"zumberak","status":"publish","type":"page","link":"https:\/\/grad-export.hr\/de\/zumberak","title":{"rendered":"Future &#8211; Modell \u017dumberak (\u017dUM)"},"content":{"rendered":"<div class=\"item\">\n<div class=\"slika-kat\"><img loading=\"lazy\" decoding=\"async\" class=\"alignleft size-full wp-image-6516\" src=\"http:\/\/grad-export.hr\/web\/wp-content\/uploads\/zumberak\/ZUM-DPK.jpg\" alt=\"Future - model \u017dumberak\" width=\"261\" height=\"543\" srcset=\"https:\/\/grad-export.hr\/web\/wp-content\/uploads\/zumberak\/ZUM-DPK.jpg 261w, https:\/\/grad-export.hr\/web\/wp-content\/uploads\/zumberak\/ZUM-DPK-194x403.jpg 194w\" sizes=\"(max-width: 261px) 100vw, 261px\" \/><\/div>\n<div class=\"descr-kat\">\n<h5>HCA-S-ZUM-DPK<\/h5>\n<\/div>\n<\/div>\n<hr>\n<div class=\"item\">\n<div class=\"slika-kat\"><img loading=\"lazy\" decoding=\"async\" class=\"alignleft size-full wp-image-6519\" src=\"http:\/\/grad-export.hr\/web\/wp-content\/uploads\/zumberak\/ZUM-FPK.jpg\" alt=\"Future - model \u017dumberak\" width=\"261\" height=\"553\" srcset=\"https:\/\/grad-export.hr\/web\/wp-content\/uploads\/zumberak\/ZUM-FPK.jpg 261w, https:\/\/grad-export.hr\/web\/wp-content\/uploads\/zumberak\/ZUM-FPK-190x403.jpg 190w\" sizes=\"(max-width: 261px) 100vw, 261px\" \/><\/div>\n<div class=\"descr-kat\">\n<h5>HRH-INOX-\u017dUM-FPK<\/h5>\n<\/div>\n<\/div>\n<hr>\n<div class=\"item\">\n<div class=\"slika-kat\"><img loading=\"lazy\" decoding=\"async\" class=\"alignleft size-full wp-image-6517\" src=\"http:\/\/grad-export.hr\/web\/wp-content\/uploads\/zumberak\/ZUM-DPZ.jpg\" alt=\"Future - model \u017dumberak\" width=\"261\" height=\"551\" srcset=\"https:\/\/grad-export.hr\/web\/wp-content\/uploads\/zumberak\/ZUM-DPZ.jpg 261w, https:\/\/grad-export.hr\/web\/wp-content\/uploads\/zumberak\/ZUM-DPZ-191x403.jpg 191w\" sizes=\"(max-width: 261px) 100vw, 261px\" \/><\/div>\n<div class=\"descr-kat\">\n<h5>ALPG-INOX-\u017dUM-DPZ<\/h5>\n<\/div>\n<\/div>\n<hr>\n<div class=\"item\">\n<div class=\"slika-kat\"><img loading=\"lazy\" decoding=\"async\" class=\"alignleft size-full wp-image-6520\" src=\"http:\/\/grad-export.hr\/web\/wp-content\/uploads\/zumberak\/ZUM-PJ.jpg\" alt=\"Future - model \u017dumberak\" width=\"261\" height=\"550\" srcset=\"https:\/\/grad-export.hr\/web\/wp-content\/uploads\/zumberak\/ZUM-PJ.jpg 261w, https:\/\/grad-export.hr\/web\/wp-content\/uploads\/zumberak\/ZUM-PJ-191x403.jpg 191w\" sizes=\"(max-width: 261px) 100vw, 261px\" \/><\/div>\n<div class=\"descr-kat\">\n<h5>ALB-S-\u017dUM-PJ<\/h5>\n<\/div>\n<\/div>\n","protected":false},"excerpt":{"rendered":"<p>HCA-S-ZUM-DPK HRH-INOX-\u017dUM-FPK ALPG-INOX-\u017dUM-DPZ ALB-S-\u017dUM-PJ<\/p>\n","protected":false},"author":1,"featured_media":12391,"parent":0,"menu_order":0,"comment_status":"open","ping_status":"open","template":"","meta":{"ngg_post_thumbnail":0,"__cvm_playback_settings":[],"__cvm_video_id":"","footnotes":""},"class_list":["post-6675","page","type-page","status-publish","has-post-thumbnail","czr-hentry"],"_links":{"self":[{"href":"https:\/\/grad-export.hr\/de\/wp-json\/wp\/v2\/pages\/6675"}],"collection":[{"href":"https:\/\/grad-export.hr\/de\/wp-json\/wp\/v2\/pages"}],"about":[{"href":"https:\/\/grad-export.hr\/de\/wp-json\/wp\/v2\/types\/page"}],"author":[{"embeddable":true,"href":"https:\/\/grad-export.hr\/de\/wp-json\/wp\/v2\/users\/1"}],"replies":[{"embeddable":true,"href":"https:\/\/grad-export.hr\/de\/wp-json\/wp\/v2\/comments?post=6675"}],"version-history":[{"count":2,"href":"https:\/\/grad-export.hr\/de\/wp-json\/wp\/v2\/pages\/6675\/revisions"}],"predecessor-version":[{"id":29914,"href":"https:\/\/grad-export.hr\/de\/wp-json\/wp\/v2\/pages\/6675\/revisions\/29914"}],"wp:featuredmedia":[{"embeddable":true,"href":"https:\/\/grad-export.hr\/de\/wp-json\/wp\/v2\/media\/12391"}],"wp:attachment":[{"href":"https:\/\/grad-export.hr\/de\/wp-json\/wp\/v2\/media?parent=6675"}],"curies":[{"name":"wp","href":"https:\/\/api.w.org\/{rel}","templated":true}]}}