{"id":6712,"date":"2015-05-10T20:07:40","date_gmt":"2015-05-10T20:07:40","guid":{"rendered":"http:\/\/grad-export.hr\/?page_id=6712"},"modified":"2024-07-22T10:04:33","modified_gmt":"2024-07-22T10:04:33","slug":"cookies","status":"publish","type":"page","link":"https:\/\/grad-export.hr\/de\/cookies","title":{"rendered":"DSGVO-Informationen und Cookies"},"content":{"rendered":"<h4>1. DATENSCHUTZERKL\u00c4RUNG (DSGVO-Informationen)<\/h4>\n<p>www.grad-export.hr ist eine Website von Grad-Export d.o.o., einem Hersteller von dekorativen T\u00fcrpaneelen aus der Stadt Vinkovci in Kroatien.<\/p>\n<h4>1.1.<\/h4>\n<p>Gem\u00e4\u00df unserer Informationspflicht gegen\u00fcber unseren Website-Besuchern gem\u00e4\u00df Artikel 13 der europ\u00e4ischen Datenschutz-Grundverordnung (DSGVO) informieren wir Sie mit diesem Text \u00fcber die Art und Weise, wie wir mit Ihren pers\u00f6nlichen Daten umgehen, die wir sammeln k\u00f6nnen, wenn Sie unsere Website besuchen. Informationen, die auf Websites gesammelt werden k\u00f6nnen, sind:<br \/>\n-Pers\u00f6nliche Informationen \u2013 Daten, die zur Identifizierung Ihrer Identit\u00e4t verwendet werden k\u00f6nnen:<\/p>\n<p>Ihr Vor- und Nachname<br \/>\nIhre Privatadresse<br \/>\nIhre PIN (pers\u00f6nliche Identifikationsnummer)<br \/>\nIhre Bankkontonummer<br \/>\nIhre E-Mail-Adresse<br \/>\nIhre Telefonnummer<br \/>\n-Informationen, die nicht als pers\u00f6nlich gelten:<\/p>\n<p>Informationen \u00fcber das Ger\u00e4t, das Sie f\u00fcr die Verbindung mit dem Internet verwenden<br \/>\nInformationen \u00fcber den von Ihnen verwendeten Internetbrowser<br \/>\nInformationen \u00fcber die Art und Weise, wie Sie unsere Website durchsuchen<\/p>\n<h4>1.2.<\/h4>\n<p>Grad-Export d.o.o. verpflichtet sich hiermit, keine personenbezogenen Daten von Besuchern dieser Website zu sammeln, zu verarbeiten und weiterzugeben, wenn diese nur auf der Website surfen, ohne die Absicht zu haben, Grad-Export d.o.o. zu kontaktieren.<br \/>\nF\u00fcr Besucher, die Grad-Export d.o.o. \u00fcber die auf dieser Website angezeigten Kontaktinformationen kontaktieren, gilt Regel 1.3 wie folgt:<\/p>\n<h4>1.3.<\/h4>\n<p>Grad-Export d.o.o. kann personenbezogene Daten seiner Kunden und potenziellen Kunden, die diese freiwillig \u00fcber die auf dieser Website ver\u00f6ffentlichten Kontaktkan\u00e4le kommunizieren, zum Zweck der administrativen Abwicklung, der weiteren Zusammenarbeit und der Bereitstellung von Werbeangeboten sammeln, verarbeiten und speichern.<br \/>\nGrad-Export d.o.o. garantiert, dass keine gesammelten personenbezogenen Daten zur Verwendung an Dritte weitergegeben werden.<\/p>\n<h4>1.4.<\/h4>\n<p>Systemsicherungen befinden sich auf verschiedenen Servern in mehreren L\u00e4ndern auf der ganzen Welt, um das Risiko eines Datenverlusts zu verringern. Dar\u00fcber hinaus liegen einige dieser L\u00e4nder au\u00dferhalb des EWR (Europ\u00e4ischer Wirtschaftsraum) und fallen daher nicht in den Bereich der direkten DSGVO-Verordnung. Dies sind f\u00fchrende multinationale Unternehmen, die Datenspeicherdienste anbieten (z. B. Google).<br \/>\nUngeachtet dessen wird diesen Unternehmen garantiert, dass sie gem\u00e4\u00df den DSGVO-Grunds\u00e4tzen arbeiten und die Einhaltung der erforderlichen Kriterien gew\u00e4hrleisten. Wir nutzen ihre Dienste aufgrund des hohen Ma\u00dfes an Zuverl\u00e4ssigkeit und technischen Anforderungen, die die Website www.grad-export.hr erfordert. Unsere Beziehungen zu ihnen werden durch die Datenverarbeitungsvereinbarung geregelt, die die Datenschutzklauseln der EU enth\u00e4lt.<\/p>\n<h4>1.5.<\/h4>\n<p>Wir sind verpflichtet, Sie dar\u00fcber zu informieren, dass Ihre pers\u00f6nlichen Daten m\u00f6glicherweise anderen Vorschriften unterliegen und von den zust\u00e4ndigen Diensten (der Justiz) in F\u00e4llen wie der Betrugspr\u00e4vention in Unternehmen und \u00e4hnlichen F\u00e4llen angefordert und verarbeitet werden k\u00f6nnen. Es gibt andere Gesetze, nach denen das Gericht Daten im Interesse der Allgemeinheit und der Gesellschaft von einem Dienstanbieter anfordern kann.<\/p>\n<h4>2. VERWENDUNG VON COOKIES (\u201eCookies\u201c)<\/h4>\n<p>www.grad-export.hr verwendet die sogenannten \u201eCookies\u201c f\u00fcr eine bessere Benutzererfahrung dieser Website.<\/p>\n<h4>2-1. WAS SIND \u201eCOOKIES\u201c?<\/h4>\n<p>Cookies sind Dateien, die auf Ihrem Computer gespeichert werden, wenn Sie unsere Website (oder eine andere Website im Internet) aufrufen, um eine bessere Benutzererfahrung der Website, eine statistische \u00dcberwachung der Besuche oder \u00c4hnliches zu erm\u00f6glichen.<\/p>\n<h4>2-2. ZUSTIMMUNG ZUR VERWENDUNG VON COOKIES<\/h4>\n<p><strong>Einige Cookies sind f\u00fcr die Anzeige der Website erforderlich, sie verwenden Ihre privaten Daten nicht und k\u00f6nnen bei der Verwendung dieser Website nicht deaktiviert werden.<\/strong><\/p>\n<p><strong>Im Gegensatz zu den erforderlichen Cookies gibt es andere Cookies<\/strong> (f\u00fcr Einstellungen, Statistiken oder Marketingzwecke), von denen einige <strong>Ihre Daten verwenden k\u00f6nnen<\/strong> (z. B. technische Daten \u00fcber das Ger\u00e4t, von dem aus Sie die Seite aufrufen, die Art und Weise, wie Sie sie aufrufen, d. h. verwenden, Ihre IP-Adresse usw.). <strong>Diese Website ERHEBEN KEINE Ihrer grundlegenden pers\u00f6nlichen Daten wie Vor- und Nachname, Postanschrift, Telefonnummer, Bankkartennummern usw.<\/strong><\/p>\n<p><strong>Wenn Sie unsere Website zum ersten Mal besuchen, wird auf Ihrem Browserbildschirm ein Fenster angezeigt, in dem Sie um Ihre Zustimmung zur Speicherung von Cookies auf Ihrem Computer gebeten werden.<\/strong> Sie k\u00f6nnen diese Zustimmung vollst\u00e4ndig erteilen (\u201eAlle zulassen\u201c), teilweise erteilen (w\u00e4hlen Sie die Arten von Cookies aus, die Sie zulassen m\u00f6chten, indem Sie den in diesem Fenster angezeigten An-\/Aus-Schieberegler verwenden und durch Klicken auf \u201eAuswahl zulassen\u201c abschlie\u00dfen) oder vollst\u00e4ndig ablehnen (durch Klicken auf \u201eAblehnen\u201c, in diesem Fall werden nur die erforderlichen Cookies auf Ihrem Computer gespeichert, die Ihre personenbezogenen Daten nicht erfassen).<\/p>\n<p><strong>Sie k\u00f6nnen Ihre Zustimmung jederzeit \u00e4ndern, indem Sie auf den Kreis in der unteren linken Ecke unserer Seite klicken.<\/strong><\/p>\n<p>Wenn Sie weitere Fragen oder Bedenken bez\u00fcglich des Datenschutzes oder der Verwendung von Cookies auf dieser Website haben, wenden Sie sich bitte an: <a href=\"mailto:senka.maric@grad-export.hr\">senka.maric@grad-export.hr<\/a>.<\/p>\n","protected":false},"excerpt":{"rendered":"<p>1. DATENSCHUTZERKL\u00c4RUNG (DSGVO-Informationen) www.grad-export.hr ist eine Website von Grad-Export d.o.o., einem Hersteller von dekorativen T\u00fcrpaneelen aus der Stadt Vinkovci in Kroatien. 1.1. Gem\u00e4\u00df unserer Informationspflicht gegen\u00fcber unseren Website-Besuchern gem\u00e4\u00df Artikel 13 der europ\u00e4ischen Datenschutz-Grundverordnung (DSGVO) informieren wir Sie mit diesem Text \u00fcber die Art und Weise, wie wir mit Ihren pers\u00f6nlichen Daten umgehen, die wir [&hellip;]<\/p>\n","protected":false},"author":1,"featured_media":0,"parent":0,"menu_order":0,"comment_status":"open","ping_status":"open","template":"","meta":{"ngg_post_thumbnail":0,"__cvm_playback_settings":[],"__cvm_video_id":"","footnotes":""},"class_list":["post-6712","page","type-page","status-publish","czr-hentry"],"_links":{"self":[{"href":"https:\/\/grad-export.hr\/de\/wp-json\/wp\/v2\/pages\/6712"}],"collection":[{"href":"https:\/\/grad-export.hr\/de\/wp-json\/wp\/v2\/pages"}],"about":[{"href":"https:\/\/grad-export.hr\/de\/wp-json\/wp\/v2\/types\/page"}],"author":[{"embeddable":true,"href":"https:\/\/grad-export.hr\/de\/wp-json\/wp\/v2\/users\/1"}],"replies":[{"embeddable":true,"href":"https:\/\/grad-export.hr\/de\/wp-json\/wp\/v2\/comments?post=6712"}],"version-history":[{"count":11,"href":"https:\/\/grad-export.hr\/de\/wp-json\/wp\/v2\/pages\/6712\/revisions"}],"predecessor-version":[{"id":27456,"href":"https:\/\/grad-export.hr\/de\/wp-json\/wp\/v2\/pages\/6712\/revisions\/27456"}],"wp:attachment":[{"href":"https:\/\/grad-export.hr\/de\/wp-json\/wp\/v2\/media?parent=6712"}],"curies":[{"name":"wp","href":"https:\/\/api.w.org\/{rel}","templated":true}]}}