{"id":6732,"date":"2015-05-11T19:07:00","date_gmt":"2015-05-11T19:07:00","guid":{"rendered":"http:\/\/grad-export.hr\/?page_id=6732"},"modified":"2025-10-07T10:22:30","modified_gmt":"2025-10-07T10:22:30","slug":"offentliche-herunterladung","status":"publish","type":"page","link":"https:\/\/grad-export.hr\/de\/offentliche-herunterladung","title":{"rendered":"\u00d6ffentliche Herunterladung"},"content":{"rendered":"<p>Hier k\u00f6nnen Sie einige Dateien als nicht registrierter Benutzer herunterladen.<\/p>\n<p>F\u00fcr weitere Downloads&nbsp;(Bestellformulare, Zertifikate &#8230;) m\u00fcssen Sie bereits als Kunde bei uns bekannt sein.<\/p>\n<p>Hier registrieren und einloggen:&nbsp;<a href=\"https:\/\/grad-export.hr\/de\/klientz\">https:\/\/grad-export.hr\/de\/klientz<\/a><br \/>\n&nbsp;<\/p>\n<h4 style=\"padding-left: 60px;\">Katalog &#8220;Design &amp; Technology&#8221; 2024 (94 Seiten)<\/h4>\n<p style=\"padding-left: 60px;\">Format: PDF<br \/>\n24 MB<br \/>\n<a href=\"https:\/\/grad-export.hr\/de?ddownload=26959\" title=\"Download\" rel=\"nofollow\" class=\"ddownload-button button-black id-26959 ext-pdf\">Download<\/a><\/p>\n<p>&nbsp;<\/p>\n<h4 style=\"padding-left: 60px;\">Katalog Rustic Forest &amp; Luxury (24 Seiten)<\/h4>\n<p style=\"padding-left: 60px;\">Format: PDF<br \/>\n63 MB<br \/>\n<a href=\"https:\/\/grad-export.hr\/de?ddownload=22366\" title=\"Download\" rel=\"nofollow\" class=\"ddownload-button button-black id-22366 ext-pdf\">Download<\/a><\/p>\n<p>&nbsp;<\/p>\n<h4 style=\"padding-left: 60px;\">Katalog Aluminium 2020.(131 Seiten)<\/h4>\n<p style=\"padding-left: 60px;\">Format: PDF<br \/>\n13,6 MB<br \/>\n<a href=\"https:\/\/grad-export.hr\/de?ddownload=17884\" title=\"Download\" rel=\"nofollow\" class=\"ddownload-button button-black id-17884 ext-pdf\">Download<\/a><\/p>\n<p>&nbsp;<\/p>\n<h4 style=\"padding-left: 60px;\">Katalog PVC &amp; HPL 2020.(124 Seiten)<\/h4>\n<p style=\"padding-left: 60px;\">Format: PDF<br \/>\n88,9 MB<br \/>\n<a href=\"https:\/\/grad-export.hr\/de?ddownload=17886\" title=\"Download\" rel=\"nofollow\" class=\"ddownload-button button-black id-17886 ext-pdf\">Download<\/a><\/p>\n<p>&nbsp;<\/p>\n<h4 style=\"padding-left: 60px;\">Katalog Basic und Smart 2018<\/h4>\n<p style=\"padding-left: 60px;\">Format: PDF<br \/>\n27,1 MB<br \/>\n<a href=\"https:\/\/grad-export.hr\/de?ddownload=15894\" title=\"Download\" rel=\"nofollow\" class=\"ddownload-button button-black id-15894 ext-pdf\">Download<\/a><\/p>\n","protected":false},"excerpt":{"rendered":"<p>Hier k\u00f6nnen Sie einige Dateien als nicht registrierter Benutzer herunterladen. F\u00fcr weitere Downloads&nbsp;(Bestellformulare, Zertifikate &#8230;) m\u00fcssen Sie bereits als Kunde bei uns bekannt sein. Hier registrieren und einloggen:&nbsp;https:\/\/grad-export.hr\/de\/klientz &nbsp; Katalog &#8220;Design &amp; Technology&#8221; 2024 (94 Seiten) Format: PDF 24 MB &nbsp; Katalog Rustic Forest &amp; Luxury (24 Seiten) Format: PDF 63 MB &nbsp; Katalog Aluminium [&hellip;]<\/p>\n","protected":false},"author":1,"featured_media":0,"parent":0,"menu_order":0,"comment_status":"open","ping_status":"open","template":"","meta":{"ngg_post_thumbnail":0,"__cvm_playback_settings":[],"__cvm_video_id":"","footnotes":""},"class_list":["post-6732","page","type-page","status-publish","czr-hentry"],"_links":{"self":[{"href":"https:\/\/grad-export.hr\/de\/wp-json\/wp\/v2\/pages\/6732"}],"collection":[{"href":"https:\/\/grad-export.hr\/de\/wp-json\/wp\/v2\/pages"}],"about":[{"href":"https:\/\/grad-export.hr\/de\/wp-json\/wp\/v2\/types\/page"}],"author":[{"embeddable":true,"href":"https:\/\/grad-export.hr\/de\/wp-json\/wp\/v2\/users\/1"}],"replies":[{"embeddable":true,"href":"https:\/\/grad-export.hr\/de\/wp-json\/wp\/v2\/comments?post=6732"}],"version-history":[{"count":13,"href":"https:\/\/grad-export.hr\/de\/wp-json\/wp\/v2\/pages\/6732\/revisions"}],"predecessor-version":[{"id":31477,"href":"https:\/\/grad-export.hr\/de\/wp-json\/wp\/v2\/pages\/6732\/revisions\/31477"}],"wp:attachment":[{"href":"https:\/\/grad-export.hr\/de\/wp-json\/wp\/v2\/media?parent=6732"}],"curies":[{"name":"wp","href":"https:\/\/api.w.org\/{rel}","templated":true}]}}