{"id":7757,"date":"2015-07-08T13:28:51","date_gmt":"2015-07-08T13:28:51","guid":{"rendered":"http:\/\/grad-export.hr\/?page_id=7757"},"modified":"2025-03-07T11:27:22","modified_gmt":"2025-03-07T11:27:22","slug":"energieeffizienz","status":"publish","type":"page","link":"https:\/\/grad-export.hr\/de\/energieeffizienz","title":{"rendered":"Energieeffizienz"},"content":{"rendered":"<p>Energieeinsparung ist eine aktive Teilnahme am Umweltschutz.<br \/>\nKombinieren Sie Ihre M\u00f6glichkeiten und finden Sie die beste L\u00f6sung, die perfekt Ihren Anforderungen und Bed\u00fcrfnissen entspricht. <\/p>\n<p>&nbsp;<\/p>\n<div class=\"item\">\n<div class=\"slika-tech\">\n<div class=\"slika-noborder\"><img loading=\"lazy\" decoding=\"async\" class=\"alignleft size-full wp-image-7745\" src=\"http:\/\/grad-export.hr\/web\/wp-content\/uploads\/energetska-ucinkovitost\/energy_efficiency.jpg\" alt=\"Energy efficiency\" width=\"350\" height=\"293\"><\/div>\n<\/div>\n<div class=\"descr-tech\">\n<span><br \/>\nVergleichen Sie die verschiedenen M\u00f6glichkeiten:<\/p>\n<ul>\n<li><a href=\"https:\/\/grad-export.hr\/de\/u-werte-von-dekorfuellungen-ohne-glas\">U-Wert der F\u00fcllungen ohne Verglasung<\/a><\/li>\n<li><a href=\"https:\/\/grad-export.hr\/de\/u-werte-von-dekorfuellungen-mit-glas-und-klassichen-fluegel\">U-Wert der verglasten F\u00fcllungen bei einem klassischen Fl\u00fcgel<\/a><\/li>\n<li><a href=\"https:\/\/grad-export.hr\/de\/%C2%B7-u-werte-dekorfuellungen-mit-glas-und-verdeckter-fluegel\">U-Wert der verglasten F\u00fcllungen bei einem fl\u00fcgel\u00fcberdeckenden Fl\u00fcgel<\/a><\/li>\n<\/ul>\n<p><\/span>\n<\/div>\n<\/div>\n<p>&nbsp;<\/p>\n<p><strong>INFO: Was ist der &#8220;U-Wert&#8221;?<\/strong><\/p>\n<p>Der U-Wert ist ein W\u00e4rmeleitf\u00e4higkeitskoeffizient und W\u00e4rmed\u00e4mmungkoeffizient, er ist auch als \u201eK-Wert\u201c  bekannt. Dies ist eine Ma\u00dfeinheit f\u00fcr die W\u00e4rmemenge, die durch eine oder mehrere Schichten, bei verschiedenen Temperaturen hindurchgeht.<\/p>\n","protected":false},"excerpt":{"rendered":"<p>Energieeinsparung ist eine aktive Teilnahme am Umweltschutz. Kombinieren Sie Ihre M\u00f6glichkeiten und finden Sie die beste L\u00f6sung, die perfekt Ihren Anforderungen und Bed\u00fcrfnissen entspricht. &nbsp; Vergleichen Sie die verschiedenen M\u00f6glichkeiten: U-Wert der F\u00fcllungen ohne Verglasung U-Wert der verglasten F\u00fcllungen bei einem klassischen Fl\u00fcgel U-Wert der verglasten F\u00fcllungen bei einem fl\u00fcgel\u00fcberdeckenden Fl\u00fcgel &nbsp; INFO: Was ist [&hellip;]<\/p>\n","protected":false},"author":1,"featured_media":12991,"parent":0,"menu_order":0,"comment_status":"open","ping_status":"closed","template":"","meta":{"ngg_post_thumbnail":0,"__cvm_playback_settings":[],"__cvm_video_id":"","footnotes":""},"class_list":["post-7757","page","type-page","status-publish","has-post-thumbnail","czr-hentry"],"_links":{"self":[{"href":"https:\/\/grad-export.hr\/de\/wp-json\/wp\/v2\/pages\/7757"}],"collection":[{"href":"https:\/\/grad-export.hr\/de\/wp-json\/wp\/v2\/pages"}],"about":[{"href":"https:\/\/grad-export.hr\/de\/wp-json\/wp\/v2\/types\/page"}],"author":[{"embeddable":true,"href":"https:\/\/grad-export.hr\/de\/wp-json\/wp\/v2\/users\/1"}],"replies":[{"embeddable":true,"href":"https:\/\/grad-export.hr\/de\/wp-json\/wp\/v2\/comments?post=7757"}],"version-history":[{"count":16,"href":"https:\/\/grad-export.hr\/de\/wp-json\/wp\/v2\/pages\/7757\/revisions"}],"predecessor-version":[{"id":31257,"href":"https:\/\/grad-export.hr\/de\/wp-json\/wp\/v2\/pages\/7757\/revisions\/31257"}],"wp:featuredmedia":[{"embeddable":true,"href":"https:\/\/grad-export.hr\/de\/wp-json\/wp\/v2\/media\/12991"}],"wp:attachment":[{"href":"https:\/\/grad-export.hr\/de\/wp-json\/wp\/v2\/media?parent=7757"}],"curies":[{"name":"wp","href":"https:\/\/api.w.org\/{rel}","templated":true}]}}