{"id":15194,"date":"2017-06-16T20:29:02","date_gmt":"2017-06-16T20:29:02","guid":{"rendered":"http:\/\/grad-export.hr\/en\/?page_id=15194"},"modified":"2024-01-28T16:21:34","modified_gmt":"2024-01-28T16:21:34","slug":"contact-opened","status":"publish","type":"page","link":"https:\/\/grad-export.hr\/en\/contact-opened","title":{"rendered":"Contact"},"content":{"rendered":"<h3>Grad-Export d.o.o.<\/h3>\n<div class=\"clear\">&nbsp;<\/div>\n<div id=\"kontakt-left\"><strong>Zalu\u017eje 15<\/strong><br \/>\n<strong>HR-32100 Vinkovci<\/strong><\/div>\n<div id=\"kontakt-right\">General phone numbers:<br \/>\ntel. +385 (0) 32 352 023<br \/>\nfax:+385 (0) 32 352 172<\/div>\n<div class=\"clear\">&nbsp;<\/div>\n<div id=\"kontakt-left\"><strong>EU ID: HR90758030057<\/strong> (OIB: 90758030057)<\/div>\n<div>&nbsp;<\/div>\n<div id=\"kontakt-right\"><strong>Owner: Petar \u0160imi\u0107<\/strong><\/div>\n<div><strong>Owner: Ivo Matijevi\u0107<\/strong><\/div>\n<div class=\"clear\">&nbsp;<\/div>\n<div id=\"kontakt-left\">&nbsp;<\/div>\n<div id=\"kontakt-right\">General manager: <strong>Mario \u0160imi\u0107<\/strong><\/div>\n<div id=\"kontakt-right2\">&nbsp;<\/div>\n<h4>CONTACTS<\/h4>\n<div class=\"clear\">&nbsp;<\/div>\n<div class=\"kontakt-section\"><strong>SALES OFFICE (PVC PANELS)<\/strong><\/div>\n<div class=\"clear\">&nbsp;<\/div>\n<div id=\"kontakt-left2\"><strong>Department manager: Mira Mari\u0107<\/strong><br \/>\ntel. +385 (0) 32 352 023, PBX local: 213<br \/>\nfax: +385 (0) 32 352 172<br \/>\ne-mail: mira.maric(at)grad-export.hr<\/div>\n<div>&nbsp;<\/div>\n<div id=\"kontakt-right2\">Danijel \u010cizmar<br \/>\ntel. +385 (0) 32 352 023, PBX local: 201<br \/>\ne-mail: pvc.paneli.prodaja(at)grad-export.hr<br \/>\ne-mail: pvc.paneli(at)vu.t-com.hr<\/div>\n<div>&nbsp;<\/div>\n<div id=\"kontakt-right2\">Irena Toth<br \/>\ntel. +385 (0) 32 352 023, PBX local: 223<br \/>\ne-mail: irena.toth(at)grad-export.hr<\/div>\n<div>&nbsp;<\/div>\n<div id=\"kontakt-right2\">Marina Barba<br \/>\ntel. +385 (0) 32 352 023, PBX local: 215<br \/>\ne-mail: marina.barba(at)grad-export.net<\/div>\n<div class=\"clear\">&nbsp;<\/div>\n<div class=\"kontakt-section\"><strong>SALES OFFICE (ALUMINIUM PANELS)<\/strong><\/div>\n<div class=\"clear\">&nbsp;<\/div>\n<div id=\"kontakt-left2\"><strong>Department manager: Krunoslav Sen\u010di\u0107<\/strong><br \/>\ntel. +385 (0) 32 352 023, PBX local: 205<br \/>\nfax: +385 (0) 32 352 172<br \/>\nmob: +385 98 349 200<br \/>\ne-mail: krunoslav.sencic(at)grad-export.hr<\/div>\n<div>&nbsp;<\/div>\n<div id=\"kontakt-right2\">Valerije Komesarovi\u0107<br \/>\ntel. +385 (0) 32 352 023, PBX local: 224<br \/>\nfax: +385 (0) 32 352 172<br \/>\ne-mail: valerije.komesarovic(at)grad-export.hr<\/div>\n<div class=\"clear\">&nbsp;<\/div>\n<div class=\"kontakt-section\"><strong>LOGISTICS<\/strong><\/div>\n<div class=\"clear\">&nbsp;<\/div>\n<div id=\"kontakt-right2\">Marinela Baj\u010di<br \/>\ntel. +385 (0) 32 352 023, PBX local: 216<br \/>\nfax: +385 (0) 32 352 172<br \/>\ne-mail: marinela.bajci(at)grad-export.net<\/div>\n<div>&nbsp;<\/div>\n<div id=\"kontakt-right2\">Marina Ragu\u017e<br \/>\ntel. +385 (0) 32 352 023, PBX local: 206<br \/>\nfax: +385 (0) 32 352 172<br \/>\ne-mail: marina.raguz(at)grad-export.hr<\/div>\n<div class=\"clear\">&nbsp;<\/div>\n<div class=\"kontakt-section\"><strong>EXPORT\/IMPORT<\/strong><\/div>\n<div class=\"clear\">&nbsp;<\/div>\n<div id=\"kontakt-left2\">Renata Marekovi\u0107<br \/>\ntel. +385 (0) 32 352 023, PBX local: 204<br \/>\nfax: +385 (0) 32 338 883<br \/>\ne-mail: renata.marekovic(at)grad-export.hr<\/div>\n<div>&nbsp;<\/div>\n<div id=\"kontakt-right2\">Danijela Grguri\u0107<br \/>\ntel. +385 (0) 32 352 023, PBX local: 214<br \/>\nfax: +385 (0) 32 338 883<br \/>\ne-mail: grad-export(at)grad-export.hr<\/div>\n<div class=\"clear\">&nbsp;<\/div>\n<div class=\"kontakt-section\"><strong>INTERNATIONAL SALES<\/strong><\/div>\n<div class=\"clear\">&nbsp;<\/div>\n<div id=\"kontakt-right2\">Marija Kramosta (DE)<br \/>\ntel. +385 (0) 32 352 023, PBX local: 228<br \/>\ne-mail: marija.kramosta(at)grad-export.hr<\/div>\n<div>&nbsp;<\/div>\n<div id=\"kontakt-right2\">Tamara Cviti\u0107 (DE)<br \/>\ntel. +385 (0) 32 352 023, PBX local: 231<br \/>\ne-mail: tamara.cvitic(at)grad-export.net<\/div>\n<div>&nbsp;<\/div>\n<div id=\"kontakt-right2\">Branka Bo\u017ei\u0107 (ENG &amp; DE)<br \/>\ntel. +385 (0) 32 352 023, PBX local: 224<br \/>\ne-mail: branka.bozic(at)grad-export.net<\/div>\n<div>&nbsp;<\/div>\n<div id=\"kontakt-right2\">Valerije Komesarovi\u0107<br \/>\ntel. +385 (0) 32 352 023, PBX local: 232<br \/>\ne-mail: valerije.komesarovic(at)grad-export.hr<\/div>\n<div>&nbsp;<\/div>\n<div id=\"kontakt-right2\">Ines Kova\u010d<br \/>\ntel. +385 (0) 32 352 023, PBX local: 230<br \/>\ne-mail: ines.kovac(at)grad-export.hr<\/div>\n<div>&nbsp;<\/div>\n<div>\n<div id=\"kontakt-right\">\n<div><strong>LEGAL SERVICES<\/strong><\/div>\n<\/div>\n<div>&nbsp;<\/div>\n<div><strong>Martina Radi\u0107<\/strong><\/div>\n<div>e-mail: martina.radic(at)grad-export.net<\/div>\n<div>&nbsp;<\/div>\n<div><strong>HUMAN RESOURCES<\/strong><\/div>\n<div>&nbsp;<\/div>\n<div><strong>Daria Brki\u0107<\/strong><\/div>\n<div>e-mail: daria.brkic(at)grad-export.net<\/div>\n<\/div>\n<div class=\"clear\">&nbsp;<\/div>\n<div class=\"kontakt-section\"><strong>MARKETING<\/strong><\/div>\n<div class=\"clear\">&nbsp;<\/div>\n<div id=\"kontakt-left1col\"><strong>Department manager: Maria Medved<\/strong><br \/>\ntel. +385 (0) 32 352 023, PBX local: 208<br \/>\ne-mail: pvc(at)grad-export.hr<\/div>\n<div class=\"clear\">&nbsp;<\/div>\n<div class=\"kontakt-section\"><strong>ACCOUNTING<\/strong><\/div>\n<div class=\"clear\">&nbsp;<\/div>\n<div id=\"kontakt-left2\"><strong>Department manager: Senka Svoren-Mari\u0107<\/strong><br \/>\ntel. +385 (0) 32 352 023, PBX local: 217<br \/>\nfax: +385 (0) 32 338 883<br \/>\ne-mail: senka.maric(at)grad-export.hr<\/div>\n<div>&nbsp;<\/div>\n<div id=\"kontakt-right2\">Tatjana Paji\u0107<br \/>\ntel. +385 (0) 32 352 023, PBX local: 210<br \/>\nfax: +385 (0) 32 338 883<br \/>\ne-mail: racunovodstvo(at)grad-export.hr<\/div>\n<div class=\"clear\">&nbsp;<\/div>\n","protected":false},"excerpt":{"rendered":"<p>Grad-Export d.o.o. &nbsp; Zalu\u017eje 15 HR-32100 Vinkovci General phone numbers: tel. +385 (0) 32 352 023 fax:+385 (0) 32 352 172 &nbsp; EU ID: HR90758030057 (OIB: 90758030057) &nbsp; Owner: Petar \u0160imi\u0107 Owner: Ivo Matijevi\u0107 &nbsp; &nbsp; General manager: Mario \u0160imi\u0107 &nbsp; CONTACTS &nbsp; SALES OFFICE (PVC PANELS) &nbsp; Department manager: Mira Mari\u0107 tel. +385 (0) [&hellip;]<\/p>\n","protected":false},"author":1,"featured_media":0,"parent":0,"menu_order":0,"comment_status":"closed","ping_status":"closed","template":"","meta":{"ngg_post_thumbnail":0,"__cvm_playback_settings":[],"__cvm_video_id":"","footnotes":""},"class_list":["post-15194","page","type-page","status-publish","czr-hentry"],"_links":{"self":[{"href":"https:\/\/grad-export.hr\/en\/wp-json\/wp\/v2\/pages\/15194"}],"collection":[{"href":"https:\/\/grad-export.hr\/en\/wp-json\/wp\/v2\/pages"}],"about":[{"href":"https:\/\/grad-export.hr\/en\/wp-json\/wp\/v2\/types\/page"}],"author":[{"embeddable":true,"href":"https:\/\/grad-export.hr\/en\/wp-json\/wp\/v2\/users\/1"}],"replies":[{"embeddable":true,"href":"https:\/\/grad-export.hr\/en\/wp-json\/wp\/v2\/comments?post=15194"}],"version-history":[{"count":16,"href":"https:\/\/grad-export.hr\/en\/wp-json\/wp\/v2\/pages\/15194\/revisions"}],"predecessor-version":[{"id":26546,"href":"https:\/\/grad-export.hr\/en\/wp-json\/wp\/v2\/pages\/15194\/revisions\/26546"}],"wp:attachment":[{"href":"https:\/\/grad-export.hr\/en\/wp-json\/wp\/v2\/media?parent=15194"}],"curies":[{"name":"wp","href":"https:\/\/api.w.org\/{rel}","templated":true}]}}