{"id":3398,"date":"2015-03-19T20:45:51","date_gmt":"2015-03-19T20:45:51","guid":{"rendered":"http:\/\/grad-export.hr\/web\/?page_id=3398"},"modified":"2025-02-05T14:15:13","modified_gmt":"2025-02-05T14:15:13","slug":"polupaneli-moderna","status":"publish","type":"page","link":"https:\/\/grad-export.hr\/en\/polupaneli-moderna","title":{"rendered":"Modern &#8211; Side elements"},"content":{"rendered":"<div class=\"ppanel\">\n<div class=\"slika-ppanel\"><img loading=\"lazy\" decoding=\"async\" class=\"wp-image-3385 size-full\" src=\"http:\/\/grad-export.hr\/web\/wp-content\/uploads\/moderna-polupaneli\/polup_vis.jpg\" alt=\"Polupanel Vis\" width=\"385\" height=\"543\" srcset=\"https:\/\/grad-export.hr\/web\/wp-content\/uploads\/moderna-polupaneli\/polup_vis.jpg 385w, https:\/\/grad-export.hr\/web\/wp-content\/uploads\/moderna-polupaneli\/polup_vis-285x403.jpg 285w\" sizes=\"(max-width: 385px) 100vw, 385px\" \/><\/div>\n<div class=\"descr-ppanel\">\n<h5>INX O-VIS-MK-2 + P-INX O-JAZ-MK-2<\/h5>\n<\/div>\n<\/div>\n<hr>\n<div class=\"ppanel\">\n<div class=\"slika-ppanel\"><img loading=\"lazy\" decoding=\"async\" class=\"wp-image-3386 size-full\" src=\"http:\/\/grad-export.hr\/web\/wp-content\/uploads\/moderna-polupaneli\/polup_bol.jpg\" alt=\"Polupanel Bol\" width=\"385\" height=\"542\" srcset=\"https:\/\/grad-export.hr\/web\/wp-content\/uploads\/moderna-polupaneli\/polup_bol.jpg 385w, https:\/\/grad-export.hr\/web\/wp-content\/uploads\/moderna-polupaneli\/polup_bol-286x403.jpg 286w\" sizes=\"(max-width: 385px) 100vw, 385px\" \/><\/div>\n<div class=\"descr-ppanel\">\n<h5>BOL-FB-FP-2 + P-I\u017d-FB-FP<\/h5>\n<\/div>\n<\/div>\n<hr>\n<div class=\"ppanel\">\n<div class=\"slika-ppanel\"><img loading=\"lazy\" decoding=\"async\" class=\"wp-image-3387 size-full\" src=\"http:\/\/grad-export.hr\/web\/wp-content\/uploads\/moderna-polupaneli\/polup_hum.jpg\" alt=\"Polupanel Hum\" width=\"385\" height=\"542\" srcset=\"https:\/\/grad-export.hr\/web\/wp-content\/uploads\/moderna-polupaneli\/polup_hum.jpg 385w, https:\/\/grad-export.hr\/web\/wp-content\/uploads\/moderna-polupaneli\/polup_hum-286x403.jpg 286w\" sizes=\"(max-width: 385px) 100vw, 385px\" \/><\/div>\n<div class=\"descr-ppanel\">\n<h5>SV-HUM-PJ-4 + P-SV-JAZ-PJ-2<\/h5>\n<\/div>\n<\/div>\n<hr>\n<div class=\"ppanel\">\n<div class=\"slika-ppanel\"><img loading=\"lazy\" decoding=\"async\" class=\"wp-image-13339 size-full\" src=\"http:\/\/grad-export.hr\/web\/wp-content\/uploads\/polupaneli-moderna\/istpolup.jpg\" alt=\"Panel Ist + half panel I\u017e\" width=\"385\" height=\"542\" srcset=\"https:\/\/grad-export.hr\/web\/wp-content\/uploads\/polupaneli-moderna\/istpolup.jpg 385w, https:\/\/grad-export.hr\/web\/wp-content\/uploads\/polupaneli-moderna\/istpolup-286x403.jpg 286w\" sizes=\"(max-width: 385px) 100vw, 385px\" \/><\/div>\n<div class=\"descr-ppanel\">\n<h5>PV-IST-ML-3 + P-PV-I\u017d-ML<\/h5>\n<\/div>\n<\/div>\n<hr>\n<div class=\"ppanel\">\n<div class=\"slika-ppanel\"><img loading=\"lazy\" decoding=\"async\" class=\"wp-image-3389 size-full\" src=\"http:\/\/grad-export.hr\/web\/wp-content\/uploads\/moderna-polupaneli\/polup_krk.jpg\" alt=\"Polupanel Krk\" width=\"385\" height=\"543\" srcset=\"https:\/\/grad-export.hr\/web\/wp-content\/uploads\/moderna-polupaneli\/polup_krk.jpg 385w, https:\/\/grad-export.hr\/web\/wp-content\/uploads\/moderna-polupaneli\/polup_krk-285x403.jpg 285w\" sizes=\"(max-width: 385px) 100vw, 385px\" \/><\/div>\n<div class=\"descr-ppanel\">\n<h5>SV-KRK-PJ-3 + P-SV-JAZ-PJ-2<\/h5>\n<\/div>\n<\/div>\n<hr>\n<div class=\"ppanel\">\n<div class=\"slika-ppanel\"><img loading=\"lazy\" decoding=\"async\" class=\"wp-image-13341 size-full\" src=\"http:\/\/grad-export.hr\/web\/wp-content\/uploads\/polupaneli-moderna\/vir_polup.jpg\" alt=\"Panel Vir + half panel I\u017e\" width=\"385\" height=\"542\" srcset=\"https:\/\/grad-export.hr\/web\/wp-content\/uploads\/polupaneli-moderna\/vir_polup.jpg 385w, https:\/\/grad-export.hr\/web\/wp-content\/uploads\/polupaneli-moderna\/vir_polup-286x403.jpg 286w\" sizes=\"(max-width: 385px) 100vw, 385px\" \/><\/div>\n<div class=\"descr-ppanel\">\n<h5>INX V-VIR-PJ-4 + INX V-I\u017d-PJ<\/h5>\n<\/div>\n<\/div>\n<hr>\n<div class=\"ppanel\">\n<div class=\"slika-ppanel\"><img loading=\"lazy\" decoding=\"async\" class=\"wp-image-3391 size-full\" src=\"http:\/\/grad-export.hr\/web\/wp-content\/uploads\/moderna-polupaneli\/polup_pag.jpg\" alt=\"Polupanel Pag\" width=\"385\" height=\"543\" srcset=\"https:\/\/grad-export.hr\/web\/wp-content\/uploads\/moderna-polupaneli\/polup_pag.jpg 385w, https:\/\/grad-export.hr\/web\/wp-content\/uploads\/moderna-polupaneli\/polup_pag-285x403.jpg 285w\" sizes=\"(max-width: 385px) 100vw, 385px\" \/><\/div>\n<div class=\"descr-ppanel\">\n<h5>SV-PAG-ML + P-SV-I\u017d-ML<\/h5>\n<\/div>\n<\/div>\n","protected":false},"excerpt":{"rendered":"<p>INX O-VIS-MK-2 + P-INX O-JAZ-MK-2 BOL-FB-FP-2 + P-I\u017d-FB-FP SV-HUM-PJ-4 + P-SV-JAZ-PJ-2 PV-IST-ML-3 + P-PV-I\u017d-ML SV-KRK-PJ-3 + P-SV-JAZ-PJ-2 INX V-VIR-PJ-4 + INX V-I\u017d-PJ SV-PAG-ML + P-SV-I\u017d-ML<\/p>\n","protected":false},"author":1,"featured_media":12017,"parent":0,"menu_order":0,"comment_status":"open","ping_status":"open","template":"","meta":{"ngg_post_thumbnail":0,"__cvm_playback_settings":[],"__cvm_video_id":"","footnotes":""},"class_list":["post-3398","page","type-page","status-publish","has-post-thumbnail","czr-hentry"],"_links":{"self":[{"href":"https:\/\/grad-export.hr\/en\/wp-json\/wp\/v2\/pages\/3398"}],"collection":[{"href":"https:\/\/grad-export.hr\/en\/wp-json\/wp\/v2\/pages"}],"about":[{"href":"https:\/\/grad-export.hr\/en\/wp-json\/wp\/v2\/types\/page"}],"author":[{"embeddable":true,"href":"https:\/\/grad-export.hr\/en\/wp-json\/wp\/v2\/users\/1"}],"replies":[{"embeddable":true,"href":"https:\/\/grad-export.hr\/en\/wp-json\/wp\/v2\/comments?post=3398"}],"version-history":[{"count":5,"href":"https:\/\/grad-export.hr\/en\/wp-json\/wp\/v2\/pages\/3398\/revisions"}],"predecessor-version":[{"id":28072,"href":"https:\/\/grad-export.hr\/en\/wp-json\/wp\/v2\/pages\/3398\/revisions\/28072"}],"wp:featuredmedia":[{"embeddable":true,"href":"https:\/\/grad-export.hr\/en\/wp-json\/wp\/v2\/media\/12017"}],"wp:attachment":[{"href":"https:\/\/grad-export.hr\/en\/wp-json\/wp\/v2\/media?parent=3398"}],"curies":[{"name":"wp","href":"https:\/\/api.w.org\/{rel}","templated":true}]}}