{"id":13513,"date":"2016-08-25T20:12:38","date_gmt":"2016-08-25T20:12:38","guid":{"rendered":"http:\/\/grad-export.hr\/fr\/?page_id=13513"},"modified":"2025-03-06T09:41:30","modified_gmt":"2025-03-06T09:41:30","slug":"modele-como","status":"publish","type":"page","link":"https:\/\/grad-export.hr\/fr\/modele-como","title":{"rendered":"Elite &#8211; Mod\u00e8le Como"},"content":{"rendered":"<div class=\"item\">\n<div class=\"slika-elite\">\n<div class=\"slika-noborder\"><img loading=\"lazy\" decoding=\"async\" class=\"alignleft wp-image-13495 size-full\" src=\"http:\/\/grad-export.hr\/web\/wp-content\/uploads\/model-como\/Como1.png\" alt=\"Elite, model Como\" width=\"261\" height=\"604\" srcset=\"https:\/\/grad-export.hr\/web\/wp-content\/uploads\/model-como\/Como1.png 261w, https:\/\/grad-export.hr\/web\/wp-content\/uploads\/model-como\/Como1-174x403.png 174w\" sizes=\"(max-width: 261px) 100vw, 261px\" \/><\/div>\n<\/div>\n<div class=\"descr-elite\">\n<span><\/p>\n<h5>Mod\u00e8le: Como<\/h5>\n<p>Couleur RAL:\u00a07024<br \/>\nB\u00e2ton de tirage:\u00a0OPR 160h<br \/>\nRosace: ROP 50<br \/>\nScanner \u00e0 doigt:\u00a0AFS<br \/>\nDiode \u00e9lectroluminescente: LDK<br \/>\n<\/span>\n<\/div>\n<\/div>\n<hr>\n<div class=\"item\">\n<div class=\"slika-elite\">\n<div class=\"slika-noborder\"><img loading=\"lazy\" decoding=\"async\" class=\"alignleft size-full wp-image-13496\" src=\"http:\/\/grad-export.hr\/web\/wp-content\/uploads\/model-como\/Como2.png\" alt=\"Como2\" width=\"261\" height=\"547\" srcset=\"https:\/\/grad-export.hr\/web\/wp-content\/uploads\/model-como\/Como2.png 261w, https:\/\/grad-export.hr\/web\/wp-content\/uploads\/model-como\/Como2-192x403.png 192w\" sizes=\"(max-width: 261px) 100vw, 261px\" \/><\/div>\n<\/div>\n<div class=\"descr-elite\">\n<span><\/p>\n<h5>Mod\u00e8le: Como<\/h5>\n<p>Imitation bois: NOYER FONC\u00c9\u00a0FS<br \/>\nB\u00e2ton de tirage: KCK\u00a0160h<br \/>\nRosace: RKP 50<br \/>\n<\/span>\n<\/div>\n<\/div>\n<hr>\n<div class=\"item\">\n<div class=\"slika-elite\">\n<div class=\"slika-noborder\"><img loading=\"lazy\" decoding=\"async\" class=\"alignleft size-full wp-image-13497\" src=\"http:\/\/grad-export.hr\/web\/wp-content\/uploads\/model-como\/Como3.png\" alt=\"Como3\" width=\"261\" height=\"619\" srcset=\"https:\/\/grad-export.hr\/web\/wp-content\/uploads\/model-como\/Como3.png 261w, https:\/\/grad-export.hr\/web\/wp-content\/uploads\/model-como\/Como3-170x403.png 170w\" sizes=\"(max-width: 261px) 100vw, 261px\" \/><\/div>\n<\/div>\n<div class=\"descr-elite\">\n<span><\/p>\n<h5>Mod\u00e8le: Como<\/h5>\n<p>Couleur RAL:\u00a09016 mat<br \/>\nB\u00e2ton de tirage: KCR\u00a0115h<br \/>\nRosace: RKP 50<br \/>\n<\/span>\n<\/div>\n<\/div>\n<hr>\n<div class=\"item\">\n<div class=\"slika-elite\">\n<div class=\"slika-noborder\"><img loading=\"lazy\" decoding=\"async\" class=\"alignleft size-full wp-image-13498\" src=\"http:\/\/grad-export.hr\/web\/wp-content\/uploads\/model-como\/Como4.png\" alt=\"Como4\" width=\"261\" height=\"549\" srcset=\"https:\/\/grad-export.hr\/web\/wp-content\/uploads\/model-como\/Como4.png 261w, https:\/\/grad-export.hr\/web\/wp-content\/uploads\/model-como\/Como4-192x403.png 192w\" sizes=\"(max-width: 261px) 100vw, 261px\" \/><\/div>\n<\/div>\n<div class=\"descr-elite\">\n<span><\/p>\n<h5>Mod\u00e8le: Como<\/h5>\n<p>Couleur RAL:\u00a07016<br \/>\nB\u00e2ton de tirage:\u00a0DOS\u00a0950h<br \/>\nRosace: RPP 50<br \/>\n<\/span>\n<\/div>\n<\/div>\n","protected":false},"excerpt":{"rendered":"<p>Mod\u00e8le: Como Couleur RAL:\u00a07024 B\u00e2ton de tirage:\u00a0OPR 160h Rosace: ROP 50 Scanner \u00e0 doigt:\u00a0AFS Diode \u00e9lectroluminescente: LDK Mod\u00e8le: Como Imitation bois: NOYER FONC\u00c9\u00a0FS B\u00e2ton de tirage: KCK\u00a0160h Rosace: RKP 50 Mod\u00e8le: Como Couleur RAL:\u00a09016 mat B\u00e2ton de tirage: KCR\u00a0115h Rosace: RKP 50 Mod\u00e8le: Como Couleur RAL:\u00a07016 B\u00e2ton de tirage:\u00a0DOS\u00a0950h Rosace: RPP 50<\/p>\n","protected":false},"author":1,"featured_media":24166,"parent":0,"menu_order":0,"comment_status":"closed","ping_status":"closed","template":"","meta":{"ngg_post_thumbnail":0,"__cvm_playback_settings":[],"__cvm_video_id":"","footnotes":""},"class_list":["post-13513","page","type-page","status-publish","has-post-thumbnail","czr-hentry"],"_links":{"self":[{"href":"https:\/\/grad-export.hr\/fr\/wp-json\/wp\/v2\/pages\/13513"}],"collection":[{"href":"https:\/\/grad-export.hr\/fr\/wp-json\/wp\/v2\/pages"}],"about":[{"href":"https:\/\/grad-export.hr\/fr\/wp-json\/wp\/v2\/types\/page"}],"author":[{"embeddable":true,"href":"https:\/\/grad-export.hr\/fr\/wp-json\/wp\/v2\/users\/1"}],"replies":[{"embeddable":true,"href":"https:\/\/grad-export.hr\/fr\/wp-json\/wp\/v2\/comments?post=13513"}],"version-history":[{"count":7,"href":"https:\/\/grad-export.hr\/fr\/wp-json\/wp\/v2\/pages\/13513\/revisions"}],"predecessor-version":[{"id":30918,"href":"https:\/\/grad-export.hr\/fr\/wp-json\/wp\/v2\/pages\/13513\/revisions\/30918"}],"wp:featuredmedia":[{"embeddable":true,"href":"https:\/\/grad-export.hr\/fr\/wp-json\/wp\/v2\/media\/24166"}],"wp:attachment":[{"href":"https:\/\/grad-export.hr\/fr\/wp-json\/wp\/v2\/media?parent=13513"}],"curies":[{"name":"wp","href":"https:\/\/api.w.org\/{rel}","templated":true}]}}