{"id":13580,"date":"2016-08-28T11:16:29","date_gmt":"2016-08-28T11:16:29","guid":{"rendered":"http:\/\/grad-export.hr\/fr\/?page_id=13580"},"modified":"2025-03-06T13:36:41","modified_gmt":"2025-03-06T13:36:41","slug":"modele-essen","status":"publish","type":"page","link":"https:\/\/grad-export.hr\/fr\/modele-essen","title":{"rendered":"Elite &#8211; Mod\u00e8le Essen"},"content":{"rendered":"<div class=\"item\">\n<div class=\"slika-elite\">\n<div class=\"slika-noborder\"><img loading=\"lazy\" decoding=\"async\" class=\"aligncenter size-full wp-image-13560\" src=\"http:\/\/grad-export.hr\/web\/wp-content\/uploads\/model-essen\/Essen1.png\" alt=\"Essen1\" width=\"261\" height=\"604\" srcset=\"https:\/\/grad-export.hr\/web\/wp-content\/uploads\/model-essen\/Essen1.png 261w, https:\/\/grad-export.hr\/web\/wp-content\/uploads\/model-essen\/Essen1-174x403.png 174w\" sizes=\"(max-width: 261px) 100vw, 261px\" \/><\/div>\n<\/div>\n<div class=\"descr-elite\">\n<span><\/p>\n<h5>Mod\u00e8le: Essen<\/h5>\n<p>Couleur RAL:\u00a07021<br \/>\nVerre: DPH<br \/>\nApplications: POLI<br \/>\nB\u00e2ton de tirage: KPK\u00a0160h<br \/>\nRosace: RKP 50<br \/>\nScanner \u00e0 doigt:\u00a0AFS<br \/>\n<\/span>\n<\/div>\n<\/div>\n<hr>\n<div class=\"item\">\n<div class=\"slika-elite\">\n<div class=\"slika-noborder\"><img loading=\"lazy\" decoding=\"async\" class=\"aligncenter size-full wp-image-13561\" src=\"http:\/\/grad-export.hr\/web\/wp-content\/uploads\/model-essen\/Essen2.png\" alt=\"Essen2\" width=\"261\" height=\"549\" srcset=\"https:\/\/grad-export.hr\/web\/wp-content\/uploads\/model-essen\/Essen2.png 261w, https:\/\/grad-export.hr\/web\/wp-content\/uploads\/model-essen\/Essen2-192x403.png 192w\" sizes=\"(max-width: 261px) 100vw, 261px\" \/><\/div>\n<\/div>\n<div class=\"descr-elite\">\n<span><\/p>\n<h5>Mod\u00e8le: Essen<\/h5>\n<p>Couleur: GRIGIO ANTICO<br \/>\nVerre: KDP<br \/>\nApplications: BROSS\u00c9<br \/>\nB\u00e2ton de tirage: OCR\u00a0160h<br \/>\nRosace: RKP 50<br \/>\n<\/span>\n<\/div>\n<\/div>\n<hr>\n<div class=\"item\">\n<div class=\"slika-elite\">\n<div class=\"slika-noborder\"><img loading=\"lazy\" decoding=\"async\" class=\"aligncenter size-full wp-image-13563\" src=\"http:\/\/grad-export.hr\/web\/wp-content\/uploads\/model-essen\/Essen4.png\" alt=\"Essen4\" width=\"261\" height=\"549\" srcset=\"https:\/\/grad-export.hr\/web\/wp-content\/uploads\/model-essen\/Essen4.png 261w, https:\/\/grad-export.hr\/web\/wp-content\/uploads\/model-essen\/Essen4-192x403.png 192w\" sizes=\"(max-width: 261px) 100vw, 261px\" \/><\/div>\n<\/div>\n<div class=\"descr-elite\">\n<span><\/p>\n<h5>Mod\u00e8le: Essen<\/h5>\n<p>Couleur RAL: 7016 mat<br \/>\nVerre: SATINATO<br \/>\nApplications: POLI<br \/>\nB\u00e2ton de tirage: DOS\u00a0950h<br \/>\nRosace: RPP 50<br \/>\n<\/span>\n<\/div>\n<\/div>\n<hr>\n<div class=\"item\">\n<div class=\"slika-elite\">\n<div class=\"slika-noborder\"><img loading=\"lazy\" decoding=\"async\" class=\"aligncenter size-full wp-image-13562\" src=\"http:\/\/grad-export.hr\/web\/wp-content\/uploads\/model-essen\/Essen3.png\" alt=\"Essen3\" width=\"261\" height=\"539\" srcset=\"https:\/\/grad-export.hr\/web\/wp-content\/uploads\/model-essen\/Essen3.png 261w, https:\/\/grad-export.hr\/web\/wp-content\/uploads\/model-essen\/Essen3-195x403.png 195w\" sizes=\"(max-width: 261px) 100vw, 261px\" \/><\/div>\n<\/div>\n<div class=\"descr-elite\">\n<span><\/p>\n<h5>Mod\u00e8le: Essen<\/h5>\n<p>Couleur RAL:\u00a09016 mat<br \/>\nVerre: DPL<br \/>\nApplications: POLI<br \/>\nB\u00e2ton de tirage: KPR\u00a0160h<br \/>\nRosace: RKP 50<br \/>\nProtection pour panneau: JZP 100<br \/>\n<\/span>\n<\/div>\n<\/div>\n","protected":false},"excerpt":{"rendered":"<p>Mod\u00e8le: Essen Couleur RAL:\u00a07021 Verre: DPH Applications: POLI B\u00e2ton de tirage: KPK\u00a0160h Rosace: RKP 50 Scanner \u00e0 doigt:\u00a0AFS Mod\u00e8le: Essen Couleur: GRIGIO ANTICO Verre: KDP Applications: BROSS\u00c9 B\u00e2ton de tirage: OCR\u00a0160h Rosace: RKP 50 Mod\u00e8le: Essen Couleur RAL: 7016 mat Verre: SATINATO Applications: POLI B\u00e2ton de tirage: DOS\u00a0950h Rosace: RPP 50 Mod\u00e8le: Essen Couleur RAL:\u00a09016 [&hellip;]<\/p>\n","protected":false},"author":1,"featured_media":24196,"parent":0,"menu_order":0,"comment_status":"closed","ping_status":"closed","template":"","meta":{"ngg_post_thumbnail":0,"__cvm_playback_settings":[],"__cvm_video_id":"","footnotes":""},"class_list":["post-13580","page","type-page","status-publish","has-post-thumbnail","czr-hentry"],"_links":{"self":[{"href":"https:\/\/grad-export.hr\/fr\/wp-json\/wp\/v2\/pages\/13580"}],"collection":[{"href":"https:\/\/grad-export.hr\/fr\/wp-json\/wp\/v2\/pages"}],"about":[{"href":"https:\/\/grad-export.hr\/fr\/wp-json\/wp\/v2\/types\/page"}],"author":[{"embeddable":true,"href":"https:\/\/grad-export.hr\/fr\/wp-json\/wp\/v2\/users\/1"}],"replies":[{"embeddable":true,"href":"https:\/\/grad-export.hr\/fr\/wp-json\/wp\/v2\/comments?post=13580"}],"version-history":[{"count":2,"href":"https:\/\/grad-export.hr\/fr\/wp-json\/wp\/v2\/pages\/13580\/revisions"}],"predecessor-version":[{"id":30945,"href":"https:\/\/grad-export.hr\/fr\/wp-json\/wp\/v2\/pages\/13580\/revisions\/30945"}],"wp:featuredmedia":[{"embeddable":true,"href":"https:\/\/grad-export.hr\/fr\/wp-json\/wp\/v2\/media\/24196"}],"wp:attachment":[{"href":"https:\/\/grad-export.hr\/fr\/wp-json\/wp\/v2\/media?parent=13580"}],"curies":[{"name":"wp","href":"https:\/\/api.w.org\/{rel}","templated":true}]}}