{"id":13609,"date":"2016-08-28T14:19:10","date_gmt":"2016-08-28T14:19:10","guid":{"rendered":"http:\/\/grad-export.hr\/fr\/?page_id=13609"},"modified":"2025-03-06T19:10:54","modified_gmt":"2025-03-06T19:10:54","slug":"modele-graz","status":"publish","type":"page","link":"https:\/\/grad-export.hr\/fr\/modele-graz","title":{"rendered":"Elite &#8211; Mod\u00e8le Graz"},"content":{"rendered":"<div class=\"item\">\n<div class=\"slika-elite\">\n<div class=\"slika-noborder\"><img loading=\"lazy\" decoding=\"async\" class=\"aligncenter size-full wp-image-13593\" src=\"http:\/\/grad-export.hr\/web\/wp-content\/uploads\/model-graz\/Graz1.png\" alt=\"Graz1\" width=\"261\" height=\"603\" srcset=\"https:\/\/grad-export.hr\/web\/wp-content\/uploads\/model-graz\/Graz1.png 261w, https:\/\/grad-export.hr\/web\/wp-content\/uploads\/model-graz\/Graz1-174x403.png 174w\" sizes=\"(max-width: 261px) 100vw, 261px\" \/><\/div>\n<\/div>\n<div class=\"descr-elite\">\n<span><\/p>\n<h5>Mod\u00e8le: Graz<\/h5>\n<p>Couleur:\u00a09016 brillant<br \/>\n\/ CHERRY WOOD FS, MOTIF HORIZONTAL*<br \/>\nB\u00e2ton de tirage: KPK\u00a0750h HORIZONTAL<br \/>\nRosace: RKP 50<br \/>\n<\/span>\n<\/div>\n<\/div>\n<hr>\n<div class=\"item\">\n<div class=\"slika-elite\">\n<div class=\"slika-noborder\"><img loading=\"lazy\" decoding=\"async\" class=\"aligncenter size-full wp-image-13594\" src=\"http:\/\/grad-export.hr\/web\/wp-content\/uploads\/model-graz\/Graz2.png\" alt=\"Graz2\" width=\"261\" height=\"621\" srcset=\"https:\/\/grad-export.hr\/web\/wp-content\/uploads\/model-graz\/Graz2.png 261w, https:\/\/grad-export.hr\/web\/wp-content\/uploads\/model-graz\/Graz2-169x403.png 169w\" sizes=\"(max-width: 261px) 100vw, 261px\" \/><\/div>\n<\/div>\n<div class=\"descr-elite\">\n<span><\/p>\n<h5>Mod\u00e8le: Graz<\/h5>\n<p>Couleur: B\u00c9TON CLAIR\/ 9005<br \/>\nB\u00e2ton de tirage: OPR\u00a0950h<br \/>\nRosace: RKP 50<br \/>\n<\/span>\n<\/div>\n<\/div>\n<hr>\n<div class=\"item\">\n<div class=\"slika-elite\">\n<div class=\"slika-noborder\"><img loading=\"lazy\" decoding=\"async\" class=\"aligncenter size-full wp-image-13595\" src=\"http:\/\/grad-export.hr\/web\/wp-content\/uploads\/model-graz\/Graz3.png\" alt=\"Graz3\" width=\"261\" height=\"549\" srcset=\"https:\/\/grad-export.hr\/web\/wp-content\/uploads\/model-graz\/Graz3.png 261w, https:\/\/grad-export.hr\/web\/wp-content\/uploads\/model-graz\/Graz3-192x403.png 192w\" sizes=\"(max-width: 261px) 100vw, 261px\" \/><\/div>\n<\/div>\n<div class=\"descr-elite\">\n<span><\/p>\n<h5>Mod\u00e8le: Graz<\/h5>\n<p>Couleur RAL: 3009\/9007<br \/>\nB\u00e2ton de tirage: KPK\u00a0750h HORIZONTAL<br \/>\nRosace: RKP 50<br \/>\n<\/span>\n<\/div>\n<\/div>\n<p>*dans la description des d\u00e9cors suppl\u00e9mentaires (ZEBRANO LIGHT, ZEBRANO DARK ET CHERRY WOOD), ainsi que dans les d\u00e9cors bois, le sens standard est vertical et n&#8217;a pas besoin d&#8217;\u00eatre pr\u00e9cis\u00e9.<br \/>\nChangement de sens MOTIF HORIZONTAL \u2013 doit \u00eatre pr\u00e9cis\u00e9 dans la commande !<\/p>\n","protected":false},"excerpt":{"rendered":"<p>Mod\u00e8le: Graz Couleur:\u00a09016 brillant \/ CHERRY WOOD FS, MOTIF HORIZONTAL* B\u00e2ton de tirage: KPK\u00a0750h HORIZONTAL Rosace: RKP 50 Mod\u00e8le: Graz Couleur: B\u00c9TON CLAIR\/ 9005 B\u00e2ton de tirage: OPR\u00a0950h Rosace: RKP 50 Mod\u00e8le: Graz Couleur RAL: 3009\/9007 B\u00e2ton de tirage: KPK\u00a0750h HORIZONTAL Rosace: RKP 50 *dans la description des d\u00e9cors suppl\u00e9mentaires (ZEBRANO LIGHT, ZEBRANO DARK ET [&hellip;]<\/p>\n","protected":false},"author":1,"featured_media":24211,"parent":0,"menu_order":0,"comment_status":"closed","ping_status":"closed","template":"","meta":{"ngg_post_thumbnail":0,"__cvm_playback_settings":[],"__cvm_video_id":"","footnotes":""},"class_list":["post-13609","page","type-page","status-publish","has-post-thumbnail","czr-hentry"],"_links":{"self":[{"href":"https:\/\/grad-export.hr\/fr\/wp-json\/wp\/v2\/pages\/13609"}],"collection":[{"href":"https:\/\/grad-export.hr\/fr\/wp-json\/wp\/v2\/pages"}],"about":[{"href":"https:\/\/grad-export.hr\/fr\/wp-json\/wp\/v2\/types\/page"}],"author":[{"embeddable":true,"href":"https:\/\/grad-export.hr\/fr\/wp-json\/wp\/v2\/users\/1"}],"replies":[{"embeddable":true,"href":"https:\/\/grad-export.hr\/fr\/wp-json\/wp\/v2\/comments?post=13609"}],"version-history":[{"count":5,"href":"https:\/\/grad-export.hr\/fr\/wp-json\/wp\/v2\/pages\/13609\/revisions"}],"predecessor-version":[{"id":31025,"href":"https:\/\/grad-export.hr\/fr\/wp-json\/wp\/v2\/pages\/13609\/revisions\/31025"}],"wp:featuredmedia":[{"embeddable":true,"href":"https:\/\/grad-export.hr\/fr\/wp-json\/wp\/v2\/media\/24211"}],"wp:attachment":[{"href":"https:\/\/grad-export.hr\/fr\/wp-json\/wp\/v2\/media?parent=13609"}],"curies":[{"name":"wp","href":"https:\/\/api.w.org\/{rel}","templated":true}]}}