{"id":13767,"date":"2016-08-28T20:09:02","date_gmt":"2016-08-28T20:09:02","guid":{"rendered":"http:\/\/grad-export.hr\/fr\/?page_id=13767"},"modified":"2025-03-07T07:35:11","modified_gmt":"2025-03-07T07:35:11","slug":"modele-reykjavik","status":"publish","type":"page","link":"https:\/\/grad-export.hr\/fr\/modele-reykjavik","title":{"rendered":"Elite &#8211; Mod\u00e8le Reykjavik"},"content":{"rendered":"<div class=\"item\">\n<div class=\"slika-elite\">\n<div class=\"slika-noborder\"><img loading=\"lazy\" decoding=\"async\" class=\"alignleft size-full wp-image-13750\" src=\"http:\/\/grad-export.hr\/web\/wp-content\/uploads\/elite-model-reykjavik\/Reykjavik1.png\" alt=\"Reykjavik1\" width=\"261\" height=\"604\" srcset=\"https:\/\/grad-export.hr\/web\/wp-content\/uploads\/elite-model-reykjavik\/Reykjavik1.png 261w, https:\/\/grad-export.hr\/web\/wp-content\/uploads\/elite-model-reykjavik\/Reykjavik1-174x403.png 174w\" sizes=\"(max-width: 261px) 100vw, 261px\" \/><\/div>\n<\/div>\n<div class=\"descr-elite\">\n<span><\/p>\n<h5>Mod\u00e8le: Reykjavik<\/h5>\n<p>Couleur RAL:\u00a07012 \/ 7042<br \/>\nVerre: DPL<br \/>\nMarqueterie: BROSS\u00c9<br \/>\nB\u00e2ton de tirage: OCR\u00a0115h<br \/>\nRosace: RKP 50<br \/>\n<\/span>\n<\/div>\n<\/div>\n<hr>\n<div class=\"item\">\n<div class=\"slika-elite\">\n<div class=\"slika-noborder\"><img loading=\"lazy\" decoding=\"async\" class=\"alignleft size-full wp-image-13751\" src=\"http:\/\/grad-export.hr\/web\/wp-content\/uploads\/elite-model-reykjavik\/Reykjavik2.png\" alt=\"Reykjavik2\" width=\"261\" height=\"622\" srcset=\"https:\/\/grad-export.hr\/web\/wp-content\/uploads\/elite-model-reykjavik\/Reykjavik2.png 261w, https:\/\/grad-export.hr\/web\/wp-content\/uploads\/elite-model-reykjavik\/Reykjavik2-169x403.png 169w\" sizes=\"(max-width: 261px) 100vw, 261px\" \/><\/div>\n<\/div>\n<div class=\"descr-elite\">\n<span><\/p>\n<h5>Mod\u00e8le: Reykjavik<\/h5>\n<p>Couleur: B\u00c9TON CLAIR<br \/>\nVerre: DPR<br \/>\nMarqueterie: POLI<br \/>\nB\u00e2ton de tirage: KPK\u00a0750h<br \/>\nRosace: RKP 50<br \/>\n<\/span>\n<\/div>\n<\/div>\n<hr>\n<div class=\"item\">\n<div class=\"slika-elite\">\n<div class=\"slika-noborder\"><img loading=\"lazy\" decoding=\"async\" class=\"alignleft size-full wp-image-13752\" src=\"http:\/\/grad-export.hr\/web\/wp-content\/uploads\/elite-model-reykjavik\/Reykjavik3.png\" alt=\"Reykjavik3\" width=\"261\" height=\"536\" srcset=\"https:\/\/grad-export.hr\/web\/wp-content\/uploads\/elite-model-reykjavik\/Reykjavik3.png 261w, https:\/\/grad-export.hr\/web\/wp-content\/uploads\/elite-model-reykjavik\/Reykjavik3-196x403.png 196w\" sizes=\"(max-width: 261px) 100vw, 261px\" \/><\/div>\n<\/div>\n<div class=\"descr-elite\">\n<span><\/p>\n<h5>Mod\u00e8le: Reykjavik<\/h5>\n<p>Couleur RAL:\u00a09006 mat \/ 9016 mat<br \/>\nVerre: LDP<br \/>\nMarqueterie: POLI<br \/>\nB\u00e2ton de tirage: OPR 950h<br \/>\nRosace: RKP 50<br \/>\nScanner \u00e0 doigt: AFS<br \/>\n<\/span>\n<\/div>\n<\/div>\n<hr>\n<div class=\"item\">\n<div class=\"slika-elite\">\n<div class=\"slika-noborder\"><img loading=\"lazy\" decoding=\"async\" class=\"alignleft size-full wp-image-13753\" src=\"http:\/\/grad-export.hr\/web\/wp-content\/uploads\/elite-model-reykjavik\/Reykjavik4.png\" alt=\"Reykjavik4\" width=\"261\" height=\"549\" srcset=\"https:\/\/grad-export.hr\/web\/wp-content\/uploads\/elite-model-reykjavik\/Reykjavik4.png 261w, https:\/\/grad-export.hr\/web\/wp-content\/uploads\/elite-model-reykjavik\/Reykjavik4-192x403.png 192w\" sizes=\"(max-width: 261px) 100vw, 261px\" \/><\/div>\n<\/div>\n<div class=\"descr-elite\">\n<span><\/p>\n<h5>Mod\u00e8le: Reykjavik<\/h5>\n<p>Couleur RAL:\u00a07016<br \/>\nVerre: SATINATO<br \/>\nB\u00e2ton de tirage: DOS 950h<br \/>\nRosace: RPP 50<br \/>\n<\/span>\n<\/div>\n<\/div>\n","protected":false},"excerpt":{"rendered":"<p>Mod\u00e8le: Reykjavik Couleur RAL:\u00a07012 \/ 7042 Verre: DPL Marqueterie: BROSS\u00c9 B\u00e2ton de tirage: OCR\u00a0115h Rosace: RKP 50 Mod\u00e8le: Reykjavik Couleur: B\u00c9TON CLAIR Verre: DPR Marqueterie: POLI B\u00e2ton de tirage: KPK\u00a0750h Rosace: RKP 50 Mod\u00e8le: Reykjavik Couleur RAL:\u00a09006 mat \/ 9016 mat Verre: LDP Marqueterie: POLI B\u00e2ton de tirage: OPR 950h Rosace: RKP 50 Scanner \u00e0 [&hellip;]<\/p>\n","protected":false},"author":1,"featured_media":24286,"parent":0,"menu_order":0,"comment_status":"closed","ping_status":"closed","template":"","meta":{"ngg_post_thumbnail":0,"__cvm_playback_settings":[],"__cvm_video_id":"","footnotes":""},"class_list":["post-13767","page","type-page","status-publish","has-post-thumbnail","czr-hentry"],"_links":{"self":[{"href":"https:\/\/grad-export.hr\/fr\/wp-json\/wp\/v2\/pages\/13767"}],"collection":[{"href":"https:\/\/grad-export.hr\/fr\/wp-json\/wp\/v2\/pages"}],"about":[{"href":"https:\/\/grad-export.hr\/fr\/wp-json\/wp\/v2\/types\/page"}],"author":[{"embeddable":true,"href":"https:\/\/grad-export.hr\/fr\/wp-json\/wp\/v2\/users\/1"}],"replies":[{"embeddable":true,"href":"https:\/\/grad-export.hr\/fr\/wp-json\/wp\/v2\/comments?post=13767"}],"version-history":[{"count":6,"href":"https:\/\/grad-export.hr\/fr\/wp-json\/wp\/v2\/pages\/13767\/revisions"}],"predecessor-version":[{"id":31143,"href":"https:\/\/grad-export.hr\/fr\/wp-json\/wp\/v2\/pages\/13767\/revisions\/31143"}],"wp:featuredmedia":[{"embeddable":true,"href":"https:\/\/grad-export.hr\/fr\/wp-json\/wp\/v2\/media\/24286"}],"wp:attachment":[{"href":"https:\/\/grad-export.hr\/fr\/wp-json\/wp\/v2\/media?parent=13767"}],"curies":[{"name":"wp","href":"https:\/\/api.w.org\/{rel}","templated":true}]}}