{"id":13832,"date":"2016-08-28T21:18:25","date_gmt":"2016-08-28T21:18:25","guid":{"rendered":"http:\/\/grad-export.hr\/fr\/?page_id=13832"},"modified":"2025-03-07T10:25:47","modified_gmt":"2025-03-07T10:25:47","slug":"modele-schaan","status":"publish","type":"page","link":"https:\/\/grad-export.hr\/fr\/modele-schaan","title":{"rendered":"Elite &#8211; Mod\u00e8le Schaan"},"content":{"rendered":"<div class=\"item\">\n<div class=\"slika-elite\">\n<div class=\"slika-noborder\"><img loading=\"lazy\" decoding=\"async\" class=\"alignleft size-full wp-image-13820\" src=\"http:\/\/grad-export.hr\/web\/wp-content\/uploads\/model-schaan\/Schaan1.png\" alt=\"Schaan1\" width=\"261\" height=\"549\" srcset=\"https:\/\/grad-export.hr\/web\/wp-content\/uploads\/model-schaan\/Schaan1.png 261w, https:\/\/grad-export.hr\/web\/wp-content\/uploads\/model-schaan\/Schaan1-192x403.png 192w\" sizes=\"(max-width: 261px) 100vw, 261px\" \/><\/div>\n<\/div>\n<div class=\"descr-elite\">\n<span><\/p>\n<h5>Mod\u00e8le: Schaan<\/h5>\n<p>Couleur RAL:\u00a03004<br \/>\nVerre: KDP<br \/>\nApplications: POLI<br \/>\nB\u00e2ton de tirage: KPK\u00a0160h<br \/>\nRosace: RKP 50<br \/>\n<\/span>\n<\/div>\n<\/div>\n<hr>\n<div class=\"item\">\n<div class=\"slika-elite\">\n<div class=\"slika-noborder\"><img loading=\"lazy\" decoding=\"async\" class=\"alignleft size-full wp-image-13821\" src=\"http:\/\/grad-export.hr\/web\/wp-content\/uploads\/model-schaan\/Schaan2.png\" alt=\"Schaan2\" width=\"261\" height=\"604\" srcset=\"https:\/\/grad-export.hr\/web\/wp-content\/uploads\/model-schaan\/Schaan2.png 261w, https:\/\/grad-export.hr\/web\/wp-content\/uploads\/model-schaan\/Schaan2-174x403.png 174w\" sizes=\"(max-width: 261px) 100vw, 261px\" \/><\/div>\n<\/div>\n<div class=\"descr-elite\">\n<span><\/p>\n<h5>Mod\u00e8le: Schaan<\/h5>\n<p>Couleur RAL: 7012<br \/>\nVerre: LDP<br \/>\nApplications: POLI<br \/>\nB\u00e2ton de tirage: OPR\u00a0160h<br \/>\nRosace: RKP 50<br \/>\nScanner \u00e0 doigt: AFS<br \/>\nDiode \u00e9lectroluminescente: LDK<br \/>\n<\/span>\n<\/div>\n<\/div>\n<hr>\n<div class=\"item\">\n<div class=\"slika-elite\">\n<div class=\"slika-noborder\"><img loading=\"lazy\" decoding=\"async\" class=\"alignleft size-full wp-image-13822\" src=\"http:\/\/grad-export.hr\/web\/wp-content\/uploads\/model-schaan\/Schaan3.png\" alt=\"Schaan3\" width=\"261\" height=\"541\" srcset=\"https:\/\/grad-export.hr\/web\/wp-content\/uploads\/model-schaan\/Schaan3.png 261w, https:\/\/grad-export.hr\/web\/wp-content\/uploads\/model-schaan\/Schaan3-194x403.png 194w\" sizes=\"(max-width: 261px) 100vw, 261px\" \/><\/div>\n<\/div>\n<div class=\"descr-elite\">\n<span><\/p>\n<h5>Mod\u00e8le: Schaan<\/h5>\n<p>Couleur RAL:\u00a09006 mat<br \/>\nVerre: DPF<br \/>\nApplications: BROSS\u00c9<br \/>\nB\u00e2ton de tirage: OCR 160h<br \/>\nRosace: RKP 50<br \/>\nNum\u00e9ro de maison: NDC 11<br \/>\n<\/span>\n<\/div>\n<\/div>\n","protected":false},"excerpt":{"rendered":"<p>Mod\u00e8le: Schaan Couleur RAL:\u00a03004 Verre: KDP Applications: POLI B\u00e2ton de tirage: KPK\u00a0160h Rosace: RKP 50 Mod\u00e8le: Schaan Couleur RAL: 7012 Verre: LDP Applications: POLI B\u00e2ton de tirage: OPR\u00a0160h Rosace: RKP 50 Scanner \u00e0 doigt: AFS Diode \u00e9lectroluminescente: LDK Mod\u00e8le: Schaan Couleur RAL:\u00a09006 mat Verre: DPF Applications: BROSS\u00c9 B\u00e2ton de tirage: OCR 160h Rosace: RKP 50 [&hellip;]<\/p>\n","protected":false},"author":1,"featured_media":24316,"parent":0,"menu_order":0,"comment_status":"closed","ping_status":"closed","template":"","meta":{"ngg_post_thumbnail":0,"__cvm_playback_settings":[],"__cvm_video_id":"","footnotes":""},"class_list":["post-13832","page","type-page","status-publish","has-post-thumbnail","czr-hentry"],"_links":{"self":[{"href":"https:\/\/grad-export.hr\/fr\/wp-json\/wp\/v2\/pages\/13832"}],"collection":[{"href":"https:\/\/grad-export.hr\/fr\/wp-json\/wp\/v2\/pages"}],"about":[{"href":"https:\/\/grad-export.hr\/fr\/wp-json\/wp\/v2\/types\/page"}],"author":[{"embeddable":true,"href":"https:\/\/grad-export.hr\/fr\/wp-json\/wp\/v2\/users\/1"}],"replies":[{"embeddable":true,"href":"https:\/\/grad-export.hr\/fr\/wp-json\/wp\/v2\/comments?post=13832"}],"version-history":[{"count":4,"href":"https:\/\/grad-export.hr\/fr\/wp-json\/wp\/v2\/pages\/13832\/revisions"}],"predecessor-version":[{"id":31224,"href":"https:\/\/grad-export.hr\/fr\/wp-json\/wp\/v2\/pages\/13832\/revisions\/31224"}],"wp:featuredmedia":[{"embeddable":true,"href":"https:\/\/grad-export.hr\/fr\/wp-json\/wp\/v2\/media\/24316"}],"wp:attachment":[{"href":"https:\/\/grad-export.hr\/fr\/wp-json\/wp\/v2\/media?parent=13832"}],"curies":[{"name":"wp","href":"https:\/\/api.w.org\/{rel}","templated":true}]}}