{"id":13882,"date":"2016-08-28T23:17:45","date_gmt":"2016-08-28T23:17:45","guid":{"rendered":"http:\/\/grad-export.hr\/fr\/?page_id=13882"},"modified":"2025-03-07T10:28:11","modified_gmt":"2025-03-07T10:28:11","slug":"modele-thun","status":"publish","type":"page","link":"https:\/\/grad-export.hr\/fr\/modele-thun","title":{"rendered":"Elite &#8211; Mod\u00e8le Thun"},"content":{"rendered":"<div class=\"item\">\n<div class=\"slika-elite\">\n<div class=\"slika-noborder\"><img loading=\"lazy\" decoding=\"async\" class=\"alignleft size-full wp-image-13871\" src=\"http:\/\/grad-export.hr\/web\/wp-content\/uploads\/model-thun\/Thun1.png\" alt=\"Thun1\" width=\"261\" height=\"604\" srcset=\"https:\/\/grad-export.hr\/web\/wp-content\/uploads\/model-thun\/Thun1.png 261w, https:\/\/grad-export.hr\/web\/wp-content\/uploads\/model-thun\/Thun1-174x403.png 174w\" sizes=\"(max-width: 261px) 100vw, 261px\" \/><\/div>\n<\/div>\n<div class=\"descr-elite\">\n<span><\/p>\n<h5>Mod\u00e8le: Thun<\/h5>\n<p>Couleur RAL:\u00a07015 mat\/ 9016 mat<br \/>\nVerre: DPJ<br \/>\nB\u00e2ton de tirage: OCR\u00a0115h<br \/>\nRosace: RKP 50<br \/>\nScanner \u00e0 doigt: AFS<br \/>\nDiode \u00e9lectroluminescente: LDK<br \/>\n<\/span>\n<\/div>\n<\/div>\n<hr>\n<div class=\"item\">\n<div class=\"slika-elite\">\n<div class=\"slika-noborder\"><img loading=\"lazy\" decoding=\"async\" class=\"alignleft size-full wp-image-13872\" src=\"http:\/\/grad-export.hr\/web\/wp-content\/uploads\/model-thun\/Thun2.png\" alt=\"Thun2\" width=\"261\" height=\"622\" srcset=\"https:\/\/grad-export.hr\/web\/wp-content\/uploads\/model-thun\/Thun2.png 261w, https:\/\/grad-export.hr\/web\/wp-content\/uploads\/model-thun\/Thun2-169x403.png 169w\" sizes=\"(max-width: 261px) 100vw, 261px\" \/><\/div>\n<\/div>\n<div class=\"descr-elite\">\n<span><\/p>\n<h5>Mod\u00e8le: Thun<\/h5>\n<p>Couleur RAL:\u00a07016 mat\/ 7016 mat<br \/>\nVerre: DPC<br \/>\nB\u00e2ton de tirage: KPR\u00a0115h<br \/>\nRosace: ROP 50<br \/>\nScanner \u00e0 doigt: AFS<br \/>\n<\/span>\n<\/div>\n<\/div>\n<hr>\n<div class=\"item\">\n<div class=\"slika-elite\">\n<div class=\"slika-noborder\"><img loading=\"lazy\" decoding=\"async\" class=\"alignleft size-full wp-image-13873\" src=\"http:\/\/grad-export.hr\/web\/wp-content\/uploads\/model-thun\/Thun3.png\" alt=\"Thun3\" width=\"261\" height=\"550\" srcset=\"https:\/\/grad-export.hr\/web\/wp-content\/uploads\/model-thun\/Thun3.png 261w, https:\/\/grad-export.hr\/web\/wp-content\/uploads\/model-thun\/Thun3-191x403.png 191w\" sizes=\"(max-width: 261px) 100vw, 261px\" \/><\/div>\n<\/div>\n<div class=\"descr-elite\">\n<span><\/p>\n<h5>Mod\u00e8le: Thun<\/h5>\n<p>Couleur RAL:\u00a09007\/ CARBON<br \/>\nVerre: DPR<br \/>\nB\u00e2ton de tirage: OPR 115h<br \/>\nRosace: ROP 50<br \/>\n<\/span>\n<\/div>\n<\/div>\n","protected":false},"excerpt":{"rendered":"<p>Mod\u00e8le: Thun Couleur RAL:\u00a07015 mat\/ 9016 mat Verre: DPJ B\u00e2ton de tirage: OCR\u00a0115h Rosace: RKP 50 Scanner \u00e0 doigt: AFS Diode \u00e9lectroluminescente: LDK Mod\u00e8le: Thun Couleur RAL:\u00a07016 mat\/ 7016 mat Verre: DPC B\u00e2ton de tirage: KPR\u00a0115h Rosace: ROP 50 Scanner \u00e0 doigt: AFS Mod\u00e8le: Thun Couleur RAL:\u00a09007\/ CARBON Verre: DPR B\u00e2ton de tirage: OPR 115h [&hellip;]<\/p>\n","protected":false},"author":1,"featured_media":24340,"parent":0,"menu_order":0,"comment_status":"closed","ping_status":"closed","template":"","meta":{"ngg_post_thumbnail":0,"__cvm_playback_settings":[],"__cvm_video_id":"","footnotes":""},"class_list":["post-13882","page","type-page","status-publish","has-post-thumbnail","czr-hentry"],"_links":{"self":[{"href":"https:\/\/grad-export.hr\/fr\/wp-json\/wp\/v2\/pages\/13882"}],"collection":[{"href":"https:\/\/grad-export.hr\/fr\/wp-json\/wp\/v2\/pages"}],"about":[{"href":"https:\/\/grad-export.hr\/fr\/wp-json\/wp\/v2\/types\/page"}],"author":[{"embeddable":true,"href":"https:\/\/grad-export.hr\/fr\/wp-json\/wp\/v2\/users\/1"}],"replies":[{"embeddable":true,"href":"https:\/\/grad-export.hr\/fr\/wp-json\/wp\/v2\/comments?post=13882"}],"version-history":[{"count":4,"href":"https:\/\/grad-export.hr\/fr\/wp-json\/wp\/v2\/pages\/13882\/revisions"}],"predecessor-version":[{"id":31211,"href":"https:\/\/grad-export.hr\/fr\/wp-json\/wp\/v2\/pages\/13882\/revisions\/31211"}],"wp:featuredmedia":[{"embeddable":true,"href":"https:\/\/grad-export.hr\/fr\/wp-json\/wp\/v2\/media\/24340"}],"wp:attachment":[{"href":"https:\/\/grad-export.hr\/fr\/wp-json\/wp\/v2\/media?parent=13882"}],"curies":[{"name":"wp","href":"https:\/\/api.w.org\/{rel}","templated":true}]}}