{"id":13912,"date":"2016-08-28T23:45:34","date_gmt":"2016-08-28T23:45:34","guid":{"rendered":"http:\/\/grad-export.hr\/fr\/?page_id=13912"},"modified":"2025-03-07T10:28:41","modified_gmt":"2025-03-07T10:28:41","slug":"modele-tivolli","status":"publish","type":"page","link":"https:\/\/grad-export.hr\/fr\/modele-tivolli","title":{"rendered":"Elite &#8211; Mod\u00e8le Tivolli"},"content":{"rendered":"<div class=\"item\">\n<div class=\"slika-elite\">\n<div class=\"slika-noborder\"><img loading=\"lazy\" decoding=\"async\" class=\"alignleft size-full wp-image-13899\" src=\"http:\/\/grad-export.hr\/web\/wp-content\/uploads\/model-tivolli\/Tivoli1.png\" alt=\"Tivoli1\" width=\"261\" height=\"549\" srcset=\"https:\/\/grad-export.hr\/web\/wp-content\/uploads\/model-tivolli\/Tivoli1.png 261w, https:\/\/grad-export.hr\/web\/wp-content\/uploads\/model-tivolli\/Tivoli1-192x403.png 192w\" sizes=\"(max-width: 261px) 100vw, 261px\" \/><\/div>\n<\/div>\n<div class=\"descr-elite\">\n<span><\/p>\n<h5>Mod\u00e8le: Tivolli<\/h5>\n<p>Couleur:\u00a07012\/ZEBRANO LIGHT<br \/>\n&#8211; MOTIF HORIZONTAL*<br \/>\nB\u00e2ton de tirage: OPR\u00a0160h<br \/>\nRosace: RKP 50<br \/>\nScanner \u00e0 doigt: AFS<br \/>\n<\/span>\n<\/div>\n<\/div>\n<hr>\n<div class=\"item\">\n<div class=\"slika-elite\">\n<div class=\"slika-noborder\"><img loading=\"lazy\" decoding=\"async\" class=\"alignleft size-full wp-image-13900\" src=\"http:\/\/grad-export.hr\/web\/wp-content\/uploads\/model-tivolli\/Tivoli2.png\" alt=\"Tivoli2\" width=\"261\" height=\"604\" srcset=\"https:\/\/grad-export.hr\/web\/wp-content\/uploads\/model-tivolli\/Tivoli2.png 261w, https:\/\/grad-export.hr\/web\/wp-content\/uploads\/model-tivolli\/Tivoli2-174x403.png 174w\" sizes=\"(max-width: 261px) 100vw, 261px\" \/><\/div>\n<\/div>\n<div class=\"descr-elite\">\n<span><\/p>\n<h5>Mod\u00e8le: Tivolli<\/h5>\n<p>Couleur: GRIGIO ANTICO\/ CHERRY WOOD brillant<br \/>\n&#8211; MOTIF HORIZONTAL*<br \/>\nB\u00e2ton de tirage: KPK 190h<br \/>\nRosace: RKP 50<br \/>\n<\/span>\n<\/div>\n<\/div>\n<hr>\n<div class=\"item\">\n<div class=\"slika-elite\">\n<div class=\"slika-noborder\"><img loading=\"lazy\" decoding=\"async\" class=\"alignleft size-full wp-image-13901\" src=\"http:\/\/grad-export.hr\/web\/wp-content\/uploads\/model-tivolli\/Tivoli3.png\" alt=\"Tivoli3\" width=\"261\" height=\"549\" srcset=\"https:\/\/grad-export.hr\/web\/wp-content\/uploads\/model-tivolli\/Tivoli3.png 261w, https:\/\/grad-export.hr\/web\/wp-content\/uploads\/model-tivolli\/Tivoli3-192x403.png 192w\" sizes=\"(max-width: 261px) 100vw, 261px\" \/><\/div>\n<\/div>\n<div class=\"descr-elite\">\n<span><\/p>\n<h5>Mod\u00e8le: Tivolli<\/h5>\n<p>Couleur RAL: 7047\/ CH\u00caNE FONC\u00c9 FS<br \/>\nB\u00e2ton de tirage: KCKF\u00a0160h<br \/>\nRosace: RKP 50<br \/>\n<\/span>\n<\/div>\n<\/div>\n<p>*dans la description des d\u00e9cors suppl\u00e9mentaires (ZEBRANO LIGHT, ZEBRANO DARK ET CHERRY WOOD), ainsi que dans les d\u00e9cors bois, le sens standard est vertical et n&#8217;a pas besoin d&#8217;\u00eatre pr\u00e9cis\u00e9.<br \/>\nChangement de sens MOTIF HORIZONTAL \u2013 doit \u00eatre pr\u00e9cis\u00e9 dans la commande !<\/p>\n","protected":false},"excerpt":{"rendered":"<p>Mod\u00e8le: Tivolli Couleur:\u00a07012\/ZEBRANO LIGHT &#8211; MOTIF HORIZONTAL* B\u00e2ton de tirage: OPR\u00a0160h Rosace: RKP 50 Scanner \u00e0 doigt: AFS Mod\u00e8le: Tivolli Couleur: GRIGIO ANTICO\/ CHERRY WOOD brillant &#8211; MOTIF HORIZONTAL* B\u00e2ton de tirage: KPK 190h Rosace: RKP 50 Mod\u00e8le: Tivolli Couleur RAL: 7047\/ CH\u00caNE FONC\u00c9 FS B\u00e2ton de tirage: KCKF\u00a0160h Rosace: RKP 50 *dans la description [&hellip;]<\/p>\n","protected":false},"author":1,"featured_media":24352,"parent":0,"menu_order":0,"comment_status":"closed","ping_status":"closed","template":"","meta":{"ngg_post_thumbnail":0,"__cvm_playback_settings":[],"__cvm_video_id":"","footnotes":""},"class_list":["post-13912","page","type-page","status-publish","has-post-thumbnail","czr-hentry"],"_links":{"self":[{"href":"https:\/\/grad-export.hr\/fr\/wp-json\/wp\/v2\/pages\/13912"}],"collection":[{"href":"https:\/\/grad-export.hr\/fr\/wp-json\/wp\/v2\/pages"}],"about":[{"href":"https:\/\/grad-export.hr\/fr\/wp-json\/wp\/v2\/types\/page"}],"author":[{"embeddable":true,"href":"https:\/\/grad-export.hr\/fr\/wp-json\/wp\/v2\/users\/1"}],"replies":[{"embeddable":true,"href":"https:\/\/grad-export.hr\/fr\/wp-json\/wp\/v2\/comments?post=13912"}],"version-history":[{"count":6,"href":"https:\/\/grad-export.hr\/fr\/wp-json\/wp\/v2\/pages\/13912\/revisions"}],"predecessor-version":[{"id":31212,"href":"https:\/\/grad-export.hr\/fr\/wp-json\/wp\/v2\/pages\/13912\/revisions\/31212"}],"wp:featuredmedia":[{"embeddable":true,"href":"https:\/\/grad-export.hr\/fr\/wp-json\/wp\/v2\/media\/24352"}],"wp:attachment":[{"href":"https:\/\/grad-export.hr\/fr\/wp-json\/wp\/v2\/media?parent=13912"}],"curies":[{"name":"wp","href":"https:\/\/api.w.org\/{rel}","templated":true}]}}