{"id":13946,"date":"2016-08-29T00:16:30","date_gmt":"2016-08-29T00:16:30","guid":{"rendered":"http:\/\/grad-export.hr\/fr\/?page_id=13946"},"modified":"2025-03-07T10:33:01","modified_gmt":"2025-03-07T10:33:01","slug":"modele-wiesbaden","status":"publish","type":"page","link":"https:\/\/grad-export.hr\/fr\/modele-wiesbaden","title":{"rendered":"Elite &#8211; Mod\u00e8le Wiesbaden"},"content":{"rendered":"<div class=\"item\">\n<div class=\"slika-elite\">\n<div class=\"slika-noborder\"><img loading=\"lazy\" decoding=\"async\" class=\"alignleft size-full wp-image-13935\" src=\"http:\/\/grad-export.hr\/web\/wp-content\/uploads\/model-wiesbaden\/Wiesbaden1.png\" alt=\"Wiesbaden1\" width=\"261\" height=\"622\" srcset=\"https:\/\/grad-export.hr\/web\/wp-content\/uploads\/model-wiesbaden\/Wiesbaden1.png 261w, https:\/\/grad-export.hr\/web\/wp-content\/uploads\/model-wiesbaden\/Wiesbaden1-169x403.png 169w\" sizes=\"(max-width: 261px) 100vw, 261px\" \/><\/div>\n<\/div>\n<div class=\"descr-elite\">\n<span><\/p>\n<h5>Mod\u00e8le: Wiesbaden<\/h5>\n<p>Couleur RAL:\u00a07048<br \/>\nVerre: PJF<br \/>\nApplications: POLI<br \/>\nB\u00e2ton de tirage: KPR\u00a0115h<br \/>\nRosace: RKP 50<br \/>\n<\/span>\n<\/div>\n<\/div>\n<hr>\n<div class=\"item\">\n<div class=\"slika-elite\">\n<div class=\"slika-noborder\"><img loading=\"lazy\" decoding=\"async\" class=\"alignleft size-full wp-image-13936\" src=\"http:\/\/grad-export.hr\/web\/wp-content\/uploads\/model-wiesbaden\/Wiesbaden2.png\" alt=\"Wiesbaden2\" width=\"261\" height=\"604\" srcset=\"https:\/\/grad-export.hr\/web\/wp-content\/uploads\/model-wiesbaden\/Wiesbaden2.png 261w, https:\/\/grad-export.hr\/web\/wp-content\/uploads\/model-wiesbaden\/Wiesbaden2-174x403.png 174w\" sizes=\"(max-width: 261px) 100vw, 261px\" \/><\/div>\n<\/div>\n<div class=\"descr-elite\">\n<span><\/p>\n<h5>Mod\u00e8le: Wiesbaden<\/h5>\n<p>Couleur RAL: 9007<br \/>\nVerre: PFL<br \/>\nApplications: POLI<br \/>\nB\u00e2ton de tirage: OPR\u00a0115h<br \/>\nRosace: RKP 50<br \/>\nScanner \u00e0 doigt: AFS<br \/>\nDiode \u00e9lectroluminescente: LDK<br \/>\n<\/span>\n<\/div>\n<\/div>\n<hr>\n<div class=\"item\">\n<div class=\"slika-elite\">\n<div class=\"slika-noborder\"><img loading=\"lazy\" decoding=\"async\" class=\"alignleft size-full wp-image-13937\" src=\"http:\/\/grad-export.hr\/web\/wp-content\/uploads\/model-wiesbaden\/Wiesbaden3.png\" alt=\"Wiesbaden3\" width=\"261\" height=\"541\" srcset=\"https:\/\/grad-export.hr\/web\/wp-content\/uploads\/model-wiesbaden\/Wiesbaden3.png 261w, https:\/\/grad-export.hr\/web\/wp-content\/uploads\/model-wiesbaden\/Wiesbaden3-194x403.png 194w\" sizes=\"(max-width: 261px) 100vw, 261px\" \/><\/div>\n<\/div>\n<div class=\"descr-elite\">\n<span><\/p>\n<h5>Mod\u00e8le: Wiesbaden<\/h5>\n<p>Couleur RAL:\u00a07015<br \/>\nVerre: DPH<br \/>\nApplications: POLI<br \/>\nB\u00e2ton de tirage: OPT 100h<br \/>\nRosace: RKP 50<br \/>\nScanner \u00e0 doigt: AFS<br \/>\n<\/span>\n<\/div>\n<\/div>\n","protected":false},"excerpt":{"rendered":"<p>Mod\u00e8le: Wiesbaden Couleur RAL:\u00a07048 Verre: PJF Applications: POLI B\u00e2ton de tirage: KPR\u00a0115h Rosace: RKP 50 Mod\u00e8le: Wiesbaden Couleur RAL: 9007 Verre: PFL Applications: POLI B\u00e2ton de tirage: OPR\u00a0115h Rosace: RKP 50 Scanner \u00e0 doigt: AFS Diode \u00e9lectroluminescente: LDK Mod\u00e8le: Wiesbaden Couleur RAL:\u00a07015 Verre: DPH Applications: POLI B\u00e2ton de tirage: OPT 100h Rosace: RKP 50 Scanner [&hellip;]<\/p>\n","protected":false},"author":1,"featured_media":24364,"parent":0,"menu_order":0,"comment_status":"closed","ping_status":"closed","template":"","meta":{"ngg_post_thumbnail":0,"__cvm_playback_settings":[],"__cvm_video_id":"","footnotes":""},"class_list":["post-13946","page","type-page","status-publish","has-post-thumbnail","czr-hentry"],"_links":{"self":[{"href":"https:\/\/grad-export.hr\/fr\/wp-json\/wp\/v2\/pages\/13946"}],"collection":[{"href":"https:\/\/grad-export.hr\/fr\/wp-json\/wp\/v2\/pages"}],"about":[{"href":"https:\/\/grad-export.hr\/fr\/wp-json\/wp\/v2\/types\/page"}],"author":[{"embeddable":true,"href":"https:\/\/grad-export.hr\/fr\/wp-json\/wp\/v2\/users\/1"}],"replies":[{"embeddable":true,"href":"https:\/\/grad-export.hr\/fr\/wp-json\/wp\/v2\/comments?post=13946"}],"version-history":[{"count":4,"href":"https:\/\/grad-export.hr\/fr\/wp-json\/wp\/v2\/pages\/13946\/revisions"}],"predecessor-version":[{"id":31221,"href":"https:\/\/grad-export.hr\/fr\/wp-json\/wp\/v2\/pages\/13946\/revisions\/31221"}],"wp:featuredmedia":[{"embeddable":true,"href":"https:\/\/grad-export.hr\/fr\/wp-json\/wp\/v2\/media\/24364"}],"wp:attachment":[{"href":"https:\/\/grad-export.hr\/fr\/wp-json\/wp\/v2\/media?parent=13946"}],"curies":[{"name":"wp","href":"https:\/\/api.w.org\/{rel}","templated":true}]}}