{"id":14000,"date":"2016-08-29T01:21:35","date_gmt":"2016-08-29T01:21:35","guid":{"rendered":"http:\/\/grad-export.hr\/fr\/?page_id=14000"},"modified":"2025-03-01T17:29:46","modified_gmt":"2025-03-01T17:29:46","slug":"elite-various-modele-aalborg","status":"publish","type":"page","link":"https:\/\/grad-export.hr\/fr\/elite-various-modele-aalborg","title":{"rendered":"Elite Various &#8211; Mod\u00e8le Aalborg"},"content":{"rendered":"<p><strong>Mod\u00e8le AALBORG 1<\/strong><\/p>\n<p>&#8211; fentes 17 mm<br \/>\n&#8211; une couleur<\/p>\n<div class=\"item\">\n<div class=\"slika-elite\">\n<div class=\"slika-noborder\"><img loading=\"lazy\" decoding=\"async\" class=\"alignleft size-full wp-image-13966\" src=\"http:\/\/grad-export.hr\/web\/wp-content\/uploads\/elite-various-model-aalborg\/Aalborg1-1.png\" alt=\"Aalborg1-1\" width=\"261\" height=\"621\" srcset=\"https:\/\/grad-export.hr\/web\/wp-content\/uploads\/elite-various-model-aalborg\/Aalborg1-1.png 261w, https:\/\/grad-export.hr\/web\/wp-content\/uploads\/elite-various-model-aalborg\/Aalborg1-1-169x403.png 169w\" sizes=\"(max-width: 261px) 100vw, 261px\" \/><\/div>\n<\/div>\n<div class=\"descr-elite\">\n<span><\/p>\n<h5>Mod\u00e8le: Aalborg 1<\/h5>\n<p>Couleur RAL:\u00a07016 mat<br \/>\nVerre: DPL<br \/>\nB\u00e2ton de tirage: KPK\u00a0160h<br \/>\nRosace: RKP 50<br \/>\nScanner \u00e0 doigt: AFS<br \/>\n<\/span>\n<\/div>\n<\/div>\n<hr>\n<div class=\"item\">\n<div class=\"slika-elite\">\n<div class=\"slika-noborder\"><img loading=\"lazy\" decoding=\"async\" class=\"alignleft size-full wp-image-13967\" src=\"http:\/\/grad-export.hr\/web\/wp-content\/uploads\/elite-various-model-aalborg\/Aalborg1-2.png\" alt=\"Aalborg1-2\" width=\"261\" height=\"549\" srcset=\"https:\/\/grad-export.hr\/web\/wp-content\/uploads\/elite-various-model-aalborg\/Aalborg1-2.png 261w, https:\/\/grad-export.hr\/web\/wp-content\/uploads\/elite-various-model-aalborg\/Aalborg1-2-192x403.png 192w\" sizes=\"(max-width: 261px) 100vw, 261px\" \/><\/div>\n<\/div>\n<div class=\"descr-elite\">\n<span><\/p>\n<h5>Mod\u00e8le: Aalborg 1<\/h5>\n<p>Couleur: GRIGIO ANTICO<br \/>\nVerre: KDP<br \/>\nB\u00e2ton de tirage: KCR\u00a0160h<br \/>\nRosace: RKP 50<br \/>\nScanner \u00e0 doigt: AFS<br \/>\nProtection pour le panneaux: PZC 11<br \/>\n<\/span>\n<\/div>\n<\/div>\n<hr>\n<div class=\"item\">\n<div class=\"slika-elite\">\n<div class=\"slika-noborder\"><img loading=\"lazy\" decoding=\"async\" class=\"alignleft size-full wp-image-13968\" src=\"http:\/\/grad-export.hr\/web\/wp-content\/uploads\/elite-various-model-aalborg\/Aalborg1-3.png\" alt=\"Aalborg1-3\" width=\"261\" height=\"613\" srcset=\"https:\/\/grad-export.hr\/web\/wp-content\/uploads\/elite-various-model-aalborg\/Aalborg1-3.png 261w, https:\/\/grad-export.hr\/web\/wp-content\/uploads\/elite-various-model-aalborg\/Aalborg1-3-172x403.png 172w\" sizes=\"(max-width: 261px) 100vw, 261px\" \/><\/div>\n<\/div>\n<div class=\"descr-elite\">\n<span><\/p>\n<h5>Mod\u00e8le: Aalborg 1<\/h5>\n<p>Couleur RAL:\u00a09016 mat<br \/>\nVerre: DPH<br \/>\nB\u00e2ton de tirage: OCR 160h<br \/>\nRosace: RKP 50<br \/>\n<\/span>\n<\/div>\n<\/div>\n<hr>\n<p><strong>Mod\u00e8le AALBORG 2<\/strong><\/p>\n<p>&#8211; application 20 mm<br \/>\n&#8211; une couleur<br \/>\n&#8211; disponible en version PVC<\/p>\n<div class=\"item\">\n<div class=\"slika-elite\">\n<div class=\"slika-noborder\"><img loading=\"lazy\" decoding=\"async\" class=\"alignleft size-full wp-image-13970\" src=\"http:\/\/grad-export.hr\/web\/wp-content\/uploads\/elite-various-model-aalborg\/Aalborg2-1.png\" alt=\"Aalborg2-1\" width=\"261\" height=\"621\" srcset=\"https:\/\/grad-export.hr\/web\/wp-content\/uploads\/elite-various-model-aalborg\/Aalborg2-1.png 261w, https:\/\/grad-export.hr\/web\/wp-content\/uploads\/elite-various-model-aalborg\/Aalborg2-1-169x403.png 169w\" sizes=\"(max-width: 261px) 100vw, 261px\" \/><\/div>\n<\/div>\n<div class=\"descr-elite\">\n<span><\/p>\n<h5>Mod\u00e8le: Aalborg 2<\/h5>\n<p>Couleur RAL:\u00a07012<br \/>\nVerre: DPH<br \/>\nApplication: POLI<br \/>\nB\u00e2ton de tirage: OPR\u00a0160h<br \/>\nRosace: RKP 50<br \/>\n<\/span>\n<\/div>\n<\/div>\n<hr>\n<div class=\"item\">\n<div class=\"slika-elite\">\n<div class=\"slika-noborder\"><img loading=\"lazy\" decoding=\"async\" class=\"alignleft size-full wp-image-13971\" src=\"http:\/\/grad-export.hr\/web\/wp-content\/uploads\/elite-various-model-aalborg\/Aalborg2-2.png\" alt=\"Aalborg2-2\" width=\"261\" height=\"533\" srcset=\"https:\/\/grad-export.hr\/web\/wp-content\/uploads\/elite-various-model-aalborg\/Aalborg2-2.png 261w, https:\/\/grad-export.hr\/web\/wp-content\/uploads\/elite-various-model-aalborg\/Aalborg2-2-197x403.png 197w\" sizes=\"(max-width: 261px) 100vw, 261px\" \/><\/div>\n<\/div>\n<div class=\"descr-elite\">\n<span><\/p>\n<h5>Mod\u00e8le: Aalborg 2<\/h5>\n<p>Couleur RAL: 9006 mat<br \/>\nVerre: DPL<br \/>\nApplication: POLI<br \/>\nB\u00e2ton de tirage: KPK\u00a0160h<br \/>\nRosace: RKP 50<br \/>\n<\/span>\n<\/div>\n<\/div>\n<hr>\n<p><strong>Mod\u00e8le AALBORG 3<\/strong><\/p>\n<p>&#8211; fentes 10 mm<br \/>\n&#8211; une ou deux couleurs<\/p>\n<div class=\"item\">\n<div class=\"slika-elite\">\n<div class=\"slika-noborder\"><img loading=\"lazy\" decoding=\"async\" class=\"alignleft size-full wp-image-13972\" src=\"http:\/\/grad-export.hr\/web\/wp-content\/uploads\/elite-various-model-aalborg\/Aalborg3-1.png\" alt=\"Aalborg3-1\" width=\"261\" height=\"532\" srcset=\"https:\/\/grad-export.hr\/web\/wp-content\/uploads\/elite-various-model-aalborg\/Aalborg3-1.png 261w, https:\/\/grad-export.hr\/web\/wp-content\/uploads\/elite-various-model-aalborg\/Aalborg3-1-198x403.png 198w\" sizes=\"(max-width: 261px) 100vw, 261px\" \/><\/div>\n<\/div>\n<div class=\"descr-elite\">\n<span><\/p>\n<h5>Mod\u00e8le: Aalborg 3<\/h5>\n<p>Couleur:\u00a029\/80077<br \/>\nVerre: DPJ<br \/>\nB\u00e2ton de tirage: OPT 100h<br \/>\nRosace: ROP 50<br \/>\nProtection pour le panneaux: JZP 50<br \/>\n<\/span>\n<\/div>\n<\/div>\n<hr>\n<div class=\"item\">\n<div class=\"slika-elite\">\n<div class=\"slika-noborder\"><img loading=\"lazy\" decoding=\"async\" class=\"alignleft size-full wp-image-13973\" src=\"http:\/\/grad-export.hr\/web\/wp-content\/uploads\/elite-various-model-aalborg\/Aalborg3-2.png\" alt=\"Aalborg3-2\" width=\"261\" height=\"621\" srcset=\"https:\/\/grad-export.hr\/web\/wp-content\/uploads\/elite-various-model-aalborg\/Aalborg3-2.png 261w, https:\/\/grad-export.hr\/web\/wp-content\/uploads\/elite-various-model-aalborg\/Aalborg3-2-169x403.png 169w\" sizes=\"(max-width: 261px) 100vw, 261px\" \/><\/div>\n<\/div>\n<div class=\"descr-elite\">\n<span><\/p>\n<h5>Mod\u00e8le: Aalborg 3<\/h5>\n<p>Couleur RAL:\u00a07015\/ZEBRANO DARK<br \/>\nVerre: DPZ<br \/>\nB\u00e2ton de tirage: OPR\u00a0160h<br \/>\nRosace: RKP 50<br \/>\n<\/span>\n<\/div>\n<\/div>\n<hr>\n<div class=\"item\">\n<div class=\"slika-elite\">\n<div class=\"slika-noborder\"><img loading=\"lazy\" decoding=\"async\" class=\"alignleft size-full wp-image-13974\" src=\"http:\/\/grad-export.hr\/web\/wp-content\/uploads\/elite-various-model-aalborg\/Aalborg3-3.png\" alt=\"Aalborg3-3\" width=\"261\" height=\"602\" srcset=\"https:\/\/grad-export.hr\/web\/wp-content\/uploads\/elite-various-model-aalborg\/Aalborg3-3.png 261w, https:\/\/grad-export.hr\/web\/wp-content\/uploads\/elite-various-model-aalborg\/Aalborg3-3-175x403.png 175w\" sizes=\"(max-width: 261px) 100vw, 261px\" \/><\/div>\n<\/div>\n<div class=\"descr-elite\">\n<span><\/p>\n<h5>Mod\u00e8le: Aalborg 3<\/h5>\n<p>Couleur RAL: 9007\/CARBON<br \/>\nVerre: DPH<br \/>\nB\u00e2ton de tirage: OCR\u00a0115h<br \/>\nRosace: RKP 50<br \/>\nScanner \u00e0 doigt: AFS<br \/>\nDiode \u00e9lectroluminescente: LDK<br \/>\n<\/span>\n<\/div>\n<\/div>\n<hr>\n<p><strong>Mod\u00e8le AALBORG 4<\/strong><\/p>\n<p>&#8211; marqueterie 4 mm<br \/>\n&#8211; une couleur<\/p>\n<div class=\"item\">\n<div class=\"slika-elite\">\n<div class=\"slika-noborder\"><img loading=\"lazy\" decoding=\"async\" class=\"alignleft size-full wp-image-13975\" src=\"http:\/\/grad-export.hr\/web\/wp-content\/uploads\/elite-various-model-aalborg\/Aalborg4-1.png\" alt=\"Aalborg4-1\" width=\"261\" height=\"549\" srcset=\"https:\/\/grad-export.hr\/web\/wp-content\/uploads\/elite-various-model-aalborg\/Aalborg4-1.png 261w, https:\/\/grad-export.hr\/web\/wp-content\/uploads\/elite-various-model-aalborg\/Aalborg4-1-192x403.png 192w\" sizes=\"(max-width: 261px) 100vw, 261px\" \/><\/div>\n<\/div>\n<div class=\"descr-elite\">\n<span><\/p>\n<h5>Mod\u00e8le: Aalborg 4<\/h5>\n<p>Couleur RAL:\u00a01001<br \/>\nVerre: DPH<br \/>\nMarqueterie: POLI<br \/>\nB\u00e2ton de tirage: KPK\u00a0160h<br \/>\nRosace: RKP 50<br \/>\n<\/span>\n<\/div>\n<\/div>\n<hr>\n<div class=\"item\">\n<div class=\"slika-elite\">\n<div class=\"slika-noborder\"><img loading=\"lazy\" decoding=\"async\" class=\"alignleft size-full wp-image-13976\" src=\"http:\/\/grad-export.hr\/web\/wp-content\/uploads\/elite-various-model-aalborg\/Aalborg4-2.png\" alt=\"Aalborg4-2\" width=\"261\" height=\"621\" srcset=\"https:\/\/grad-export.hr\/web\/wp-content\/uploads\/elite-various-model-aalborg\/Aalborg4-2.png 261w, https:\/\/grad-export.hr\/web\/wp-content\/uploads\/elite-various-model-aalborg\/Aalborg4-2-169x403.png 169w\" sizes=\"(max-width: 261px) 100vw, 261px\" \/><\/div>\n<\/div>\n<div class=\"descr-elite\">\n<span><\/p>\n<h5>Mod\u00e8le: Aalborg 4<\/h5>\n<p>Couleur RAL:\u00a03004<br \/>\nVerre: DPL<br \/>\nMarqueterie: POLI<br \/>\nB\u00e2ton de tirage: KPR\u00a0115h<br \/>\nRosace: RKP 50<br \/>\n<\/span>\n<\/div>\n<\/div>\n","protected":false},"excerpt":{"rendered":"<p>Mod\u00e8le AALBORG 1 &#8211; fentes 17 mm &#8211; une couleur Mod\u00e8le: Aalborg 1 Couleur RAL:\u00a07016 mat Verre: DPL B\u00e2ton de tirage: KPK\u00a0160h Rosace: RKP 50 Scanner \u00e0 doigt: AFS Mod\u00e8le: Aalborg 1 Couleur: GRIGIO ANTICO Verre: KDP B\u00e2ton de tirage: KCR\u00a0160h Rosace: RKP 50 Scanner \u00e0 doigt: AFS Protection pour le panneaux: PZC 11 Mod\u00e8le: [&hellip;]<\/p>\n","protected":false},"author":1,"featured_media":24376,"parent":0,"menu_order":0,"comment_status":"closed","ping_status":"closed","template":"","meta":{"ngg_post_thumbnail":0,"__cvm_playback_settings":[],"__cvm_video_id":"","footnotes":""},"class_list":["post-14000","page","type-page","status-publish","has-post-thumbnail","czr-hentry"],"_links":{"self":[{"href":"https:\/\/grad-export.hr\/fr\/wp-json\/wp\/v2\/pages\/14000"}],"collection":[{"href":"https:\/\/grad-export.hr\/fr\/wp-json\/wp\/v2\/pages"}],"about":[{"href":"https:\/\/grad-export.hr\/fr\/wp-json\/wp\/v2\/types\/page"}],"author":[{"embeddable":true,"href":"https:\/\/grad-export.hr\/fr\/wp-json\/wp\/v2\/users\/1"}],"replies":[{"embeddable":true,"href":"https:\/\/grad-export.hr\/fr\/wp-json\/wp\/v2\/comments?post=14000"}],"version-history":[{"count":10,"href":"https:\/\/grad-export.hr\/fr\/wp-json\/wp\/v2\/pages\/14000\/revisions"}],"predecessor-version":[{"id":30565,"href":"https:\/\/grad-export.hr\/fr\/wp-json\/wp\/v2\/pages\/14000\/revisions\/30565"}],"wp:featuredmedia":[{"embeddable":true,"href":"https:\/\/grad-export.hr\/fr\/wp-json\/wp\/v2\/media\/24376"}],"wp:attachment":[{"href":"https:\/\/grad-export.hr\/fr\/wp-json\/wp\/v2\/media?parent=14000"}],"curies":[{"name":"wp","href":"https:\/\/api.w.org\/{rel}","templated":true}]}}