{"id":14051,"date":"2016-08-29T02:40:28","date_gmt":"2016-08-29T02:40:28","guid":{"rendered":"http:\/\/grad-export.hr\/fr\/?page_id=14051"},"modified":"2025-03-05T09:42:40","modified_gmt":"2025-03-05T09:42:40","slug":"elite-various-modele-almere","status":"publish","type":"page","link":"https:\/\/grad-export.hr\/fr\/elite-various-modele-almere","title":{"rendered":"Elite Various &#8211; Mod\u00e8le Almere"},"content":{"rendered":"<p><strong>Mod\u00e8le ALMERE 1<\/strong><\/p>\n<p>&#8211; fentes\u00a017 mm<br \/>\n&#8211; une couleur<\/p>\n<div class=\"item\">\n<div class=\"slika-elite\">\n<div class=\"slika-noborder\"><img loading=\"lazy\" decoding=\"async\" class=\"alignleft size-full wp-image-14023\" src=\"http:\/\/grad-export.hr\/web\/wp-content\/uploads\/elite-varius-model-almere\/Almere1-1.png\" alt=\"Almere1-1\" width=\"261\" height=\"621\" srcset=\"https:\/\/grad-export.hr\/web\/wp-content\/uploads\/elite-varius-model-almere\/Almere1-1.png 261w, https:\/\/grad-export.hr\/web\/wp-content\/uploads\/elite-varius-model-almere\/Almere1-1-169x403.png 169w\" sizes=\"(max-width: 261px) 100vw, 261px\" \/><\/div>\n<\/div>\n<div class=\"descr-elite\">\n<span><\/p>\n<h5>Mod\u00e8le: Almere 1<\/h5>\n<p>Couleur:\u00a029\/80077<br \/>\nVerre: DPH<br \/>\nB\u00e2ton de tirage: KPK\u00a0160h<br \/>\nRosace: RKP 50<br \/>\n<\/span>\n<\/div>\n<\/div>\n<hr>\n<div class=\"item\">\n<div class=\"slika-elite\">\n<div class=\"slika-noborder\"><img loading=\"lazy\" decoding=\"async\" class=\"alignleft size-full wp-image-14024\" src=\"http:\/\/grad-export.hr\/web\/wp-content\/uploads\/elite-varius-model-almere\/Almere1-2.png\" alt=\"Almere1-2\" width=\"261\" height=\"533\" srcset=\"https:\/\/grad-export.hr\/web\/wp-content\/uploads\/elite-varius-model-almere\/Almere1-2.png 261w, https:\/\/grad-export.hr\/web\/wp-content\/uploads\/elite-varius-model-almere\/Almere1-2-197x403.png 197w\" sizes=\"(max-width: 261px) 100vw, 261px\" \/><\/div>\n<\/div>\n<div class=\"descr-elite\">\n<span><\/p>\n<h5>Mod\u00e8le: Almere 1<\/h5>\n<p>Couleur RAL: 7024<br \/>\nVerre: DPL<br \/>\nB\u00e2ton de tirage: OCR\u00a0160h<br \/>\nRosace: RKP 50<br \/>\nScanner \u00e0 doigt: AFS<br \/>\nProtection pour le panneaux: JZC 51<br \/>\n<\/span>\n<\/div>\n<\/div>\n<hr>\n<div class=\"item\">\n<div class=\"slika-elite\">\n<div class=\"slika-noborder\"><img loading=\"lazy\" decoding=\"async\" class=\"alignleft size-full wp-image-14025\" src=\"http:\/\/grad-export.hr\/web\/wp-content\/uploads\/elite-varius-model-almere\/Almere1-3.png\" alt=\"Almere1-3\" width=\"261\" height=\"621\" srcset=\"https:\/\/grad-export.hr\/web\/wp-content\/uploads\/elite-varius-model-almere\/Almere1-3.png 261w, https:\/\/grad-export.hr\/web\/wp-content\/uploads\/elite-varius-model-almere\/Almere1-3-169x403.png 169w\" sizes=\"(max-width: 261px) 100vw, 261px\" \/><\/div>\n<\/div>\n<div class=\"descr-elite\">\n<span><\/p>\n<h5>Mod\u00e8le: Almere 1<\/h5>\n<p>Couleur RAL:\u00a01035<br \/>\nVerre: SATINATO<br \/>\nB\u00e2ton de tirage: OPR 950h<br \/>\nRosace: RKP 50<br \/>\n<\/span>\n<\/div>\n<\/div>\n<hr>\n<p><strong>Mod\u00e8le ALMERE 2<\/strong><\/p>\n<p>&#8211; application 20 mm<br \/>\n&#8211; une couleur<br \/>\n&#8211; disponible en version PVC<\/p>\n<div class=\"item\">\n<div class=\"slika-elite\">\n<div class=\"slika-noborder\"><img loading=\"lazy\" decoding=\"async\" class=\"alignleft size-full wp-image-14027\" src=\"http:\/\/grad-export.hr\/web\/wp-content\/uploads\/elite-varius-model-almere\/Almere2-1.png\" alt=\"Almere2-1\" width=\"261\" height=\"619\" srcset=\"https:\/\/grad-export.hr\/web\/wp-content\/uploads\/elite-varius-model-almere\/Almere2-1.png 261w, https:\/\/grad-export.hr\/web\/wp-content\/uploads\/elite-varius-model-almere\/Almere2-1-170x403.png 170w\" sizes=\"(max-width: 261px) 100vw, 261px\" \/><\/div>\n<\/div>\n<div class=\"descr-elite\">\n<span><\/p>\n<h5>Mod\u00e8le: Almere 2<\/h5>\n<p>Couleur RAL:\u00a09016 mat<br \/>\nVerre: DPH<br \/>\nApplication: POLI<br \/>\nB\u00e2ton de tirage: OPR\u00a0160h<br \/>\nRosace: RKP 50<br \/>\n<\/span>\n<\/div>\n<\/div>\n<hr>\n<div class=\"item\">\n<div class=\"slika-elite\">\n<div class=\"slika-noborder\"><img loading=\"lazy\" decoding=\"async\" class=\"alignleft size-full wp-image-14028\" src=\"http:\/\/grad-export.hr\/web\/wp-content\/uploads\/elite-varius-model-almere\/Almere2-2.png\" alt=\"Almere2-2\" width=\"261\" height=\"604\" srcset=\"https:\/\/grad-export.hr\/web\/wp-content\/uploads\/elite-varius-model-almere\/Almere2-2.png 261w, https:\/\/grad-export.hr\/web\/wp-content\/uploads\/elite-varius-model-almere\/Almere2-2-174x403.png 174w\" sizes=\"(max-width: 261px) 100vw, 261px\" \/><\/div>\n<\/div>\n<div class=\"descr-elite\">\n<span><\/p>\n<h5>Mod\u00e8le: Almere 2<\/h5>\n<p>Couleur RAL: 9006 mat<br \/>\nVerre: DPZ<br \/>\nApplication: POLI<br \/>\nB\u00e2ton de tirage: OPR\u00a0115h<br \/>\nRosace: RKP 50<br \/>\nScanner \u00e0 doigt: AFS<br \/>\nDiode \u00e9lectroluminescente: LDK<br \/>\n<\/span>\n<\/div>\n<\/div>\n<hr>\n<p><strong>Mod\u00e8le ALMERE 3<\/strong><\/p>\n<p>&#8211; fentes 10 mm<br \/>\n&#8211; une ou deux couleurs<\/p>\n<div class=\"item\">\n<div class=\"slika-elite\">\n<div class=\"slika-noborder\"><img loading=\"lazy\" decoding=\"async\" class=\"alignleft size-full wp-image-14029\" src=\"http:\/\/grad-export.hr\/web\/wp-content\/uploads\/elite-varius-model-almere\/Almere3-1.png\" alt=\"Almere3-1\" width=\"261\" height=\"549\" srcset=\"https:\/\/grad-export.hr\/web\/wp-content\/uploads\/elite-varius-model-almere\/Almere3-1.png 261w, https:\/\/grad-export.hr\/web\/wp-content\/uploads\/elite-varius-model-almere\/Almere3-1-192x403.png 192w\" sizes=\"(max-width: 261px) 100vw, 261px\" \/><\/div>\n<\/div>\n<div class=\"descr-elite\">\n<span><\/p>\n<h5>Mod\u00e8le: Almere 3<\/h5>\n<p>Couleur RAL:\u00a07016 mat<br \/>\nVerre: DPL<br \/>\nB\u00e2ton de tirage: KPR 160h<br \/>\nRosace: RKP 50<br \/>\n<\/span>\n<\/div>\n<\/div>\n<hr>\n<div class=\"item\">\n<div class=\"slika-elite\">\n<div class=\"slika-noborder\"><img loading=\"lazy\" decoding=\"async\" class=\"alignleft size-full wp-image-14030\" src=\"http:\/\/grad-export.hr\/web\/wp-content\/uploads\/elite-varius-model-almere\/Almere3-2.png\" alt=\"Almere3-2\" width=\"261\" height=\"549\" srcset=\"https:\/\/grad-export.hr\/web\/wp-content\/uploads\/elite-varius-model-almere\/Almere3-2.png 261w, https:\/\/grad-export.hr\/web\/wp-content\/uploads\/elite-varius-model-almere\/Almere3-2-192x403.png 192w\" sizes=\"(max-width: 261px) 100vw, 261px\" \/><\/div>\n<\/div>\n<div class=\"descr-elite\">\n<span><\/p>\n<h5>Mod\u00e8le: Almere 3<\/h5>\n<p>Couleur:\u00a0GRIGIO ANTICO\/CHERRY FS<br \/>\n&#8211; MOTIF HORIZONTAL*<br \/>\nVerre: DPJ<br \/>\nB\u00e2ton de tirage: KPK\u00a0160h<br \/>\nRosace: RKP 50<br \/>\n<\/span>\n<\/div>\n<\/div>\n<hr>\n<div class=\"item\">\n<div class=\"slika-elite\">\n<div class=\"slika-noborder\"><img loading=\"lazy\" decoding=\"async\" class=\"alignleft size-full wp-image-14031\" src=\"http:\/\/grad-export.hr\/web\/wp-content\/uploads\/elite-varius-model-almere\/Almere3-3.png\" alt=\"Almere3-3\" width=\"261\" height=\"604\" srcset=\"https:\/\/grad-export.hr\/web\/wp-content\/uploads\/elite-varius-model-almere\/Almere3-3.png 261w, https:\/\/grad-export.hr\/web\/wp-content\/uploads\/elite-varius-model-almere\/Almere3-3-174x403.png 174w\" sizes=\"(max-width: 261px) 100vw, 261px\" \/><\/div>\n<\/div>\n<div class=\"descr-elite\">\n<span><\/p>\n<h5>Mod\u00e8le: Almere 3<\/h5>\n<p>Couleur RAL: 7012\/CARBON<br \/>\nVerre: LDP<br \/>\nB\u00e2ton de tirage: KPR\u00a0160h<br \/>\nRosace: RKP 50<br \/>\nScanner \u00e0 doigt: AFS<br \/>\n<\/span>\n<\/div>\n<\/div>\n<hr>\n<p><strong>Mod\u00e8le ALMERE 4<\/strong><\/p>\n<p>&#8211; marqueterie 4 mm<br \/>\n&#8211; une couleur<\/p>\n<div class=\"item\">\n<div class=\"slika-elite\">\n<div class=\"slika-noborder\"><img loading=\"lazy\" decoding=\"async\" class=\"alignleft size-full wp-image-14032\" src=\"http:\/\/grad-export.hr\/web\/wp-content\/uploads\/elite-varius-model-almere\/Almere4-1.png\" alt=\"Almere4-1\" width=\"261\" height=\"621\" srcset=\"https:\/\/grad-export.hr\/web\/wp-content\/uploads\/elite-varius-model-almere\/Almere4-1.png 261w, https:\/\/grad-export.hr\/web\/wp-content\/uploads\/elite-varius-model-almere\/Almere4-1-169x403.png 169w\" sizes=\"(max-width: 261px) 100vw, 261px\" \/><\/div>\n<\/div>\n<div class=\"descr-elite\">\n<span><\/p>\n<h5>Mod\u00e8le: Almere 4<\/h5>\n<p>Couleur RAL:\u00a07048<br \/>\nVerre: DPH<br \/>\nMarqueterie: POLI<br \/>\nB\u00e2ton de tirage: OPR\u00a0160h<br \/>\nRosace: RKP 50<br \/>\n<\/span>\n<\/div>\n<\/div>\n<hr>\n<div class=\"item\">\n<div class=\"slika-elite\">\n<div class=\"slika-noborder\"><img loading=\"lazy\" decoding=\"async\" class=\"alignleft size-full wp-image-14033\" src=\"http:\/\/grad-export.hr\/web\/wp-content\/uploads\/elite-varius-model-almere\/Almere4-2.png\" alt=\"Almere4-2\" width=\"261\" height=\"533\" srcset=\"https:\/\/grad-export.hr\/web\/wp-content\/uploads\/elite-varius-model-almere\/Almere4-2.png 261w, https:\/\/grad-export.hr\/web\/wp-content\/uploads\/elite-varius-model-almere\/Almere4-2-197x403.png 197w\" sizes=\"(max-width: 261px) 100vw, 261px\" \/><\/div>\n<\/div>\n<div class=\"descr-elite\">\n<span><\/p>\n<h5>Mod\u00e8le: Almere 4<\/h5>\n<p>Couleur RAL:\u00a09006 mat\/3004<br \/>\nVerre: DPL<br \/>\nMarqueterie: POLI<br \/>\nB\u00e2ton de tirage: KPRF\u00a0160h<br \/>\nRosace: RKP 50<br \/>\n<\/span>\n<\/div>\n<\/div>\n<p>*dans la description des d\u00e9cors suppl\u00e9mentaires (ZEBRANO LIGHT, ZEBRANO DARK ET CHERRY WOOD), ainsi que dans les d\u00e9cors bois, le sens standard est vertical et n&#8217;a pas besoin d&#8217;\u00eatre pr\u00e9cis\u00e9.<br \/>\nChangement de sens MOTIF HORIZONTAL \u2013 doit \u00eatre pr\u00e9cis\u00e9 dans la commande !<\/p>\n","protected":false},"excerpt":{"rendered":"<p>Mod\u00e8le ALMERE 1 &#8211; fentes\u00a017 mm &#8211; une couleur Mod\u00e8le: Almere 1 Couleur:\u00a029\/80077 Verre: DPH B\u00e2ton de tirage: KPK\u00a0160h Rosace: RKP 50 Mod\u00e8le: Almere 1 Couleur RAL: 7024 Verre: DPL B\u00e2ton de tirage: OCR\u00a0160h Rosace: RKP 50 Scanner \u00e0 doigt: AFS Protection pour le panneaux: JZC 51 Mod\u00e8le: Almere 1 Couleur RAL:\u00a01035 Verre: SATINATO B\u00e2ton [&hellip;]<\/p>\n","protected":false},"author":1,"featured_media":24409,"parent":0,"menu_order":0,"comment_status":"closed","ping_status":"closed","template":"","meta":{"ngg_post_thumbnail":0,"__cvm_playback_settings":[],"__cvm_video_id":"","footnotes":""},"class_list":["post-14051","page","type-page","status-publish","has-post-thumbnail","czr-hentry"],"_links":{"self":[{"href":"https:\/\/grad-export.hr\/fr\/wp-json\/wp\/v2\/pages\/14051"}],"collection":[{"href":"https:\/\/grad-export.hr\/fr\/wp-json\/wp\/v2\/pages"}],"about":[{"href":"https:\/\/grad-export.hr\/fr\/wp-json\/wp\/v2\/types\/page"}],"author":[{"embeddable":true,"href":"https:\/\/grad-export.hr\/fr\/wp-json\/wp\/v2\/users\/1"}],"replies":[{"embeddable":true,"href":"https:\/\/grad-export.hr\/fr\/wp-json\/wp\/v2\/comments?post=14051"}],"version-history":[{"count":6,"href":"https:\/\/grad-export.hr\/fr\/wp-json\/wp\/v2\/pages\/14051\/revisions"}],"predecessor-version":[{"id":30831,"href":"https:\/\/grad-export.hr\/fr\/wp-json\/wp\/v2\/pages\/14051\/revisions\/30831"}],"wp:featuredmedia":[{"embeddable":true,"href":"https:\/\/grad-export.hr\/fr\/wp-json\/wp\/v2\/media\/24409"}],"wp:attachment":[{"href":"https:\/\/grad-export.hr\/fr\/wp-json\/wp\/v2\/media?parent=14051"}],"curies":[{"name":"wp","href":"https:\/\/api.w.org\/{rel}","templated":true}]}}